

{"id":709,"date":"2020-10-25T13:22:21","date_gmt":"2020-10-25T17:22:21","guid":{"rendered":"http:\/\/www.uajms.edu.bo\/secretaria-academica\/?page_id=709"},"modified":"2020-10-25T13:26:10","modified_gmt":"2020-10-25T17:26:10","slug":"eventos","status":"publish","type":"page","link":"https:\/\/www.uajms.edu.bo\/secretaria-academica\/eventos\/","title":{"rendered":"Eventos"},"content":{"rendered":"<h3 style=\"text-align: left\">Eventos de Capacitaci\u00f3n Acad\u00e9mica<\/h3>\n<h5 style=\"text-align: left\">1.- Primer Taller de Inducci\u00f3n de Formaci\u00f3n Basada en Competencias Dirigido a los Docentes de la Carrera de Derecho, Docentes de Profesionalizaci\u00f3n, y Comisiones de Redise\u00f1o Curricular realizado en dos fases, virtual y presencial, la fase presencial realizada del 9 al 11 de marzo del 2020<\/h5>\n<h5><\/h5>\n<p dir=\"ltr\">Verificar en el siguiente link, los participantes del taller: <a class=\"gdlr-core-button gdlr-core-button-transparent gdlr-core-button-with-border align-text-center\" href=\"https:\/\/drive.google.com\/file\/d\/1AiJwGJkQ6gx6Qm7P1Z92bL3vV8r7GmQT\/view?usp=sharing\">Descargar<\/a><\/p>\n<p>&nbsp;<\/p>\n","protected":false},"excerpt":{"rendered":"<p>Eventos de Capacitaci\u00f3n Acad\u00e9mica 1.- Primer Taller de Inducci\u00f3n de Formaci\u00f3n Basada en Competencias Dirigido a los Docentes de la Carrera de Derecho, Docentes de Profesionalizaci\u00f3n, y Comisiones de Redise\u00f1o [&hellip;]<\/p>\n","protected":false},"author":1,"featured_media":0,"parent":0,"menu_order":0,"comment_status":"closed","ping_status":"closed","template":"","meta":{"jetpack_post_was_ever_published":false,"_joinchat":[],"footnotes":""},"class_list":["post-709","page","type-page","status-publish","hentry"],"jetpack_sharing_enabled":true,"jetpack_shortlink":"https:\/\/wp.me\/PbcOlg-br","publishpress_future_action":{"enabled":false,"date":"2026-05-18 20:06:43","action":"change-status","newStatus":"draft","terms":[],"taxonomy":"","extraData":[]},"publishpress_future_workflow_manual_trigger":{"enabledWorkflows":[]},"_links":{"self":[{"href":"https:\/\/www.uajms.edu.bo\/secretaria-academica\/wp-json\/wp\/v2\/pages\/709","targetHints":{"allow":["GET"]}}],"collection":[{"href":"https:\/\/www.uajms.edu.bo\/secretaria-academica\/wp-json\/wp\/v2\/pages"}],"about":[{"href":"https:\/\/www.uajms.edu.bo\/secretaria-academica\/wp-json\/wp\/v2\/types\/page"}],"author":[{"embeddable":true,"href":"https:\/\/www.uajms.edu.bo\/secretaria-academica\/wp-json\/wp\/v2\/users\/1"}],"replies":[{"embeddable":true,"href":"https:\/\/www.uajms.edu.bo\/secretaria-academica\/wp-json\/wp\/v2\/comments?post=709"}],"version-history":[{"count":5,"href":"https:\/\/www.uajms.edu.bo\/secretaria-academica\/wp-json\/wp\/v2\/pages\/709\/revisions"}],"predecessor-version":[{"id":716,"href":"https:\/\/www.uajms.edu.bo\/secretaria-academica\/wp-json\/wp\/v2\/pages\/709\/revisions\/716"}],"wp:attachment":[{"href":"https:\/\/www.uajms.edu.bo\/secretaria-academica\/wp-json\/wp\/v2\/media?parent=709"}],"curies":[{"name":"wp","href":"https:\/\/api.w.org\/{rel}","templated":true}]}}