

{"id":53,"date":"2019-08-05T15:23:55","date_gmt":"2019-08-05T15:23:55","guid":{"rendered":"http:\/\/www.uajms.edu.bo\/secretaria-academica\/?page_id=53"},"modified":"2025-05-08T11:24:39","modified_gmt":"2025-05-08T15:24:39","slug":"direccion-de-docencia","status":"publish","type":"page","link":"https:\/\/www.uajms.edu.bo\/secretaria-academica\/direccion-de-docencia\/","title":{"rendered":"DIRECCI\u00d3N DE DOCENCIA"},"content":{"rendered":"<p><strong><img decoding=\"async\" class=\"size-full wp-image-55 aligncenter\" src=\"http:\/\/www.uajms.edu.bo\/secretaria-academica\/wp-content\/uploads\/sites\/48\/2019\/08\/logoDdocencia-1.png\" alt=\"\" width=\"387\" height=\"90\" srcset=\"https:\/\/www.uajms.edu.bo\/secretaria-academica\/wp-content\/uploads\/sites\/48\/2019\/08\/logoDdocencia-1.png 387w, https:\/\/www.uajms.edu.bo\/secretaria-academica\/wp-content\/uploads\/sites\/48\/2019\/08\/logoDdocencia-1-300x70.png 300w\" sizes=\"(max-width: 387px) 100vw, 387px\" \/><\/strong><\/p>\n<p style=\"text-align: left\"><strong>QUIENES SOMOS<\/strong><\/p>\n<p style=\"text-align: left\">Es una Direcci\u00f3n Acad\u00e9mica dependiente de la Secretaria Acad\u00e9mica y Vice Rectorado responsable de contribuir en la gesti\u00f3n acad\u00e9mica y el desarrollo curricular en los diferentes niveles acad\u00e9micos de la UAJMS y al desarrollo de la Docencia Universitaria, atendiendo las necesidades enmarcadas en las normas y pol\u00edticas de la instituci\u00f3n<\/p>\n<p style=\"text-align: left\">El objeto de estudio y de trabajo de esta Direcci\u00f3n Acad\u00e9mica es el Desarrollo de Gesti\u00f3n acad\u00e9mica administrativa y\u00a0 Desarrollo Curricular, considerado como un proceso mediante el cual el saber cient\u00edfico se articula con el saber pr\u00e1ctico para perfilar y potenciar a los seres humanos en el \u00e1mbito educativo, mediante la apropiaci\u00f3n e innovaci\u00f3n de la cultura para la construcci\u00f3n y reconstrucci\u00f3n de competencias profesionales que los habiliten para participar en los procesos de transformaci\u00f3n, local, regional, nacional e internacional, a trav\u00e9s de procesos curriculares que incluye: dise\u00f1o, gesti\u00f3n, evaluaci\u00f3n y el desarrollo de estrategias dirigidas a generar las competencias necesarias en los estudiantes para desempe\u00f1arse en el campo personal, social y profesional.<\/p>\n<p style=\"text-align: left\">El desarrollo de la Docencia Universitaria es un proceso innovador encaminado a promoverla como una actividad cient\u00edfica- educativa que implica un equilibrio entre la competencia de la disciplina que se ense\u00f1a y la competencia pedag\u00f3gica, generando un aprendizaje significativo al utilizar para ello diversas metodolog\u00edas, recursos, medios y espacios educativos y contribuir a que el estudiante desarrolle capacidades de auto-aprendizaje.<\/p>\n<p style=\"text-align: left\"><strong>Misi\u00f3n<\/strong><\/p>\n<p style=\"text-align: left\">Somos un Departamento Acad\u00e9mico responsable de dirigir con calidad y pertinencia los procesos de gesti\u00f3n del desarrollo curricular y de la Docencia en la UAJMS, promoviendo la integraci\u00f3n de las funciones b\u00e1sicas universitarias, acorde con los paradigmas cient\u00edficos y educativos, que propicien la formaci\u00f3n de valores de una cultura profesional, que conlleve a la excelencia acad\u00e9mica para contribuir a la satisfacci\u00f3n de las demandas de la sociedad.<\/p>\n<p style=\"text-align: left\">\n<p style=\"text-align: left\"><strong>Visi\u00f3n<\/strong><\/p>\n<p style=\"text-align: left\">Ser un Departamento con liderazgo acad\u00e9mico, responsable de dirigir los procesos de gesti\u00f3n administrativa acad\u00e9mica e innovaci\u00f3n curricular en la formaci\u00f3n de profesionales con calidad, equidad y pertinencia en las dimensiones humano-social, \u00e9tico, cient\u00edfico, tecnol\u00f3gico y cultural en cooperaci\u00f3n con las Facultades acad\u00e9micas<\/p>\n<h1 style=\"text-align: left\"><strong>FORMACI\u00d3N ACADEMICA DEL DOCENTE<\/strong><\/h1>\n<p style=\"text-align: left\"><strong>Programas de Formaci\u00f3n Docentes Realizados:<\/strong><\/p>\n<ol>\n<li style=\"text-align: left\">Programa de Formaci\u00f3n Basada en Competencias aprobado mediante Resoluci\u00f3n Rectoral N\u00b0439\/2021.<\/li>\n<\/ol>\n","protected":false},"excerpt":{"rendered":"<p>QUIENES SOMOS Es una Direcci\u00f3n Acad\u00e9mica dependiente de la Secretaria Acad\u00e9mica y Vice Rectorado responsable de contribuir en la gesti\u00f3n acad\u00e9mica y el desarrollo curricular en los diferentes niveles acad\u00e9micos [&hellip;]<\/p>\n","protected":false},"author":1,"featured_media":0,"parent":0,"menu_order":0,"comment_status":"closed","ping_status":"closed","template":"","meta":{"jetpack_post_was_ever_published":false,"_joinchat":[],"footnotes":""},"class_list":["post-53","page","type-page","status-publish","hentry"],"jetpack_sharing_enabled":true,"jetpack_shortlink":"https:\/\/wp.me\/PbcOlg-R","publishpress_future_action":{"enabled":false,"date":"2026-05-11 06:51:03","action":"change-status","newStatus":"draft","terms":[],"taxonomy":"","extraData":[]},"publishpress_future_workflow_manual_trigger":{"enabledWorkflows":[]},"_links":{"self":[{"href":"https:\/\/www.uajms.edu.bo\/secretaria-academica\/wp-json\/wp\/v2\/pages\/53","targetHints":{"allow":["GET"]}}],"collection":[{"href":"https:\/\/www.uajms.edu.bo\/secretaria-academica\/wp-json\/wp\/v2\/pages"}],"about":[{"href":"https:\/\/www.uajms.edu.bo\/secretaria-academica\/wp-json\/wp\/v2\/types\/page"}],"author":[{"embeddable":true,"href":"https:\/\/www.uajms.edu.bo\/secretaria-academica\/wp-json\/wp\/v2\/users\/1"}],"replies":[{"embeddable":true,"href":"https:\/\/www.uajms.edu.bo\/secretaria-academica\/wp-json\/wp\/v2\/comments?post=53"}],"version-history":[{"count":5,"href":"https:\/\/www.uajms.edu.bo\/secretaria-academica\/wp-json\/wp\/v2\/pages\/53\/revisions"}],"predecessor-version":[{"id":3212,"href":"https:\/\/www.uajms.edu.bo\/secretaria-academica\/wp-json\/wp\/v2\/pages\/53\/revisions\/3212"}],"wp:attachment":[{"href":"https:\/\/www.uajms.edu.bo\/secretaria-academica\/wp-json\/wp\/v2\/media?parent=53"}],"curies":[{"name":"wp","href":"https:\/\/api.w.org\/{rel}","templated":true}]}}