

{"id":274,"date":"2020-04-10T22:43:14","date_gmt":"2020-04-11T02:43:14","guid":{"rendered":"http:\/\/www.uajms.edu.bo\/secretaria-academica\/?page_id=274"},"modified":"2020-04-10T22:43:54","modified_gmt":"2020-04-11T02:43:54","slug":"informacion-estadistica-docente","status":"publish","type":"page","link":"https:\/\/www.uajms.edu.bo\/secretaria-academica\/informacion-estadistica-docente\/","title":{"rendered":"Informacion Estadistica Docente"},"content":{"rendered":"<p>Informaci\u00f3n Estad\u00edstica Docente<\/p>\n<p>&nbsp;<\/p>\n<p>En Construcci\u00f3n<\/p>\n","protected":false},"excerpt":{"rendered":"<p>Informaci\u00f3n Estad\u00edstica Docente &nbsp; En Construcci\u00f3n<\/p>\n","protected":false},"author":1,"featured_media":0,"parent":0,"menu_order":0,"comment_status":"closed","ping_status":"closed","template":"","meta":{"jetpack_post_was_ever_published":false,"_joinchat":[],"footnotes":""},"class_list":["post-274","page","type-page","status-publish","hentry"],"jetpack_sharing_enabled":true,"jetpack_shortlink":"https:\/\/wp.me\/PbcOlg-4q","publishpress_future_action":{"enabled":false,"date":"2026-04-10 19:31:24","action":"change-status","newStatus":"draft","terms":[],"taxonomy":"","extraData":[]},"publishpress_future_workflow_manual_trigger":{"enabledWorkflows":[]},"_links":{"self":[{"href":"https:\/\/www.uajms.edu.bo\/secretaria-academica\/wp-json\/wp\/v2\/pages\/274","targetHints":{"allow":["GET"]}}],"collection":[{"href":"https:\/\/www.uajms.edu.bo\/secretaria-academica\/wp-json\/wp\/v2\/pages"}],"about":[{"href":"https:\/\/www.uajms.edu.bo\/secretaria-academica\/wp-json\/wp\/v2\/types\/page"}],"author":[{"embeddable":true,"href":"https:\/\/www.uajms.edu.bo\/secretaria-academica\/wp-json\/wp\/v2\/users\/1"}],"replies":[{"embeddable":true,"href":"https:\/\/www.uajms.edu.bo\/secretaria-academica\/wp-json\/wp\/v2\/comments?post=274"}],"version-history":[{"count":2,"href":"https:\/\/www.uajms.edu.bo\/secretaria-academica\/wp-json\/wp\/v2\/pages\/274\/revisions"}],"predecessor-version":[{"id":276,"href":"https:\/\/www.uajms.edu.bo\/secretaria-academica\/wp-json\/wp\/v2\/pages\/274\/revisions\/276"}],"wp:attachment":[{"href":"https:\/\/www.uajms.edu.bo\/secretaria-academica\/wp-json\/wp\/v2\/media?parent=274"}],"curies":[{"name":"wp","href":"https:\/\/api.w.org\/{rel}","templated":true}]}}