

{"id":81,"date":"2013-12-06T15:22:12","date_gmt":"2013-12-06T15:22:12","guid":{"rendered":"http:\/\/www.uajms.edu.bo\/posgrado\/?page_id=81"},"modified":"2013-12-06T15:22:12","modified_gmt":"2013-12-06T15:22:12","slug":"posgrado-salud","status":"publish","type":"page","link":"https:\/\/www.uajms.edu.bo\/posgrado\/posgrado-salud\/","title":{"rendered":"Posgrado salud"},"content":{"rendered":"<p>La Coordinaci\u00f3n de Posgrado en Salud respondiendo a las demandas sociales, profesionales e institucionales, con el prop\u00f3sito de formar profesionales con una alta capacidad innovativa, cient\u00edfica, t\u00e9cnica y metodol\u00f3gica, que sean capaces de contribuir a resolver problemas de salud con calidad, pertinencia, eficiencia y eficacia, aportando de esta manera al mejoramiento de las condiciones de salud de la poblaci\u00f3n boliviana, contribuye con la formaci\u00f3n y graduaci\u00f3n de profesionales en varios \u00e1mbitos del pa\u00eds.<br \/>\nEntre los logros alcanzados en la gesti\u00f3n 2013 se encuentra el Cumplimiento de la agenda acad\u00e9mica de los programas implementados en las gestiones pasadas, tal es el caso de los programas iniciados en la gesti\u00f3n 2011, estando previsto para este \u00faltimo semestre de la gesti\u00f3n 2013, el ejercicio de defensas de tesis de varios programas, esper\u00e1ndose alcanzar una tasa de titulaci\u00f3n de por lo menos entre un 80 a 90% de titulados.<\/p>\n<h3>Avances y Proyecciones 2014<\/h3>\n<p>Para la pr\u00f3xima gesti\u00f3n y a solicitud de varios profesionales se pretende dar inicio a programas de posgrado en el \u00e1rea de Enfermer\u00eda en la ciudad de Potos\u00ed y Riberalta.<\/p>\n<p>Otra proyecci\u00f3n importante es el departamento de Pando, para lo cual actualmente se viene concretando los contactos pertinentes para la suscripci\u00f3n de un convenio con SEDES Pando, para el inicio del Diplomado del PAI, existiendo la solicitud de profesionales de salud para que en ese departamento se pueda tambi\u00e9n impartir la Maestr\u00eda en Enfermer\u00eda M\u00e9dico Quir\u00fargica y la Maestr\u00eda en Salud P\u00fablica.<br \/>\nAsimismo se est\u00e1 concretizando la expansi\u00f3n de otros programas de posgrado en salud en las ciudades de GUAYARAMERIN y SANTA CRUZ.<\/p>\n<p>&nbsp;<\/p>\n","protected":false},"excerpt":{"rendered":"<p>La Coordinaci\u00f3n de Posgrado en Salud respondiendo a las demandas sociales, profesionales e institucionales, con el prop\u00f3sito de formar profesionales con una alta capacidad innovativa, cient\u00edfica, t\u00e9cnica y metodol\u00f3gica, que [&hellip;]<\/p>\n","protected":false},"author":1,"featured_media":0,"parent":0,"menu_order":0,"comment_status":"open","ping_status":"open","template":"","meta":{"jetpack_post_was_ever_published":false,"_joinchat":[],"footnotes":""},"class_list":["post-81","page","type-page","status-publish","hentry"],"jetpack_sharing_enabled":true,"jetpack_shortlink":"https:\/\/wp.me\/P5Qmml-1j","publishpress_future_action":{"enabled":false,"date":"2026-05-03 14:13:41","action":"change-status","newStatus":"draft","terms":[],"taxonomy":"","extraData":[]},"publishpress_future_workflow_manual_trigger":{"enabledWorkflows":[]},"_links":{"self":[{"href":"https:\/\/www.uajms.edu.bo\/posgrado\/wp-json\/wp\/v2\/pages\/81","targetHints":{"allow":["GET"]}}],"collection":[{"href":"https:\/\/www.uajms.edu.bo\/posgrado\/wp-json\/wp\/v2\/pages"}],"about":[{"href":"https:\/\/www.uajms.edu.bo\/posgrado\/wp-json\/wp\/v2\/types\/page"}],"author":[{"embeddable":true,"href":"https:\/\/www.uajms.edu.bo\/posgrado\/wp-json\/wp\/v2\/users\/1"}],"replies":[{"embeddable":true,"href":"https:\/\/www.uajms.edu.bo\/posgrado\/wp-json\/wp\/v2\/comments?post=81"}],"version-history":[{"count":0,"href":"https:\/\/www.uajms.edu.bo\/posgrado\/wp-json\/wp\/v2\/pages\/81\/revisions"}],"wp:attachment":[{"href":"https:\/\/www.uajms.edu.bo\/posgrado\/wp-json\/wp\/v2\/media?parent=81"}],"curies":[{"name":"wp","href":"https:\/\/api.w.org\/{rel}","templated":true}]}}