

{"id":5030,"date":"2023-05-11T17:13:30","date_gmt":"2023-05-11T21:13:30","guid":{"rendered":"https:\/\/www.uajms.edu.bo\/posgrado\/?page_id=5030"},"modified":"2023-05-11T17:13:32","modified_gmt":"2023-05-11T21:13:32","slug":"diplomado-en-gestion-de-importacion-y-aduanas-2","status":"publish","type":"page","link":"https:\/\/www.uajms.edu.bo\/posgrado\/diplomado-en-gestion-de-importacion-y-aduanas-2\/","title":{"rendered":"DIPLOMADO EN GESTI\u00d3N DE IMPORTACI\u00d3N Y ADUANAS."},"content":{"rendered":"\n<ol class=\"wp-block-list\" type=\"1\"><li>Nombre del programa<\/li><\/ol>\n\n\n\n<p><strong><em>DIPLOMADO EN GESTI\u00d3N DE IMPORTACI\u00d3N Y ADUANAS.<\/em><\/strong><\/p>\n\n\n\n<ul class=\"wp-block-list\"><li><strong>Objetivo general del programa.<\/strong><\/li><\/ul>\n\n\n\n<p>Fortalecer los conocimientos y capacidades necesarias para desarrollar con \u00e9xito cualquier tipo de operaci\u00f3n de comercio exterior, teniendo una comprensi\u00f3n amplia del marco t\u00e9cnico, legal y regulatorio que les permita identificar oportunidades de negocio y gestionar las mismas con profesionalismo.<\/p>\n\n\n\n<ul class=\"wp-block-list\"><li><strong>Duraci\u00f3n y caracter\u00edsticas del programa<\/strong><\/li><\/ul>\n\n\n\n<p>El Diplomado tendr\u00e1 una duraci\u00f3n de 6 meses calendario como m\u00ednimo para la conclusi\u00f3n de su Plan de Estudios, a los cuales se a\u00f1adir\u00e1 el tiempo necesario para la elaboraci\u00f3n, presentaci\u00f3n y defensa de un trabajo monogr\u00e1fico, como modalidad de graduaci\u00f3n.<\/p>\n\n\n\n<p>Su Plan de Estudios est\u00e1 estructurado en 6 m\u00f3dulos te\u00f3rico-pr\u00e1cticos, cada uno de los cuales se desarrollar\u00e1 en 4 semanas calendario, estando las tres primeras semanas destinadas al desarrollo de las clases virtuales, y la cuarta semana, a la elaboraci\u00f3n y presentaci\u00f3n del trabajo final del m\u00f3dulo.<\/p>\n\n\n\n<p>Desarrollado bajo la modalidad virtual, se cumplir\u00e1 una Carga Horaria Total Programa de 800 Horas Acad\u00e9micas equivalentes a 20 Cr\u00e9ditos Acad\u00e9micos, distribuidos de la siguiente manera:<\/p>\n\n\n\n<ul class=\"wp-block-list\"><li>Horas Acad\u00e9micas Virtuales Presenciales = 240 horas (6 cr\u00e9ditos).<\/li><li>Horas Trabajo Extra Clase No Presenciales = 560 horas (14 cr\u00e9ditos).<\/li><\/ul>\n\n\n\n<p><strong>M\u00f3dulos del programa<\/strong>:<\/p>\n\n\n\n<figure class=\"wp-block-image size-full\"><a href=\"https:\/\/www.uajms.edu.bo\/posgrado\/wp-content\/uploads\/sites\/10\/2023\/05\/imagen.png\"><img fetchpriority=\"high\" decoding=\"async\" width=\"290\" height=\"270\" data-attachment-id=\"5037\" data-permalink=\"https:\/\/www.uajms.edu.bo\/posgrado\/diplomado-en-gestion-de-importacion-y-aduanas-2\/imagen-5\/\" data-orig-file=\"https:\/\/www.uajms.edu.bo\/posgrado\/wp-content\/uploads\/sites\/10\/2023\/05\/imagen.png\" data-orig-size=\"290,270\" data-comments-opened=\"1\" data-image-meta=\"{&quot;aperture&quot;:&quot;0&quot;,&quot;credit&quot;:&quot;&quot;,&quot;camera&quot;:&quot;&quot;,&quot;caption&quot;:&quot;&quot;,&quot;created_timestamp&quot;:&quot;0&quot;,&quot;copyright&quot;:&quot;&quot;,&quot;focal_length&quot;:&quot;0&quot;,&quot;iso&quot;:&quot;0&quot;,&quot;shutter_speed&quot;:&quot;0&quot;,&quot;title&quot;:&quot;&quot;,&quot;orientation&quot;:&quot;0&quot;}\" data-image-title=\"imagen\" data-image-description=\"\" data-image-caption=\"\" data-medium-file=\"https:\/\/www.uajms.edu.bo\/posgrado\/wp-content\/uploads\/sites\/10\/2023\/05\/imagen.png\" data-large-file=\"https:\/\/www.uajms.edu.bo\/posgrado\/wp-content\/uploads\/sites\/10\/2023\/05\/imagen.png\" src=\"https:\/\/www.uajms.edu.bo\/posgrado\/wp-content\/uploads\/sites\/10\/2023\/05\/imagen.png\" alt=\"\" class=\"wp-image-5037\" \/><\/a><\/figure>\n\n\n\n<ul class=\"wp-block-list\"><li><strong>Costo del programa<\/strong><\/li><\/ul>\n\n\n\n<p>Costo al <strong>contado<\/strong>: 3150 bs.<\/p>\n\n\n\n<p>Costo al <strong>cr\u00e9dito<\/strong>: 3.500 bs.<\/p>\n\n\n\n<p>                   Cuota inicial 500 bs.<\/p>\n\n\n\n<p>                   5 cuotas mensuales de 600bs.<\/p>\n\n\n\n<p><strong>REQUISITOS DE INSCRIPCI\u00d3N:<\/strong><\/p>\n\n\n\n<ol class=\"wp-block-list\"><li>Solicitud de admisi\u00f3n dirigida a la Direcci\u00f3n de Educaci\u00f3n Virtual y a Distancia.<\/li><li>Formulario de inscripci\u00f3n al programa debidamente llenado por el postulante.<\/li><li>Fotocopia de diploma acad\u00e9mico.<\/li><li>Hoja de vida<\/li><li>Fotocopia de c\u00e9dula de identidad del postulante.<\/li><li>Fotocopia de c\u00e9dula de identidad del garante (modalidad al cr\u00e9dito).<\/li><li>Dep\u00f3sito Bancario original por concepto de pago de matr\u00edcula de inscripci\u00f3n.<ul><li><strong>BANCO UNI\u00d3N \u2013 CUENTA CORRIENTE N\u00b0 1-6034982<\/strong><\/li><li><strong>NIT: 1024357022<\/strong><\/li><\/ul><\/li><\/ol>\n\n\n\n<p><strong>Nota:<\/strong>&nbsp;<em>El postulante no debe tener deuda pendientes en ning\u00fan programa de la Secretaria de Educaci\u00f3n Continua.<\/em><\/p>\n\n\n\n<p><strong><em><span style=\"text-decoration: underline\">INFORMACIONES: <\/span><\/em><\/strong><\/p>\n\n\n\n<p><em><strong>Oficina Central \u2013 Tarija<\/strong><\/em><\/p>\n\n\n\n<p>Direcci\u00f3n:&nbsp;<em>Calle Ingavi esq. Padilla<\/em><\/p>\n\n\n\n<p><em><strong>Contactos:<\/strong>&nbsp;<\/em>&nbsp;&nbsp;<em>7298<\/em>9932 \u2013&nbsp;<em>68705489<\/em>&nbsp;\u2013 72988960<\/p>\n\n\n\n<p><strong>SEDES:<\/strong><\/p>\n\n\n\n<p><strong>LA PAZ:<\/strong>&nbsp;Av. 20 de octubre casi esq.\/ Otero de la Vega, Torre Mollinedo piso 4,&nbsp;<strong>Celular:<\/strong>&nbsp;72985943.<\/p>\n\n\n\n<p><strong>SANTA CRUZ:<\/strong>&nbsp;Calle Velasco N\u00b0 580 casi esq.\/ Lemoine,&nbsp;<strong>Celular:<\/strong>&nbsp;72989491.<\/p>\n","protected":false},"excerpt":{"rendered":"<p>Nombre del programa DIPLOMADO EN GESTI\u00d3N DE IMPORTACI\u00d3N Y ADUANAS. Objetivo general del programa. Fortalecer los conocimientos y capacidades necesarias para desarrollar con \u00e9xito cualquier tipo de operaci\u00f3n de comercio [&hellip;]<\/p>\n","protected":false},"author":118,"featured_media":0,"parent":0,"menu_order":0,"comment_status":"closed","ping_status":"closed","template":"","meta":{"jetpack_post_was_ever_published":false,"_joinchat":[],"footnotes":""},"class_list":["post-5030","page","type-page","status-publish","hentry"],"jetpack_sharing_enabled":true,"jetpack_shortlink":"https:\/\/wp.me\/P5Qmml-1j8","publishpress_future_action":{"enabled":false,"date":"2026-05-24 07:58:38","action":"change-status","newStatus":"draft","terms":[],"taxonomy":"","extraData":[]},"publishpress_future_workflow_manual_trigger":{"enabledWorkflows":[]},"_links":{"self":[{"href":"https:\/\/www.uajms.edu.bo\/posgrado\/wp-json\/wp\/v2\/pages\/5030","targetHints":{"allow":["GET"]}}],"collection":[{"href":"https:\/\/www.uajms.edu.bo\/posgrado\/wp-json\/wp\/v2\/pages"}],"about":[{"href":"https:\/\/www.uajms.edu.bo\/posgrado\/wp-json\/wp\/v2\/types\/page"}],"author":[{"embeddable":true,"href":"https:\/\/www.uajms.edu.bo\/posgrado\/wp-json\/wp\/v2\/users\/118"}],"replies":[{"embeddable":true,"href":"https:\/\/www.uajms.edu.bo\/posgrado\/wp-json\/wp\/v2\/comments?post=5030"}],"version-history":[{"count":4,"href":"https:\/\/www.uajms.edu.bo\/posgrado\/wp-json\/wp\/v2\/pages\/5030\/revisions"}],"predecessor-version":[{"id":5039,"href":"https:\/\/www.uajms.edu.bo\/posgrado\/wp-json\/wp\/v2\/pages\/5030\/revisions\/5039"}],"wp:attachment":[{"href":"https:\/\/www.uajms.edu.bo\/posgrado\/wp-json\/wp\/v2\/media?parent=5030"}],"curies":[{"name":"wp","href":"https:\/\/api.w.org\/{rel}","templated":true}]}}