

{"id":5025,"date":"2023-05-11T15:40:43","date_gmt":"2023-05-11T19:40:43","guid":{"rendered":"https:\/\/www.uajms.edu.bo\/posgrado\/?page_id=5025"},"modified":"2023-08-28T12:01:52","modified_gmt":"2023-08-28T16:01:52","slug":"especialidad-en-sistemas-de-informacion-geografico-sig-para-la-gestion-de-recursos-naturales","status":"publish","type":"page","link":"https:\/\/www.uajms.edu.bo\/posgrado\/especialidad-en-sistemas-de-informacion-geografico-sig-para-la-gestion-de-recursos-naturales\/","title":{"rendered":"ESPECIALIDAD EN SISTEMAS DE INFORMACI\u00d3N GEOGR\u00c1FICO (SIG) PARA LA GESTI\u00d3N DE RECURSOS NATURALES."},"content":{"rendered":"\n<figure class=\"wp-block-image size-full\"><a href=\"http:\/\/www.uajms.edu.bo\/posgrado\/wp-content\/uploads\/sites\/10\/2023\/08\/BOTON11-5.jpg\"><img decoding=\"async\" width=\"397\" height=\"43\" data-attachment-id=\"6021\" data-permalink=\"https:\/\/www.uajms.edu.bo\/posgrado\/2023\/08\/21\/diplomado-en-metodologia-de-la-investigacion-cientifica\/boton11-5\/\" data-orig-file=\"https:\/\/www.uajms.edu.bo\/posgrado\/wp-content\/uploads\/sites\/10\/2023\/08\/BOTON11-5.jpg\" data-orig-size=\"397,43\" data-comments-opened=\"1\" data-image-meta=\"{&quot;aperture&quot;:&quot;0&quot;,&quot;credit&quot;:&quot;&quot;,&quot;camera&quot;:&quot;&quot;,&quot;caption&quot;:&quot;&quot;,&quot;created_timestamp&quot;:&quot;0&quot;,&quot;copyright&quot;:&quot;&quot;,&quot;focal_length&quot;:&quot;0&quot;,&quot;iso&quot;:&quot;0&quot;,&quot;shutter_speed&quot;:&quot;0&quot;,&quot;title&quot;:&quot;&quot;,&quot;orientation&quot;:&quot;1&quot;}\" data-image-title=\"BOTON11-5\" data-image-description=\"\" data-image-caption=\"\" data-medium-file=\"https:\/\/www.uajms.edu.bo\/posgrado\/wp-content\/uploads\/sites\/10\/2023\/08\/BOTON11-5-300x32.jpg\" data-large-file=\"https:\/\/www.uajms.edu.bo\/posgrado\/wp-content\/uploads\/sites\/10\/2023\/08\/BOTON11-5.jpg\" src=\"http:\/\/www.uajms.edu.bo\/posgrado\/wp-content\/uploads\/sites\/10\/2023\/08\/BOTON11-5.jpg\" alt=\"\" class=\"wp-image-6021\" srcset=\"https:\/\/www.uajms.edu.bo\/posgrado\/wp-content\/uploads\/sites\/10\/2023\/08\/BOTON11-5.jpg 397w, https:\/\/www.uajms.edu.bo\/posgrado\/wp-content\/uploads\/sites\/10\/2023\/08\/BOTON11-5-300x32.jpg 300w\" sizes=\"(max-width: 397px) 100vw, 397px\" \/><\/a><\/figure>\n\n\n\n<p><\/p>\n\n\n\n<p>Formar profesionales capaces de aplicar herramientas necesarias para la gesti\u00f3n, planificaci\u00f3n y toma decisiones vinculados al medio ambiente mediante el uso de sistemas de informaci\u00f3n geogr\u00e1fica, adquiriendo habilidades y destrezas en la recopilaci\u00f3n, procesamiento y an\u00e1lisis de datos espaciales, as\u00ed como en la representaci\u00f3n de mapas y el uso de m\u00e9todos SIG.<\/p>\n\n\n\n<p><\/p>\n\n\n\n<figure class=\"wp-block-image size-full\"><a href=\"http:\/\/www.uajms.edu.bo\/posgrado\/wp-content\/uploads\/sites\/10\/2023\/08\/BOTON12-1.jpg\"><img decoding=\"async\" width=\"397\" height=\"43\" data-attachment-id=\"6023\" data-permalink=\"https:\/\/www.uajms.edu.bo\/posgrado\/2023\/08\/21\/diplomado-en-metodologia-de-la-investigacion-cientifica\/boton12-1\/\" data-orig-file=\"https:\/\/www.uajms.edu.bo\/posgrado\/wp-content\/uploads\/sites\/10\/2023\/08\/BOTON12-1.jpg\" data-orig-size=\"397,43\" data-comments-opened=\"1\" data-image-meta=\"{&quot;aperture&quot;:&quot;0&quot;,&quot;credit&quot;:&quot;&quot;,&quot;camera&quot;:&quot;&quot;,&quot;caption&quot;:&quot;&quot;,&quot;created_timestamp&quot;:&quot;0&quot;,&quot;copyright&quot;:&quot;&quot;,&quot;focal_length&quot;:&quot;0&quot;,&quot;iso&quot;:&quot;0&quot;,&quot;shutter_speed&quot;:&quot;0&quot;,&quot;title&quot;:&quot;&quot;,&quot;orientation&quot;:&quot;1&quot;}\" data-image-title=\"BOTON12-1\" data-image-description=\"\" data-image-caption=\"\" data-medium-file=\"https:\/\/www.uajms.edu.bo\/posgrado\/wp-content\/uploads\/sites\/10\/2023\/08\/BOTON12-1-300x32.jpg\" data-large-file=\"https:\/\/www.uajms.edu.bo\/posgrado\/wp-content\/uploads\/sites\/10\/2023\/08\/BOTON12-1.jpg\" src=\"http:\/\/www.uajms.edu.bo\/posgrado\/wp-content\/uploads\/sites\/10\/2023\/08\/BOTON12-1.jpg\" alt=\"\" class=\"wp-image-6023\" srcset=\"https:\/\/www.uajms.edu.bo\/posgrado\/wp-content\/uploads\/sites\/10\/2023\/08\/BOTON12-1.jpg 397w, https:\/\/www.uajms.edu.bo\/posgrado\/wp-content\/uploads\/sites\/10\/2023\/08\/BOTON12-1-300x32.jpg 300w\" sizes=\"(max-width: 397px) 100vw, 397px\" \/><\/a><\/figure>\n\n\n\n<p><\/p>\n\n\n\n<p>La especialidad en Sistemas de Informaci\u00f3n Geogr\u00e1fico \u2013 SIG para la Gesti\u00f3n de Recursos Naturales, est\u00e1 dirigida a profesionales Medio Ambientales, Agr\u00f3nomos, Forestales, Civiles, Arquitectos a nivel licenciatura. As\u00ed mismo estar\u00e1 constituida por 10 m\u00f3dulos con una duraci\u00f3n de un mes aproximadamente por m\u00f3dulo. De igual manera para la obtenci\u00f3n del t\u00edtulo de especialidad se deber\u00e1 proceder a la defensa de un perfil de tesis de acuerdo a reglamentaci\u00f3n de pos grado.<strong><\/strong><\/p>\n\n\n\n<p>A trav\u00e9s del desarrollo y ejecuci\u00f3n de su respectivo plan de Estudio, se establecen las siguientes cargas horarias y creditaje:<\/p>\n\n\n\n<ul class=\"wp-block-list\">\n<li><strong>Diplomado: <\/strong>800 Horas Acad\u00e9micas, equivalentes a 20 Cr\u00e9ditos Acad\u00e9micos.<\/li>\n\n\n\n<li><strong>Especialidad: <\/strong>1600 Horas Acad\u00e9micas, equivalentes a 40 Cr\u00e9ditos Acad\u00e9micos.<\/li>\n<\/ul>\n\n\n\n<figure class=\"wp-block-image size-full\"><a href=\"http:\/\/www.uajms.edu.bo\/posgrado\/wp-content\/uploads\/sites\/10\/2023\/08\/BOTON15-1.jpg\"><img decoding=\"async\" width=\"397\" height=\"43\" data-attachment-id=\"6026\" data-permalink=\"https:\/\/www.uajms.edu.bo\/posgrado\/2023\/08\/21\/diplomado-en-metodologia-de-la-investigacion-cientifica\/boton15-1\/\" data-orig-file=\"https:\/\/www.uajms.edu.bo\/posgrado\/wp-content\/uploads\/sites\/10\/2023\/08\/BOTON15-1.jpg\" data-orig-size=\"397,43\" data-comments-opened=\"1\" data-image-meta=\"{&quot;aperture&quot;:&quot;0&quot;,&quot;credit&quot;:&quot;&quot;,&quot;camera&quot;:&quot;&quot;,&quot;caption&quot;:&quot;&quot;,&quot;created_timestamp&quot;:&quot;0&quot;,&quot;copyright&quot;:&quot;&quot;,&quot;focal_length&quot;:&quot;0&quot;,&quot;iso&quot;:&quot;0&quot;,&quot;shutter_speed&quot;:&quot;0&quot;,&quot;title&quot;:&quot;&quot;,&quot;orientation&quot;:&quot;1&quot;}\" data-image-title=\"BOTON15-1\" data-image-description=\"\" data-image-caption=\"\" data-medium-file=\"https:\/\/www.uajms.edu.bo\/posgrado\/wp-content\/uploads\/sites\/10\/2023\/08\/BOTON15-1-300x32.jpg\" data-large-file=\"https:\/\/www.uajms.edu.bo\/posgrado\/wp-content\/uploads\/sites\/10\/2023\/08\/BOTON15-1.jpg\" src=\"http:\/\/www.uajms.edu.bo\/posgrado\/wp-content\/uploads\/sites\/10\/2023\/08\/BOTON15-1.jpg\" alt=\"\" class=\"wp-image-6026\" srcset=\"https:\/\/www.uajms.edu.bo\/posgrado\/wp-content\/uploads\/sites\/10\/2023\/08\/BOTON15-1.jpg 397w, https:\/\/www.uajms.edu.bo\/posgrado\/wp-content\/uploads\/sites\/10\/2023\/08\/BOTON15-1-300x32.jpg 300w\" sizes=\"(max-width: 397px) 100vw, 397px\" \/><\/a><\/figure>\n\n\n\n<p><\/p>\n\n\n<div class=\"wp-block-image\">\n<figure class=\"aligncenter size-full\"><a href=\"https:\/\/www.uajms.edu.bo\/posgrado\/wp-content\/uploads\/sites\/10\/2023\/08\/SIG.png\"><img loading=\"lazy\" decoding=\"async\" width=\"598\" height=\"293\" data-attachment-id=\"6154\" data-permalink=\"https:\/\/www.uajms.edu.bo\/posgrado\/especialidad-en-sistemas-de-informacion-geografico-sig-para-la-gestion-de-recursos-naturales\/sig-3\/\" data-orig-file=\"https:\/\/www.uajms.edu.bo\/posgrado\/wp-content\/uploads\/sites\/10\/2023\/08\/SIG.png\" data-orig-size=\"598,293\" data-comments-opened=\"1\" data-image-meta=\"{&quot;aperture&quot;:&quot;0&quot;,&quot;credit&quot;:&quot;&quot;,&quot;camera&quot;:&quot;&quot;,&quot;caption&quot;:&quot;&quot;,&quot;created_timestamp&quot;:&quot;0&quot;,&quot;copyright&quot;:&quot;&quot;,&quot;focal_length&quot;:&quot;0&quot;,&quot;iso&quot;:&quot;0&quot;,&quot;shutter_speed&quot;:&quot;0&quot;,&quot;title&quot;:&quot;&quot;,&quot;orientation&quot;:&quot;0&quot;}\" data-image-title=\"SIG\" data-image-description=\"\" data-image-caption=\"\" data-medium-file=\"https:\/\/www.uajms.edu.bo\/posgrado\/wp-content\/uploads\/sites\/10\/2023\/08\/SIG-300x147.png\" data-large-file=\"https:\/\/www.uajms.edu.bo\/posgrado\/wp-content\/uploads\/sites\/10\/2023\/08\/SIG.png\" src=\"https:\/\/www.uajms.edu.bo\/posgrado\/wp-content\/uploads\/sites\/10\/2023\/08\/SIG.png\" alt=\"\" class=\"wp-image-6154\" srcset=\"https:\/\/www.uajms.edu.bo\/posgrado\/wp-content\/uploads\/sites\/10\/2023\/08\/SIG.png 598w, https:\/\/www.uajms.edu.bo\/posgrado\/wp-content\/uploads\/sites\/10\/2023\/08\/SIG-300x147.png 300w\" sizes=\"(max-width: 598px) 100vw, 598px\" \/><\/a><\/figure>\n<\/div>\n\n\n<figure class=\"wp-block-image size-full\"><a href=\"http:\/\/www.uajms.edu.bo\/posgrado\/wp-content\/uploads\/sites\/10\/2023\/08\/BOTON14-1.jpg\"><img loading=\"lazy\" decoding=\"async\" width=\"397\" height=\"43\" data-attachment-id=\"6025\" data-permalink=\"https:\/\/www.uajms.edu.bo\/posgrado\/2023\/08\/21\/diplomado-en-metodologia-de-la-investigacion-cientifica\/boton14-1\/\" data-orig-file=\"https:\/\/www.uajms.edu.bo\/posgrado\/wp-content\/uploads\/sites\/10\/2023\/08\/BOTON14-1.jpg\" data-orig-size=\"397,43\" data-comments-opened=\"1\" data-image-meta=\"{&quot;aperture&quot;:&quot;0&quot;,&quot;credit&quot;:&quot;&quot;,&quot;camera&quot;:&quot;&quot;,&quot;caption&quot;:&quot;&quot;,&quot;created_timestamp&quot;:&quot;0&quot;,&quot;copyright&quot;:&quot;&quot;,&quot;focal_length&quot;:&quot;0&quot;,&quot;iso&quot;:&quot;0&quot;,&quot;shutter_speed&quot;:&quot;0&quot;,&quot;title&quot;:&quot;&quot;,&quot;orientation&quot;:&quot;1&quot;}\" data-image-title=\"BOTON14-1\" data-image-description=\"\" data-image-caption=\"\" data-medium-file=\"https:\/\/www.uajms.edu.bo\/posgrado\/wp-content\/uploads\/sites\/10\/2023\/08\/BOTON14-1-300x32.jpg\" data-large-file=\"https:\/\/www.uajms.edu.bo\/posgrado\/wp-content\/uploads\/sites\/10\/2023\/08\/BOTON14-1.jpg\" src=\"http:\/\/www.uajms.edu.bo\/posgrado\/wp-content\/uploads\/sites\/10\/2023\/08\/BOTON14-1.jpg\" alt=\"\" class=\"wp-image-6025\" srcset=\"https:\/\/www.uajms.edu.bo\/posgrado\/wp-content\/uploads\/sites\/10\/2023\/08\/BOTON14-1.jpg 397w, https:\/\/www.uajms.edu.bo\/posgrado\/wp-content\/uploads\/sites\/10\/2023\/08\/BOTON14-1-300x32.jpg 300w\" sizes=\"(max-width: 397px) 100vw, 397px\" \/><\/a><\/figure>\n\n\n\n<p><\/p>\n\n\n\n<p>Costo al <strong>contado<\/strong>: <strong>6210 Bs.<\/strong><\/p>\n\n\n\n<p>Costo al <strong>cr\u00e9dito<\/strong>:   <strong>6900 Bs<\/strong>.                  <\/p>\n\n\n\n<ul class=\"wp-block-list\">\n<li>Cuota inicial 850 Bs.<\/li>\n\n\n\n<li>11 cuotas mensuales de 550 bs.<\/li>\n<\/ul>\n\n\n\n<p>                   <\/p>\n\n\n\n<figure class=\"wp-block-image size-full\"><a href=\"http:\/\/www.uajms.edu.bo\/posgrado\/wp-content\/uploads\/sites\/10\/2023\/08\/BOTON16-1.jpg\"><img loading=\"lazy\" decoding=\"async\" width=\"397\" height=\"43\" data-attachment-id=\"6027\" data-permalink=\"https:\/\/www.uajms.edu.bo\/posgrado\/2023\/08\/21\/diplomado-en-metodologia-de-la-investigacion-cientifica\/boton16-1\/\" data-orig-file=\"https:\/\/www.uajms.edu.bo\/posgrado\/wp-content\/uploads\/sites\/10\/2023\/08\/BOTON16-1.jpg\" data-orig-size=\"397,43\" data-comments-opened=\"1\" data-image-meta=\"{&quot;aperture&quot;:&quot;0&quot;,&quot;credit&quot;:&quot;&quot;,&quot;camera&quot;:&quot;&quot;,&quot;caption&quot;:&quot;&quot;,&quot;created_timestamp&quot;:&quot;0&quot;,&quot;copyright&quot;:&quot;&quot;,&quot;focal_length&quot;:&quot;0&quot;,&quot;iso&quot;:&quot;0&quot;,&quot;shutter_speed&quot;:&quot;0&quot;,&quot;title&quot;:&quot;&quot;,&quot;orientation&quot;:&quot;1&quot;}\" data-image-title=\"BOTON16-1\" data-image-description=\"\" data-image-caption=\"\" data-medium-file=\"https:\/\/www.uajms.edu.bo\/posgrado\/wp-content\/uploads\/sites\/10\/2023\/08\/BOTON16-1-300x32.jpg\" data-large-file=\"https:\/\/www.uajms.edu.bo\/posgrado\/wp-content\/uploads\/sites\/10\/2023\/08\/BOTON16-1.jpg\" src=\"http:\/\/www.uajms.edu.bo\/posgrado\/wp-content\/uploads\/sites\/10\/2023\/08\/BOTON16-1.jpg\" alt=\"\" class=\"wp-image-6027\" srcset=\"https:\/\/www.uajms.edu.bo\/posgrado\/wp-content\/uploads\/sites\/10\/2023\/08\/BOTON16-1.jpg 397w, https:\/\/www.uajms.edu.bo\/posgrado\/wp-content\/uploads\/sites\/10\/2023\/08\/BOTON16-1-300x32.jpg 300w\" sizes=\"(max-width: 397px) 100vw, 397px\" \/><\/a><\/figure>\n\n\n\n<p><\/p>\n\n\n\n<ol class=\"wp-block-list\">\n<li>Formulario de inscripci\u00f3n al programa debidamente llenado por el postulante.<\/li>\n\n\n\n<li>Fotocopia de diploma acad\u00e9mico.<\/li>\n\n\n\n<li>Hoja de vida<\/li>\n\n\n\n<li>Fotocopia de c\u00e9dula de identidad del postulante.<\/li>\n\n\n\n<li>Fotocopia de c\u00e9dula de identidad del garante (modalidad al cr\u00e9dito).<\/li>\n\n\n\n<li>Dep\u00f3sito Bancario original por concepto de pago de matr\u00edcula de inscripci\u00f3n.\n<ul class=\"wp-block-list\">\n<li><strong>BANCO UNI\u00d3N \u2013 CUENTA CORRIENTE N\u00b0 1-6034982<\/strong><\/li>\n\n\n\n<li><strong>NIT: 1024357022<\/strong><\/li>\n<\/ul>\n<\/li>\n<\/ol>\n\n\n\n<p><\/p>\n\n\n<div class=\"wp-block-image\">\n<figure class=\"aligncenter size-full\"><a href=\"http:\/\/www.uajms.edu.bo\/posgrado\/wp-content\/uploads\/sites\/10\/2023\/08\/informacion-contacto-2.jpg\"><img loading=\"lazy\" decoding=\"async\" width=\"794\" height=\"312\" data-attachment-id=\"6003\" data-permalink=\"https:\/\/www.uajms.edu.bo\/posgrado\/2023\/08\/21\/diplomado-en-metodologia-de-la-investigacion-cientifica\/informacion-contacto-2\/\" data-orig-file=\"https:\/\/www.uajms.edu.bo\/posgrado\/wp-content\/uploads\/sites\/10\/2023\/08\/informacion-contacto-2.jpg\" data-orig-size=\"794,312\" data-comments-opened=\"1\" data-image-meta=\"{&quot;aperture&quot;:&quot;0&quot;,&quot;credit&quot;:&quot;&quot;,&quot;camera&quot;:&quot;&quot;,&quot;caption&quot;:&quot;&quot;,&quot;created_timestamp&quot;:&quot;0&quot;,&quot;copyright&quot;:&quot;&quot;,&quot;focal_length&quot;:&quot;0&quot;,&quot;iso&quot;:&quot;0&quot;,&quot;shutter_speed&quot;:&quot;0&quot;,&quot;title&quot;:&quot;&quot;,&quot;orientation&quot;:&quot;1&quot;}\" data-image-title=\"informacion-contacto-2\" data-image-description=\"\" data-image-caption=\"\" data-medium-file=\"https:\/\/www.uajms.edu.bo\/posgrado\/wp-content\/uploads\/sites\/10\/2023\/08\/informacion-contacto-2-300x118.jpg\" data-large-file=\"https:\/\/www.uajms.edu.bo\/posgrado\/wp-content\/uploads\/sites\/10\/2023\/08\/informacion-contacto-2.jpg\" src=\"http:\/\/www.uajms.edu.bo\/posgrado\/wp-content\/uploads\/sites\/10\/2023\/08\/informacion-contacto-2.jpg\" alt=\"\" class=\"wp-image-6003\" srcset=\"https:\/\/www.uajms.edu.bo\/posgrado\/wp-content\/uploads\/sites\/10\/2023\/08\/informacion-contacto-2.jpg 794w, https:\/\/www.uajms.edu.bo\/posgrado\/wp-content\/uploads\/sites\/10\/2023\/08\/informacion-contacto-2-300x118.jpg 300w, https:\/\/www.uajms.edu.bo\/posgrado\/wp-content\/uploads\/sites\/10\/2023\/08\/informacion-contacto-2-768x302.jpg 768w\" sizes=\"(max-width: 794px) 100vw, 794px\" \/><\/a><\/figure>\n<\/div>\n\n\n<div class=\"wp-block-buttons is-layout-flex wp-block-buttons-is-layout-flex\">\n<div class=\"wp-block-button has-custom-font-size has-small-font-size\"><a class=\"wp-block-button__link has-white-color has-vivid-cyan-blue-background-color has-text-color has-background wp-element-button\" href=\"https:\/\/www.uajms.edu.bo\/posgrado\/wp-content\/uploads\/sites\/10\/2022\/02\/FICHA-DE-ADMISION.pdf\" target=\"_blank\" rel=\"noreferrer noopener\">Ficha de Admisi\u00f3n<\/a><\/div>\n<\/div>\n\n\n\n<p><\/p>\n","protected":false},"excerpt":{"rendered":"<p>Formar profesionales capaces de aplicar herramientas necesarias para la gesti\u00f3n, planificaci\u00f3n y toma decisiones vinculados al medio ambiente mediante el uso de sistemas de informaci\u00f3n geogr\u00e1fica, adquiriendo habilidades y destrezas [&hellip;]<\/p>\n","protected":false},"author":118,"featured_media":0,"parent":0,"menu_order":0,"comment_status":"closed","ping_status":"closed","template":"","meta":{"jetpack_post_was_ever_published":false,"_joinchat":[],"footnotes":""},"class_list":["post-5025","page","type-page","status-publish","hentry"],"jetpack_sharing_enabled":true,"jetpack_shortlink":"https:\/\/wp.me\/P5Qmml-1j3","publishpress_future_action":{"enabled":false,"date":"2026-04-12 11:33:09","action":"change-status","newStatus":"draft","terms":[],"taxonomy":"","extraData":[]},"publishpress_future_workflow_manual_trigger":{"enabledWorkflows":[]},"_links":{"self":[{"href":"https:\/\/www.uajms.edu.bo\/posgrado\/wp-json\/wp\/v2\/pages\/5025","targetHints":{"allow":["GET"]}}],"collection":[{"href":"https:\/\/www.uajms.edu.bo\/posgrado\/wp-json\/wp\/v2\/pages"}],"about":[{"href":"https:\/\/www.uajms.edu.bo\/posgrado\/wp-json\/wp\/v2\/types\/page"}],"author":[{"embeddable":true,"href":"https:\/\/www.uajms.edu.bo\/posgrado\/wp-json\/wp\/v2\/users\/118"}],"replies":[{"embeddable":true,"href":"https:\/\/www.uajms.edu.bo\/posgrado\/wp-json\/wp\/v2\/comments?post=5025"}],"version-history":[{"count":4,"href":"https:\/\/www.uajms.edu.bo\/posgrado\/wp-json\/wp\/v2\/pages\/5025\/revisions"}],"predecessor-version":[{"id":6159,"href":"https:\/\/www.uajms.edu.bo\/posgrado\/wp-json\/wp\/v2\/pages\/5025\/revisions\/6159"}],"wp:attachment":[{"href":"https:\/\/www.uajms.edu.bo\/posgrado\/wp-json\/wp\/v2\/media?parent=5025"}],"curies":[{"name":"wp","href":"https:\/\/api.w.org\/{rel}","templated":true}]}}