

{"id":4742,"date":"2023-03-14T10:56:37","date_gmt":"2023-03-14T14:56:37","guid":{"rendered":"https:\/\/www.uajms.edu.bo\/posgrado\/?page_id=4742"},"modified":"2023-03-15T10:53:24","modified_gmt":"2023-03-15T14:53:24","slug":"analisis-estrategico-del-mercado-desde-la-optica-del-marketing","status":"publish","type":"page","link":"https:\/\/www.uajms.edu.bo\/posgrado\/analisis-estrategico-del-mercado-desde-la-optica-del-marketing\/","title":{"rendered":"AN\u00c1LISIS ESTRAT\u00c9GICO DEL MERCADO DESDE LA \u00d3PTICA DEL MARKETING"},"content":{"rendered":"\n<p><strong>PRESENTACI\u00d3N:<\/strong><\/p>\n\n\n\n<p><em>Tener una lectura clara del mercado en el que se encuentra interactuando y compitiendo una empresa, es la clave para proyectar la misma hacia el futuro, definiendo el escenario en el cual se desarrollar\u00e1n las estrategias que permitir\u00e1n delinear las ventajas que le posibilitar\u00e1n su subsistencia, relevancia y m\u00e1s importante a\u00fan, su crecimiento en el tiempo.<\/em><\/p>\n\n\n\n<p><em>El enfoque de marketing, donde la perspectiva del consumidor es el cimiento sobre el que se fundamenta la competitividad de un negocio, es la clave para analizar las condicionantes que recaer\u00e1n en una estrategia comercial y por ello es crucial no perder esta \u00f3ptica como eje transversal durante el an\u00e1lisis de la situaci\u00f3n.<\/em><\/p>\n\n\n\n<p><em>El entorno en el que se desenvuelve la empresa y el \u00e1mbito de tarea de la misma, cada uno de los componentes revisados bajo la lupa de un enfoque comercial permitir\u00e1n tener claridad al momento de definir un encuadre estrat\u00e9gico y consecuentemente un plan estrat\u00e9gico de marketing que responda imprescindiblemente a la realidad en la que est\u00e1 inmersa la empresa y contenga el ADN de la competitividad extra\u00eddo de su entorno.<\/em><\/p>\n\n\n\n<p><em>Por medio de herramientas pr\u00e1cticas de an\u00e1lisis estrat\u00e9gico, se deben concretar las directrices y abordar conclusiones que llevar\u00e1n a una empresa hacia la cercan\u00eda con el consumidor y por ende encaminarla hacia el \u00e9xito.<\/em><\/p>\n\n\n\n<p><strong>OBJETIVOS O COMPETENCIA A DESARROLLAR:<\/strong><\/p>\n\n\n\n<p><em>Analizar\u00e1 el entorno empresarial y el \u00e1mbito de tarea de un negocio teniendo siempre presente el enfoque comercial.<\/em><\/p>\n\n\n\n<p><em>Sintetizar\u00e1 las principales caracter\u00edsticas del entorno y una empresa.<\/em><\/p>\n\n\n\n<p><em>Aplicar\u00e1 herramientas de an\u00e1lisis estrat\u00e9gico del mercado.<\/em><\/p>\n\n\n\n<p><em>Plantear\u00e1 un marco estrat\u00e9gico para una empresa.<\/em><\/p>\n\n\n\n<p><em>Enfocar\u00e1 el an\u00e1lisis estrat\u00e9gico de mercado a un Plan de Marketing.<\/em><\/p>\n\n\n\n<p><strong>MODALIDAD:<\/strong><\/p>\n\n\n\n<p>Virtual<\/p>\n\n\n\n<p><strong>DURACI\u00d3N Y CARGA HORARIA:<\/strong><\/p>\n\n\n\n<p>2 semanas, <em><strong>40 horas acad\u00e9micas<\/strong> repartidas en 10 jornadas diarias de 2 horas cada una desarrolladas de lunes a viernes desde las 19.00 a las 21.00 hrs. de manera virtual.<\/em><\/p>\n\n\n\n<p>Se Otorgara Certificado de Aprobaci\u00f3n.<\/p>\n\n\n\n<p><strong>COSTOS<\/strong><\/p>\n\n\n\n<p><strong>PROFESIONALES:<\/strong>\u00a0300 Bs.<\/p>\n\n\n\n<p><strong>ESTUDIANTES<\/strong>: 100 Bs.<\/p>\n\n\n\n<p><strong>CUENTA BANCARIA: BANCO UNI\u00d3N \u2013 CUENTA CORRIENTE N\u00b0 1-6035089<\/strong><\/p>\n\n\n\n<p><strong>NIT: 1024357022<\/strong><\/p>\n\n\n\n<p><strong>DIRIGIDO A:<\/strong><\/p>\n\n\n\n<p><em>Profesionales vinculados con el quehacer empresarial y la mejora de la competitividad de un negocio. Especial para Licenciados de las \u00e1reas empresariales.<\/em><\/p>\n\n\n\n<p><strong>REQUISITOS DE ADMISI\u00d3N AL CURSO:<\/strong><\/p>\n\n\n\n<p><em>Licenciatura en cualquier \u00e1rea del conocimiento.<\/em><\/p>\n\n\n\n<p><strong>METODOLOG\u00cdA:<\/strong><\/p>\n\n\n\n<p><em>El curso se desarrollar\u00e1 con un enfoque pr\u00e1ctico que se ejecutar\u00e1 en cada clase, donde se tienen tres momentos:<\/em><\/p>\n\n\n\n<ul class=\"wp-block-list\"><li><em>Exposici\u00f3n a cargo del docente con apoyo de TICs.<\/em><\/li><li><em>Aplicaci\u00f3n de los estudiantes en base a una gu\u00eda pr\u00e1ctica que se entregar\u00e1 al inicio del m\u00f3dulo.<\/em><\/li><li><em>Revisi\u00f3n de la aplicaci\u00f3n pr\u00e1ctica de algunos casos antes de cerrar la clase.<\/em><\/li><li><em>Calificaci\u00f3n del Trabajo final de aplicaci\u00f3n.<\/em><\/li><\/ul>\n\n\n\n<p><strong>CONTENIDO DEL CURSO:<\/strong><\/p>\n\n\n\n<p><em>Tema 1: Introducci\u00f3n<\/em><\/p>\n\n\n\n<p><em>Tema 2: Macroentorno &#8211; An\u00e1lisis PESTLA.<\/em><\/p>\n\n\n\n<p><em>Tema 3: Microentorno y \u00c1mbito de Tarea &#8211; Diamante de la competitividad de Porter y AMOFHIT.<\/em><\/p>\n\n\n\n<p><em>Tema 4: Encuadres Estrat\u00e9gico Empresarial.<\/em><\/p>\n\n\n\n<p><em>Tema 5: Plan de marketing y su vinculaci\u00f3n con el Encuadre Estrat\u00e9gico.<\/em><\/p>\n\n\n\n<p><strong>EVALUACI\u00d3N DEL CURSO:<\/strong><\/p>\n\n\n<div class=\"wp-block-image\">\n<figure class=\"aligncenter size-full\"><a href=\"https:\/\/www.uajms.edu.bo\/posgrado\/wp-content\/uploads\/sites\/10\/2023\/03\/imagen-3.png\"><img fetchpriority=\"high\" decoding=\"async\" width=\"475\" height=\"177\" data-attachment-id=\"4755\" data-permalink=\"https:\/\/www.uajms.edu.bo\/posgrado\/analisis-estrategico-del-mercado-desde-la-optica-del-marketing\/imagen-3\/\" data-orig-file=\"https:\/\/www.uajms.edu.bo\/posgrado\/wp-content\/uploads\/sites\/10\/2023\/03\/imagen-3.png\" data-orig-size=\"475,177\" data-comments-opened=\"1\" data-image-meta=\"{&quot;aperture&quot;:&quot;0&quot;,&quot;credit&quot;:&quot;&quot;,&quot;camera&quot;:&quot;&quot;,&quot;caption&quot;:&quot;&quot;,&quot;created_timestamp&quot;:&quot;0&quot;,&quot;copyright&quot;:&quot;&quot;,&quot;focal_length&quot;:&quot;0&quot;,&quot;iso&quot;:&quot;0&quot;,&quot;shutter_speed&quot;:&quot;0&quot;,&quot;title&quot;:&quot;&quot;,&quot;orientation&quot;:&quot;0&quot;}\" data-image-title=\"imagen-3\" data-image-description=\"\" data-image-caption=\"\" data-medium-file=\"https:\/\/www.uajms.edu.bo\/posgrado\/wp-content\/uploads\/sites\/10\/2023\/03\/imagen-3-300x112.png\" data-large-file=\"https:\/\/www.uajms.edu.bo\/posgrado\/wp-content\/uploads\/sites\/10\/2023\/03\/imagen-3.png\" src=\"https:\/\/www.uajms.edu.bo\/posgrado\/wp-content\/uploads\/sites\/10\/2023\/03\/imagen-3.png\" alt=\"\" class=\"wp-image-4755\" srcset=\"https:\/\/www.uajms.edu.bo\/posgrado\/wp-content\/uploads\/sites\/10\/2023\/03\/imagen-3.png 475w, https:\/\/www.uajms.edu.bo\/posgrado\/wp-content\/uploads\/sites\/10\/2023\/03\/imagen-3-300x112.png 300w\" sizes=\"(max-width: 475px) 100vw, 475px\" \/><\/a><\/figure>\n<\/div>\n\n\n<p><strong>CRONOGRAMA DEL CURSO<\/strong><\/p>\n\n\n\n<p>Propuesta de cronograma (por d\u00edas o semanas).<\/p>\n\n\n<div class=\"wp-block-image\">\n<figure class=\"aligncenter size-full\"><a href=\"https:\/\/www.uajms.edu.bo\/posgrado\/wp-content\/uploads\/sites\/10\/2023\/03\/imagen-2.png\"><img decoding=\"async\" width=\"538\" height=\"191\" data-attachment-id=\"4743\" data-permalink=\"https:\/\/www.uajms.edu.bo\/posgrado\/analisis-estrategico-del-mercado-desde-la-optica-del-marketing\/imagen-2-2\/\" data-orig-file=\"https:\/\/www.uajms.edu.bo\/posgrado\/wp-content\/uploads\/sites\/10\/2023\/03\/imagen-2.png\" data-orig-size=\"538,191\" data-comments-opened=\"1\" data-image-meta=\"{&quot;aperture&quot;:&quot;0&quot;,&quot;credit&quot;:&quot;&quot;,&quot;camera&quot;:&quot;&quot;,&quot;caption&quot;:&quot;&quot;,&quot;created_timestamp&quot;:&quot;0&quot;,&quot;copyright&quot;:&quot;&quot;,&quot;focal_length&quot;:&quot;0&quot;,&quot;iso&quot;:&quot;0&quot;,&quot;shutter_speed&quot;:&quot;0&quot;,&quot;title&quot;:&quot;&quot;,&quot;orientation&quot;:&quot;0&quot;}\" data-image-title=\"imagen-2\" data-image-description=\"\" data-image-caption=\"\" data-medium-file=\"https:\/\/www.uajms.edu.bo\/posgrado\/wp-content\/uploads\/sites\/10\/2023\/03\/imagen-2-300x107.png\" data-large-file=\"https:\/\/www.uajms.edu.bo\/posgrado\/wp-content\/uploads\/sites\/10\/2023\/03\/imagen-2.png\" src=\"https:\/\/www.uajms.edu.bo\/posgrado\/wp-content\/uploads\/sites\/10\/2023\/03\/imagen-2.png\" alt=\"\" class=\"wp-image-4743\" srcset=\"https:\/\/www.uajms.edu.bo\/posgrado\/wp-content\/uploads\/sites\/10\/2023\/03\/imagen-2.png 538w, https:\/\/www.uajms.edu.bo\/posgrado\/wp-content\/uploads\/sites\/10\/2023\/03\/imagen-2-300x107.png 300w\" sizes=\"(max-width: 538px) 100vw, 538px\" \/><\/a><\/figure>\n<\/div>\n\n\n<p><strong>DOCENTE (S) DEL CURSO:<\/strong><\/p>\n\n\n\n<p><em>Jorge Mauricio Hoyos Castell\u00f3n<\/em><\/p>\n\n\n\n<p><em>Lic. Ingenier\u00eda Comercial<\/em><\/p>\n\n\n\n<p><em>Especialista en Gesti\u00f3n Vitivin\u00edcola y Planes de Marketing para la Exportaci\u00f3n.<\/em><\/p>\n\n\n\n<p><em>Master in Business Administration \u2013 MBA<\/em><\/p>\n\n\n\n<p><em>Master en Marketing \u2013 MMkt.<\/em><\/p>\n\n\n\n<p><em>Master en Control de Gesti\u00f3n \u2013 MCG<\/em><\/p>\n\n\n\n<p><em>Docente de materias relacionadas al Marketing y Gesti\u00f3n por m\u00e1s de 20 a\u00f1os tanto de Grado como en Post-Grado.<\/em><\/p>\n\n\n\n<p><em>Vasta Experiencia laboral en el \u00e1rea Comercial y en Gesti\u00f3n, EMBOL S.A. \u2013 Coca Cola, SIN, Vinos Aranjuez y Consultor\u00edas.<\/em><\/p>\n\n\n\n<p><em>Actualmente Gerente General de Vinos Aranjuez.<\/em><\/p>\n\n\n\n<p><em><strong>Oficina Central \u2013 Tarija<\/strong><\/em><\/p>\n\n\n\n<p>Direcci\u00f3n:&nbsp;<em>Calle Ingavi esq. Padilla<\/em><\/p>\n\n\n\n<p><em><strong>Contactos:<\/strong>&nbsp;68705489<\/em>&nbsp;\u2013&nbsp;<em>72988961<\/em>&nbsp;\u2013 72988960<\/p>\n\n\n\n<p><strong>SEDES:<\/strong><\/p>\n\n\n\n<p><strong>LA PAZ:<\/strong>&nbsp;Av. 20 de octubre casi esq.\/ Otero de la Vega, Torre Mollinedo piso 4,&nbsp;<strong>Celular:<\/strong>&nbsp;72985943.<\/p>\n\n\n\n<p><strong>SANTA CRUZ:<\/strong>&nbsp;Calle Velasco N\u00b0 580 casi esq.\/ Lemoine,&nbsp;<strong>Celular:<\/strong>&nbsp;72989491.<\/p>\n","protected":false},"excerpt":{"rendered":"<p>PRESENTACI\u00d3N: Tener una lectura clara del mercado en el que se encuentra interactuando y compitiendo una empresa, es la clave para proyectar la misma hacia el futuro, definiendo el escenario [&hellip;]<\/p>\n","protected":false},"author":118,"featured_media":0,"parent":0,"menu_order":0,"comment_status":"closed","ping_status":"closed","template":"","meta":{"jetpack_post_was_ever_published":false,"_joinchat":[],"footnotes":""},"class_list":["post-4742","page","type-page","status-publish","hentry"],"jetpack_sharing_enabled":true,"jetpack_shortlink":"https:\/\/wp.me\/P5Qmml-1eu","publishpress_future_action":{"enabled":false,"date":"2026-05-17 11:49:43","action":"change-status","newStatus":"draft","terms":[],"taxonomy":"","extraData":[]},"publishpress_future_workflow_manual_trigger":{"enabledWorkflows":[]},"_links":{"self":[{"href":"https:\/\/www.uajms.edu.bo\/posgrado\/wp-json\/wp\/v2\/pages\/4742","targetHints":{"allow":["GET"]}}],"collection":[{"href":"https:\/\/www.uajms.edu.bo\/posgrado\/wp-json\/wp\/v2\/pages"}],"about":[{"href":"https:\/\/www.uajms.edu.bo\/posgrado\/wp-json\/wp\/v2\/types\/page"}],"author":[{"embeddable":true,"href":"https:\/\/www.uajms.edu.bo\/posgrado\/wp-json\/wp\/v2\/users\/118"}],"replies":[{"embeddable":true,"href":"https:\/\/www.uajms.edu.bo\/posgrado\/wp-json\/wp\/v2\/comments?post=4742"}],"version-history":[{"count":4,"href":"https:\/\/www.uajms.edu.bo\/posgrado\/wp-json\/wp\/v2\/pages\/4742\/revisions"}],"predecessor-version":[{"id":4760,"href":"https:\/\/www.uajms.edu.bo\/posgrado\/wp-json\/wp\/v2\/pages\/4742\/revisions\/4760"}],"wp:attachment":[{"href":"https:\/\/www.uajms.edu.bo\/posgrado\/wp-json\/wp\/v2\/media?parent=4742"}],"curies":[{"name":"wp","href":"https:\/\/api.w.org\/{rel}","templated":true}]}}