

{"id":4718,"date":"2023-03-08T15:26:47","date_gmt":"2023-03-08T19:26:47","guid":{"rendered":"https:\/\/www.uajms.edu.bo\/posgrado\/?page_id=4718"},"modified":"2023-03-08T15:36:24","modified_gmt":"2023-03-08T19:36:24","slug":"curso-introduccion-a-la-robotica-con-arduino","status":"publish","type":"page","link":"https:\/\/www.uajms.edu.bo\/posgrado\/curso-introduccion-a-la-robotica-con-arduino\/","title":{"rendered":"CURSO INTRODUCCI\u00d3N A LA ROB\u00d3TICA CON ARDUINO."},"content":{"rendered":"\n<p><strong>MODALIDAD:<\/strong><\/p>\n\n\n\n<p>Virtual<\/p>\n\n\n\n<p><strong>DURACI\u00d3N Y HORARIOS:\u00a0\u00a0\u00a0\u00a0\u00a0\u00a0\u00a0\u00a0\u00a0<\/strong><\/p>\n\n\n\n<p>4 semanas <\/p>\n\n\n\n<p><strong>COSTOS<\/strong><\/p>\n\n\n\n<p><strong>PROFESIONALES:<\/strong>&nbsp;300 Bs.<\/p>\n\n\n\n<p><strong>ESTUDIANTES<\/strong>: 150 Bs.<\/p>\n\n\n\n<p><strong>CUENTA BANCARIA: BANCO UNI\u00d3N \u2013 CUENTA CORRIENTE N\u00b0 1-6035089<\/strong><\/p>\n\n\n\n<p><strong>DIRIGIDO A:<\/strong><\/p>\n\n\n\n<p>Profesionales, estudiantes y p\u00fablico en general interesados en aprender el mundo de la rob\u00f3tica b\u00e1sica y todas sus ventajas.<\/p>\n\n\n\n<p><strong>REQUISITOS DE ADMISI\u00d3N AL CURSO:<\/strong><\/p>\n\n\n\n<p>Manejo b\u00e1sico de computadora<\/p>\n\n\n\n<p>Conocimiento b\u00e1sico voltaje, resistencias e intensidad<\/p>\n\n\n\n<p><strong>CUPO M\u00cdNIMO Y M\u00c1XIMO DE PARTICIPANTES:<\/strong><\/p>\n\n\n\n<p>N\u00famero de participantes m\u00ednimo 20 &#8211; m\u00e1ximo 50<\/p>\n\n\n\n<p><strong>OBJETIVO GENERAL:<\/strong><\/p>\n\n\n\n<p>Brindar al estudiante los conocimientos b\u00e1sicos y necesarios para poder elaborar diferentes dise\u00f1os de circuitos controlados por programaci\u00f3n.<\/p>\n\n\n\n<p><strong>OBJETIVOS ESPEC\u00cdFICOS: &nbsp;&nbsp;<\/strong><\/p>\n\n\n\n<ul class=\"wp-block-list\"><li>Aprender las bases de la rob\u00f3tica.<\/li><li>Aprender el lenguaje de programaci\u00f3n para controlar circuitos.<\/li><li>Elaboraci\u00f3n de circuitos electr\u00f3nicos de una manera f\u00e1cil.<\/li><\/ul>\n\n\n\n<p><strong>CONTENIDO DEL CURSO:<\/strong><\/p>\n\n\n\n<p>Detalle del contenido del curso:<\/p>\n\n\n\n<p>El curso se desarrollar\u00e1 de acuerdo a los siguientes temas:<\/p>\n\n\n\n<p>Introducci\u00f3n a la rob\u00f3tica con arduino<\/p>\n\n\n\n<ul class=\"wp-block-list\"><li>\u00bfQu\u00e9 es arduino?<\/li><li>\u00bfPara qu\u00e9 sirve?<\/li><li>\u00bfC\u00f3mo funciona?<\/li><li>Partes de la tarjeta ARDUINO UNO<\/li><li>Conceptos b\u00e1sicos sobre electr\u00f3nica.<\/li><li>Resistencia, Voltaje, Corriente e Intensidad.<\/li><li>Manejo de Protoboard.<\/li><li>Manejo de mult\u00edmetro.<\/li><li>Dise\u00f1o de circuitos electr\u00f3nicos.<\/li><li>Manejo de la plataforma tinkercad<\/li><li>Manejo del entorno de programaci\u00f3n ARDUINO<\/li><\/ul>\n\n\n\n<p>Gu\u00edas pr\u00e1cticas:<\/p>\n\n\n\n<ul class=\"wp-block-list\"><li>Manejo de entradas digitales y anal\u00f3gicas<\/li><li>Comunicaci\u00f3n serial<\/li><li>Manejo de Protoboard<\/li><li>Encendido y apagado de diodos leds<\/li><li>Manejo de sensores<\/li><li>Manejo de motores<\/li><li>Proyecto final<\/li><\/ul>\n\n\n\n<p><strong>CURR\u00cdCULUM VITAE DOCENTE<\/strong><\/p>\n\n\n\n<p>Ing. Jaime Pedro Armata Gudi\u00f1o, Ingeniero en sistemas, Docente de la materia de Inteligencia Artificial UAJMS, Diplomado en Educaci\u00f3n Superior, Capacitador para competencias de Rob\u00f3tica que desarrolla el ministerio de educaci\u00f3n.<\/p>\n\n\n\n<p><em><strong>Oficina Central \u2013 Tarija<\/strong><\/em><\/p>\n\n\n\n<p>Direcci\u00f3n:&nbsp;<em>Calle Ingavi esq. Padilla<\/em><\/p>\n\n\n\n<p><em><strong>Contactos:<\/strong>&nbsp;68705489<\/em>&nbsp;\u2013&nbsp;<em>72988961<\/em>&nbsp;\u2013 72988960<\/p>\n\n\n\n<p><strong>SEDES:<\/strong><\/p>\n\n\n\n<p><strong>LA PAZ:<\/strong>&nbsp;Av. 20 de octubre casi esq.\/ Otero de la Vega, Torre Mollinedo piso 4,&nbsp;<strong>Celular:<\/strong>&nbsp;72985943.<\/p>\n\n\n\n<p><strong>SANTA CRUZ:<\/strong>&nbsp;Calle Velasco N\u00b0 580 casi esq.\/ Lemoine,&nbsp;<strong>Celular:<\/strong>&nbsp;72989491.<\/p>\n","protected":false},"excerpt":{"rendered":"<p>MODALIDAD: Virtual DURACI\u00d3N Y HORARIOS:\u00a0\u00a0\u00a0\u00a0\u00a0\u00a0\u00a0\u00a0\u00a0 4 semanas COSTOS PROFESIONALES:&nbsp;300 Bs. ESTUDIANTES: 150 Bs. CUENTA BANCARIA: BANCO UNI\u00d3N \u2013 CUENTA CORRIENTE N\u00b0 1-6035089 DIRIGIDO A: Profesionales, estudiantes y p\u00fablico en general [&hellip;]<\/p>\n","protected":false},"author":118,"featured_media":0,"parent":0,"menu_order":0,"comment_status":"closed","ping_status":"closed","template":"","meta":{"jetpack_post_was_ever_published":false,"_joinchat":[],"footnotes":""},"class_list":["post-4718","page","type-page","status-publish","hentry"],"jetpack_sharing_enabled":true,"jetpack_shortlink":"https:\/\/wp.me\/P5Qmml-1e6","publishpress_future_action":{"enabled":false,"date":"2026-04-12 09:31:19","action":"change-status","newStatus":"draft","terms":[],"taxonomy":"","extraData":[]},"publishpress_future_workflow_manual_trigger":{"enabledWorkflows":[]},"_links":{"self":[{"href":"https:\/\/www.uajms.edu.bo\/posgrado\/wp-json\/wp\/v2\/pages\/4718","targetHints":{"allow":["GET"]}}],"collection":[{"href":"https:\/\/www.uajms.edu.bo\/posgrado\/wp-json\/wp\/v2\/pages"}],"about":[{"href":"https:\/\/www.uajms.edu.bo\/posgrado\/wp-json\/wp\/v2\/types\/page"}],"author":[{"embeddable":true,"href":"https:\/\/www.uajms.edu.bo\/posgrado\/wp-json\/wp\/v2\/users\/118"}],"replies":[{"embeddable":true,"href":"https:\/\/www.uajms.edu.bo\/posgrado\/wp-json\/wp\/v2\/comments?post=4718"}],"version-history":[{"count":4,"href":"https:\/\/www.uajms.edu.bo\/posgrado\/wp-json\/wp\/v2\/pages\/4718\/revisions"}],"predecessor-version":[{"id":4730,"href":"https:\/\/www.uajms.edu.bo\/posgrado\/wp-json\/wp\/v2\/pages\/4718\/revisions\/4730"}],"wp:attachment":[{"href":"https:\/\/www.uajms.edu.bo\/posgrado\/wp-json\/wp\/v2\/media?parent=4718"}],"curies":[{"name":"wp","href":"https:\/\/api.w.org\/{rel}","templated":true}]}}