

{"id":4681,"date":"2023-02-22T17:00:11","date_gmt":"2023-02-22T21:00:11","guid":{"rendered":"https:\/\/www.uajms.edu.bo\/posgrado\/?page_id=4681"},"modified":"2023-06-28T18:40:29","modified_gmt":"2023-06-28T22:40:29","slug":"curso-excel-avanzado","status":"publish","type":"page","link":"https:\/\/www.uajms.edu.bo\/posgrado\/curso-excel-avanzado\/","title":{"rendered":"CURSO EXCEL AVANZADO"},"content":{"rendered":"\n<p><strong>MODALIDAD:<\/strong><\/p>\n\n\n\n<p>Clases multimodales sincr\u00f3nicas virtuales con plataforma virtual asincr\u00f3nica y sesiones de videoconferencia en vivo.<\/p>\n\n\n\n<p><strong>DURACI\u00d3N:<\/strong><\/p>\n\n\n\n<p>4 semanas, equivalente a 60 horas acad\u00e9micas.<\/p>\n\n\n\n<p><strong>COSTOS<\/strong><\/p>\n\n\n\n<p><strong>PROFESIONALES:<\/strong>&nbsp;300 Bs.<\/p>\n\n\n\n<p><strong>ESTUDIANTES<\/strong>: 100 Bs.<\/p>\n\n\n\n<p><strong>CUENTA BANCARIA: BANCO UNI\u00d3N \u2013 CUENTA CORRIENTE N\u00b0 1-6035089<\/strong><\/p>\n\n\n\n<div class=\"wp-block-buttons is-layout-flex wp-block-buttons-is-layout-flex\">\n<div class=\"wp-block-button is-style-fill\"><a class=\"wp-block-button__link has-white-color has-text-color\" href=\"https:\/\/sama.uajms.edu.bo\/preins\/externo\/CursosDisponiblesList.zul\"><strong><em>Formulario de Inscripci\u00f3n<\/em><\/strong><\/a><\/div>\n<\/div>\n\n\n\n<p><strong>DIRIGIDO A:<\/strong><\/p>\n\n\n\n<p>Profesionales\/Estudiantes<\/p>\n\n\n\n<p>Est\u00e1 pensado para personas que ya tienen un conocimiento intermedio de la herramienta, pero que desean dominar y automatizar tareas en Excel, para crear reportes e informes profesionales a sus trabajos en Excel.<\/p>\n\n\n\n<p><strong>REQUISITOS DE ADMISION AL CURSO:<\/strong><\/p>\n\n\n\n<p>Se debe contar con una computadora con Conexi\u00f3n a Internet, con Sonido y Micr\u00f3fono.<\/p>\n\n\n\n<p>Debes tener Microsoft Excel instalado en cualquiera de las siguientes versiones: 2013, 2016, 2019 u Office 365.<\/p>\n\n\n\n<p>El curso se dicta en ambiente Windows (Se puede tomar en MAC Apple, solo se debe tomar en cuenta que las herramientas pueden cambiar un poco la manera de llegarles y aplicarlas).<\/p>\n\n\n\n<p><strong>OBJETIVOS GENERALES:<\/strong><\/p>\n\n\n\n<p>Brindar a los alumnos las herramientas necesarias, capacit\u00e1ndolos para un eficiente manejo de Excel en nivel avanzado<\/p>\n\n\n\n<p><strong>OBJETIVOS ESPEC\u00cdFICOS: &nbsp;&nbsp;<\/strong><\/p>\n\n\n\n<p>Brindar herramientas de Excel en su versi\u00f3n 2013 en adelante, enfoc\u00e1ndonos en:<\/p>\n\n\n\n<ol class=\"wp-block-list\" type=\"i\"><li>Emplear una planilla de c\u00e1lculo para ingresar valores r\u00e1pidamente,<\/li><li>Aprovechando las nuevas funciones que le han sido a\u00f1adidas y desarrollando complejos trabajos usando una gran cantidad de recursos<\/li><li>Operar herramientas para interactuar con conjuntos de datos para analizarlos mediante tablas y gr\u00e1ficos din\u00e1micos, podremos buscar valores en listas, limpiar datos con diferentes herramientas.<\/li><\/ol>\n\n\n\n<p><strong>METODOLOGIA:<\/strong><\/p>\n\n\n\n<p>Todo el programa se realizar\u00e1 mediante el estudio de Casos Pr\u00e1cticos. Despu\u00e9s de cada m\u00f3dulo semanal se tiene una evaluaci\u00f3n.<\/p>\n\n\n\n<p>Estructura de los m\u00f3dulos:<\/p>\n\n\n\n<p>Cada m\u00f3dulo tiene una duraci\u00f3n de 1 semana de lunes a viernes. Sesiones sincr\u00f3nicas en vivo de horas 19:00 a 22:00 de lunes a viernes. Actividades asincr\u00f3nicas en plataforma virtual durante la semana los martes y jueves<\/p>\n\n\n\n<p><strong>CONTENIDO DEL CURSO:<\/strong><\/p>\n\n\n\n<p><strong>Modulo 1 Formatos avanzados<\/strong><\/p>\n\n\n\n<ul class=\"wp-block-list\"><li>Formato de Datos personalizados<\/li><li>Formato Condicional con reglas<\/li><li>Gr\u00e1ficos con formato condicional<\/li><li>Filtros avanzados<\/li><\/ul>\n\n\n\n<p><strong>Modulo 2 Funciones Avanzadas y An\u00e1lisis de Datos<\/strong><\/p>\n\n\n\n<ul class=\"wp-block-list\"><li>Funciones Matriciales<\/li><li>Funciones de Fecha<\/li><li>Funciones de Texto.<\/li><li>Funciones L\u00f3gicas<\/li><li>Funciones de B\u00fasqueda<\/li><li>Validaci\u00f3n de datos<\/li><li>An\u00e1lisis y Si<\/li><li>Esquema<\/li><\/ul>\n\n\n\n<p><strong>Modulo 3 Tablas y Gr\u00e1ficos Din\u00e1micos<\/strong><\/p>\n\n\n\n<ul class=\"wp-block-list\"><li>Limpieza de datos para formato de tabla<\/li><li>Tablas Din\u00e1micas<\/li><li>Gr\u00e1ficos Din\u00e1micos<\/li><li>Campos calculados<\/li><li>Segmentadores de datos<\/li><li>Tablero de Control (Dahsboards)<\/li><\/ul>\n\n\n\n<p><strong><em>M\u00f3dulo 4 \u2022&nbsp;&nbsp;&nbsp;&nbsp; Automatizaci\u00f3n de Tareas<\/em><\/strong><\/p>\n\n\n\n<ul class=\"wp-block-list\"><li>Complementos<ul><li>Solver<\/li><\/ul><ul><li>Power Pivot<\/li><\/ul><\/li><li>Personalizaci\u00f3n con controles<\/li><li>Introducci\u00f3n a Macros<\/li><li>Grabar Macros<\/li><li>Eliminar Macros<\/li><li>Crear bot\u00f3n de Macros<\/li><\/ul>\n\n\n\n<p><strong>Lic. Marco Antonio Lavayen Rodr\u00edguez<\/strong><\/p>\n\n\n\n<p>Economista con especialidad en Proyectos, Micro Peque\u00f1a Empresa y Microsoft Excel. Con m\u00e1s de 25 a\u00f1os en el ejercicio profesional. Ha dictado cursos de Excel a empresas de diferentes rubros. Certificado en nivel Experto en Excel versi\u00f3n 2019.<\/p>\n\n\n\n<p><em><strong>Oficina Central \u2013 Tarija<\/strong><\/em><\/p>\n\n\n\n<p>Direcci\u00f3n:&nbsp;<em>Calle Ingavi esq. Padilla<\/em><\/p>\n\n\n\n<p><em><strong>Contactos:<\/strong>&nbsp;68705489<\/em>&nbsp;\u2013&nbsp;<em>72988961<\/em>&nbsp;\u2013 72988960<\/p>\n\n\n\n<p><strong>SEDES:<\/strong><\/p>\n\n\n\n<p><strong>LA PAZ:<\/strong>&nbsp;Av. 20 de octubre casi esq.\/ Otero de la Vega, Torre Mollinedo piso 4,&nbsp;<strong>Celular:<\/strong>&nbsp;72985943.<\/p>\n\n\n\n<p><strong>SANTA CRUZ:<\/strong>&nbsp;Calle Velasco N\u00b0 580 casi esq.\/ Lemoine,&nbsp;<strong>Celular:<\/strong>&nbsp;72989491.<\/p>\n","protected":false},"excerpt":{"rendered":"<p>MODALIDAD: Clases multimodales sincr\u00f3nicas virtuales con plataforma virtual asincr\u00f3nica y sesiones de videoconferencia en vivo. DURACI\u00d3N: 4 semanas, equivalente a 60 horas acad\u00e9micas. COSTOS PROFESIONALES:&nbsp;300 Bs. ESTUDIANTES: 100 Bs. CUENTA [&hellip;]<\/p>\n","protected":false},"author":118,"featured_media":0,"parent":0,"menu_order":0,"comment_status":"closed","ping_status":"closed","template":"","meta":{"jetpack_post_was_ever_published":false,"_joinchat":[],"footnotes":""},"class_list":["post-4681","page","type-page","status-publish","hentry"],"jetpack_sharing_enabled":true,"jetpack_shortlink":"https:\/\/wp.me\/P5Qmml-1dv","publishpress_future_action":{"enabled":false,"date":"2026-04-21 01:17:23","action":"change-status","newStatus":"draft","terms":[],"taxonomy":"","extraData":[]},"publishpress_future_workflow_manual_trigger":{"enabledWorkflows":[]},"_links":{"self":[{"href":"https:\/\/www.uajms.edu.bo\/posgrado\/wp-json\/wp\/v2\/pages\/4681","targetHints":{"allow":["GET"]}}],"collection":[{"href":"https:\/\/www.uajms.edu.bo\/posgrado\/wp-json\/wp\/v2\/pages"}],"about":[{"href":"https:\/\/www.uajms.edu.bo\/posgrado\/wp-json\/wp\/v2\/types\/page"}],"author":[{"embeddable":true,"href":"https:\/\/www.uajms.edu.bo\/posgrado\/wp-json\/wp\/v2\/users\/118"}],"replies":[{"embeddable":true,"href":"https:\/\/www.uajms.edu.bo\/posgrado\/wp-json\/wp\/v2\/comments?post=4681"}],"version-history":[{"count":5,"href":"https:\/\/www.uajms.edu.bo\/posgrado\/wp-json\/wp\/v2\/pages\/4681\/revisions"}],"predecessor-version":[{"id":5520,"href":"https:\/\/www.uajms.edu.bo\/posgrado\/wp-json\/wp\/v2\/pages\/4681\/revisions\/5520"}],"wp:attachment":[{"href":"https:\/\/www.uajms.edu.bo\/posgrado\/wp-json\/wp\/v2\/media?parent=4681"}],"curies":[{"name":"wp","href":"https:\/\/api.w.org\/{rel}","templated":true}]}}