

{"id":4596,"date":"2022-11-30T15:04:26","date_gmt":"2022-11-30T19:04:26","guid":{"rendered":"https:\/\/www.uajms.edu.bo\/posgrado\/?page_id=4596"},"modified":"2022-12-06T08:06:32","modified_gmt":"2022-12-06T12:06:32","slug":"urbanizaciones-civil-3d-herramientas-parcelas-aplicado-a-diseno-de-urbanizaciones","status":"publish","type":"page","link":"https:\/\/www.uajms.edu.bo\/posgrado\/urbanizaciones-civil-3d-herramientas-parcelas-aplicado-a-diseno-de-urbanizaciones\/","title":{"rendered":"URBANIZACIONES CIVIL 3D HERRAMIENTAS PARCELAS APLICADO A DISE\u00d1O DE URBANIZACIONES"},"content":{"rendered":"\n<p><strong>MODALIDAD:<\/strong><\/p>\n\n\n\n<p>Clases multimodales sincr\u00f3nicas virtuales con plataforma virtual asincr\u00f3nica y sesiones de videoconferencia en vivo.<\/p>\n\n\n\n<p><strong>DURACI\u00d3N:<\/strong><\/p>\n\n\n\n<p>1 semanas (Lunes a viernes de hrs. 19:30 a 21:30), equivalente a 30 horas acad\u00e9micas.<\/p>\n\n\n\n<p><strong>DIRIGIDO A:<\/strong><\/p>\n\n\n\n<p>Profesionales\/Estudiantes<\/p>\n\n\n\n<p><em>Profesionales en el \u00e1rea de arquitectura, ingenier\u00eda Civil, ingenieros ambientales, top\u00f3grafos, cart\u00f3grafos, t\u00e9cnicos en construcci\u00f3n civil, estudiantes de los \u00faltimos a\u00f1os de las carreras afines e interesados en el \u00e1rea con p\u00fablico que desea ampliar sus conocimientos.<\/em><\/p>\n\n\n\n<p><strong>OBJETIVOS O COMPETENCIA A DESARROLLAR:<\/strong><\/p>\n\n\n\n<p><em>En este curso aprender\u00e1s a crear plantillas de dise\u00f1o personalizadas, presentaci\u00f3n para impresi\u00f3n de proyectos de manera m\u00e1s ordenada y eficiente, creaci\u00f3n y dise\u00f1o de loteamientos en el software especializado mas usado a nivel mundial.<\/em><\/p>\n\n\n\n<p><strong>METODOLOGIA DE ENSE\u00d1ANZA: <\/strong><\/p>\n\n\n\n<p><em>Ell curso se desarrollar\u00e1 paso a paso y de forma guiada con el docente, con cuestionarios y pr\u00e1cticas, estas se realizar\u00e1n en modalidad virtual sincr\u00f3nica, es decir en vivo con el docente mediante la Aplicaci\u00f3n Zoom.<\/em><\/p>\n\n\n\n<p><strong>COSTOS:<\/strong><\/p>\n\n\n\n<ul class=\"wp-block-list\"><li>Profesionales 250 Bs.<\/li><li>Estudiantes    150 Bs.<\/li><\/ul>\n\n\n\n<p><strong>CUENTA BANCARIA:<\/strong> BANCO UNI\u00d3N \u2013 CUENTA CORRIENTE <strong>N\u00b0 1-6035089<\/strong><\/p>\n\n\n\n<p><strong>CONTENIDO DEL CURSO:<\/strong><\/p>\n\n\n\n<p><strong><em>Presentaci\u00f3n \u2013 Introducci\u00f3n<\/em><\/strong><\/p>\n\n\n\n<p><em>Presentaci\u00f3n<\/em><\/p>\n\n\n\n<p><em>Introducci\u00f3n<\/em><\/p>\n\n\n\n<p><em>Interfaz de pantalla de civil 3D<\/em><\/p>\n\n\n\n<p><em>Consideraciones generales de parcelas<\/em><\/p>\n\n\n\n<p><em>Configuraci\u00f3n del espacio de trabajo<\/em><\/p>\n\n\n\n<p><strong><em>Creaci\u00f3n de plantilla, estilos y estilos de etiquetas<\/em><\/strong><\/p>\n\n\n\n<p><em>Creaci\u00f3n de Plantilla y configuraci\u00f3n de unidades<\/em><\/p>\n\n\n\n<p><em>Creaci\u00f3n de estilo de puntos cogo<\/em><\/p>\n\n\n\n<p><em>Creaci\u00f3n de estilo de etiqueta de puntos cogo<\/em><\/p>\n\n\n\n<p><em>Creaci\u00f3n de estilo de tabla de puntos cogo<\/em><\/p>\n\n\n\n<p><em>Creaci\u00f3n de estilo de alineaci\u00f3n y estilo de etiquetas de alineaci\u00f3n<\/em><\/p>\n\n\n\n<p><em>Creaci\u00f3n de estilos de parcelas<\/em><\/p>\n\n\n\n<p><em>Creaci\u00f3n de estilos de etiquetas de \u00e1rea<\/em><\/p>\n\n\n\n<p><strong><em>Creaci\u00f3n de estilos de tabla, emplazamiento y configuraciones de dibujo<\/em><\/strong><\/p>\n\n\n\n<p><em>Creaci\u00f3n de estilos de etiquetas en l\u00edneas<\/em><\/p>\n\n\n\n<p><em>Creaci\u00f3n de estilos de etiquetas en curvas<\/em><\/p>\n\n\n\n<p><em>Creaci\u00f3n de estilo de tabla de \u00e1reas<\/em><\/p>\n\n\n\n<p><em>Creaci\u00f3n de Emplazamientos<\/em><\/p>\n\n\n\n<p><em>Configuraci\u00f3n de dibujo (Capas)<\/em><\/p>\n\n\n\n<p><em>Configuraci\u00f3n de dibujo y comandos (Commands)<\/em><\/p>\n\n\n\n<p><em>Configuraci\u00f3n de plantilla Final<\/em><\/p>\n\n\n\n<p><strong><em>Puntos cogo &#8211; herramientas de creaci\u00f3n de parcelas<\/em><\/strong><\/p>\n\n\n\n<p><em>Creaci\u00f3n de Parcelas &#8211; Aplicaci\u00f3n de Plantilla<\/em><\/p>\n\n\n\n<p><em>Importaci\u00f3n de puntos cogo<\/em><\/p>\n\n\n\n<p><em>creaci\u00f3n de tabla de puntos<\/em><\/p>\n\n\n\n<p><em>Uso de herramientas de AutoCAD para dise\u00f1o de urbanizaciones<\/em><\/p>\n\n\n\n<p><em>Creaci\u00f3n de Parcelas desde objetos<\/em><\/p>\n\n\n\n<p><em>Edici\u00f3n de geometr\u00eda (Edit Geometry)<\/em><\/p>\n\n\n\n<p><em>Creaci\u00f3n de Parcelas por herramientas de composici\u00f3n<\/em><\/p>\n\n\n\n<p><em>Herramientas de subdivisi\u00f3n de parcelas<\/em><\/p>\n\n\n\n<p><em>&#8211; Subdivisi\u00f3n de parcelas por l\u00ednea libre<\/em><\/p>\n\n\n\n<p><em>&#8211; Subdivisi\u00f3n de parcelas por l\u00ednea de deslizamiento<\/em><\/p>\n\n\n\n<p><em>&#8211; Subdivisi\u00f3n de parcelas por l\u00ednea de rotaci\u00f3n<\/em><\/p>\n\n\n\n<p><strong><em>Herramientas de modificacion de parcelas<\/em><\/strong><\/p>\n\n\n\n<p><em>Edici\u00f3n y modificaci\u00f3n en subdivisi\u00f3n de parcelas<\/em><\/p>\n\n\n\n<p><em>Renumeraci\u00f3n de parcelas<\/em><\/p>\n\n\n\n<p><em>Creaci\u00f3n de puntos para replanteo<\/em><\/p>\n\n\n\n<p><em>Creaci\u00f3n de reportes de puntos y \u00e1reas de parcelas<\/em><\/p>\n\n\n\n<p><em>Hojas de presentaci\u00f3n (Layout)<\/em><\/p>\n\n\n\n<p><em>Creaci\u00f3n de servidumbre de paso<\/em><\/p>\n\n\n\n<p><strong>CURRICULUM VITAE DOCENTE<\/strong><\/p>\n\n\n\n<p><em>Teodoro Alizares Gonzales \u2013 Autocad Civil 3D Certified Professional<\/em><\/p>\n\n\n\n<p><em>Fecha de Nacimiento: 3 julio 1985 \u2013 CI: 6640015 PT \u2013 BOLIVIANO TEL: 72719841<\/em><\/p>\n\n\n\n<p><em>Email: <\/em><a href=\"mailto:alizaresg@gmail.com\"><em>alizaresg@gmail.com<\/em><\/a><em><\/em><\/p>\n\n\n\n<p><em>T\u00e9cnico Superior en Topograf\u00eda y Planeamiento Territorial \u2013 Instituto Boliviano de Estudios Municipales \u2013 Universidad Cat\u00f3lica Boliviana<\/em><\/p>\n\n\n\n<p><em>Top\u00f3grafo en distintos municipios para proyectos nacionales con experiencia en riego, carreteras, movimiento de tierras, explanadas.<\/em><\/p>\n\n\n\n<p><em>Dominio del \u00e1rea desde el programa Land Desktop el a\u00f1o 2007, para evolucionar al programa n\u00famero uno a nivel mundial Autocad Civil 3D 2012, cadista den Autodesk Civil 3D \u2013 Infraworks<\/em><\/p>\n\n\n\n<p><em>Manejo y operaci\u00f3n de programas para Ingenier\u00eda, Arquitectura, Topograf\u00eda, Cartograf\u00eda de vanguardia como Civil 3D, Autocad Map 3D, Infraworks, ReCap, 3Ds Max, Agisoft, Metashape Professional, Global Mapper, Google Earth, etc.<\/em><\/p>\n\n\n\n<p><em><strong>Oficina Central-Tarija<\/strong><\/em><\/p>\n\n\n\n<p><em>Calle Ingavi esq. Padilla<\/em><\/p>\n\n\n\n<p><em><strong>Contactos:<\/strong>&nbsp;72988960-68705489<\/em><\/p>\n\n\n\n<p><strong>SEDES:<\/strong><\/p>\n\n\n\n<p><strong>LA PAZ:<\/strong>&nbsp;Av. 20 de octubre casi esq.\/ Otero de la Vega, Torre Mollinedo piso 4,&nbsp;<strong>Celular:<\/strong>&nbsp;72985943.<\/p>\n\n\n\n<p><strong>SANTA CRUZ:<\/strong>&nbsp;Calle Velasco N\u00b0 580 casi esq.\/ Lemoine,&nbsp;<strong>Celular:<\/strong>&nbsp;72989491.<\/p>\n\n\n\n<p><strong>YACUIBA:<\/strong>&nbsp;Calle Jacinto Delfin entre Comercio y Santa Cruz,&nbsp;<strong>Celular:&nbsp;<\/strong>72985132<\/p>\n","protected":false},"excerpt":{"rendered":"<p>MODALIDAD: Clases multimodales sincr\u00f3nicas virtuales con plataforma virtual asincr\u00f3nica y sesiones de videoconferencia en vivo. DURACI\u00d3N: 1 semanas (Lunes a viernes de hrs. 19:30 a 21:30), equivalente a 30 horas [&hellip;]<\/p>\n","protected":false},"author":118,"featured_media":0,"parent":0,"menu_order":0,"comment_status":"closed","ping_status":"closed","template":"","meta":{"jetpack_post_was_ever_published":false,"_joinchat":[],"footnotes":""},"class_list":["post-4596","page","type-page","status-publish","hentry"],"jetpack_sharing_enabled":true,"jetpack_shortlink":"https:\/\/wp.me\/P5Qmml-1c8","publishpress_future_action":{"enabled":false,"date":"2026-05-03 12:35:29","action":"change-status","newStatus":"draft","terms":[],"taxonomy":"","extraData":[]},"publishpress_future_workflow_manual_trigger":{"enabledWorkflows":[]},"_links":{"self":[{"href":"https:\/\/www.uajms.edu.bo\/posgrado\/wp-json\/wp\/v2\/pages\/4596","targetHints":{"allow":["GET"]}}],"collection":[{"href":"https:\/\/www.uajms.edu.bo\/posgrado\/wp-json\/wp\/v2\/pages"}],"about":[{"href":"https:\/\/www.uajms.edu.bo\/posgrado\/wp-json\/wp\/v2\/types\/page"}],"author":[{"embeddable":true,"href":"https:\/\/www.uajms.edu.bo\/posgrado\/wp-json\/wp\/v2\/users\/118"}],"replies":[{"embeddable":true,"href":"https:\/\/www.uajms.edu.bo\/posgrado\/wp-json\/wp\/v2\/comments?post=4596"}],"version-history":[{"count":5,"href":"https:\/\/www.uajms.edu.bo\/posgrado\/wp-json\/wp\/v2\/pages\/4596\/revisions"}],"predecessor-version":[{"id":4622,"href":"https:\/\/www.uajms.edu.bo\/posgrado\/wp-json\/wp\/v2\/pages\/4596\/revisions\/4622"}],"wp:attachment":[{"href":"https:\/\/www.uajms.edu.bo\/posgrado\/wp-json\/wp\/v2\/media?parent=4596"}],"curies":[{"name":"wp","href":"https:\/\/api.w.org\/{rel}","templated":true}]}}