

{"id":4529,"date":"2022-11-11T13:25:22","date_gmt":"2022-11-11T17:25:22","guid":{"rendered":"https:\/\/www.uajms.edu.bo\/posgrado\/?page_id=4529"},"modified":"2022-11-11T13:25:24","modified_gmt":"2022-11-11T17:25:24","slug":"redaccion-para-investigadores-normas-de-estilo-apa-y-vancouver","status":"publish","type":"page","link":"https:\/\/www.uajms.edu.bo\/posgrado\/redaccion-para-investigadores-normas-de-estilo-apa-y-vancouver\/","title":{"rendered":"\u00abRedacci\u00f3n para investigadores.                    NORMAS DE ESTILO APA Y VANCOUVER\u00bb"},"content":{"rendered":"\n<p><strong>MODALIDAD:<\/strong><\/p>\n\n\n\n<p>Virtual<\/p>\n\n\n\n<p><strong>REQUISITOS DE ADMISION AL CURSO:<\/strong><\/p>\n\n\n\n<p>Conocimientos b\u00e1sicos de Windows y Word.<br>Contar con Pc y conexi\u00f3n a Internet o celular.<br>Contar con Zoom.<\/p>\n\n\n\n<p><strong>DURACI\u00d3N<\/strong><\/p>\n\n\n\n<p>Conocimientos b\u00e1sicos de Windows y Word.<br>Contar con Pc y conexi\u00f3n a Internet o celular.<br>Contar con Zoom.<\/p>\n\n\n\n<p><strong>COSTOS:<\/strong><\/p>\n\n\n\n<ul class=\"wp-block-list\"><li>Profesionales  200 Bs.<\/li><li>Estudiantes     100 Bs.<\/li><\/ul>\n\n\n\n<p>     <strong>CUENTA BANCARIA: BANCO UNI\u00d3N &#8211; CUENTA CORRIENTE N\u00b0 1-6035089<\/strong><\/p>\n\n\n\n<p><strong>METODOLOG\u00cdA<\/strong><\/p>\n\n\n\n<p>Metodolog\u00eda activo \u2013 participativa.<br>Con ejercicios pr\u00e1cticos de aplicaci\u00f3n.<br>Ejercicios para trabajar fuera de clase.<\/p>\n\n\n\n<p><strong>EVALUACI\u00d3N<\/strong><em> <\/em><strong>DEL CURSO<\/strong><em>:<\/em><\/p>\n\n\n\n<p>Participaci\u00f3n oral en grupo. Realizaci\u00f3n de diagn\u00f3sticos y notas en taller. <strong><\/strong><\/p>\n\n\n\n<p><strong>CONTENIDO DEL CURSO:<\/strong><\/p>\n\n\n\n<p>Introducci\u00f3n. C\u00f3mo surgieron las normas APA y Vancouver. Claves para no pelear<br>con el formato APA.<br>Niveles de t\u00edtulo en los diferentes estilos<br>Aspectos b\u00e1sicos del estilo de Tablas y Figuras<\/p>\n\n\n\n<ul class=\"wp-block-list\"><li>Presentaci\u00f3n del programa Formato de tablas y figuras de acuerdo a las normas<br>Lista de revisi\u00f3n interactiva para las tablas y figuras<\/li><li>Plantilla gratuita para trabajar en Word y poner a prueba tus conocimientos sobre<br>el formato estilo APA<\/li><li>Aspectos pr\u00e1cticos de estilo: puntuaci\u00f3n, may\u00fasculas, cursivas, abreviaturas,<br>n\u00fameros, concordancia.<\/li><li>La indagaci\u00f3n bibliogr\u00e1fica. Clasificaci\u00f3n de fuentes bibliogr\u00e1ficas y criterios de<br>relevancia.<\/li><li>Formatos de Documentos (interlineado, m\u00e1rgenes, puntuaci\u00f3n)<\/li><li>Citas. Prop\u00f3sito de las citas de acuerdo a cada norma de estilo.<\/li><li> Formatos de citaciones estilo APA y Vancouver<\/li><li>Situaciones particulares o poco comunes de las citas<\/li><li>Parafraseos efectivos dentro de las normas<\/li><li>Referencia como experto(a).<\/li><li>Elementos b\u00e1sicos (7\u1d43 ed.)<\/li><li>Ejemplos de referencias frecuentes en la academia<\/li><li>Ejemplos de referencias electr\u00f3nicas y audiovisuales<\/li><li>Ejemplos de referencias legales<\/li><li>Plagio y autoplagio<\/li><\/ul>\n\n\n\n<p><strong>DOCENTE (S) DEL CURSO:<\/strong><\/p>\n\n\n\n<p>DATOS PERSONALES<br>Nombre y Apellidos: Maria Antonieta Jord\u00e1n Funk<br>FORMACION ACAD\u00c9MICA<br>Universitarios: Universidad Mayor Real y Pontificia de San Francisco Xavier de<br>Chuquisaca. Economista<br>Superiores : Universidad Nacional de Educaci\u00f3n a Distancia<br>(Madrid \u2013 Espa\u00f1a) 2 Diplomados en Educaci\u00f3n Superior<br>GRECO \u2013 Universidad Aut\u00f3noma Tom\u00e1s Fr\u00edas (Direcci\u00f3n de Post<br>Grado). Master en Auditor\u00eda de Gesti\u00f3n y Finanzas<br>CURSOS Y SEMINARIOS<br>1998 U. A.R. P.S.F.X.CH. : Investigaci\u00f3n Cient\u00edfica.<br>2000 U. A.R. P.S.F.X.CH. : Crisis Econ\u00f3mica \u2013 Social, Recesi\u00f3n y<br>alternativas.<br>2001 O.I.T. : Gesti\u00f3n T\u00e9cnica y Social de Mantenimiento<br>Rutinario de Caminos con Microempresas.<br>2008 Proexcelencia : C\u00e1lculo de Aguinaldos, Finalizaci\u00f3n de la<br>Relaci\u00f3n Laboral y Liquidaci\u00f3n de Beneficios<br>Sociales.<br>2009 C.C.I. : Estados Financieros.<br>2009 CEMLA : Mental\u00edstica Financiera<\/p>\n\n\n\n<p>2010 CEMLA\/CEEDE : Inteligencia Financiera, Finanzas Personales.<br>2016 C\u00e1mara de Diputados : Seminario Taller, Ley N\u00b0263 Contra la Trata y<br>Tr\u00e1fico de Personas.<br>2017 Comit\u00e9 Departamental de Valores Ciudadanos:<br>Primer Foro de Valores<br>2018 Univ. Juan Misael Saracho \u2013 Facultad de Derecho:<br>Los valores hacen L\u00edderes &#8211; Pueblos maduros no<br>necesitan L\u00edderes<br>2018 Gobernaci\u00f3n del Departamento de Tarija:<br>Prevenci\u00f3n de la Violencia a partir del Fortalecimiento<br>del Liderazgo Juvenil<br>2021 UNIFRANZ II Foro Internacional de Educaci\u00f3n Superior \u2013<br>Virtual: Desaf\u00edos de la Educaci\u00f3n en la Era<br>Digita<\/p>\n","protected":false},"excerpt":{"rendered":"<p>MODALIDAD: Virtual REQUISITOS DE ADMISION AL CURSO: Conocimientos b\u00e1sicos de Windows y Word.Contar con Pc y conexi\u00f3n a Internet o celular.Contar con Zoom. DURACI\u00d3N Conocimientos b\u00e1sicos de Windows y Word.Contar [&hellip;]<\/p>\n","protected":false},"author":118,"featured_media":0,"parent":0,"menu_order":0,"comment_status":"closed","ping_status":"closed","template":"","meta":{"jetpack_post_was_ever_published":false,"_joinchat":[],"footnotes":""},"class_list":["post-4529","page","type-page","status-publish","hentry"],"jetpack_sharing_enabled":true,"jetpack_shortlink":"https:\/\/wp.me\/P5Qmml-1b3","publishpress_future_action":{"enabled":false,"date":"2026-04-17 10:10:51","action":"change-status","newStatus":"draft","terms":[],"taxonomy":"","extraData":[]},"publishpress_future_workflow_manual_trigger":{"enabledWorkflows":[]},"_links":{"self":[{"href":"https:\/\/www.uajms.edu.bo\/posgrado\/wp-json\/wp\/v2\/pages\/4529","targetHints":{"allow":["GET"]}}],"collection":[{"href":"https:\/\/www.uajms.edu.bo\/posgrado\/wp-json\/wp\/v2\/pages"}],"about":[{"href":"https:\/\/www.uajms.edu.bo\/posgrado\/wp-json\/wp\/v2\/types\/page"}],"author":[{"embeddable":true,"href":"https:\/\/www.uajms.edu.bo\/posgrado\/wp-json\/wp\/v2\/users\/118"}],"replies":[{"embeddable":true,"href":"https:\/\/www.uajms.edu.bo\/posgrado\/wp-json\/wp\/v2\/comments?post=4529"}],"version-history":[{"count":2,"href":"https:\/\/www.uajms.edu.bo\/posgrado\/wp-json\/wp\/v2\/pages\/4529\/revisions"}],"predecessor-version":[{"id":4531,"href":"https:\/\/www.uajms.edu.bo\/posgrado\/wp-json\/wp\/v2\/pages\/4529\/revisions\/4531"}],"wp:attachment":[{"href":"https:\/\/www.uajms.edu.bo\/posgrado\/wp-json\/wp\/v2\/media?parent=4529"}],"curies":[{"name":"wp","href":"https:\/\/api.w.org\/{rel}","templated":true}]}}