

{"id":4394,"date":"2022-10-03T21:11:20","date_gmt":"2022-10-04T01:11:20","guid":{"rendered":"https:\/\/www.uajms.edu.bo\/posgrado\/?page_id=4394"},"modified":"2022-10-03T21:12:34","modified_gmt":"2022-10-04T01:12:34","slug":"curso-nacional-codigo-de-seguridad-social-y-ley-1152-del-sistema-universal-de-salud-s-u-s","status":"publish","type":"page","link":"https:\/\/www.uajms.edu.bo\/posgrado\/curso-nacional-codigo-de-seguridad-social-y-ley-1152-del-sistema-universal-de-salud-s-u-s\/","title":{"rendered":"CURSO NACIONAL CODIGO DE SEGURIDAD SOCIAL Y LEY\u00a0 1152 DEL SISTEMA UNIVERSAL DE SALUD (S.U.S.)"},"content":{"rendered":"\n<p><strong>MODALIDAD:<\/strong><\/p>\n\n\n\n<p>VIRTUAL<\/p>\n\n\n\n<p><strong>DURACI\u00d3N:&nbsp;&nbsp;&nbsp;&nbsp;&nbsp;&nbsp;&nbsp;&nbsp;&nbsp;<\/strong><\/p>\n\n\n\n<p>FECHA: 5 AL 7 DE OCTUBRE 2022.<\/p>\n\n\n\n<p><strong>DIRIGIDO A:<\/strong><\/p>\n\n\n\n<p><em>Personal de salud, abogados, estudiantes y p\u00fablico interesado<\/em><\/p>\n\n\n\n<p><strong>COSTO:<\/strong><\/p>\n\n\n\n<p>PROFESIONALES 80 Bs.<\/p>\n\n\n\n<p>ESTUDIANTES\u00a0 \u00a0\u00a0\u00a030 Bs.<\/p>\n\n\n\n<p><strong>CARGA HORARIA:<\/strong><\/p>\n\n\n\n<p>160 HORAS ACADEMICAS<\/p>\n\n\n\n<p><strong>DIRIGIDO A:<\/strong><\/p>\n\n\n\n<p>Profesionales y Estudiantes<\/p>\n\n\n\n<p><strong>CONTENIDO DEL CURSO:<\/strong><\/p>\n\n\n\n<ul class=\"wp-block-list\"><li>ANTECEDENTES DE LA SEGURIDAD SOCIAL<\/li><li>SEGURIDAD SOCIAL \u2013 DERECHO DE LA SEGURIDAD SOCIAL<\/li><li>SEGURIDAD SOCIAL EN BOLIVIA<\/li><li>DESARROLLO NORMATIVO DE LA SEGURIDAD SOCIAL<\/li><li>LA CONSTITUCI\u00d3N POL\u00cdTICA DEL ESTADO<\/li><li>DERECHO A LA SEGURIDAD SOCIAL<\/li><li>PRINCIPIOS DE LA SEGURIDAD SOCIAL<\/li><\/ul>\n\n\n\n<ul class=\"wp-block-list\"><li>EL C\u00d3DIGO DE SEGURIDAD SOCIAL Y SUS MODIFICACIONES<\/li><li>EL C\u00d3DIGO DE SEGURIDAD SOCIAL<\/li><li>CONTENIDO DEL C\u00d3DIGO DE SEGURIDAD SOCIAL.<\/li><li>PRINCIPALES MODIFICACIONES AL C\u00d3DIGO Y REGLAMENTO DE LA SEGURIDAD SOCIAL<\/li><li>REGIMEN DEL SEGURO SOCIAL A CORTO PLAZO<\/li><li>PRESTACIONES EN EL R\u00c9GIMEN DE SEGURIDAD SOCIAL A CORTO PLAZO<\/li><\/ul>\n\n\n\n<ul class=\"wp-block-list\"><li>SISTEMA P\u00daBLICO DE SALUD Y LEY 1152<\/li><li>DERECHO CONSTITUCIONAL A LA SALUD<\/li><li>SISTEMA NACIONAL DE SALUD EN BOLIVIA<\/li><li>NIVELES DE ATENCI\u00d3N EN EL SISTEMA DE SALUD P\u00daBLICA<\/li><li>EL SISTEMA \u00daNICO DE SALUD<\/li><li>CONDICI\u00d3N PARA ACCEDER AL SUS<\/li><li>FINANCIAMIENTO<\/li><li>ATENCI\u00d3N DE AFILIADOS DE LOS ENTES GESTORES EN ESTABLECIMIENTOS DE SALUD P\u00daBLICOS Y D\u00c9BITO AUTOM\u00c1TICO<\/li><\/ul>\n\n\n\n<p><strong>DOCENTES:<\/strong><\/p>\n\n\n\n<p><em>JAVIER VILASECA VELASCO<\/em><\/p>\n\n\n\n<p><em>ABOGADO Y ASESOR JURIDICO EXTERNO DOCENTE DE DERECHO DE LA SEGURIDAD SOCIAL EN LA UNIVERSIDAD PUBLICA DEL ALTO<\/em><\/p>\n\n\n\n<p>&nbsp;&nbsp;&nbsp;&nbsp;&nbsp;&nbsp;&nbsp;&nbsp;&nbsp;&nbsp;&nbsp;<\/p>\n","protected":false},"excerpt":{"rendered":"<p>MODALIDAD: VIRTUAL DURACI\u00d3N:&nbsp;&nbsp;&nbsp;&nbsp;&nbsp;&nbsp;&nbsp;&nbsp;&nbsp; FECHA: 5 AL 7 DE OCTUBRE 2022. DIRIGIDO A: Personal de salud, abogados, estudiantes y p\u00fablico interesado COSTO: PROFESIONALES 80 Bs. ESTUDIANTES\u00a0 \u00a0\u00a0\u00a030 Bs. CARGA HORARIA: 160 [&hellip;]<\/p>\n","protected":false},"author":118,"featured_media":0,"parent":0,"menu_order":0,"comment_status":"closed","ping_status":"closed","template":"","meta":{"jetpack_post_was_ever_published":false,"_joinchat":[],"footnotes":""},"class_list":["post-4394","page","type-page","status-publish","hentry"],"jetpack_sharing_enabled":true,"jetpack_shortlink":"https:\/\/wp.me\/P5Qmml-18S","publishpress_future_action":{"enabled":false,"date":"2026-04-12 04:17:15","action":"change-status","newStatus":"draft","terms":[],"taxonomy":"","extraData":[]},"publishpress_future_workflow_manual_trigger":{"enabledWorkflows":[]},"_links":{"self":[{"href":"https:\/\/www.uajms.edu.bo\/posgrado\/wp-json\/wp\/v2\/pages\/4394","targetHints":{"allow":["GET"]}}],"collection":[{"href":"https:\/\/www.uajms.edu.bo\/posgrado\/wp-json\/wp\/v2\/pages"}],"about":[{"href":"https:\/\/www.uajms.edu.bo\/posgrado\/wp-json\/wp\/v2\/types\/page"}],"author":[{"embeddable":true,"href":"https:\/\/www.uajms.edu.bo\/posgrado\/wp-json\/wp\/v2\/users\/118"}],"replies":[{"embeddable":true,"href":"https:\/\/www.uajms.edu.bo\/posgrado\/wp-json\/wp\/v2\/comments?post=4394"}],"version-history":[{"count":4,"href":"https:\/\/www.uajms.edu.bo\/posgrado\/wp-json\/wp\/v2\/pages\/4394\/revisions"}],"predecessor-version":[{"id":4398,"href":"https:\/\/www.uajms.edu.bo\/posgrado\/wp-json\/wp\/v2\/pages\/4394\/revisions\/4398"}],"wp:attachment":[{"href":"https:\/\/www.uajms.edu.bo\/posgrado\/wp-json\/wp\/v2\/media?parent=4394"}],"curies":[{"name":"wp","href":"https:\/\/api.w.org\/{rel}","templated":true}]}}