

{"id":4351,"date":"2022-09-28T15:37:00","date_gmt":"2022-09-28T19:37:00","guid":{"rendered":"https:\/\/www.uajms.edu.bo\/posgrado\/?page_id=4351"},"modified":"2024-03-05T15:51:01","modified_gmt":"2024-03-05T19:51:01","slug":"maestria-en-odontopediatria-version-ii","status":"publish","type":"page","link":"https:\/\/www.uajms.edu.bo\/posgrado\/maestria-en-odontopediatria-version-ii\/","title":{"rendered":"MAESTR\u00cdA EN ODONTOPEDIATR\u00cdA"},"content":{"rendered":"\n<figure class=\"wp-block-image size-full\"><a href=\"http:\/\/www.uajms.edu.bo\/posgrado\/wp-content\/uploads\/sites\/10\/2023\/05\/BOTON19.jpg\"><img decoding=\"async\" width=\"397\" height=\"43\" data-attachment-id=\"6060\" data-permalink=\"https:\/\/www.uajms.edu.bo\/posgrado\/2023\/05\/31\/atencion-integral-de-emergencias-en-enfermeria\/boton19\/\" data-orig-file=\"https:\/\/www.uajms.edu.bo\/posgrado\/wp-content\/uploads\/sites\/10\/2023\/05\/BOTON19.jpg\" data-orig-size=\"397,43\" data-comments-opened=\"1\" data-image-meta=\"{&quot;aperture&quot;:&quot;0&quot;,&quot;credit&quot;:&quot;&quot;,&quot;camera&quot;:&quot;&quot;,&quot;caption&quot;:&quot;&quot;,&quot;created_timestamp&quot;:&quot;0&quot;,&quot;copyright&quot;:&quot;&quot;,&quot;focal_length&quot;:&quot;0&quot;,&quot;iso&quot;:&quot;0&quot;,&quot;shutter_speed&quot;:&quot;0&quot;,&quot;title&quot;:&quot;&quot;,&quot;orientation&quot;:&quot;1&quot;}\" data-image-title=\"BOTON19\" data-image-description=\"\" data-image-caption=\"\" data-medium-file=\"https:\/\/www.uajms.edu.bo\/posgrado\/wp-content\/uploads\/sites\/10\/2023\/05\/BOTON19-300x32.jpg\" data-large-file=\"https:\/\/www.uajms.edu.bo\/posgrado\/wp-content\/uploads\/sites\/10\/2023\/05\/BOTON19.jpg\" src=\"http:\/\/www.uajms.edu.bo\/posgrado\/wp-content\/uploads\/sites\/10\/2023\/05\/BOTON19.jpg\" alt=\"\" class=\"wp-image-6060\" srcset=\"https:\/\/www.uajms.edu.bo\/posgrado\/wp-content\/uploads\/sites\/10\/2023\/05\/BOTON19.jpg 397w, https:\/\/www.uajms.edu.bo\/posgrado\/wp-content\/uploads\/sites\/10\/2023\/05\/BOTON19-300x32.jpg 300w\" sizes=\"(max-width: 397px) 100vw, 397px\" \/><\/a><\/figure>\n\n\n\n<p><\/p>\n\n\n\n<p class=\"has-text-align-justify\">A diferencia del paciente adulto, el paciente odontopedi\u00e1trico requiere para su asistencia cl\u00ednica un mayor grado de preparaci\u00f3n por parte del Odont\u00f3logo que lo asiste.<br>Es por ello que la formaci\u00f3n odontopedi\u00e1trica especializada, a diferencia de otras \u00e1reas, organiza su actuaci\u00f3n en torno a un \u201cModelo\u201d que permite la transmisi\u00f3n de conocimientos y el desarrollo de una conducta orientada a la conservaci\u00f3n de la salud del individuo, el colectivo y la sociedad, considerando las caracter\u00edsticas evolutivas biol\u00f3gicas y psicol\u00f3gicas de los ni\u00f1os, planificadas y llevadas a cabo, si el caso lo amerita, con el apoyo y asesoramiento de un equipo de profesionales.<\/p>\n\n\n\n<p><\/p>\n\n\n\n<figure class=\"wp-block-image size-full\"><a href=\"http:\/\/www.uajms.edu.bo\/posgrado\/wp-content\/uploads\/sites\/10\/2023\/08\/BOTON11-5.jpg\"><img decoding=\"async\" width=\"397\" height=\"43\" data-attachment-id=\"6021\" data-permalink=\"https:\/\/www.uajms.edu.bo\/posgrado\/2023\/08\/21\/diplomado-en-metodologia-de-la-investigacion-cientifica\/boton11-5\/\" data-orig-file=\"https:\/\/www.uajms.edu.bo\/posgrado\/wp-content\/uploads\/sites\/10\/2023\/08\/BOTON11-5.jpg\" data-orig-size=\"397,43\" data-comments-opened=\"1\" data-image-meta=\"{&quot;aperture&quot;:&quot;0&quot;,&quot;credit&quot;:&quot;&quot;,&quot;camera&quot;:&quot;&quot;,&quot;caption&quot;:&quot;&quot;,&quot;created_timestamp&quot;:&quot;0&quot;,&quot;copyright&quot;:&quot;&quot;,&quot;focal_length&quot;:&quot;0&quot;,&quot;iso&quot;:&quot;0&quot;,&quot;shutter_speed&quot;:&quot;0&quot;,&quot;title&quot;:&quot;&quot;,&quot;orientation&quot;:&quot;1&quot;}\" data-image-title=\"BOTON11-5\" data-image-description=\"\" data-image-caption=\"\" data-medium-file=\"https:\/\/www.uajms.edu.bo\/posgrado\/wp-content\/uploads\/sites\/10\/2023\/08\/BOTON11-5-300x32.jpg\" data-large-file=\"https:\/\/www.uajms.edu.bo\/posgrado\/wp-content\/uploads\/sites\/10\/2023\/08\/BOTON11-5.jpg\" src=\"http:\/\/www.uajms.edu.bo\/posgrado\/wp-content\/uploads\/sites\/10\/2023\/08\/BOTON11-5.jpg\" alt=\"\" class=\"wp-image-6021\" srcset=\"https:\/\/www.uajms.edu.bo\/posgrado\/wp-content\/uploads\/sites\/10\/2023\/08\/BOTON11-5.jpg 397w, https:\/\/www.uajms.edu.bo\/posgrado\/wp-content\/uploads\/sites\/10\/2023\/08\/BOTON11-5-300x32.jpg 300w\" sizes=\"(max-width: 397px) 100vw, 397px\" \/><\/a><\/figure>\n\n\n\n<p><\/p>\n\n\n\n<p class=\"has-text-align-justify\">Formar Mag\u00edsteres en Odontopediatr\u00eda con las competencias que les permitan, de manera inter y multidisciplinaria, planificar, organizar, desarrollar y evaluar planes y programas de salud, as\u00ed como protocolos cl\u00ednico-asistenciales preventivos e interventivos orientados a la rehabilitaci\u00f3n de pacientes pedi\u00e1tricos conducentes a mejorar en ellos su estado de salud general y elevar su calidad&nbsp;de&nbsp;vida.<\/p>\n\n\n\n<p><\/p>\n\n\n\n<figure class=\"wp-block-image size-full\"><a href=\"http:\/\/www.uajms.edu.bo\/posgrado\/wp-content\/uploads\/sites\/10\/2023\/08\/BOTON12-1.jpg\"><img decoding=\"async\" width=\"397\" height=\"43\" data-attachment-id=\"6023\" data-permalink=\"https:\/\/www.uajms.edu.bo\/posgrado\/2023\/08\/21\/diplomado-en-metodologia-de-la-investigacion-cientifica\/boton12-1\/\" data-orig-file=\"https:\/\/www.uajms.edu.bo\/posgrado\/wp-content\/uploads\/sites\/10\/2023\/08\/BOTON12-1.jpg\" data-orig-size=\"397,43\" data-comments-opened=\"1\" data-image-meta=\"{&quot;aperture&quot;:&quot;0&quot;,&quot;credit&quot;:&quot;&quot;,&quot;camera&quot;:&quot;&quot;,&quot;caption&quot;:&quot;&quot;,&quot;created_timestamp&quot;:&quot;0&quot;,&quot;copyright&quot;:&quot;&quot;,&quot;focal_length&quot;:&quot;0&quot;,&quot;iso&quot;:&quot;0&quot;,&quot;shutter_speed&quot;:&quot;0&quot;,&quot;title&quot;:&quot;&quot;,&quot;orientation&quot;:&quot;1&quot;}\" data-image-title=\"BOTON12-1\" data-image-description=\"\" data-image-caption=\"\" data-medium-file=\"https:\/\/www.uajms.edu.bo\/posgrado\/wp-content\/uploads\/sites\/10\/2023\/08\/BOTON12-1-300x32.jpg\" data-large-file=\"https:\/\/www.uajms.edu.bo\/posgrado\/wp-content\/uploads\/sites\/10\/2023\/08\/BOTON12-1.jpg\" src=\"http:\/\/www.uajms.edu.bo\/posgrado\/wp-content\/uploads\/sites\/10\/2023\/08\/BOTON12-1.jpg\" alt=\"\" class=\"wp-image-6023\" srcset=\"https:\/\/www.uajms.edu.bo\/posgrado\/wp-content\/uploads\/sites\/10\/2023\/08\/BOTON12-1.jpg 397w, https:\/\/www.uajms.edu.bo\/posgrado\/wp-content\/uploads\/sites\/10\/2023\/08\/BOTON12-1-300x32.jpg 300w\" sizes=\"(max-width: 397px) 100vw, 397px\" \/><\/a><\/figure>\n\n\n\n<p><\/p>\n\n\n\n<p class=\"has-text-align-justify\">La Maestr\u00eda tendr\u00e1 una duraci\u00f3n m\u00ednima de veinticuatro (24) meses calendario, durante los cuales se desarrollar\u00e1n los once (11) m\u00f3dulos que conforman su Plan&nbsp;de&nbsp;Estudios<\/p>\n\n\n\n<p class=\"has-text-align-justify\">En coherencia con el Reglamento General de Estudios de Posgrado de la UAJMS y el de la Secretar\u00eda de Postgrado del C.E.U.B. para Programas de nivel Maestr\u00eda, su cumplir\u00e1 en \u00e9ste una Carga Horaria Total de 2480 Horas Acad\u00e9micas Programa equivalentes a 62 Cr\u00e9ditos&nbsp;Acad\u00e9micos<\/p>\n\n\n\n<p><\/p>\n\n\n\n<figure class=\"wp-block-image size-full\"><a href=\"http:\/\/www.uajms.edu.bo\/posgrado\/wp-content\/uploads\/sites\/10\/2023\/08\/BOTON15-1.jpg\"><img loading=\"lazy\" decoding=\"async\" width=\"397\" height=\"43\" data-attachment-id=\"6026\" data-permalink=\"https:\/\/www.uajms.edu.bo\/posgrado\/2023\/08\/21\/diplomado-en-metodologia-de-la-investigacion-cientifica\/boton15-1\/\" data-orig-file=\"https:\/\/www.uajms.edu.bo\/posgrado\/wp-content\/uploads\/sites\/10\/2023\/08\/BOTON15-1.jpg\" data-orig-size=\"397,43\" data-comments-opened=\"1\" data-image-meta=\"{&quot;aperture&quot;:&quot;0&quot;,&quot;credit&quot;:&quot;&quot;,&quot;camera&quot;:&quot;&quot;,&quot;caption&quot;:&quot;&quot;,&quot;created_timestamp&quot;:&quot;0&quot;,&quot;copyright&quot;:&quot;&quot;,&quot;focal_length&quot;:&quot;0&quot;,&quot;iso&quot;:&quot;0&quot;,&quot;shutter_speed&quot;:&quot;0&quot;,&quot;title&quot;:&quot;&quot;,&quot;orientation&quot;:&quot;1&quot;}\" data-image-title=\"BOTON15-1\" data-image-description=\"\" data-image-caption=\"\" data-medium-file=\"https:\/\/www.uajms.edu.bo\/posgrado\/wp-content\/uploads\/sites\/10\/2023\/08\/BOTON15-1-300x32.jpg\" data-large-file=\"https:\/\/www.uajms.edu.bo\/posgrado\/wp-content\/uploads\/sites\/10\/2023\/08\/BOTON15-1.jpg\" src=\"http:\/\/www.uajms.edu.bo\/posgrado\/wp-content\/uploads\/sites\/10\/2023\/08\/BOTON15-1.jpg\" alt=\"\" class=\"wp-image-6026\" srcset=\"https:\/\/www.uajms.edu.bo\/posgrado\/wp-content\/uploads\/sites\/10\/2023\/08\/BOTON15-1.jpg 397w, https:\/\/www.uajms.edu.bo\/posgrado\/wp-content\/uploads\/sites\/10\/2023\/08\/BOTON15-1-300x32.jpg 300w\" sizes=\"(max-width: 397px) 100vw, 397px\" \/><\/a><\/figure>\n\n\n\n<p><\/p>\n\n\n<div class=\"wp-block-image\">\n<figure class=\"aligncenter size-full\"><a href=\"https:\/\/www.uajms.edu.bo\/posgrado\/wp-content\/uploads\/sites\/10\/2023\/09\/odontopediatria.png\"><img loading=\"lazy\" decoding=\"async\" width=\"599\" height=\"270\" data-attachment-id=\"6318\" data-permalink=\"https:\/\/www.uajms.edu.bo\/posgrado\/maestria-en-odontopediatria-version-ii\/odontopediatria-2\/\" data-orig-file=\"https:\/\/www.uajms.edu.bo\/posgrado\/wp-content\/uploads\/sites\/10\/2023\/09\/odontopediatria.png\" data-orig-size=\"599,270\" data-comments-opened=\"1\" data-image-meta=\"{&quot;aperture&quot;:&quot;0&quot;,&quot;credit&quot;:&quot;&quot;,&quot;camera&quot;:&quot;&quot;,&quot;caption&quot;:&quot;&quot;,&quot;created_timestamp&quot;:&quot;0&quot;,&quot;copyright&quot;:&quot;&quot;,&quot;focal_length&quot;:&quot;0&quot;,&quot;iso&quot;:&quot;0&quot;,&quot;shutter_speed&quot;:&quot;0&quot;,&quot;title&quot;:&quot;&quot;,&quot;orientation&quot;:&quot;0&quot;}\" data-image-title=\"odontopediatria\" data-image-description=\"\" data-image-caption=\"\" data-medium-file=\"https:\/\/www.uajms.edu.bo\/posgrado\/wp-content\/uploads\/sites\/10\/2023\/09\/odontopediatria-300x135.png\" data-large-file=\"https:\/\/www.uajms.edu.bo\/posgrado\/wp-content\/uploads\/sites\/10\/2023\/09\/odontopediatria.png\" src=\"https:\/\/www.uajms.edu.bo\/posgrado\/wp-content\/uploads\/sites\/10\/2023\/09\/odontopediatria.png\" alt=\"\" class=\"wp-image-6318\" srcset=\"https:\/\/www.uajms.edu.bo\/posgrado\/wp-content\/uploads\/sites\/10\/2023\/09\/odontopediatria.png 599w, https:\/\/www.uajms.edu.bo\/posgrado\/wp-content\/uploads\/sites\/10\/2023\/09\/odontopediatria-300x135.png 300w\" sizes=\"(max-width: 599px) 100vw, 599px\" \/><\/a><\/figure>\n<\/div>\n\n\n<p><\/p>\n\n\n\n<figure class=\"wp-block-image size-full\"><a href=\"http:\/\/www.uajms.edu.bo\/posgrado\/wp-content\/uploads\/sites\/10\/2023\/08\/BOTON16-1.jpg\"><img loading=\"lazy\" decoding=\"async\" width=\"397\" height=\"43\" data-attachment-id=\"6027\" data-permalink=\"https:\/\/www.uajms.edu.bo\/posgrado\/2023\/08\/21\/diplomado-en-metodologia-de-la-investigacion-cientifica\/boton16-1\/\" data-orig-file=\"https:\/\/www.uajms.edu.bo\/posgrado\/wp-content\/uploads\/sites\/10\/2023\/08\/BOTON16-1.jpg\" data-orig-size=\"397,43\" data-comments-opened=\"1\" data-image-meta=\"{&quot;aperture&quot;:&quot;0&quot;,&quot;credit&quot;:&quot;&quot;,&quot;camera&quot;:&quot;&quot;,&quot;caption&quot;:&quot;&quot;,&quot;created_timestamp&quot;:&quot;0&quot;,&quot;copyright&quot;:&quot;&quot;,&quot;focal_length&quot;:&quot;0&quot;,&quot;iso&quot;:&quot;0&quot;,&quot;shutter_speed&quot;:&quot;0&quot;,&quot;title&quot;:&quot;&quot;,&quot;orientation&quot;:&quot;1&quot;}\" data-image-title=\"BOTON16-1\" data-image-description=\"\" data-image-caption=\"\" data-medium-file=\"https:\/\/www.uajms.edu.bo\/posgrado\/wp-content\/uploads\/sites\/10\/2023\/08\/BOTON16-1-300x32.jpg\" data-large-file=\"https:\/\/www.uajms.edu.bo\/posgrado\/wp-content\/uploads\/sites\/10\/2023\/08\/BOTON16-1.jpg\" src=\"http:\/\/www.uajms.edu.bo\/posgrado\/wp-content\/uploads\/sites\/10\/2023\/08\/BOTON16-1.jpg\" alt=\"\" class=\"wp-image-6027\" srcset=\"https:\/\/www.uajms.edu.bo\/posgrado\/wp-content\/uploads\/sites\/10\/2023\/08\/BOTON16-1.jpg 397w, https:\/\/www.uajms.edu.bo\/posgrado\/wp-content\/uploads\/sites\/10\/2023\/08\/BOTON16-1-300x32.jpg 300w\" sizes=\"(max-width: 397px) 100vw, 397px\" \/><\/a><\/figure>\n\n\n\n<p><\/p>\n\n\n\n<ol class=\"wp-block-list\">\n<li>Formulario de inscripci\u00f3n al programa debidamente llenado por el postulante.<\/li>\n\n\n\n<li>Fotocopia de diploma acad\u00e9mico.<\/li>\n\n\n\n<li>Hoja de vida<\/li>\n\n\n\n<li>Fotocopia de c\u00e9dula de identidad del postulante.<\/li>\n\n\n\n<li>Fotocopia de c\u00e9dula de identidad del garante (modalidad al cr\u00e9dito).<\/li>\n\n\n\n<li>Dep\u00f3sito Bancario original por concepto de pago de matr\u00edcula de inscripci\u00f3n.\n<ul class=\"wp-block-list\">\n<li><strong>BANCO UNI\u00d3N &#8211; CUENTA CORRIENTE N\u00b0 1-6034982<\/strong><\/li>\n\n\n\n<li><strong>NIT: 1024357022<\/strong><\/li>\n<\/ul>\n<\/li>\n<\/ol>\n\n\n<div class=\"wp-block-image\">\n<figure class=\"aligncenter size-full\"><a href=\"http:\/\/www.uajms.edu.bo\/posgrado\/wp-content\/uploads\/sites\/10\/2023\/08\/informacion-contacto-2.jpg\"><img loading=\"lazy\" decoding=\"async\" width=\"794\" height=\"312\" data-attachment-id=\"6003\" data-permalink=\"https:\/\/www.uajms.edu.bo\/posgrado\/2023\/08\/21\/diplomado-en-metodologia-de-la-investigacion-cientifica\/informacion-contacto-2\/\" data-orig-file=\"https:\/\/www.uajms.edu.bo\/posgrado\/wp-content\/uploads\/sites\/10\/2023\/08\/informacion-contacto-2.jpg\" data-orig-size=\"794,312\" data-comments-opened=\"1\" data-image-meta=\"{&quot;aperture&quot;:&quot;0&quot;,&quot;credit&quot;:&quot;&quot;,&quot;camera&quot;:&quot;&quot;,&quot;caption&quot;:&quot;&quot;,&quot;created_timestamp&quot;:&quot;0&quot;,&quot;copyright&quot;:&quot;&quot;,&quot;focal_length&quot;:&quot;0&quot;,&quot;iso&quot;:&quot;0&quot;,&quot;shutter_speed&quot;:&quot;0&quot;,&quot;title&quot;:&quot;&quot;,&quot;orientation&quot;:&quot;1&quot;}\" data-image-title=\"informacion-contacto-2\" data-image-description=\"\" data-image-caption=\"\" data-medium-file=\"https:\/\/www.uajms.edu.bo\/posgrado\/wp-content\/uploads\/sites\/10\/2023\/08\/informacion-contacto-2-300x118.jpg\" data-large-file=\"https:\/\/www.uajms.edu.bo\/posgrado\/wp-content\/uploads\/sites\/10\/2023\/08\/informacion-contacto-2.jpg\" src=\"http:\/\/www.uajms.edu.bo\/posgrado\/wp-content\/uploads\/sites\/10\/2023\/08\/informacion-contacto-2.jpg\" alt=\"\" class=\"wp-image-6003\" srcset=\"https:\/\/www.uajms.edu.bo\/posgrado\/wp-content\/uploads\/sites\/10\/2023\/08\/informacion-contacto-2.jpg 794w, https:\/\/www.uajms.edu.bo\/posgrado\/wp-content\/uploads\/sites\/10\/2023\/08\/informacion-contacto-2-300x118.jpg 300w, https:\/\/www.uajms.edu.bo\/posgrado\/wp-content\/uploads\/sites\/10\/2023\/08\/informacion-contacto-2-768x302.jpg 768w\" sizes=\"(max-width: 794px) 100vw, 794px\" \/><\/a><\/figure>\n<\/div>\n\n\n<div class=\"wp-block-buttons is-layout-flex wp-block-buttons-is-layout-flex\">\n<div class=\"wp-block-button has-custom-font-size has-small-font-size\"><a class=\"wp-block-button__link has-white-color has-vivid-cyan-blue-background-color has-text-color has-background wp-element-button\" href=\"https:\/\/www.uajms.edu.bo\/posgrado\/wp-content\/uploads\/sites\/10\/2022\/02\/FICHA-DE-ADMISION.pdf\" target=\"_blank\" rel=\"noreferrer noopener\">Ficha de Admisi\u00f3n<\/a><\/div>\n<\/div>\n","protected":false},"excerpt":{"rendered":"<p>A diferencia del paciente adulto, el paciente odontopedi\u00e1trico requiere para su asistencia cl\u00ednica un mayor grado de preparaci\u00f3n por parte del Odont\u00f3logo que lo asiste.Es por ello que la formaci\u00f3n [&hellip;]<\/p>\n","protected":false},"author":118,"featured_media":0,"parent":0,"menu_order":0,"comment_status":"closed","ping_status":"closed","template":"","meta":{"jetpack_post_was_ever_published":false,"_joinchat":[],"footnotes":""},"class_list":["post-4351","page","type-page","status-publish","hentry"],"jetpack_sharing_enabled":true,"jetpack_shortlink":"https:\/\/wp.me\/P5Qmml-18b","publishpress_future_action":{"enabled":false,"date":"2026-04-12 07:01:58","action":"change-status","newStatus":"draft","terms":[],"taxonomy":"","extraData":[]},"publishpress_future_workflow_manual_trigger":{"enabledWorkflows":[]},"_links":{"self":[{"href":"https:\/\/www.uajms.edu.bo\/posgrado\/wp-json\/wp\/v2\/pages\/4351","targetHints":{"allow":["GET"]}}],"collection":[{"href":"https:\/\/www.uajms.edu.bo\/posgrado\/wp-json\/wp\/v2\/pages"}],"about":[{"href":"https:\/\/www.uajms.edu.bo\/posgrado\/wp-json\/wp\/v2\/types\/page"}],"author":[{"embeddable":true,"href":"https:\/\/www.uajms.edu.bo\/posgrado\/wp-json\/wp\/v2\/users\/118"}],"replies":[{"embeddable":true,"href":"https:\/\/www.uajms.edu.bo\/posgrado\/wp-json\/wp\/v2\/comments?post=4351"}],"version-history":[{"count":5,"href":"https:\/\/www.uajms.edu.bo\/posgrado\/wp-json\/wp\/v2\/pages\/4351\/revisions"}],"predecessor-version":[{"id":7439,"href":"https:\/\/www.uajms.edu.bo\/posgrado\/wp-json\/wp\/v2\/pages\/4351\/revisions\/7439"}],"wp:attachment":[{"href":"https:\/\/www.uajms.edu.bo\/posgrado\/wp-json\/wp\/v2\/media?parent=4351"}],"curies":[{"name":"wp","href":"https:\/\/api.w.org\/{rel}","templated":true}]}}