

{"id":4287,"date":"2022-09-24T12:59:10","date_gmt":"2022-09-24T16:59:10","guid":{"rendered":"https:\/\/www.uajms.edu.bo\/posgrado\/?page_id=4287"},"modified":"2022-11-07T20:26:14","modified_gmt":"2022-11-08T00:26:14","slug":"curso-corto-english-for-academic-purposes","status":"publish","type":"page","link":"https:\/\/www.uajms.edu.bo\/posgrado\/curso-corto-english-for-academic-purposes\/","title":{"rendered":"CURSO CORTO ENGLISH FOR ACADEMIC PURPOSES"},"content":{"rendered":"\n<p><strong>MODALIDAD:<\/strong><\/p>\n\n\n\n<p>VIRTUAL<\/p>\n\n\n\n<p><strong>DURACI\u00d3N:&nbsp;&nbsp;&nbsp;&nbsp;&nbsp;&nbsp;&nbsp;&nbsp;&nbsp;<\/strong><\/p>\n\n\n\n<p>4 SEMANAS<\/p>\n\n\n\n<p><strong>DIRIGIDO A:<\/strong><\/p>\n\n\n\n<p>PROFESIONALES Y ESTUDIATES<\/p>\n\n\n\n<p><strong>COSTO:<\/strong><\/p>\n\n\n\n<p>PROFESIONALES 250 Bs.<\/p>\n\n\n\n<p>ESTUDIANTES\u00a0 \u00a0\u00a0\u00a0100 Bs.<\/p>\n\n\n\n<p><strong>CUENTA BANCARIA: BANCO UNI\u00d3N \u2013 CUENTA CORRIENTE N\u00b0 1-6035089<\/strong><\/p>\n\n\n\n<p><strong>CARGA HORARIA:<\/strong><\/p>\n\n\n\n<p>160 HORAS ACADEMICAS<\/p>\n\n\n\n<p><strong>DIRIGIDO A:<\/strong><\/p>\n\n\n\n<p>Profesionales y Estudiantes<\/p>\n\n\n\n<p><strong>REQUISITOS DE ADMISION AL CURSO:<\/strong><\/p>\n\n\n\n<p>No es un requisito indispensable que los participantes interesados en este curso tengan un nivel b\u00e1sico del idioma ingl\u00e9s.<\/p>\n\n\n\n<p><strong>OBJETIVOS GENERALES:<\/strong><\/p>\n\n\n\n<p>Desarrollar habilidades comunicativas que permitan facilitar el aprendizaje del idioma ingl\u00e9s en relaci\u00f3n a las cuatro habilidades linguisticas.<\/p>\n\n\n\n<p>Fortalecer el conocimiento de los estudiantes respecto a la gr\u00e1matica, vocabulario y pronunciaci\u00f3n del ingl\u00e9s en terminolog\u00eda acad\u00e9mica.<\/p>\n\n\n\n<p><strong>OBJETIVOS ESPECIFICOS: &nbsp;&nbsp;<\/strong><\/p>\n\n\n\n<ul class=\"wp-block-list\"><li>Definir y comprender la terminolog\u00eda de la Investigaci\u00f3n Cient\u00edfica.<\/li><li>Ejercitar las cuatro habilidades linguisticas del idioma ingl\u00e9s (spearking, writing, listening, reading), con base a conceptos de Investigaci\u00f3n.<\/li><li>Poner en pr\u00e1ctica el conocimiento adquirido de la lengua inglesa para fines comunicativos y acad\u00e9micos.<\/li><\/ul>\n\n\n\n<p><strong>CONTENIDO DEL CURSO:<\/strong><\/p>\n\n\n\n<p><strong>Tema 1: <\/strong>INTRODUCCI\u00d3N<\/p>\n\n\n\n<p><strong>Tema 2:<\/strong> LAS CATEGOR\u00cdAS GRAMATICALES DEL INGL\u00c9S EN RELACI\u00d3N A LA TERMINOLOG\u00cdA DE INVESTIGACI\u00d3N.<\/p>\n\n\n\n<p><strong>Tema 3:<\/strong> Descripci\u00f3n del negocio.<\/p>\n\n\n\n<p><strong>Tema 4:<\/strong> TIEMPO VERBAL DE PASADO EN RELACI\u00d3N CON T\u00c9RMINOS DE INVESTIGACI\u00d3N.<\/p>\n\n\n\n<p><strong>DOCENTES:<\/strong><\/p>\n\n\n\n<p><strong>MSc. Mar\u00eda Mardey Angelo Vel\u00e1squez<\/strong><\/p>\n\n\n\n<p><strong>MSc. Felipe Armando T\u00f3rrez Ticona<\/strong><\/p>\n\n\n\n<p>&nbsp;&nbsp;&nbsp;&nbsp;&nbsp;&nbsp;&nbsp;&nbsp;&nbsp;&nbsp;&nbsp;<\/p>\n","protected":false},"excerpt":{"rendered":"<p>MODALIDAD: VIRTUAL DURACI\u00d3N:&nbsp;&nbsp;&nbsp;&nbsp;&nbsp;&nbsp;&nbsp;&nbsp;&nbsp; 4 SEMANAS DIRIGIDO A: PROFESIONALES Y ESTUDIATES COSTO: PROFESIONALES 250 Bs. ESTUDIANTES\u00a0 \u00a0\u00a0\u00a0100 Bs. CUENTA BANCARIA: BANCO UNI\u00d3N \u2013 CUENTA CORRIENTE N\u00b0 1-6035089 CARGA HORARIA: 160 HORAS [&hellip;]<\/p>\n","protected":false},"author":118,"featured_media":0,"parent":0,"menu_order":0,"comment_status":"closed","ping_status":"closed","template":"","meta":{"jetpack_post_was_ever_published":false,"_joinchat":[],"footnotes":""},"class_list":["post-4287","page","type-page","status-publish","hentry"],"jetpack_sharing_enabled":true,"jetpack_shortlink":"https:\/\/wp.me\/P5Qmml-179","publishpress_future_action":{"enabled":false,"date":"2026-04-15 23:32:42","action":"change-status","newStatus":"draft","terms":[],"taxonomy":"","extraData":[]},"publishpress_future_workflow_manual_trigger":{"enabledWorkflows":[]},"_links":{"self":[{"href":"https:\/\/www.uajms.edu.bo\/posgrado\/wp-json\/wp\/v2\/pages\/4287","targetHints":{"allow":["GET"]}}],"collection":[{"href":"https:\/\/www.uajms.edu.bo\/posgrado\/wp-json\/wp\/v2\/pages"}],"about":[{"href":"https:\/\/www.uajms.edu.bo\/posgrado\/wp-json\/wp\/v2\/types\/page"}],"author":[{"embeddable":true,"href":"https:\/\/www.uajms.edu.bo\/posgrado\/wp-json\/wp\/v2\/users\/118"}],"replies":[{"embeddable":true,"href":"https:\/\/www.uajms.edu.bo\/posgrado\/wp-json\/wp\/v2\/comments?post=4287"}],"version-history":[{"count":5,"href":"https:\/\/www.uajms.edu.bo\/posgrado\/wp-json\/wp\/v2\/pages\/4287\/revisions"}],"predecessor-version":[{"id":4519,"href":"https:\/\/www.uajms.edu.bo\/posgrado\/wp-json\/wp\/v2\/pages\/4287\/revisions\/4519"}],"wp:attachment":[{"href":"https:\/\/www.uajms.edu.bo\/posgrado\/wp-json\/wp\/v2\/media?parent=4287"}],"curies":[{"name":"wp","href":"https:\/\/api.w.org\/{rel}","templated":true}]}}