

{"id":4278,"date":"2022-09-24T11:34:53","date_gmt":"2022-09-24T15:34:53","guid":{"rendered":"https:\/\/www.uajms.edu.bo\/posgrado\/?page_id=4278"},"modified":"2023-08-16T15:37:49","modified_gmt":"2023-08-16T19:37:49","slug":"diplomado-en-teoria-practica-pedagogica-universitaria","status":"publish","type":"page","link":"https:\/\/www.uajms.edu.bo\/posgrado\/diplomado-en-teoria-practica-pedagogica-universitaria\/","title":{"rendered":"DIPLOMADO EN TEOR\u00cdA PR\u00c1CTICA PEDAG\u00d3GICA UNIVERSITARIA"},"content":{"rendered":"\n<ol class=\"wp-block-list\" type=\"1\">\n<li>Nombre del programa<\/li>\n<\/ol>\n\n\n\n<p><strong><em>DIPLOMADO EN TEOR\u00cdA PR\u00c1CTICA PEDAG\u00d3GICA UNIVERSITARIA<\/em><\/strong><\/p>\n\n\n\n<ul class=\"wp-block-list\">\n<li><strong>Objetivo general del programa<\/strong><\/li>\n<\/ul>\n\n\n\n<p>Promover el mejoramiento y la calidad del proceso ense\u00f1anza-aprendizaje en la Educaci\u00f3n Superior, fortaleciendo la formaci\u00f3n acad\u00e9mica de los profesionales a trav\u00e9s de la adquisici\u00f3n y desarrollo de conocimientos, habilidades y competencias para el ejercicio de la docencia Universitaria.<\/p>\n\n\n\n<ul class=\"wp-block-list\">\n<li><strong>Duraci\u00f3n y caracter\u00edsticas del program<\/strong>a\n<ul class=\"wp-block-list\">\n<li>El Diplomado tendr\u00e1 una duraci\u00f3n m\u00ednima de seis (6) meses calendario, incluido el tiempo necesario para la elaboraci\u00f3n y defensa de una Monograf\u00eda, como Trabajo Final de Graduaci\u00f3n.<\/li>\n\n\n\n<li>Se desarrollar\u00e1 bajo la Modalidad Virtual y el sistema Modular, con un Plan de Estudios Estructurado en 4 m\u00f3dulos te\u00f3rico-pr\u00e1cticos, en los que se cumplir\u00e1 una carga horaria total de 840 hrs. acad\u00e9micas, equivalente a 21 cr\u00e9ditos acad\u00e9micos.<\/li>\n<\/ul>\n<\/li>\n<\/ul>\n\n\n\n<p><strong>COSTOS:<\/strong><\/p>\n\n\n\n<p>Costo al <strong>contado<\/strong>: 4.745 Bs.<\/p>\n\n\n\n<p>Costo al <strong>cr\u00e9dito<\/strong>:   5.272 Bs.<\/p>\n\n\n\n<p>           Cuota inicial 1022 Bs.<\/p>\n\n\n\n<p>           5 cuotas mensuales de 850 Bs.<\/p>\n\n\n\n<p><strong>REQUISITOS DE INSCRIPCI\u00d3N:<\/strong><\/p>\n\n\n\n<ol class=\"wp-block-list\">\n<li>Solicitud de admisi\u00f3n dirigida a la Direcci\u00f3n de Posgrado.<\/li>\n\n\n\n<li>Formulario de inscripci\u00f3n al programa debidamente llenado por el postulante.<\/li>\n\n\n\n<li>Fotocopia de diploma acad\u00e9mico.<\/li>\n\n\n\n<li>Hoja de vida<\/li>\n\n\n\n<li>Fotocopia de c\u00e9dula de identidad del postulante.<\/li>\n\n\n\n<li>Fotocopia de c\u00e9dula de identidad del garante (modalidad al cr\u00e9dito).<\/li>\n\n\n\n<li>Dep\u00f3sito Bancario original por concepto de pago de matr\u00edcula de inscripci\u00f3n.\n<ul class=\"wp-block-list\">\n<li><strong>BANCO UNI\u00d3N &#8211; CUENTA CORRIENTE N\u00b0 1-6034982<\/strong><\/li>\n\n\n\n<li><strong>NIT: 1024357022<\/strong><\/li>\n<\/ul>\n<\/li>\n<\/ol>\n\n\n\n<p><\/p>\n\n\n\n<div class=\"wp-block-buttons is-content-justification-left is-layout-flex wp-container-core-buttons-is-layout-fdcfc74e wp-block-buttons-is-layout-flex\">\n<div class=\"wp-block-button\"><a class=\"wp-block-button__link wp-element-button\" href=\"https:\/\/www.uajms.edu.bo\/posgrado\/wp-content\/uploads\/sites\/10\/2022\/02\/FICHA-DE-ADMISION.pdf\">Descargar Formulario<\/a><\/div>\n<\/div>\n\n\n\n<p><em><strong>Oficina Central \u2013 Tarija<\/strong><\/em><\/p>\n\n\n\n<p>Direcci\u00f3n:&nbsp;<em>Calle Ingavi esq. Padilla<\/em><\/p>\n\n\n\n<p><em><strong>Contactos:<\/strong>&nbsp;<\/em>&nbsp;&nbsp;<em>7298<\/em>9932 \u2013 <em>68705489<\/em>&nbsp;\u2013 72988960<\/p>\n\n\n\n<p><strong>SEDES:<\/strong><\/p>\n\n\n\n<p><strong>LA PAZ:<\/strong>&nbsp;Av. 20 de octubre casi esq.\/ Otero de la Vega, Torre Mollinedo piso 4,&nbsp;<strong>Celular:<\/strong>&nbsp;72985943.<\/p>\n\n\n\n<p><strong>SANTA CRUZ:<\/strong>&nbsp;Calle Velasco N\u00b0 580 casi esq.\/ Lemoine,&nbsp;<strong>Celular:<\/strong>&nbsp;72989491.<\/p>\n","protected":false},"excerpt":{"rendered":"<p>DIPLOMADO EN TEOR\u00cdA PR\u00c1CTICA PEDAG\u00d3GICA UNIVERSITARIA Promover el mejoramiento y la calidad del proceso ense\u00f1anza-aprendizaje en la Educaci\u00f3n Superior, fortaleciendo la formaci\u00f3n acad\u00e9mica de los profesionales a trav\u00e9s de la [&hellip;]<\/p>\n","protected":false},"author":118,"featured_media":0,"parent":0,"menu_order":0,"comment_status":"closed","ping_status":"closed","template":"","meta":{"jetpack_post_was_ever_published":false,"_joinchat":[],"footnotes":""},"class_list":["post-4278","page","type-page","status-publish","hentry"],"jetpack_sharing_enabled":true,"jetpack_shortlink":"https:\/\/wp.me\/P5Qmml-170","publishpress_future_action":{"enabled":false,"date":"2026-04-11 20:54:54","action":"change-status","newStatus":"draft","terms":[],"taxonomy":"","extraData":[]},"publishpress_future_workflow_manual_trigger":{"enabledWorkflows":[]},"_links":{"self":[{"href":"https:\/\/www.uajms.edu.bo\/posgrado\/wp-json\/wp\/v2\/pages\/4278","targetHints":{"allow":["GET"]}}],"collection":[{"href":"https:\/\/www.uajms.edu.bo\/posgrado\/wp-json\/wp\/v2\/pages"}],"about":[{"href":"https:\/\/www.uajms.edu.bo\/posgrado\/wp-json\/wp\/v2\/types\/page"}],"author":[{"embeddable":true,"href":"https:\/\/www.uajms.edu.bo\/posgrado\/wp-json\/wp\/v2\/users\/118"}],"replies":[{"embeddable":true,"href":"https:\/\/www.uajms.edu.bo\/posgrado\/wp-json\/wp\/v2\/comments?post=4278"}],"version-history":[{"count":4,"href":"https:\/\/www.uajms.edu.bo\/posgrado\/wp-json\/wp\/v2\/pages\/4278\/revisions"}],"predecessor-version":[{"id":5784,"href":"https:\/\/www.uajms.edu.bo\/posgrado\/wp-json\/wp\/v2\/pages\/4278\/revisions\/5784"}],"wp:attachment":[{"href":"https:\/\/www.uajms.edu.bo\/posgrado\/wp-json\/wp\/v2\/media?parent=4278"}],"curies":[{"name":"wp","href":"https:\/\/api.w.org\/{rel}","templated":true}]}}