

{"id":3682,"date":"2022-07-01T09:49:32","date_gmt":"2022-07-01T13:49:32","guid":{"rendered":"https:\/\/www.uajms.edu.bo\/posgrado\/?page_id=3682"},"modified":"2022-07-01T09:49:34","modified_gmt":"2022-07-01T13:49:34","slug":"normas-apa","status":"publish","type":"page","link":"https:\/\/www.uajms.edu.bo\/posgrado\/normas-apa\/","title":{"rendered":"NORMAS APA"},"content":{"rendered":"\n<p><strong>CURSO CORTO:<\/strong><\/p>\n\n\n\n<p>Normas APA Intensivo<\/p>\n\n\n\n<p><strong>NOMBRE DE LAS DOCENTES:<\/strong><\/p>\n\n\n\n<p>Lic. Carmen Julia Campos Ale<\/p>\n\n\n\n<p>Lic. Mar\u00eda Antonieta Jordan Funk<\/p>\n\n\n\n<p><strong>MODALIDAD:<\/strong><\/p>\n\n\n\n<p>Virtual<\/p>\n\n\n\n<p><strong>COSTO:<\/strong><\/p>\n\n\n\n<p>Profesionales&nbsp;&nbsp;&nbsp;&nbsp;&nbsp;&nbsp;&nbsp;&nbsp;&nbsp; 80 Bs.<\/p>\n\n\n\n<p>Estudiantes&nbsp;&nbsp;&nbsp;&nbsp;&nbsp;&nbsp;&nbsp;&nbsp;&nbsp;&nbsp;&nbsp;&nbsp;&nbsp; 50 Bs.<\/p>\n\n\n\n<p><strong>DURACI\u00d3N Y HORARIO:<\/strong><\/p>\n\n\n\n<p>3 d\u00edas.<\/p>\n\n\n\n<p>19:30 a 21:00, lunes mi\u00e9rcoles y viernes<\/p>\n\n\n\n<p>Clases grabadas<\/p>\n\n\n\n<p><strong>DIRIGIDO A:<\/strong><\/p>\n\n\n\n<ul class=\"wp-block-list\"><li>Estudiantes universitarios<\/li><li>Estudiantes de especializaciones o maestr\u00edas<\/li><li>Candidatos al grado de doctor<\/li><li>Docentes universitarios interesados en actualizar conocimientos en metodolog\u00eda de la investigaci\u00f3n<\/li><\/ul>\n\n\n\n<p><strong>REQUISITOS DE ADMISION AL CURSO:<\/strong><\/p>\n\n\n\n<p>Conocimientos b\u00e1sicos de Windows y Word. Acceso a internet.<\/p>\n\n\n\n<p><strong>CONTENIDO DEL CURSO:<\/strong><\/p>\n\n\n\n<ul class=\"wp-block-list\"><li>Introducci\u00f3n. Claves para no pelear con el formato APA. Presentaci\u00f3n del programa Formato de tablas y figuras de acuerdo a las normas Lista de revisi\u00f3n interactiva para las tablas y figuras.<\/li><li>Plantilla gratuita para trabajar en Word y poner a prueba tus conocimientos sobre el formato estilo APA<\/li><li>Citas. Prop\u00f3sito de las citas.<\/li><li>Formatos de citaciones estilo APA<\/li><li>Situaciones particulares o poco comunes de las citas<\/li><li>Parafraseos efectivos dentro de las normas<\/li><li>Referencia como experto(a).<\/li><li>Elementos b\u00e1sicos (7\u1d43 ed.)<\/li><li>Ejemplos de referencias frecuentes en la academia<\/li><li>Ejemplos de referencias electr\u00f3nicas y audiovisuales<\/li><li>Ejemplos de referencias legales<\/li><\/ul>\n","protected":false},"excerpt":{"rendered":"<p>CURSO CORTO: Normas APA Intensivo NOMBRE DE LAS DOCENTES: Lic. Carmen Julia Campos Ale Lic. Mar\u00eda Antonieta Jordan Funk MODALIDAD: Virtual COSTO: Profesionales&nbsp;&nbsp;&nbsp;&nbsp;&nbsp;&nbsp;&nbsp;&nbsp;&nbsp; 80 Bs. Estudiantes&nbsp;&nbsp;&nbsp;&nbsp;&nbsp;&nbsp;&nbsp;&nbsp;&nbsp;&nbsp;&nbsp;&nbsp;&nbsp; 50 Bs. DURACI\u00d3N Y [&hellip;]<\/p>\n","protected":false},"author":118,"featured_media":0,"parent":0,"menu_order":0,"comment_status":"closed","ping_status":"closed","template":"","meta":{"jetpack_post_was_ever_published":false,"_joinchat":[],"footnotes":""},"class_list":["post-3682","page","type-page","status-publish","hentry"],"jetpack_sharing_enabled":true,"jetpack_shortlink":"https:\/\/wp.me\/P5Qmml-Xo","publishpress_future_action":{"enabled":false,"date":"2026-04-14 04:40:59","action":"change-status","newStatus":"draft","terms":[],"taxonomy":"","extraData":[]},"publishpress_future_workflow_manual_trigger":{"enabledWorkflows":[]},"_links":{"self":[{"href":"https:\/\/www.uajms.edu.bo\/posgrado\/wp-json\/wp\/v2\/pages\/3682","targetHints":{"allow":["GET"]}}],"collection":[{"href":"https:\/\/www.uajms.edu.bo\/posgrado\/wp-json\/wp\/v2\/pages"}],"about":[{"href":"https:\/\/www.uajms.edu.bo\/posgrado\/wp-json\/wp\/v2\/types\/page"}],"author":[{"embeddable":true,"href":"https:\/\/www.uajms.edu.bo\/posgrado\/wp-json\/wp\/v2\/users\/118"}],"replies":[{"embeddable":true,"href":"https:\/\/www.uajms.edu.bo\/posgrado\/wp-json\/wp\/v2\/comments?post=3682"}],"version-history":[{"count":1,"href":"https:\/\/www.uajms.edu.bo\/posgrado\/wp-json\/wp\/v2\/pages\/3682\/revisions"}],"predecessor-version":[{"id":3683,"href":"https:\/\/www.uajms.edu.bo\/posgrado\/wp-json\/wp\/v2\/pages\/3682\/revisions\/3683"}],"wp:attachment":[{"href":"https:\/\/www.uajms.edu.bo\/posgrado\/wp-json\/wp\/v2\/media?parent=3682"}],"curies":[{"name":"wp","href":"https:\/\/api.w.org\/{rel}","templated":true}]}}