

{"id":3662,"date":"2022-06-26T00:49:16","date_gmt":"2022-06-26T04:49:16","guid":{"rendered":"https:\/\/www.uajms.edu.bo\/posgrado\/?page_id=3662"},"modified":"2022-06-26T14:36:59","modified_gmt":"2022-06-26T18:36:59","slug":"curso-formacion-en-prevencion-de-la-violencia","status":"publish","type":"page","link":"https:\/\/www.uajms.edu.bo\/posgrado\/curso-formacion-en-prevencion-de-la-violencia\/","title":{"rendered":"CURSO FORMACI\u00d3N EN PREVENCI\u00d3N DE LA VIOLENCIA"},"content":{"rendered":"\n<p><strong>CURSO CORTO:<\/strong><\/p>\n\n\n\n<p>Formaci\u00f3n en prevenci\u00f3n de la violencia<\/p>\n\n\n\n<p><strong>MODALIDAD:<\/strong><\/p>\n\n\n\n<p>Virtual<\/p>\n\n\n\n<p><strong>DURACI\u00d3N:&nbsp;&nbsp;&nbsp;&nbsp;&nbsp;&nbsp;&nbsp;&nbsp;&nbsp;<\/strong><\/p>\n\n\n\n<p>1 Semana<\/p>\n\n\n\n<p><strong>CLASES SINCRONICAS POR ZOOM:<\/strong><\/p>\n\n\n\n<p>Lunes Mi\u00e9rcoles y Viernes de 19:30 a 21:00<\/p>\n\n\n\n<p>TODAS LAS CLASES SON GRABADAS Y SUBIDAS A LA PLATAFORMA MOODLE.<\/p>\n\n\n\n<p><strong>COSTO:<\/strong><\/p>\n\n\n\n<p>GENERAL 150 Bs.<\/p>\n\n\n\n<p><strong>DIRIGIDO A:<\/strong><\/p>\n\n\n\n<p>Servidores P\u00fablicos, Profesionales en general, Estudiantes y Publico en General<\/p>\n\n\n\n<p><strong>REQUISITOS DE ADMISION AL CURSO:<\/strong><\/p>\n\n\n\n<p>Conocimientos en Zoom para las clases Virtuales. Computadora. Conexi\u00f3n a internet estable.<\/p>\n\n\n\n<p><strong>CONTENIDO DEL CURSO:<\/strong><\/p>\n\n\n\n<ul class=\"wp-block-list\"><li>Contextualizaci\u00f3n, y abordaje de la problem\u00e1tica de la violencia.<\/li><li>Socializaci\u00f3n de la ley 348, Marco normativo Internacional, medidas de protecci\u00f3n, nuevas tipolog\u00edas de violencia.<\/li><li>Procesamiento- Ruta Cr\u00edtica de atenci\u00f3n<\/li><li>Ense\u00f1ar el uso de herramientas tecnol\u00f3gicas para prevenir la violencia en raz\u00f3n de g\u00e9nero en ello se les capacito a todos los participantes sobre aplicaciones digitales de autoayuda, de emergencia, etc. \u201cEMPODERARME\u201d, \u201cTE ESCUCHO\u201d, qu\u00e9 sirve no solamente para mujeres sino para cualquier miembro de la familia, por ej.&nbsp; uso del bot\u00f3n de auxilio p\u00e1nico y es de acceso gratuito.<\/li><li>Aplicaci\u00f3n de conocimientos, generando an\u00e1lisis cr\u00edtico reflexivo, a trav\u00e9s del an\u00e1lisis de testimonios de casos, y su identificaci\u00f3n en las tipolog\u00edas estudiadas.<\/li><li>Prevenci\u00f3n y atenci\u00f3n de la violencia desde el enfoque de masculinidades, trabaj\u00f3 l\u00fadico y autorreflexi\u00f3n para fijaci\u00f3n de conocimientos y herramientas uso herramienta VIOLENTOMETRO, MACHISTOMETRO<\/li><\/ul>\n","protected":false},"excerpt":{"rendered":"<p>CURSO CORTO: Formaci\u00f3n en prevenci\u00f3n de la violencia MODALIDAD: Virtual DURACI\u00d3N:&nbsp;&nbsp;&nbsp;&nbsp;&nbsp;&nbsp;&nbsp;&nbsp;&nbsp; 1 Semana CLASES SINCRONICAS POR ZOOM: Lunes Mi\u00e9rcoles y Viernes de 19:30 a 21:00 TODAS LAS CLASES SON GRABADAS [&hellip;]<\/p>\n","protected":false},"author":118,"featured_media":0,"parent":0,"menu_order":0,"comment_status":"closed","ping_status":"closed","template":"","meta":{"jetpack_post_was_ever_published":false,"_joinchat":[],"footnotes":""},"class_list":["post-3662","page","type-page","status-publish","hentry"],"jetpack_sharing_enabled":true,"jetpack_shortlink":"https:\/\/wp.me\/P5Qmml-X4","publishpress_future_action":{"enabled":false,"date":"2026-05-08 12:46:00","action":"change-status","newStatus":"draft","terms":[],"taxonomy":"","extraData":[]},"publishpress_future_workflow_manual_trigger":{"enabledWorkflows":[]},"_links":{"self":[{"href":"https:\/\/www.uajms.edu.bo\/posgrado\/wp-json\/wp\/v2\/pages\/3662","targetHints":{"allow":["GET"]}}],"collection":[{"href":"https:\/\/www.uajms.edu.bo\/posgrado\/wp-json\/wp\/v2\/pages"}],"about":[{"href":"https:\/\/www.uajms.edu.bo\/posgrado\/wp-json\/wp\/v2\/types\/page"}],"author":[{"embeddable":true,"href":"https:\/\/www.uajms.edu.bo\/posgrado\/wp-json\/wp\/v2\/users\/118"}],"replies":[{"embeddable":true,"href":"https:\/\/www.uajms.edu.bo\/posgrado\/wp-json\/wp\/v2\/comments?post=3662"}],"version-history":[{"count":3,"href":"https:\/\/www.uajms.edu.bo\/posgrado\/wp-json\/wp\/v2\/pages\/3662\/revisions"}],"predecessor-version":[{"id":3674,"href":"https:\/\/www.uajms.edu.bo\/posgrado\/wp-json\/wp\/v2\/pages\/3662\/revisions\/3674"}],"wp:attachment":[{"href":"https:\/\/www.uajms.edu.bo\/posgrado\/wp-json\/wp\/v2\/media?parent=3662"}],"curies":[{"name":"wp","href":"https:\/\/api.w.org\/{rel}","templated":true}]}}