

{"id":3657,"date":"2022-06-26T00:33:52","date_gmt":"2022-06-26T04:33:52","guid":{"rendered":"https:\/\/www.uajms.edu.bo\/posgrado\/?page_id=3657"},"modified":"2022-06-26T00:36:32","modified_gmt":"2022-06-26T04:36:32","slug":"curso-evaluacion-economica-y-financiera-para-proyectos-de-inversion-privada","status":"publish","type":"page","link":"https:\/\/www.uajms.edu.bo\/posgrado\/curso-evaluacion-economica-y-financiera-para-proyectos-de-inversion-privada\/","title":{"rendered":"CURSO EVALUACI\u00d3N ECON\u00d3MICA Y FINANCIERA PARA PROYECTOS DE INVERSI\u00d3N PRIVADA"},"content":{"rendered":"\n<p><strong>CURSO CORTO:<\/strong><\/p>\n\n\n\n<p>EVALUACI\u00d3N ECON\u00d3MICA Y FINANCIERA PARA PROYECTOS DE INVERSI\u00d3N PRIVADA<\/p>\n\n\n\n<p><strong>MODALIDAD:<\/strong><\/p>\n\n\n\n<p>Virtual<\/p>\n\n\n\n<p><strong>DURACI\u00d3N:&nbsp;&nbsp;&nbsp;&nbsp;&nbsp;&nbsp;&nbsp;&nbsp;&nbsp;<\/strong><\/p>\n\n\n\n<p>2 Semanas<\/p>\n\n\n\n<p><strong>CLASES SINCRONICAS POR ZOOM:<\/strong><\/p>\n\n\n\n<p>LUNES MIERCOLES Y VIERNES DE 19:30 A 21 HRS.<\/p>\n\n\n\n<p>TODAS LAS CLASES SON GRABADAS Y SUBIDAS A LA PLATAFORMA MOODLE.<\/p>\n\n\n\n<p><strong>COSTO:<\/strong><\/p>\n\n\n\n<p>PROFESIONALES                   150 Bs.<\/p>\n\n\n\n<p>ESTUDIANTES\u00a0\u00a0\u00a0\u00a0\u00a0                    90 Bs.<\/p>\n\n\n\n<p><strong>CARGA HORARIA:<\/strong><\/p>\n\n\n\n<p>80 HORAS ACADEMICAS<\/p>\n\n\n\n<p><strong>DIRIGIDO A:<\/strong><\/p>\n\n\n\n<p>Profesionales y Estudiantes<\/p>\n\n\n\n<p><strong>REQUISITOS DE ADMISION AL CURSO:<\/strong><\/p>\n\n\n\n<p>Conocimiento b\u00e1sico en manejo de paquete excel, tambi\u00e9n requiere equipo de computaci\u00f3n y acceso a internet. Se utiliza ZOOM para clases Sincr\u00f3nicas y MOODLE para el contenido asincr\u00f3nico.<\/p>\n\n\n\n<p><strong>OBJETIVOS GENERALES:<\/strong><\/p>\n\n\n\n<p>Capacitar al participamte en metodolog\u00edas pr\u00e1cticas para realizar la evaluaci\u00f3n econ\u00f3mica y financiera de proyectos de inversi\u00f3n privada.<\/p>\n\n\n\n<p><strong>OBJETIVOS ESPECIFICOS: &nbsp;&nbsp;<\/strong><\/p>\n\n\n\n<ul class=\"wp-block-list\"><li>Explicar las etapas generales para la elaboraci\u00f3n de un proyecto de inversi\u00f3n privada.<\/li><li>Elaborar el presupuesto de inversion (Inversi\u00f3n fija, diferida y capital de trabajo)<\/li><li>Determinar la depreciaci\u00f3n annual y el valor residual de activos fijos<\/li><li>Elaboraci\u00f3n de cuadros de amortizaci\u00f3n aplicando el m\u00e9todo franc\u00e9s y alem\u00e1n (Paquete Excel).<\/li><li>Proyectar los ingresos y egresos de acuerdo al horizonte de evaluaci\u00f3n.<\/li><li>Elaborar flujos de efectivo con y sin apalancamiento de deuda p\u00fablica (Paquete Excel).<\/li><li>Determinar de la tasa de descuento o tasa de costo de oportunidad (Paquete Excel).<\/li><li>Determinar indicadores de evaluaci\u00f3n como el VAN (valor actual neto), la TIR (tasa interna de retorno) y el POR (periodo \u00f3ptimo de recuperaci\u00f3n de la inversi\u00f3n) (Paquete Excel).<\/li><li>An\u00e1lizar la sensibilidad con flujos de efectivo y puntos de equilibrio (Paquete Excel).<\/li><\/ul>\n\n\n\n<p><strong>CONTENIDO DEL CURSO:<\/strong><\/p>\n\n\n\n<p><strong>UNIDAD I<\/strong><\/p>\n\n\n\n<p><strong>Introducci\u00f3n a los Proyectos.<\/strong><\/p>\n\n\n\n<p>Se realizar\u00e1 una introducci\u00f3n de conceptos y nociones generales de los proyectos, considerando su clasificaci\u00f3n y las etapas generales de un proyecto como ser: Identificaci\u00f3n del proyecto, etapa de pre inversi\u00f3n (perfil, pre factibilidad, factibilidad y dise\u00f1o final), etapa de inversi\u00f3n, etapa de operaci\u00f3n y etapa de monitoreo y control de resultados (Se utiliza presentaciones en PowerPoint).<\/p>\n\n\n\n<p><strong>UNIDAD II<\/strong><\/p>\n\n\n\n<p><strong>Secuencia metodol\u00f3gica en proyectos de inversi\u00f3n privada<\/strong><\/p>\n\n\n\n<p>En el transcurso del curso, se pretende acompa\u00f1ar a la base te\u00f3rica, un modelo de proyecto ya elaborado con el objetivo de promover que el estudiante tenga un conocimiento de la metodolog\u00eda secuencial para realizar un proyecto desde el perfil, el estudio de mercado, la localizaci\u00f3n, el dimensionamiento tama\u00f1o del proyecto y la ingenier\u00eda del proyecto.<\/p>\n\n\n\n<p><strong>UNIDAD III<\/strong><\/p>\n\n\n\n<p><strong>An\u00e1lisis de factibilidad econ\u00f3mica financiera<\/strong><\/p>\n\n\n\n<p>Se realizar\u00e1 el mayor \u00e9nfasis en el an\u00e1lisis de la factibilidad econ\u00f3mica financiera del proyecto, considerando que se organizar\u00e1 la informaci\u00f3n referida a los ingresos por ventas, y los egresos operativos con \u00e9nfasis en el tratamiento de la depreciaci\u00f3n, con cuadros para determinar la cuota anual de depreciaci\u00f3n y el valor residual; por otra parte, se debe elaborar cuadros de amortizaci\u00f3n cuando existe apalancamiento financiero con deuda p\u00fablica<strong><\/strong><\/p>\n\n\n\n<p><strong>UNIDAD IV<\/strong><\/p>\n\n\n\n<p><strong>Elaboraci\u00f3n de flujos de efectivo<\/strong><\/p>\n\n\n\n<p>Un vez que se ha preparado todos los insumos concernientes a costos de producci\u00f3n, gastos operativos (Gastos administrativos, gastos de comercializaci\u00f3n y gastos financieros) cuadros de amortizaci\u00f3n, cuadros de depreciaci\u00f3n e ingresos por ventas, se procede a preparar el cuadro de flujo de efectivo que considerar\u00e1 todos estos aspectos para realizar la proyecci\u00f3n del mismo a 10 a\u00f1os de evaluaci\u00f3n.<strong><\/strong><\/p>\n\n\n\n<p><strong>UNIDAD V<\/strong><\/p>\n\n\n\n<p><strong>Elaboraci\u00f3n del flujo de efectivo actualizado<\/strong><\/p>\n\n\n\n<p>Para la elaboraci\u00f3n del flujo de efectivo actualizado, se debe determinar inicialmente la tasa de actualizaci\u00f3n o tasa de descuento en funci\u00f3n de los aportes de capital, las tasas de rendimiento exigido y la inversi\u00f3n total. Con la tasa de descuento determinada, se proceder\u00e1 a la aplicaci\u00f3n de f\u00f3rmulas en Excel para&nbsp; obtener el valor actual de cada uno de los valores futuros del flujo de efectivo.<\/p>\n\n\n\n<p><strong>UNIDAD VI<\/strong><\/p>\n\n\n\n<p><strong>Determinaci\u00f3n de criterios globales de evaluaci\u00f3n<\/strong><\/p>\n\n\n\n<p>Una vez que se tiene la actualizaci\u00f3n del flujo, se proceder\u00e1 a realizar la evaluaci\u00f3n del mismo, determinando criterios globales de evaluaci\u00f3n como ser el VAN (Valor actual neto), la TIR (Tasa interna de retorno) el POR (Periodo \u00f3ptimo de recuperaci\u00f3n de la inversi\u00f3n) con un interpretaci\u00f3n amplia en cada uno de los indicadores. Todo este procedimiento se realizar\u00e1 con el apoyo del paquete de Excel.<\/p>\n\n\n\n<p><strong>UNIDAD VII<\/strong><\/p>\n\n\n\n<p><strong>An\u00e1lisis de sensibilidad de proyectos de inversi\u00f3n.<\/strong><\/p>\n\n\n\n<p>En esta \u00faltima etapa, se realizar\u00e1 un an\u00e1lisis de sensibilidad en el precio unitario a trav\u00e9s de flujos de efectivo, un an\u00e1lisis de sensibilidad en los costos de producci\u00f3n y los beneficios obtenidos, manejando escenarios probabil\u00edsticos por la inestabilidad econ\u00f3mica, social, cultural y pol\u00edtica del pa\u00eds<\/p>\n\n\n\n<p><strong>UNIDAD VIII<\/strong><\/p>\n\n\n\n<p><strong>Pr\u00e1ctica de evaluaci\u00f3n y retroalimentaci\u00f3n<\/strong><\/p>\n\n\n\n<p>El participante realiza una pr\u00e1ctica integral que considera la preparaci\u00f3n de insumos como la elaboraci\u00f3n de cuadros de amortizaci\u00f3n, depreciaci\u00f3n, costos de producci\u00f3n, gastos operativos para la elaboraci\u00f3n del flujo de efectivo con el fin de obtener criterios globales de evaluaci\u00f3n y realizar el an\u00e1lisis de sensibilidad para un proyecto de inversi\u00f3n privada.<\/p>\n\n\n\n<p><strong>CURRICULUM VITAE DOCENTE<\/strong><\/p>\n\n\n\n<p><strong>&nbsp;<a>&nbsp;MSc. Lic. Cristhian Wilde<\/a><\/strong><\/p>\n\n\n\n<p>Licenciado en Administraci\u00f3n de Empresas y Contadur\u00eda P\u00fablica Autorizada<\/p>\n\n\n\n<p><strong>Diplomados:<\/strong> &nbsp;<\/p>\n\n\n\n<p><strong>Maestria<\/strong>:Preparaci\u00f3n, Evaluaci\u00f3n y Administraci\u00f3n de Proyectos \u201cU.A.J.M.S\u201d.&nbsp;&nbsp;&nbsp;&nbsp;&nbsp;&nbsp;&nbsp;&nbsp;&nbsp;&nbsp;&nbsp;<\/p>\n\n\n\n<p><strong>Doctorante en Proyectos<\/strong>&#8211; UNINI (Universidad Internacional Iberoamericana) FUNIBER-Espa\u00f1a<\/p>\n\n\n\n<p><strong>Experiencia laboral (\u00faltimos 3 cargos):<\/strong><\/p>\n\n\n\n<p>&nbsp;&nbsp; &#8211;&nbsp; Responsable de Monitoreo Financiero a la Inversi\u00f3n-Gobierno Aut\u00f3nomo del departamento de Tarija.<\/p>\n\n\n\n<p>&nbsp; &#8211;&nbsp; Jefe de Carreras de la Facultad de Ciencias Empresariales-Universidad Privada Domingo Savio<\/p>\n\n\n\n<p>&nbsp; &#8211;&nbsp; Decano de la Facultad de Ciencias Empresariales y Facultad de Ciencias Sociales y Jur\u00eddicas-Universidad Privada Domingo Savio.<\/p>\n","protected":false},"excerpt":{"rendered":"<p>CURSO CORTO: EVALUACI\u00d3N ECON\u00d3MICA Y FINANCIERA PARA PROYECTOS DE INVERSI\u00d3N PRIVADA MODALIDAD: Virtual DURACI\u00d3N:&nbsp;&nbsp;&nbsp;&nbsp;&nbsp;&nbsp;&nbsp;&nbsp;&nbsp; 2 Semanas CLASES SINCRONICAS POR ZOOM: LUNES MIERCOLES Y VIERNES DE 19:30 A 21 HRS. TODAS [&hellip;]<\/p>\n","protected":false},"author":118,"featured_media":0,"parent":0,"menu_order":0,"comment_status":"closed","ping_status":"closed","template":"","meta":{"jetpack_post_was_ever_published":false,"_joinchat":[],"footnotes":""},"class_list":["post-3657","page","type-page","status-publish","hentry"],"jetpack_sharing_enabled":true,"jetpack_shortlink":"https:\/\/wp.me\/P5Qmml-WZ","publishpress_future_action":{"enabled":false,"date":"2026-04-16 08:35:02","action":"change-status","newStatus":"draft","terms":[],"taxonomy":"","extraData":[]},"publishpress_future_workflow_manual_trigger":{"enabledWorkflows":[]},"_links":{"self":[{"href":"https:\/\/www.uajms.edu.bo\/posgrado\/wp-json\/wp\/v2\/pages\/3657","targetHints":{"allow":["GET"]}}],"collection":[{"href":"https:\/\/www.uajms.edu.bo\/posgrado\/wp-json\/wp\/v2\/pages"}],"about":[{"href":"https:\/\/www.uajms.edu.bo\/posgrado\/wp-json\/wp\/v2\/types\/page"}],"author":[{"embeddable":true,"href":"https:\/\/www.uajms.edu.bo\/posgrado\/wp-json\/wp\/v2\/users\/118"}],"replies":[{"embeddable":true,"href":"https:\/\/www.uajms.edu.bo\/posgrado\/wp-json\/wp\/v2\/comments?post=3657"}],"version-history":[{"count":3,"href":"https:\/\/www.uajms.edu.bo\/posgrado\/wp-json\/wp\/v2\/pages\/3657\/revisions"}],"predecessor-version":[{"id":3661,"href":"https:\/\/www.uajms.edu.bo\/posgrado\/wp-json\/wp\/v2\/pages\/3657\/revisions\/3661"}],"wp:attachment":[{"href":"https:\/\/www.uajms.edu.bo\/posgrado\/wp-json\/wp\/v2\/media?parent=3657"}],"curies":[{"name":"wp","href":"https:\/\/api.w.org\/{rel}","templated":true}]}}