

{"id":3651,"date":"2022-06-26T00:21:44","date_gmt":"2022-06-26T04:21:44","guid":{"rendered":"https:\/\/www.uajms.edu.bo\/posgrado\/?page_id=3651"},"modified":"2022-06-26T00:25:26","modified_gmt":"2022-06-26T04:25:26","slug":"curso-elaboracion-de-planes-de-negocio","status":"publish","type":"page","link":"https:\/\/www.uajms.edu.bo\/posgrado\/curso-elaboracion-de-planes-de-negocio\/","title":{"rendered":"CURSO ELABORACI\u00d3N DE PLANES DE NEGOCIO"},"content":{"rendered":"\n<p><strong>CURSO ELABORACI\u00d3N DE PLANES DE NEGOCIO<\/strong><\/p>\n\n\n\n<p><strong>MODALIDAD:<\/strong><\/p>\n\n\n\n<p>Virtual<\/p>\n\n\n\n<p><strong>DURACI\u00d3N:&nbsp;&nbsp;&nbsp;&nbsp;&nbsp;&nbsp;&nbsp;&nbsp;&nbsp;<\/strong><\/p>\n\n\n\n<p>4 SEMANAS<\/p>\n\n\n\n<p><strong>CLASES SINCRONICAS POR ZOOM:<\/strong><\/p>\n\n\n\n<p>JUEVES 19:30 A 21:30       SABADOS 15:00 A 17:00<\/p>\n\n\n\n<p>TODAS LAS CLASES SON GRABADAS Y SUBIDAS A LA PLATAFORMA MOODLE<\/p>\n\n\n\n<p><strong>COSTO:<\/strong><\/p>\n\n\n\n<p>PROFESIONALES 300 Bs.<\/p>\n\n\n\n<p>ESTUDIANTES&nbsp;&nbsp;&nbsp;&nbsp;&nbsp; 150 Bs.<\/p>\n\n\n\n<p><strong>CARGA HORARIA:<\/strong><\/p>\n\n\n\n<p>160 HORAS ACADEMICAS<\/p>\n\n\n\n<p><strong>DIRIGIDO A:<\/strong><\/p>\n\n\n\n<p>Profesionales y Estudiantes<\/p>\n\n\n\n<p><strong>REQUISITOS DE ADMISION AL CURSO:<\/strong><\/p>\n\n\n\n<p>No requiere conocimientos previos, empero, requiere equipo de computaci\u00f3n y acceso a internet para interactuar a trav\u00e9s de la aplicaci\u00f3n ZOOM<\/p>\n\n\n\n<p><strong>OBJETIVOS GENERALES:<\/strong><\/p>\n\n\n\n<p>Dotar conocimientos actualizados con respecto a la secuencia de pasos para la elaboraci\u00f3n de Planes de Negocios, en base a normativa nacional vigente.<\/p>\n\n\n\n<p><strong>OBJETIVOS ESPECIFICOS: &nbsp;&nbsp;<\/strong><\/p>\n\n\n\n<ul class=\"wp-block-list\"><li>Identificar adecuadamente una idea de negocio considerando el an\u00e1lisis de viabilidades (Comercial, legal, administrativa, econ\u00f3mica, ambiental, etc.)<\/li><li>Realizar un estudio de mercado para determinar la cobertura actual de mercado.<\/li><li>Elaborar un plan comercial para el producto y\/o servicio.<\/li><li>Determinar el tama\u00f1o del negocio.<\/li><li>Elaborar el plan de operaciones.<\/li><li>Dise\u00f1ar la estructura organizacional del negocio (Equipo de trabajo).<\/li><li>Realizar el plan financiero.<\/li><li>Elaborar el plan de implementaci\u00f3n del negocio.<\/li><\/ul>\n\n\n\n<p><strong>CONTENIDO DEL CURSO:<\/strong><\/p>\n\n\n\n<p><strong>Tema 1: <\/strong>Liderazgo y el perfil del emprendedor<\/p>\n\n\n\n<p><strong>Tema 2:<\/strong> Introducci\u00f3n a Planes de Negocio y Negocios Inclusivos.<\/p>\n\n\n\n<p><strong>Tema 3:<\/strong> Descripci\u00f3n del negocio.<\/p>\n\n\n\n<p><strong>Tema 4:<\/strong> Estudio de mercado y comercializaci\u00f3n<\/p>\n\n\n\n<p><strong>Tema 5:<\/strong> localizaci\u00f3n y tama\u00f1o del negocio<\/p>\n\n\n\n<p><strong>Tema 6:<\/strong> Operaciones.<\/p>\n\n\n\n<p><strong>Tema 7:<\/strong> Organizaci\u00f3n y Monitoreo.<\/p>\n\n\n\n<p><strong>Tema 8:<\/strong> Plan Financiero y evaluaci\u00f3n del plan de negocios<\/p>\n\n\n\n<p><strong>Tema 9:<\/strong> An\u00e1lisis de sensibilidad y riesgo.<\/p>\n\n\n\n<p><strong>Tema 10: <\/strong>Plan de implementaci\u00f3n<\/p>\n\n\n\n<p><strong><em>Mejores Pr\u00e1cticas Para La Capacitaci\u00f3n:<\/em><\/strong><\/p>\n\n\n\n<ul class=\"wp-block-list\"><li>El facilitador desarrollar\u00e1 un ejemplo pr\u00e1ctico de Plan de Negocio para ilustrar los contenidos de los temas propuestos.<\/li><li>El participante debe trabajar con una idea de negocio para acompa\u00f1ar de manera pr\u00e1ctica los contenidos que desarrollar\u00e1 el facilitador (Saber ser y saber hacer).<\/li><li>Al principio de cada tema se debe revisar el tema anterior y ver si hay algunas preguntas sobre el mismo.<\/li><li>Entre cada sesi\u00f3n de capacitaci\u00f3n el participante debe trabajar en su plan de negocio y aplicar el tema anterior que ya fue revisado. De esa manera se asegura que exista un progreso en su plan final.<\/li><\/ul>\n\n\n\n<p><strong>CURRICULUM VITAE DOCENTE<\/strong><\/p>\n\n\n\n<p><strong>MSc. Lic. Cristhian Wilde<\/strong><\/p>\n\n\n\n<p>Licenciado en Administraci\u00f3n de Empresas y Contadur\u00eda P\u00fablica Autorizada<\/p>\n\n\n\n<p><strong>Diplomados:<\/strong>&nbsp;<\/p>\n\n\n\n<ul class=\"wp-block-list\"><li>Teor\u00eda y Pr\u00e1ctica Pedag\u00f3gica Universitaria \u201cU.A.J.M.S\u201d<\/li><li>Creaci\u00f3n de Empresas y Desarrollo de Planes de Negocios \u201cUniversidad San Sebastian de Chile\u201d<\/li><li>Formaci\u00f3n de L\u00edderes Para la Transformaci\u00f3n (Fundaci\u00f3n IDEA-CAF).<\/li><li>Desarrollo Rural Empresarial (U.P.B)<\/li><li>Docencia Universitaria Basada en Competencias (U.P.D.S).<\/li><\/ul>\n\n\n\n<p><strong>Maestria<\/strong>:Preparaci\u00f3n, Evaluaci\u00f3n y Administraci\u00f3n de Proyectos \u201cU.A.J.M.S\u201d.&nbsp;&nbsp;&nbsp;&nbsp;&nbsp;&nbsp;&nbsp;&nbsp;&nbsp;&nbsp;&nbsp;<\/p>\n\n\n\n<p><strong>Doctorante en Proyectos<\/strong>&#8211; UNINI (Universidad Internacional Iberoamericana) FUNIBER-Espa\u00f1a<\/p>\n\n\n\n<p><strong>Experiencia laboral (\u00faltimos 3 cargos):<\/strong><\/p>\n\n\n\n<p>&nbsp;&nbsp; &#8211;&nbsp; Responsable de Monitoreo Financiero a la Inversi\u00f3n-Gobierno Aut\u00f3nomo del departamento de Tarija.<\/p>\n\n\n\n<p>&nbsp; &#8211;&nbsp; Jefe de Carreras de la Facultad de Ciencias Empresariales-Universidad Privada Domingo Savio<\/p>\n\n\n\n<p>&nbsp; &#8211;&nbsp; Decano de la Facultad de Ciencias Empresariales y Facultad de Ciencias Sociales y Jur\u00eddicas-Universidad Privada Domingo Savio.<\/p>\n","protected":false},"excerpt":{"rendered":"<p>CURSO ELABORACI\u00d3N DE PLANES DE NEGOCIO MODALIDAD: Virtual DURACI\u00d3N:&nbsp;&nbsp;&nbsp;&nbsp;&nbsp;&nbsp;&nbsp;&nbsp;&nbsp; 4 SEMANAS CLASES SINCRONICAS POR ZOOM: JUEVES 19:30 A 21:30 SABADOS 15:00 A 17:00 TODAS LAS CLASES SON GRABADAS Y SUBIDAS [&hellip;]<\/p>\n","protected":false},"author":118,"featured_media":0,"parent":0,"menu_order":0,"comment_status":"closed","ping_status":"closed","template":"","meta":{"jetpack_post_was_ever_published":false,"_joinchat":[],"footnotes":""},"class_list":["post-3651","page","type-page","status-publish","hentry"],"jetpack_sharing_enabled":true,"jetpack_shortlink":"https:\/\/wp.me\/P5Qmml-WT","publishpress_future_action":{"enabled":false,"date":"2026-04-12 11:32:24","action":"change-status","newStatus":"draft","terms":[],"taxonomy":"","extraData":[]},"publishpress_future_workflow_manual_trigger":{"enabledWorkflows":[]},"_links":{"self":[{"href":"https:\/\/www.uajms.edu.bo\/posgrado\/wp-json\/wp\/v2\/pages\/3651","targetHints":{"allow":["GET"]}}],"collection":[{"href":"https:\/\/www.uajms.edu.bo\/posgrado\/wp-json\/wp\/v2\/pages"}],"about":[{"href":"https:\/\/www.uajms.edu.bo\/posgrado\/wp-json\/wp\/v2\/types\/page"}],"author":[{"embeddable":true,"href":"https:\/\/www.uajms.edu.bo\/posgrado\/wp-json\/wp\/v2\/users\/118"}],"replies":[{"embeddable":true,"href":"https:\/\/www.uajms.edu.bo\/posgrado\/wp-json\/wp\/v2\/comments?post=3651"}],"version-history":[{"count":4,"href":"https:\/\/www.uajms.edu.bo\/posgrado\/wp-json\/wp\/v2\/pages\/3651\/revisions"}],"predecessor-version":[{"id":4261,"href":"https:\/\/www.uajms.edu.bo\/posgrado\/wp-json\/wp\/v2\/pages\/3651\/revisions\/4261"}],"wp:attachment":[{"href":"https:\/\/www.uajms.edu.bo\/posgrado\/wp-json\/wp\/v2\/media?parent=3651"}],"curies":[{"name":"wp","href":"https:\/\/api.w.org\/{rel}","templated":true}]}}