

{"id":3546,"date":"2022-04-28T11:19:50","date_gmt":"2022-04-28T15:19:50","guid":{"rendered":"https:\/\/www.uajms.edu.bo\/posgrado\/?page_id=3546"},"modified":"2022-04-28T11:19:51","modified_gmt":"2022-04-28T15:19:51","slug":"curso-especializado-en-regimen-de-medidas-cautelares-personales-y-revocatoria-conforme-ley-1173","status":"publish","type":"page","link":"https:\/\/www.uajms.edu.bo\/posgrado\/curso-especializado-en-regimen-de-medidas-cautelares-personales-y-revocatoria-conforme-ley-1173\/","title":{"rendered":"Curso Especializado en R\u00e9gimen de Medidas Cautelares Personales y Revocatoria conforme Ley 1173"},"content":{"rendered":"\n<ol class=\"wp-block-list\" type=\"1\"><li><strong>CURSO CORTO<\/strong><\/li><\/ol>\n\n\n\n<p>Curso Especializado en R\u00e9gimen de Medidas Cautelares Personales y Revocatoria conforme Ley 1173<\/p>\n\n\n\n<ul class=\"wp-block-list\"><li><strong>MODALIDAD<\/strong><\/li><\/ul>\n\n\n\n<p>100% virtual<\/p>\n\n\n\n<p>COSTO 150 Bs.<\/p>\n\n\n\n<ul class=\"wp-block-list\"><li><strong>DURACI\u00d3N<\/strong><\/li><\/ul>\n\n\n\n<p>2 SEMANAS<\/p>\n\n\n\n<p>CLASES SINCRONICAS 09, 11, 13, 16, 18 y 20 de MAYO de 2022<\/p>\n\n\n\n<p>&nbsp;&nbsp;&nbsp;&nbsp;&nbsp; Horarios de <strong>19:00 a 21:00 horas PM<\/strong><\/p>\n\n\n\n<p><strong>LUN, MIE, VIE<\/strong><\/p>\n\n\n\n<ul class=\"wp-block-list\"><li><strong>DIRIGIDO A:<\/strong><\/li><\/ul>\n\n\n\n<p>Abogados, funcionarios p\u00fablicos, jueces, fiscales, Procuradores y toda persona que tenga inter\u00e9s en la aplicaci\u00f3n de la Ley Nro. 1173.<\/p>\n\n\n\n<ul class=\"wp-block-list\"><li><strong>REQUISITOS DE INSCRIPCI\u00d3N<\/strong><\/li><\/ul>\n\n\n\n<p>Llenado de formulario Google Form.<\/p>\n\n\n\n<ul class=\"wp-block-list\"><li>Foto o captura del dep\u00f3sito realizado.<\/li><li>Foto anverso y reverso del Carnet de Identidad.<\/li><li>Correo Electr\u00f3nico.<\/li><li>N\u00famero de WhatsApp.<\/li><\/ul>\n\n\n\n<p><\/p>\n\n\n\n<ul class=\"wp-block-list\"><li><strong>OBJETIVO GENERAL<\/strong><\/li><\/ul>\n\n\n\n<p>Fortalecer el conocimiento de la aplicaci\u00f3n constitucional del r\u00e9gimen de medidas cautelares personales&nbsp; y la revocatoria conforme la Ley Nro. 1173 de abreviaci\u00f3n procesal penal.<\/p>\n\n\n\n<ul class=\"wp-block-list\"><li><strong>OBJETIVO ESPEC\u00cdFICO<\/strong><\/li><li>Conocer la aplicaci\u00f3n correcta del r\u00e9gimen de medidas cautelares personales y la revocatoria conforme la Ley Nro. 1173.<\/li><\/ul>\n\n\n\n<ul class=\"wp-block-list\"><li><strong>METODOLOG\u00cdA<\/strong><ul><li><strong>Metodolog\u00eda del proceso de ense\u00f1anza-aprendizaje&nbsp;<\/strong><\/li><\/ul><\/li><\/ul>\n\n\n\n<p>La metodolog\u00eda utilizada ser\u00e1 de clases virtuales V\u00eda Zoom, con el uso de plataforma Moodle, basadas en un profundo an\u00e1lisis de temas a tratar y adem\u00e1s ser\u00e1n planteados puntos de vista desde la diversidad de realidades y situaciones, donde el docente impartir\u00e1 experiencia y conocimiento a los estudiantes del curso.<\/p>\n\n\n\n<ul class=\"wp-block-list\"><li><strong>CERTIFICADO<\/strong><\/li><\/ul>\n\n\n\n<p>Todos los participantes recibir\u00e1n un Certificado de aprobaci\u00f3n emitido por la Secretar\u00eda de Educaci\u00f3n Continua de UAJMS.<\/p>\n\n\n\n<ul class=\"wp-block-list\"><li><strong>CONTENIDO DEL CURSO:<\/strong><\/li><\/ul>\n\n\n\n<p><strong>M\u00d3DULO I. MEDIDAS CAUTELARES<\/strong><\/p>\n\n\n\n<ul class=\"wp-block-list\"><li>An\u00e1lisis&nbsp; del r\u00e9gimen de medidas cautelares<\/li><li>Las medidas cautelares, bases y fundamentos<\/li><li>&nbsp;Diferencias de las medidas cautelares personales y reales.<\/li><li>&nbsp;La probabilidad de autor\u00eda y participaci\u00f3n criminal<\/li><li>&nbsp;Los peligros procesales desde la base normativa, convencional y jurisprudencial.<\/li><li>Peligros de fuga u obstaculizaci\u00f3n<\/li><li>Las medidas cautelares personales antes medidas sustitutivas a la detenci\u00f3n preventiva.<\/li><\/ul>\n\n\n\n<p><strong>M\u00d3DULO II. APELACI\u00d3N E IMPUGNACI\u00d3N A MEDIDAS CAUTELARES<\/strong>.<\/p>\n\n\n\n<ul class=\"wp-block-list\"><li>La improcedencia de la detenci\u00f3n preventiva, enfoque legal, jurisprudencial y convencional.<\/li><li>La cesaci\u00f3n a la detenci\u00f3n preventiva desde el enfoque normativo, jurisprudencial y convencional.<\/li><li>La audiencia de medidas cautelares, cesaci\u00f3n, aplicaci\u00f3n estructura procesal y normativa.<\/li><li>&nbsp;Apelaci\u00f3n incidental de las medidas cautelares<\/li><li>Incidentes y excepciones en audiencias de medidas cautelares<\/li><li>Resoluciones que impugnan las medidas cautelares.<\/li><\/ul>\n\n\n\n<p><strong>M\u00d3DULO III. REVOCATORIA DE MEDIDAS CAUTELARES LEY 1173<\/strong><\/p>\n\n\n\n<ul class=\"wp-block-list\"><li>&nbsp;Revocatoria de medidas cautelares \u2013 Ley 1173.<\/li><li>Causales de revocatoria<\/li><li>Medidas gravosas<\/li><li>Detenci\u00f3n preventiva<\/li><li>Presupuestos de procedencia<\/li><li>Carga argumentativa y probatoria.<\/li><li>Din\u00e1mica procesal de la audiencia y r\u00e9gimen de impugnaci\u00f3n.<\/li><\/ul>\n\n\n\n<ul class=\"wp-block-list\"><li><strong>CURRICULUM VITAE DOCENTE<\/strong><\/li><\/ul>\n\n\n\n<p><strong>Dr. Boris Fidel Salazar Liz\u00e1rraga<\/strong><strong><\/strong><\/p>\n\n\n\n<p><strong>Tel\u00e9fono Cel.:<\/strong> (591) 70767993<\/p>\n\n\n\n<p><strong>Correo:<\/strong> salazar41boris@gmail.com<\/p>\n\n\n\n<p><strong>Profesi\u00f3n:<\/strong><\/p>\n\n\n\n<p>Abogado por la Universidad Mayor de San Sim\u00f3n<\/p>\n\n\n\n<p><strong>Postgrados en el \u00e1rea:<\/strong><\/p>\n\n\n\n<p>\u00b7&nbsp;&nbsp;&nbsp;&nbsp;&nbsp;&nbsp;&nbsp;&nbsp; Ciencias Penales<\/p>\n\n\n\n<p>\u00b7&nbsp;&nbsp;&nbsp;&nbsp;&nbsp;&nbsp;&nbsp;&nbsp; Docencia Universitaria menci\u00f3n en Ciencias Jur\u00eddicas y Pol\u00edticas<\/p>\n\n\n\n<p>\u00b7&nbsp;&nbsp;&nbsp;&nbsp;&nbsp;&nbsp;&nbsp;&nbsp; Educaci\u00f3n Superior por Competencias: Gesti\u00f3n y Administraci\u00f3n Acad\u00e9mica<\/p>\n\n\n\n<p>\u00b7&nbsp;&nbsp;&nbsp;&nbsp;&nbsp;&nbsp;&nbsp;&nbsp; Estrategias de Aprendizaje por Competencias<\/p>\n\n\n\n<p>\u00b7&nbsp;&nbsp;&nbsp;&nbsp;&nbsp;&nbsp;&nbsp;&nbsp; Neuroeducaci\u00f3n&nbsp;<\/p>\n\n\n\n<p><strong>Experiencia en el \u00e1rea:<\/strong><\/p>\n\n\n\n<p>\u00b7&nbsp;&nbsp;&nbsp;&nbsp;&nbsp;&nbsp;&nbsp;&nbsp; Abogado penalista en el Despacho de<\/p>\n\n\n\n<p>Abogados &#8211; Ontiveros &amp; Salazar<\/p>\n\n\n\n<p>\u00b7&nbsp;&nbsp;&nbsp;&nbsp;&nbsp;&nbsp;&nbsp;&nbsp; Abogado penalista en el Despacho Internacional de<\/p>\n\n\n\n<p>Abogados &#8211; Lobo &amp; Graham<\/p>\n\n\n\n<p>\u00b7&nbsp;&nbsp;&nbsp;&nbsp;&nbsp;&nbsp;&nbsp;&nbsp; Miembro de la Academia Boliviana de Ciencias Jur\u00eddico Penales<\/p>\n\n\n\n<p><strong>Docencia en el \u00e1rea:<\/strong><\/p>\n\n\n\n<p>\u00b7&nbsp;&nbsp;&nbsp;&nbsp;&nbsp;&nbsp;&nbsp;&nbsp; Docente de pregrado en las asignaturas de Derecho Penal y Derecho Penal Especial<\/p>\n\n\n\n<p>\u00b7&nbsp;&nbsp;&nbsp;&nbsp;&nbsp;&nbsp;&nbsp;&nbsp; Docente de post grado Diplomados en Derecho Procesal Penal \u2013 Derecho Penal e imputaci\u00f3n objetiva<\/p>\n\n\n\n<p>\u00b7&nbsp;&nbsp;&nbsp;&nbsp;&nbsp;&nbsp;&nbsp;&nbsp; Docente de maestr\u00eda en Derecho Penal e imputaci\u00f3n objetiva<\/p>\n\n\n\n<p>\u00b7&nbsp;&nbsp;&nbsp;&nbsp;&nbsp;&nbsp;&nbsp;&nbsp; Docente de maestr\u00eda en Derecho Penal y Procesal Penal<\/p>\n","protected":false},"excerpt":{"rendered":"<p>CURSO CORTO Curso Especializado en R\u00e9gimen de Medidas Cautelares Personales y Revocatoria conforme Ley 1173 MODALIDAD 100% virtual COSTO 150 Bs. DURACI\u00d3N 2 SEMANAS CLASES SINCRONICAS 09, 11, 13, 16, [&hellip;]<\/p>\n","protected":false},"author":118,"featured_media":0,"parent":0,"menu_order":0,"comment_status":"closed","ping_status":"closed","template":"","meta":{"jetpack_post_was_ever_published":false,"_joinchat":[],"footnotes":""},"class_list":["post-3546","page","type-page","status-publish","hentry"],"jetpack_sharing_enabled":true,"jetpack_shortlink":"https:\/\/wp.me\/P5Qmml-Vc","publishpress_future_action":{"enabled":false,"date":"2026-05-13 12:21:43","action":"change-status","newStatus":"draft","terms":[],"taxonomy":"","extraData":[]},"publishpress_future_workflow_manual_trigger":{"enabledWorkflows":[]},"_links":{"self":[{"href":"https:\/\/www.uajms.edu.bo\/posgrado\/wp-json\/wp\/v2\/pages\/3546","targetHints":{"allow":["GET"]}}],"collection":[{"href":"https:\/\/www.uajms.edu.bo\/posgrado\/wp-json\/wp\/v2\/pages"}],"about":[{"href":"https:\/\/www.uajms.edu.bo\/posgrado\/wp-json\/wp\/v2\/types\/page"}],"author":[{"embeddable":true,"href":"https:\/\/www.uajms.edu.bo\/posgrado\/wp-json\/wp\/v2\/users\/118"}],"replies":[{"embeddable":true,"href":"https:\/\/www.uajms.edu.bo\/posgrado\/wp-json\/wp\/v2\/comments?post=3546"}],"version-history":[{"count":1,"href":"https:\/\/www.uajms.edu.bo\/posgrado\/wp-json\/wp\/v2\/pages\/3546\/revisions"}],"predecessor-version":[{"id":3547,"href":"https:\/\/www.uajms.edu.bo\/posgrado\/wp-json\/wp\/v2\/pages\/3546\/revisions\/3547"}],"wp:attachment":[{"href":"https:\/\/www.uajms.edu.bo\/posgrado\/wp-json\/wp\/v2\/media?parent=3546"}],"curies":[{"name":"wp","href":"https:\/\/api.w.org\/{rel}","templated":true}]}}