

{"id":3424,"date":"2022-03-09T13:45:10","date_gmt":"2022-03-09T17:45:10","guid":{"rendered":"https:\/\/www.uajms.edu.bo\/posgrado\/?page_id=3424"},"modified":"2024-03-16T09:32:46","modified_gmt":"2024-03-16T13:32:46","slug":"maestria-en-bioquimica-clinica-y-microbiologia","status":"publish","type":"page","link":"https:\/\/www.uajms.edu.bo\/posgrado\/maestria-en-bioquimica-clinica-y-microbiologia\/","title":{"rendered":"MAESTR\u00cdA EN BIOQU\u00cdMICA CL\u00cdNICA Y MICROBIOLOG\u00cdA"},"content":{"rendered":"<div class=\"wp-block-image\">\n<figure class=\"aligncenter size-full\"><a href=\"https:\/\/www.uajms.edu.bo\/posgrado\/wp-content\/uploads\/sites\/10\/2024\/03\/PRINCIPAL-11.jpg\"><img fetchpriority=\"high\" decoding=\"async\" width=\"903\" height=\"1280\" data-attachment-id=\"7568\" data-permalink=\"https:\/\/www.uajms.edu.bo\/posgrado\/maestria-en-bioquimica-clinica-y-microbiologia\/principal-11\/\" data-orig-file=\"https:\/\/www.uajms.edu.bo\/posgrado\/wp-content\/uploads\/sites\/10\/2024\/03\/PRINCIPAL-11.jpg\" data-orig-size=\"903,1280\" data-comments-opened=\"1\" data-image-meta=\"{&quot;aperture&quot;:&quot;0&quot;,&quot;credit&quot;:&quot;&quot;,&quot;camera&quot;:&quot;&quot;,&quot;caption&quot;:&quot;&quot;,&quot;created_timestamp&quot;:&quot;0&quot;,&quot;copyright&quot;:&quot;&quot;,&quot;focal_length&quot;:&quot;0&quot;,&quot;iso&quot;:&quot;0&quot;,&quot;shutter_speed&quot;:&quot;0&quot;,&quot;title&quot;:&quot;&quot;,&quot;orientation&quot;:&quot;0&quot;}\" data-image-title=\"PRINCIPAL-11\" data-image-description=\"\" data-image-caption=\"\" data-medium-file=\"https:\/\/www.uajms.edu.bo\/posgrado\/wp-content\/uploads\/sites\/10\/2024\/03\/PRINCIPAL-11.jpg\" data-large-file=\"https:\/\/www.uajms.edu.bo\/posgrado\/wp-content\/uploads\/sites\/10\/2024\/03\/PRINCIPAL-11.jpg\" src=\"https:\/\/www.uajms.edu.bo\/posgrado\/wp-content\/uploads\/sites\/10\/2024\/03\/PRINCIPAL-11.jpg\" alt=\"\" class=\"wp-image-7568\" \/><\/a><\/figure>\n<\/div>\n\n<div class=\"wp-block-image\">\n<figure class=\"aligncenter size-full\"><a href=\"https:\/\/www.uajms.edu.bo\/posgrado\/wp-content\/uploads\/sites\/10\/2024\/03\/01-10.jpg\"><img decoding=\"async\" width=\"903\" height=\"1280\" data-attachment-id=\"7569\" data-permalink=\"https:\/\/www.uajms.edu.bo\/posgrado\/maestria-en-bioquimica-clinica-y-microbiologia\/01-10\/\" data-orig-file=\"https:\/\/www.uajms.edu.bo\/posgrado\/wp-content\/uploads\/sites\/10\/2024\/03\/01-10.jpg\" data-orig-size=\"903,1280\" data-comments-opened=\"1\" data-image-meta=\"{&quot;aperture&quot;:&quot;0&quot;,&quot;credit&quot;:&quot;&quot;,&quot;camera&quot;:&quot;&quot;,&quot;caption&quot;:&quot;&quot;,&quot;created_timestamp&quot;:&quot;0&quot;,&quot;copyright&quot;:&quot;&quot;,&quot;focal_length&quot;:&quot;0&quot;,&quot;iso&quot;:&quot;0&quot;,&quot;shutter_speed&quot;:&quot;0&quot;,&quot;title&quot;:&quot;&quot;,&quot;orientation&quot;:&quot;0&quot;}\" data-image-title=\"01-10\" data-image-description=\"\" data-image-caption=\"\" data-medium-file=\"https:\/\/www.uajms.edu.bo\/posgrado\/wp-content\/uploads\/sites\/10\/2024\/03\/01-10.jpg\" data-large-file=\"https:\/\/www.uajms.edu.bo\/posgrado\/wp-content\/uploads\/sites\/10\/2024\/03\/01-10.jpg\" src=\"https:\/\/www.uajms.edu.bo\/posgrado\/wp-content\/uploads\/sites\/10\/2024\/03\/01-10.jpg\" alt=\"\" class=\"wp-image-7569\" \/><\/a><\/figure>\n<\/div>\n\n<div class=\"wp-block-image\">\n<figure class=\"aligncenter size-full\"><a href=\"https:\/\/www.uajms.edu.bo\/posgrado\/wp-content\/uploads\/sites\/10\/2024\/03\/02-9.jpg\"><img decoding=\"async\" width=\"903\" height=\"1280\" data-attachment-id=\"7570\" data-permalink=\"https:\/\/www.uajms.edu.bo\/posgrado\/maestria-en-bioquimica-clinica-y-microbiologia\/02-9\/\" data-orig-file=\"https:\/\/www.uajms.edu.bo\/posgrado\/wp-content\/uploads\/sites\/10\/2024\/03\/02-9.jpg\" data-orig-size=\"903,1280\" data-comments-opened=\"1\" data-image-meta=\"{&quot;aperture&quot;:&quot;0&quot;,&quot;credit&quot;:&quot;&quot;,&quot;camera&quot;:&quot;&quot;,&quot;caption&quot;:&quot;&quot;,&quot;created_timestamp&quot;:&quot;0&quot;,&quot;copyright&quot;:&quot;&quot;,&quot;focal_length&quot;:&quot;0&quot;,&quot;iso&quot;:&quot;0&quot;,&quot;shutter_speed&quot;:&quot;0&quot;,&quot;title&quot;:&quot;&quot;,&quot;orientation&quot;:&quot;0&quot;}\" data-image-title=\"02-9\" data-image-description=\"\" data-image-caption=\"\" data-medium-file=\"https:\/\/www.uajms.edu.bo\/posgrado\/wp-content\/uploads\/sites\/10\/2024\/03\/02-9.jpg\" data-large-file=\"https:\/\/www.uajms.edu.bo\/posgrado\/wp-content\/uploads\/sites\/10\/2024\/03\/02-9.jpg\" src=\"https:\/\/www.uajms.edu.bo\/posgrado\/wp-content\/uploads\/sites\/10\/2024\/03\/02-9.jpg\" alt=\"\" class=\"wp-image-7570\" \/><\/a><\/figure>\n<\/div>\n\n<div class=\"wp-block-image\">\n<figure class=\"aligncenter size-full\"><a href=\"https:\/\/www.uajms.edu.bo\/posgrado\/wp-content\/uploads\/sites\/10\/2024\/03\/03-6.jpg\"><img loading=\"lazy\" decoding=\"async\" width=\"903\" height=\"1280\" data-attachment-id=\"7571\" data-permalink=\"https:\/\/www.uajms.edu.bo\/posgrado\/maestria-en-bioquimica-clinica-y-microbiologia\/03-6-2\/\" data-orig-file=\"https:\/\/www.uajms.edu.bo\/posgrado\/wp-content\/uploads\/sites\/10\/2024\/03\/03-6.jpg\" data-orig-size=\"903,1280\" data-comments-opened=\"1\" data-image-meta=\"{&quot;aperture&quot;:&quot;0&quot;,&quot;credit&quot;:&quot;&quot;,&quot;camera&quot;:&quot;&quot;,&quot;caption&quot;:&quot;&quot;,&quot;created_timestamp&quot;:&quot;0&quot;,&quot;copyright&quot;:&quot;&quot;,&quot;focal_length&quot;:&quot;0&quot;,&quot;iso&quot;:&quot;0&quot;,&quot;shutter_speed&quot;:&quot;0&quot;,&quot;title&quot;:&quot;&quot;,&quot;orientation&quot;:&quot;0&quot;}\" data-image-title=\"03-6\" data-image-description=\"\" data-image-caption=\"\" data-medium-file=\"https:\/\/www.uajms.edu.bo\/posgrado\/wp-content\/uploads\/sites\/10\/2024\/03\/03-6.jpg\" data-large-file=\"https:\/\/www.uajms.edu.bo\/posgrado\/wp-content\/uploads\/sites\/10\/2024\/03\/03-6.jpg\" src=\"https:\/\/www.uajms.edu.bo\/posgrado\/wp-content\/uploads\/sites\/10\/2024\/03\/03-6.jpg\" alt=\"\" class=\"wp-image-7571\" \/><\/a><\/figure>\n<\/div>\n\n<div class=\"wp-block-image\">\n<figure class=\"aligncenter size-full\"><a href=\"https:\/\/www.uajms.edu.bo\/posgrado\/wp-content\/uploads\/sites\/10\/2024\/03\/05-6.jpg\"><img loading=\"lazy\" decoding=\"async\" width=\"903\" height=\"1280\" data-attachment-id=\"7574\" data-permalink=\"https:\/\/www.uajms.edu.bo\/posgrado\/maestria-en-bioquimica-clinica-y-microbiologia\/05-6\/\" data-orig-file=\"https:\/\/www.uajms.edu.bo\/posgrado\/wp-content\/uploads\/sites\/10\/2024\/03\/05-6.jpg\" data-orig-size=\"903,1280\" data-comments-opened=\"1\" data-image-meta=\"{&quot;aperture&quot;:&quot;0&quot;,&quot;credit&quot;:&quot;&quot;,&quot;camera&quot;:&quot;&quot;,&quot;caption&quot;:&quot;&quot;,&quot;created_timestamp&quot;:&quot;0&quot;,&quot;copyright&quot;:&quot;&quot;,&quot;focal_length&quot;:&quot;0&quot;,&quot;iso&quot;:&quot;0&quot;,&quot;shutter_speed&quot;:&quot;0&quot;,&quot;title&quot;:&quot;&quot;,&quot;orientation&quot;:&quot;0&quot;}\" data-image-title=\"05-6\" data-image-description=\"\" data-image-caption=\"\" data-medium-file=\"https:\/\/www.uajms.edu.bo\/posgrado\/wp-content\/uploads\/sites\/10\/2024\/03\/05-6.jpg\" data-large-file=\"https:\/\/www.uajms.edu.bo\/posgrado\/wp-content\/uploads\/sites\/10\/2024\/03\/05-6.jpg\" src=\"https:\/\/www.uajms.edu.bo\/posgrado\/wp-content\/uploads\/sites\/10\/2024\/03\/05-6.jpg\" alt=\"\" class=\"wp-image-7574\" \/><\/a><\/figure>\n<\/div>\n\n<div class=\"wp-block-image\">\n<figure class=\"aligncenter size-full\"><a href=\"https:\/\/www.uajms.edu.bo\/posgrado\/wp-content\/uploads\/sites\/10\/2024\/03\/04-4.jpg\"><img loading=\"lazy\" decoding=\"async\" width=\"903\" height=\"1280\" data-attachment-id=\"7572\" data-permalink=\"https:\/\/www.uajms.edu.bo\/posgrado\/maestria-en-bioquimica-clinica-y-microbiologia\/04-4-2\/\" data-orig-file=\"https:\/\/www.uajms.edu.bo\/posgrado\/wp-content\/uploads\/sites\/10\/2024\/03\/04-4.jpg\" data-orig-size=\"903,1280\" data-comments-opened=\"1\" data-image-meta=\"{&quot;aperture&quot;:&quot;0&quot;,&quot;credit&quot;:&quot;&quot;,&quot;camera&quot;:&quot;&quot;,&quot;caption&quot;:&quot;&quot;,&quot;created_timestamp&quot;:&quot;0&quot;,&quot;copyright&quot;:&quot;&quot;,&quot;focal_length&quot;:&quot;0&quot;,&quot;iso&quot;:&quot;0&quot;,&quot;shutter_speed&quot;:&quot;0&quot;,&quot;title&quot;:&quot;&quot;,&quot;orientation&quot;:&quot;0&quot;}\" data-image-title=\"04-4\" data-image-description=\"\" data-image-caption=\"\" data-medium-file=\"https:\/\/www.uajms.edu.bo\/posgrado\/wp-content\/uploads\/sites\/10\/2024\/03\/04-4.jpg\" data-large-file=\"https:\/\/www.uajms.edu.bo\/posgrado\/wp-content\/uploads\/sites\/10\/2024\/03\/04-4.jpg\" src=\"https:\/\/www.uajms.edu.bo\/posgrado\/wp-content\/uploads\/sites\/10\/2024\/03\/04-4.jpg\" alt=\"\" class=\"wp-image-7572\" \/><\/a><\/figure>\n<\/div>\n\n\n<figure class=\"wp-block-image size-full\"><a href=\"https:\/\/www.uajms.edu.bo\/posgrado\/wp-content\/uploads\/sites\/10\/2024\/03\/FINAL-6.jpg\"><img loading=\"lazy\" decoding=\"async\" width=\"903\" height=\"1280\" data-attachment-id=\"7575\" data-permalink=\"https:\/\/www.uajms.edu.bo\/posgrado\/maestria-en-bioquimica-clinica-y-microbiologia\/final-6\/\" data-orig-file=\"https:\/\/www.uajms.edu.bo\/posgrado\/wp-content\/uploads\/sites\/10\/2024\/03\/FINAL-6.jpg\" data-orig-size=\"903,1280\" data-comments-opened=\"1\" data-image-meta=\"{&quot;aperture&quot;:&quot;0&quot;,&quot;credit&quot;:&quot;&quot;,&quot;camera&quot;:&quot;&quot;,&quot;caption&quot;:&quot;&quot;,&quot;created_timestamp&quot;:&quot;0&quot;,&quot;copyright&quot;:&quot;&quot;,&quot;focal_length&quot;:&quot;0&quot;,&quot;iso&quot;:&quot;0&quot;,&quot;shutter_speed&quot;:&quot;0&quot;,&quot;title&quot;:&quot;&quot;,&quot;orientation&quot;:&quot;0&quot;}\" data-image-title=\"FINAL-6\" data-image-description=\"\" data-image-caption=\"\" data-medium-file=\"https:\/\/www.uajms.edu.bo\/posgrado\/wp-content\/uploads\/sites\/10\/2024\/03\/FINAL-6.jpg\" data-large-file=\"https:\/\/www.uajms.edu.bo\/posgrado\/wp-content\/uploads\/sites\/10\/2024\/03\/FINAL-6.jpg\" src=\"https:\/\/www.uajms.edu.bo\/posgrado\/wp-content\/uploads\/sites\/10\/2024\/03\/FINAL-6.jpg\" alt=\"\" class=\"wp-image-7575\" \/><\/a><\/figure>\n\n\n\n<p><\/p>\n\n\n\n<p><\/p>\n\n\n\n<p><\/p>\n\n\n\n<p><\/p>\n\n\n\n<p><\/p>\n\n\n\n<p><\/p>\n\n\n\n<p><\/p>\n\n\n\n<p><\/p>\n\n\n\n<p><\/p>\n\n\n\n<p><\/p>\n\n\n\n<p><\/p>\n\n\n\n<p><\/p>\n\n\n\n<p><\/p>\n\n\n\n<p><\/p>\n\n\n\n<div class=\"wp-block-buttons is-layout-flex wp-block-buttons-is-layout-flex\">\n<div class=\"wp-block-button has-custom-font-size has-small-font-size\"><a class=\"wp-block-button__link has-white-color has-vivid-cyan-blue-background-color has-text-color has-background wp-element-button\" href=\"https:\/\/www.uajms.edu.bo\/posgrado\/wp-content\/uploads\/sites\/10\/2022\/02\/FICHA-DE-ADMISION.pdf\" target=\"_blank\" rel=\"noreferrer noopener\">Ficha de Admisi\u00f3n<\/a><\/div>\n<\/div>\n\n\n\n<p><\/p>\n","protected":false},"excerpt":{"rendered":"","protected":false},"author":118,"featured_media":0,"parent":0,"menu_order":0,"comment_status":"closed","ping_status":"closed","template":"","meta":{"jetpack_post_was_ever_published":false,"_joinchat":[],"footnotes":""},"class_list":["post-3424","page","type-page","status-publish","hentry"],"jetpack_sharing_enabled":true,"jetpack_shortlink":"https:\/\/wp.me\/P5Qmml-Te","publishpress_future_action":{"enabled":false,"date":"2026-05-12 11:43:09","action":"change-status","newStatus":"draft","terms":[],"taxonomy":"","extraData":[]},"publishpress_future_workflow_manual_trigger":{"enabledWorkflows":[]},"_links":{"self":[{"href":"https:\/\/www.uajms.edu.bo\/posgrado\/wp-json\/wp\/v2\/pages\/3424","targetHints":{"allow":["GET"]}}],"collection":[{"href":"https:\/\/www.uajms.edu.bo\/posgrado\/wp-json\/wp\/v2\/pages"}],"about":[{"href":"https:\/\/www.uajms.edu.bo\/posgrado\/wp-json\/wp\/v2\/types\/page"}],"author":[{"embeddable":true,"href":"https:\/\/www.uajms.edu.bo\/posgrado\/wp-json\/wp\/v2\/users\/118"}],"replies":[{"embeddable":true,"href":"https:\/\/www.uajms.edu.bo\/posgrado\/wp-json\/wp\/v2\/comments?post=3424"}],"version-history":[{"count":5,"href":"https:\/\/www.uajms.edu.bo\/posgrado\/wp-json\/wp\/v2\/pages\/3424\/revisions"}],"predecessor-version":[{"id":7579,"href":"https:\/\/www.uajms.edu.bo\/posgrado\/wp-json\/wp\/v2\/pages\/3424\/revisions\/7579"}],"wp:attachment":[{"href":"https:\/\/www.uajms.edu.bo\/posgrado\/wp-json\/wp\/v2\/media?parent=3424"}],"curies":[{"name":"wp","href":"https:\/\/api.w.org\/{rel}","templated":true}]}}