

{"id":3421,"date":"2022-03-09T13:29:48","date_gmt":"2022-03-09T17:29:48","guid":{"rendered":"https:\/\/www.uajms.edu.bo\/posgrado\/?page_id=3421"},"modified":"2023-09-04T20:51:54","modified_gmt":"2023-09-05T00:51:54","slug":"maestria-en-enfermeria-en-terapia-intensiva","status":"publish","type":"page","link":"https:\/\/www.uajms.edu.bo\/posgrado\/maestria-en-enfermeria-en-terapia-intensiva\/","title":{"rendered":"MAESTR\u00cdA EN ENFERMER\u00cdA EN TERAPIA INTENSIVA"},"content":{"rendered":"\n<figure class=\"wp-block-image size-full\"><a href=\"http:\/\/www.uajms.edu.bo\/posgrado\/wp-content\/uploads\/sites\/10\/2023\/08\/BOTON11-5.jpg\"><img decoding=\"async\" width=\"397\" height=\"43\" data-attachment-id=\"6021\" data-permalink=\"https:\/\/www.uajms.edu.bo\/posgrado\/2023\/08\/21\/diplomado-en-metodologia-de-la-investigacion-cientifica\/boton11-5\/\" data-orig-file=\"https:\/\/www.uajms.edu.bo\/posgrado\/wp-content\/uploads\/sites\/10\/2023\/08\/BOTON11-5.jpg\" data-orig-size=\"397,43\" data-comments-opened=\"1\" data-image-meta=\"{&quot;aperture&quot;:&quot;0&quot;,&quot;credit&quot;:&quot;&quot;,&quot;camera&quot;:&quot;&quot;,&quot;caption&quot;:&quot;&quot;,&quot;created_timestamp&quot;:&quot;0&quot;,&quot;copyright&quot;:&quot;&quot;,&quot;focal_length&quot;:&quot;0&quot;,&quot;iso&quot;:&quot;0&quot;,&quot;shutter_speed&quot;:&quot;0&quot;,&quot;title&quot;:&quot;&quot;,&quot;orientation&quot;:&quot;1&quot;}\" data-image-title=\"BOTON11-5\" data-image-description=\"\" data-image-caption=\"\" data-medium-file=\"https:\/\/www.uajms.edu.bo\/posgrado\/wp-content\/uploads\/sites\/10\/2023\/08\/BOTON11-5-300x32.jpg\" data-large-file=\"https:\/\/www.uajms.edu.bo\/posgrado\/wp-content\/uploads\/sites\/10\/2023\/08\/BOTON11-5.jpg\" src=\"http:\/\/www.uajms.edu.bo\/posgrado\/wp-content\/uploads\/sites\/10\/2023\/08\/BOTON11-5.jpg\" alt=\"\" class=\"wp-image-6021\" srcset=\"https:\/\/www.uajms.edu.bo\/posgrado\/wp-content\/uploads\/sites\/10\/2023\/08\/BOTON11-5.jpg 397w, https:\/\/www.uajms.edu.bo\/posgrado\/wp-content\/uploads\/sites\/10\/2023\/08\/BOTON11-5-300x32.jpg 300w\" sizes=\"(max-width: 397px) 100vw, 397px\" \/><\/a><\/figure>\n\n\n\n<p><\/p>\n\n\n\n<p>Formar mag\u00edsteres y especialistas dotados de conocimientos y habilidades cl\u00ednicas, t\u00e9cnicas y metodol\u00f3gicas avanzadas que les permitan desempe\u00f1arse eficientemente, tanto en el \u00e1rea de la asistencia de pacientes internados en servicios de Terapia Intensiva e Intermedia, como en actividades relacionadas con la investigaci\u00f3n, la docencia y la administraci\u00f3n de servicios en el \u00e1rea.<\/p>\n\n\n\n<p><\/p>\n\n\n\n<figure class=\"wp-block-image size-full\"><a href=\"http:\/\/www.uajms.edu.bo\/posgrado\/wp-content\/uploads\/sites\/10\/2023\/08\/BOTON12.jpg\"><img decoding=\"async\" width=\"397\" height=\"43\" data-attachment-id=\"5960\" data-permalink=\"https:\/\/www.uajms.edu.bo\/posgrado\/2023\/08\/21\/diplomado-en-metodologia-de-la-investigacion-cientifica\/boton12\/\" data-orig-file=\"https:\/\/www.uajms.edu.bo\/posgrado\/wp-content\/uploads\/sites\/10\/2023\/08\/BOTON12.jpg\" data-orig-size=\"397,43\" data-comments-opened=\"1\" data-image-meta=\"{&quot;aperture&quot;:&quot;0&quot;,&quot;credit&quot;:&quot;&quot;,&quot;camera&quot;:&quot;&quot;,&quot;caption&quot;:&quot;&quot;,&quot;created_timestamp&quot;:&quot;0&quot;,&quot;copyright&quot;:&quot;&quot;,&quot;focal_length&quot;:&quot;0&quot;,&quot;iso&quot;:&quot;0&quot;,&quot;shutter_speed&quot;:&quot;0&quot;,&quot;title&quot;:&quot;&quot;,&quot;orientation&quot;:&quot;1&quot;}\" data-image-title=\"BOTON12\" data-image-description=\"\" data-image-caption=\"\" data-medium-file=\"https:\/\/www.uajms.edu.bo\/posgrado\/wp-content\/uploads\/sites\/10\/2023\/08\/BOTON12-300x32.jpg\" data-large-file=\"https:\/\/www.uajms.edu.bo\/posgrado\/wp-content\/uploads\/sites\/10\/2023\/08\/BOTON12.jpg\" src=\"http:\/\/www.uajms.edu.bo\/posgrado\/wp-content\/uploads\/sites\/10\/2023\/08\/BOTON12.jpg\" alt=\"\" class=\"wp-image-5960\" srcset=\"https:\/\/www.uajms.edu.bo\/posgrado\/wp-content\/uploads\/sites\/10\/2023\/08\/BOTON12.jpg 397w, https:\/\/www.uajms.edu.bo\/posgrado\/wp-content\/uploads\/sites\/10\/2023\/08\/BOTON12-300x32.jpg 300w\" sizes=\"(max-width: 397px) 100vw, 397px\" \/><\/a><\/figure>\n\n\n\n<p><\/p>\n\n\n\n<p>Tiene duraci\u00f3n de 24 meses calendario en el cual se encuentra incluido el tiempo para elaboraci\u00f3n presentaci\u00f3n y defensa de la tesis de Maestr\u00eda. Modalidad Semipresencial para m\u00f3dulos pr\u00e1cticos.<\/p>\n\n\n\n<p><\/p>\n\n\n\n<figure class=\"wp-block-image size-full\"><a href=\"http:\/\/www.uajms.edu.bo\/posgrado\/wp-content\/uploads\/sites\/10\/2023\/08\/BOTON15-1.jpg\"><img decoding=\"async\" width=\"397\" height=\"43\" data-attachment-id=\"6026\" data-permalink=\"https:\/\/www.uajms.edu.bo\/posgrado\/2023\/08\/21\/diplomado-en-metodologia-de-la-investigacion-cientifica\/boton15-1\/\" data-orig-file=\"https:\/\/www.uajms.edu.bo\/posgrado\/wp-content\/uploads\/sites\/10\/2023\/08\/BOTON15-1.jpg\" data-orig-size=\"397,43\" data-comments-opened=\"1\" data-image-meta=\"{&quot;aperture&quot;:&quot;0&quot;,&quot;credit&quot;:&quot;&quot;,&quot;camera&quot;:&quot;&quot;,&quot;caption&quot;:&quot;&quot;,&quot;created_timestamp&quot;:&quot;0&quot;,&quot;copyright&quot;:&quot;&quot;,&quot;focal_length&quot;:&quot;0&quot;,&quot;iso&quot;:&quot;0&quot;,&quot;shutter_speed&quot;:&quot;0&quot;,&quot;title&quot;:&quot;&quot;,&quot;orientation&quot;:&quot;1&quot;}\" data-image-title=\"BOTON15-1\" data-image-description=\"\" data-image-caption=\"\" data-medium-file=\"https:\/\/www.uajms.edu.bo\/posgrado\/wp-content\/uploads\/sites\/10\/2023\/08\/BOTON15-1-300x32.jpg\" data-large-file=\"https:\/\/www.uajms.edu.bo\/posgrado\/wp-content\/uploads\/sites\/10\/2023\/08\/BOTON15-1.jpg\" src=\"http:\/\/www.uajms.edu.bo\/posgrado\/wp-content\/uploads\/sites\/10\/2023\/08\/BOTON15-1.jpg\" alt=\"\" class=\"wp-image-6026\" srcset=\"https:\/\/www.uajms.edu.bo\/posgrado\/wp-content\/uploads\/sites\/10\/2023\/08\/BOTON15-1.jpg 397w, https:\/\/www.uajms.edu.bo\/posgrado\/wp-content\/uploads\/sites\/10\/2023\/08\/BOTON15-1-300x32.jpg 300w\" sizes=\"(max-width: 397px) 100vw, 397px\" \/><\/a><\/figure>\n\n\n\n<p><\/p>\n\n\n<div class=\"wp-block-image\">\n<figure class=\"aligncenter size-full\"><a href=\"https:\/\/www.uajms.edu.bo\/posgrado\/wp-content\/uploads\/sites\/10\/2023\/09\/TERAPIA.png\"><img loading=\"lazy\" decoding=\"async\" width=\"594\" height=\"306\" data-attachment-id=\"6334\" data-permalink=\"https:\/\/www.uajms.edu.bo\/posgrado\/maestria-en-enfermeria-en-terapia-intensiva\/terapia-6\/\" data-orig-file=\"https:\/\/www.uajms.edu.bo\/posgrado\/wp-content\/uploads\/sites\/10\/2023\/09\/TERAPIA.png\" data-orig-size=\"594,306\" data-comments-opened=\"1\" data-image-meta=\"{&quot;aperture&quot;:&quot;0&quot;,&quot;credit&quot;:&quot;&quot;,&quot;camera&quot;:&quot;&quot;,&quot;caption&quot;:&quot;&quot;,&quot;created_timestamp&quot;:&quot;0&quot;,&quot;copyright&quot;:&quot;&quot;,&quot;focal_length&quot;:&quot;0&quot;,&quot;iso&quot;:&quot;0&quot;,&quot;shutter_speed&quot;:&quot;0&quot;,&quot;title&quot;:&quot;&quot;,&quot;orientation&quot;:&quot;0&quot;}\" data-image-title=\"TERAPIA\" data-image-description=\"\" data-image-caption=\"\" data-medium-file=\"https:\/\/www.uajms.edu.bo\/posgrado\/wp-content\/uploads\/sites\/10\/2023\/09\/TERAPIA-300x155.png\" data-large-file=\"https:\/\/www.uajms.edu.bo\/posgrado\/wp-content\/uploads\/sites\/10\/2023\/09\/TERAPIA.png\" src=\"https:\/\/www.uajms.edu.bo\/posgrado\/wp-content\/uploads\/sites\/10\/2023\/09\/TERAPIA.png\" alt=\"\" class=\"wp-image-6334\" srcset=\"https:\/\/www.uajms.edu.bo\/posgrado\/wp-content\/uploads\/sites\/10\/2023\/09\/TERAPIA.png 594w, https:\/\/www.uajms.edu.bo\/posgrado\/wp-content\/uploads\/sites\/10\/2023\/09\/TERAPIA-300x155.png 300w\" sizes=\"(max-width: 594px) 100vw, 594px\" \/><\/a><\/figure>\n<\/div>\n\n\n<p><\/p>\n\n\n\n<figure class=\"wp-block-image size-full\"><a href=\"http:\/\/www.uajms.edu.bo\/posgrado\/wp-content\/uploads\/sites\/10\/2023\/08\/BOTON14-1.jpg\"><img loading=\"lazy\" decoding=\"async\" width=\"397\" height=\"43\" data-attachment-id=\"6025\" data-permalink=\"https:\/\/www.uajms.edu.bo\/posgrado\/2023\/08\/21\/diplomado-en-metodologia-de-la-investigacion-cientifica\/boton14-1\/\" data-orig-file=\"https:\/\/www.uajms.edu.bo\/posgrado\/wp-content\/uploads\/sites\/10\/2023\/08\/BOTON14-1.jpg\" data-orig-size=\"397,43\" data-comments-opened=\"1\" data-image-meta=\"{&quot;aperture&quot;:&quot;0&quot;,&quot;credit&quot;:&quot;&quot;,&quot;camera&quot;:&quot;&quot;,&quot;caption&quot;:&quot;&quot;,&quot;created_timestamp&quot;:&quot;0&quot;,&quot;copyright&quot;:&quot;&quot;,&quot;focal_length&quot;:&quot;0&quot;,&quot;iso&quot;:&quot;0&quot;,&quot;shutter_speed&quot;:&quot;0&quot;,&quot;title&quot;:&quot;&quot;,&quot;orientation&quot;:&quot;1&quot;}\" data-image-title=\"BOTON14-1\" data-image-description=\"\" data-image-caption=\"\" data-medium-file=\"https:\/\/www.uajms.edu.bo\/posgrado\/wp-content\/uploads\/sites\/10\/2023\/08\/BOTON14-1-300x32.jpg\" data-large-file=\"https:\/\/www.uajms.edu.bo\/posgrado\/wp-content\/uploads\/sites\/10\/2023\/08\/BOTON14-1.jpg\" src=\"http:\/\/www.uajms.edu.bo\/posgrado\/wp-content\/uploads\/sites\/10\/2023\/08\/BOTON14-1.jpg\" alt=\"\" class=\"wp-image-6025\" srcset=\"https:\/\/www.uajms.edu.bo\/posgrado\/wp-content\/uploads\/sites\/10\/2023\/08\/BOTON14-1.jpg 397w, https:\/\/www.uajms.edu.bo\/posgrado\/wp-content\/uploads\/sites\/10\/2023\/08\/BOTON14-1-300x32.jpg 300w\" sizes=\"(max-width: 397px) 100vw, 397px\" \/><\/a><\/figure>\n\n\n\n<p><\/p>\n\n\n\n<p>El costo del programa al <strong>Contado<\/strong> es 15.795 Bs.<\/p>\n\n\n\n<p>El costo del programa al <strong>Cr\u00e9dito<\/strong> es 17.550 Bs. <\/p>\n\n\n\n<ul class=\"wp-block-list\">\n<li>Con una cuota inicial de 990 Bs.<\/li>\n\n\n\n<li>23 cuotas mensuales de 720 Bs.<\/li>\n<\/ul>\n\n\n\n<p><\/p>\n\n\n\n<figure class=\"wp-block-image size-full\"><a href=\"http:\/\/www.uajms.edu.bo\/posgrado\/wp-content\/uploads\/sites\/10\/2023\/08\/BOTON16-1.jpg\"><img loading=\"lazy\" decoding=\"async\" width=\"397\" height=\"43\" data-attachment-id=\"6027\" data-permalink=\"https:\/\/www.uajms.edu.bo\/posgrado\/2023\/08\/21\/diplomado-en-metodologia-de-la-investigacion-cientifica\/boton16-1\/\" data-orig-file=\"https:\/\/www.uajms.edu.bo\/posgrado\/wp-content\/uploads\/sites\/10\/2023\/08\/BOTON16-1.jpg\" data-orig-size=\"397,43\" data-comments-opened=\"1\" data-image-meta=\"{&quot;aperture&quot;:&quot;0&quot;,&quot;credit&quot;:&quot;&quot;,&quot;camera&quot;:&quot;&quot;,&quot;caption&quot;:&quot;&quot;,&quot;created_timestamp&quot;:&quot;0&quot;,&quot;copyright&quot;:&quot;&quot;,&quot;focal_length&quot;:&quot;0&quot;,&quot;iso&quot;:&quot;0&quot;,&quot;shutter_speed&quot;:&quot;0&quot;,&quot;title&quot;:&quot;&quot;,&quot;orientation&quot;:&quot;1&quot;}\" data-image-title=\"BOTON16-1\" data-image-description=\"\" data-image-caption=\"\" data-medium-file=\"https:\/\/www.uajms.edu.bo\/posgrado\/wp-content\/uploads\/sites\/10\/2023\/08\/BOTON16-1-300x32.jpg\" data-large-file=\"https:\/\/www.uajms.edu.bo\/posgrado\/wp-content\/uploads\/sites\/10\/2023\/08\/BOTON16-1.jpg\" src=\"http:\/\/www.uajms.edu.bo\/posgrado\/wp-content\/uploads\/sites\/10\/2023\/08\/BOTON16-1.jpg\" alt=\"\" class=\"wp-image-6027\" srcset=\"https:\/\/www.uajms.edu.bo\/posgrado\/wp-content\/uploads\/sites\/10\/2023\/08\/BOTON16-1.jpg 397w, https:\/\/www.uajms.edu.bo\/posgrado\/wp-content\/uploads\/sites\/10\/2023\/08\/BOTON16-1-300x32.jpg 300w\" sizes=\"(max-width: 397px) 100vw, 397px\" \/><\/a><\/figure>\n\n\n\n<p><\/p>\n\n\n\n<ol class=\"wp-block-list\" type=\"1\">\n<li>Formulario de inscripci\u00f3n al programa debidamente llenado por el postulante.<\/li>\n\n\n\n<li>Fotocopia de diploma acad\u00e9mico.<\/li>\n\n\n\n<li>Hoja de vida<\/li>\n\n\n\n<li>Fotocopia de c\u00e9dula de identidad del postulante.<\/li>\n\n\n\n<li>Fotocopia de c\u00e9dula de identidad del garante (modalidad al cr\u00e9dito).<\/li>\n\n\n\n<li>Dep\u00f3sito \u00f3 Transferencia Bancaria original por concepto de pago de matr\u00edcula de inscripci\u00f3n.\n<ul class=\"wp-block-list\">\n<li><strong>BANCO UNI\u00d3N \u2013 CUENTA CORRIENTE N\u00b0 1-6034982<\/strong><\/li>\n\n\n\n<li><strong>NIT: 1024357022<\/strong><\/li>\n<\/ul>\n<\/li>\n<\/ol>\n\n\n\n<p><\/p>\n\n\n<div class=\"wp-block-image\">\n<figure class=\"aligncenter size-full\"><a href=\"http:\/\/www.uajms.edu.bo\/posgrado\/wp-content\/uploads\/sites\/10\/2023\/08\/informacion-contacto-2.jpg\"><img loading=\"lazy\" decoding=\"async\" width=\"794\" height=\"312\" data-attachment-id=\"6003\" data-permalink=\"https:\/\/www.uajms.edu.bo\/posgrado\/2023\/08\/21\/diplomado-en-metodologia-de-la-investigacion-cientifica\/informacion-contacto-2\/\" data-orig-file=\"https:\/\/www.uajms.edu.bo\/posgrado\/wp-content\/uploads\/sites\/10\/2023\/08\/informacion-contacto-2.jpg\" data-orig-size=\"794,312\" data-comments-opened=\"1\" data-image-meta=\"{&quot;aperture&quot;:&quot;0&quot;,&quot;credit&quot;:&quot;&quot;,&quot;camera&quot;:&quot;&quot;,&quot;caption&quot;:&quot;&quot;,&quot;created_timestamp&quot;:&quot;0&quot;,&quot;copyright&quot;:&quot;&quot;,&quot;focal_length&quot;:&quot;0&quot;,&quot;iso&quot;:&quot;0&quot;,&quot;shutter_speed&quot;:&quot;0&quot;,&quot;title&quot;:&quot;&quot;,&quot;orientation&quot;:&quot;1&quot;}\" data-image-title=\"informacion-contacto-2\" data-image-description=\"\" data-image-caption=\"\" data-medium-file=\"https:\/\/www.uajms.edu.bo\/posgrado\/wp-content\/uploads\/sites\/10\/2023\/08\/informacion-contacto-2-300x118.jpg\" data-large-file=\"https:\/\/www.uajms.edu.bo\/posgrado\/wp-content\/uploads\/sites\/10\/2023\/08\/informacion-contacto-2.jpg\" src=\"http:\/\/www.uajms.edu.bo\/posgrado\/wp-content\/uploads\/sites\/10\/2023\/08\/informacion-contacto-2.jpg\" alt=\"\" class=\"wp-image-6003\" srcset=\"https:\/\/www.uajms.edu.bo\/posgrado\/wp-content\/uploads\/sites\/10\/2023\/08\/informacion-contacto-2.jpg 794w, https:\/\/www.uajms.edu.bo\/posgrado\/wp-content\/uploads\/sites\/10\/2023\/08\/informacion-contacto-2-300x118.jpg 300w, https:\/\/www.uajms.edu.bo\/posgrado\/wp-content\/uploads\/sites\/10\/2023\/08\/informacion-contacto-2-768x302.jpg 768w\" sizes=\"(max-width: 794px) 100vw, 794px\" \/><\/a><\/figure>\n<\/div>\n\n\n<div class=\"wp-block-buttons is-layout-flex wp-block-buttons-is-layout-flex\">\n<div class=\"wp-block-button has-custom-font-size has-small-font-size\"><a class=\"wp-block-button__link has-white-color has-vivid-cyan-blue-background-color has-text-color has-background wp-element-button\" href=\"https:\/\/www.uajms.edu.bo\/posgrado\/wp-content\/uploads\/sites\/10\/2022\/02\/FICHA-DE-ADMISION.pdf\" target=\"_blank\" rel=\"noreferrer noopener\">Ficha de Admisi\u00f3n<\/a><\/div>\n<\/div>\n","protected":false},"excerpt":{"rendered":"<p>Formar mag\u00edsteres y especialistas dotados de conocimientos y habilidades cl\u00ednicas, t\u00e9cnicas y metodol\u00f3gicas avanzadas que les permitan desempe\u00f1arse eficientemente, tanto en el \u00e1rea de la asistencia de pacientes internados en [&hellip;]<\/p>\n","protected":false},"author":118,"featured_media":0,"parent":0,"menu_order":0,"comment_status":"closed","ping_status":"closed","template":"","meta":{"jetpack_post_was_ever_published":false,"_joinchat":[],"footnotes":""},"class_list":["post-3421","page","type-page","status-publish","hentry"],"jetpack_sharing_enabled":true,"jetpack_shortlink":"https:\/\/wp.me\/P5Qmml-Tb","publishpress_future_action":{"enabled":false,"date":"2026-04-12 06:22:54","action":"change-status","newStatus":"draft","terms":[],"taxonomy":"","extraData":[]},"publishpress_future_workflow_manual_trigger":{"enabledWorkflows":[]},"_links":{"self":[{"href":"https:\/\/www.uajms.edu.bo\/posgrado\/wp-json\/wp\/v2\/pages\/3421","targetHints":{"allow":["GET"]}}],"collection":[{"href":"https:\/\/www.uajms.edu.bo\/posgrado\/wp-json\/wp\/v2\/pages"}],"about":[{"href":"https:\/\/www.uajms.edu.bo\/posgrado\/wp-json\/wp\/v2\/types\/page"}],"author":[{"embeddable":true,"href":"https:\/\/www.uajms.edu.bo\/posgrado\/wp-json\/wp\/v2\/users\/118"}],"replies":[{"embeddable":true,"href":"https:\/\/www.uajms.edu.bo\/posgrado\/wp-json\/wp\/v2\/comments?post=3421"}],"version-history":[{"count":4,"href":"https:\/\/www.uajms.edu.bo\/posgrado\/wp-json\/wp\/v2\/pages\/3421\/revisions"}],"predecessor-version":[{"id":6336,"href":"https:\/\/www.uajms.edu.bo\/posgrado\/wp-json\/wp\/v2\/pages\/3421\/revisions\/6336"}],"wp:attachment":[{"href":"https:\/\/www.uajms.edu.bo\/posgrado\/wp-json\/wp\/v2\/media?parent=3421"}],"curies":[{"name":"wp","href":"https:\/\/api.w.org\/{rel}","templated":true}]}}