

{"id":3415,"date":"2022-03-09T13:19:27","date_gmt":"2022-03-09T17:19:27","guid":{"rendered":"https:\/\/www.uajms.edu.bo\/posgrado\/?page_id=3415"},"modified":"2023-08-16T19:06:21","modified_gmt":"2023-08-16T23:06:21","slug":"maestria-en-salud-publica-con-mencion-en-epidemiologia-de-la-salud","status":"publish","type":"page","link":"https:\/\/www.uajms.edu.bo\/posgrado\/maestria-en-salud-publica-con-mencion-en-epidemiologia-de-la-salud\/","title":{"rendered":"MAESTR\u00cdA EN SALUD P\u00daBLICA CON MENCI\u00d3N EN EPIDEMIOLOG\u00cdA DE LA SALUD"},"content":{"rendered":"\n<p>MAESTR\u00cdA EN SALUD P\u00daBLICA CON MENCI\u00d3N EN EPIDEMIOLOGIA DE LA SALUD.<\/p>\n\n\n\n<ul class=\"wp-block-list\">\n<li><strong>Objetivo general del programa.<\/strong><\/li>\n<\/ul>\n\n\n\n<p>Formar Mag\u00edsteres que, en el contexto del nuevo Sistema de Salud Boliviano y Latinoamericano, lideren eficientemente el desarrollo de estrategias y acciones de Salud P\u00fablica acordes a las determinantes sociales y las necesidades particulares de la poblaci\u00f3n, integrando en su pr\u00e1ctica laboral un enfoque de equidad, solidaridad, derechos humanos y \u00e9tica.<\/p>\n\n\n\n<ul class=\"wp-block-list\">\n<li><strong>Duraci\u00f3n y caracter\u00edsticas del programa<\/strong><\/li>\n<\/ul>\n\n\n\n<p>Tiene duraci\u00f3n de 24 meses calendario en el cual se encuentra incluido el tiempo para elaboraci\u00f3n presentaci\u00f3n y defensa de la tesis de Maestr\u00eda. Modalidad Semipresencial para m\u00f3dulos pr\u00e1cticos.<\/p>\n\n\n\n<ul class=\"wp-block-list\">\n<li><strong>A quienes est\u00e1 dirigido el programa<\/strong><\/li>\n<\/ul>\n\n\n\n<p>Este Programa est\u00e1 dirigido a profesionales con nivel acad\u00e9mico m\u00ednimo de Licenciatura en Carreras relacionadas con: Ciencias de la Salud (Medicina, Odontolog\u00eda, Enfermer\u00eda, Bioqu\u00edmica, Bioqu\u00edmico-farmac\u00e9utico, Qu\u00edmico-farmac\u00e9utico, Veterinaria), Ciencias Sociales (Trabajo Social, Sociolog\u00eda, Antropolog\u00eda, Psicolog\u00eda), y Ciencias Exactas (Administraci\u00f3n de Empresas, Econom\u00eda, Auditor\u00eda, Contadur\u00eda P\u00fablica).<\/p>\n\n\n\n<ul class=\"wp-block-list\">\n<li><strong>M\u00f3dulos del programa<\/strong><\/li>\n<\/ul>\n\n\n\n<figure class=\"wp-block-table\"><table><tbody><tr><td><strong>N\u00b0<\/strong><\/td><td><strong>NOMBRE DEL MODULO<\/strong><\/td><\/tr><tr><td>1.<\/td><td>Teor\u00edas y modelos de Salud P\u00fablica y Epidemiolog\u00eda<\/td><\/tr><tr><td>2.<\/td><td>Pol\u00edticas de Salud. Sistema Nacional de Salud<\/td><\/tr><tr><td>3.<\/td><td>Modelo de Atenci\u00f3n en Salud<\/td><\/tr><tr><td>4.<\/td><td>Modelo de Control de Enfermedades<\/td><\/tr><tr><td>5.<\/td><td>Demograf\u00eda B\u00e1sica. Metodolog\u00eda de la Investigaci\u00f3n<\/td><\/tr><tr><td>6.<\/td><td>Gerencia en Salud. Sistemas de Informaci\u00f3n Gerencial<\/td><\/tr><tr><td>7.<\/td><td>Conceptos B\u00e1sicos de Mercadeo Social<\/td><\/tr><tr><td>8.<\/td><td>Introducci\u00f3n a la Epidemiolog\u00eda<\/td><\/tr><tr><td>9.<\/td><td>Bioestad\u00edstica<\/td><\/tr><tr><td>10.<\/td><td>Taller de Tesis I<\/td><\/tr><tr><td>11.<\/td><td>Vigilancia de la Salud P\u00fablica I<\/td><\/tr><tr><td>12.<\/td><td>Vigilancia de la Salud P\u00fablica II<\/td><\/tr><tr><td>13.<\/td><td>Metodolog\u00eda de la Investigaci\u00f3n Epidemiol\u00f3gica I<\/td><\/tr><tr><td>14.<\/td><td>Metodolog\u00eda de la Investigaci\u00f3n Epidemiol\u00f3gica II: Estudios cl\u00ednicos y Estudios epidemiol\u00f3gicos<\/td><\/tr><tr><td>15.<\/td><td>Taller de Tesis II<\/td><\/tr><\/tbody><\/table><\/figure>\n\n\n\n<ul class=\"wp-block-list\">\n<li><strong>Costo del programa<\/strong><\/li>\n<\/ul>\n\n\n\n<ul class=\"wp-block-list\">\n<li>El costo del programa al <strong>Contado<\/strong> es 14.985 Bs.<\/li>\n\n\n\n<li>El costo del programa al <strong>Cr\u00e9dito<\/strong> es 16.650 Bs. Con una cuota inicial de 1.010 Bs., y 23 cuotas mensuales de 680 Bs.<\/li>\n<\/ul>\n\n\n\n<p><\/p>\n\n\n\n<ul class=\"wp-block-list\">\n<li><strong>Requisitos de inscripci\u00f3n<\/strong><\/li>\n<\/ul>\n\n\n\n<ol class=\"wp-block-list\">\n<li>Solicitud de admisi\u00f3n dirigida a la Direcci\u00f3n de Posgrado (Lic. Jorge Cabrera E.).<\/li>\n\n\n\n<li>Formulario de inscripci\u00f3n al programa debidamente llenado por el postulante.<\/li>\n\n\n\n<li>Fotocopia de diploma acad\u00e9mico.<\/li>\n\n\n\n<li>Hoja de vida<\/li>\n\n\n\n<li>Fotocopia de c\u00e9dula de identidad del postulante.<\/li>\n\n\n\n<li>Fotocopia de c\u00e9dula de identidad del garante (modalidad al cr\u00e9dito).<\/li>\n\n\n\n<li>Dep\u00f3sito \u00f3 Transferencia Bancaria original por concepto de pago de matr\u00edcula de inscripci\u00f3n.\n<ul class=\"wp-block-list\">\n<li><strong>BANCO UNI\u00d3N \u2013 CUENTA CORRIENTE N\u00b0 1-6034982<\/strong><\/li>\n\n\n\n<li><strong>NIT: 1024357022<\/strong><\/li>\n<\/ul>\n<\/li>\n<\/ol>\n\n\n\n<p><em><strong>Oficina Central \u2013 Tarija<\/strong><\/em><\/p>\n\n\n\n<p>Direcci\u00f3n:&nbsp;<em>Calle Ingavi esq. Padilla<\/em><\/p>\n\n\n\n<p><em><strong>Contactos:<\/strong>&nbsp;<\/em>&nbsp;&nbsp;<em>7298<\/em>9932 \u2013&nbsp;<em>68705489<\/em>&nbsp;\u2013 72988960<\/p>\n\n\n\n<p><strong>SEDES:<\/strong><\/p>\n\n\n\n<p><strong>LA PAZ:<\/strong>&nbsp;Av. 20 de octubre casi esq.\/ Otero de la Vega, Torre Mollinedo piso 4,&nbsp;<strong>Celular:<\/strong>&nbsp;72985943.<\/p>\n\n\n\n<p><strong>SANTA CRUZ:<\/strong>&nbsp;Calle Velasco N\u00b0 580 casi esq.\/ Lemoine,&nbsp;<strong>Celular:<\/strong>&nbsp;72989491.<\/p>\n","protected":false},"excerpt":{"rendered":"<p>MAESTR\u00cdA EN SALUD P\u00daBLICA CON MENCI\u00d3N EN EPIDEMIOLOGIA DE LA SALUD. Formar Mag\u00edsteres que, en el contexto del nuevo Sistema de Salud Boliviano y Latinoamericano, lideren eficientemente el desarrollo de [&hellip;]<\/p>\n","protected":false},"author":118,"featured_media":0,"parent":0,"menu_order":0,"comment_status":"closed","ping_status":"closed","template":"","meta":{"jetpack_post_was_ever_published":false,"_joinchat":[],"footnotes":""},"class_list":["post-3415","page","type-page","status-publish","hentry"],"jetpack_sharing_enabled":true,"jetpack_shortlink":"https:\/\/wp.me\/P5Qmml-T5","publishpress_future_action":{"enabled":false,"date":"2026-04-26 09:38:36","action":"change-status","newStatus":"draft","terms":[],"taxonomy":"","extraData":[]},"publishpress_future_workflow_manual_trigger":{"enabledWorkflows":[]},"_links":{"self":[{"href":"https:\/\/www.uajms.edu.bo\/posgrado\/wp-json\/wp\/v2\/pages\/3415","targetHints":{"allow":["GET"]}}],"collection":[{"href":"https:\/\/www.uajms.edu.bo\/posgrado\/wp-json\/wp\/v2\/pages"}],"about":[{"href":"https:\/\/www.uajms.edu.bo\/posgrado\/wp-json\/wp\/v2\/types\/page"}],"author":[{"embeddable":true,"href":"https:\/\/www.uajms.edu.bo\/posgrado\/wp-json\/wp\/v2\/users\/118"}],"replies":[{"embeddable":true,"href":"https:\/\/www.uajms.edu.bo\/posgrado\/wp-json\/wp\/v2\/comments?post=3415"}],"version-history":[{"count":4,"href":"https:\/\/www.uajms.edu.bo\/posgrado\/wp-json\/wp\/v2\/pages\/3415\/revisions"}],"predecessor-version":[{"id":5817,"href":"https:\/\/www.uajms.edu.bo\/posgrado\/wp-json\/wp\/v2\/pages\/3415\/revisions\/5817"}],"wp:attachment":[{"href":"https:\/\/www.uajms.edu.bo\/posgrado\/wp-json\/wp\/v2\/media?parent=3415"}],"curies":[{"name":"wp","href":"https:\/\/api.w.org\/{rel}","templated":true}]}}