

{"id":3410,"date":"2022-03-09T13:13:05","date_gmt":"2022-03-09T17:13:05","guid":{"rendered":"https:\/\/www.uajms.edu.bo\/posgrado\/?page_id=3410"},"modified":"2025-06-04T11:32:41","modified_gmt":"2025-06-04T15:32:41","slug":"maestria-en-enfermeria-medico-quirurgica-2","status":"publish","type":"page","link":"https:\/\/www.uajms.edu.bo\/posgrado\/maestria-en-enfermeria-medico-quirurgica-2\/","title":{"rendered":"MAESTR\u00cdA EN ENFERMER\u00cdA MEDICO QUIR\u00daRGICA"},"content":{"rendered":"<div class=\"wp-block-image\">\n<figure class=\"aligncenter size-full\"><a href=\"http:\/\/www.uajms.edu.bo\/posgrado\/wp-content\/uploads\/sites\/10\/2025\/06\/brochure-enf.Med_.Quir-tj_Page1.jpg\"><img fetchpriority=\"high\" decoding=\"async\" width=\"1748\" height=\"2480\" data-attachment-id=\"10874\" data-permalink=\"https:\/\/www.uajms.edu.bo\/posgrado\/maestria-en-enfermeria-medico-quirurgica-2\/brochure-enf-med-quir-tj_page1\/\" data-orig-file=\"https:\/\/www.uajms.edu.bo\/posgrado\/wp-content\/uploads\/sites\/10\/2025\/06\/brochure-enf.Med_.Quir-tj_Page1.jpg\" data-orig-size=\"1748,2480\" data-comments-opened=\"1\" data-image-meta=\"{&quot;aperture&quot;:&quot;0&quot;,&quot;credit&quot;:&quot;&quot;,&quot;camera&quot;:&quot;&quot;,&quot;caption&quot;:&quot;&quot;,&quot;created_timestamp&quot;:&quot;0&quot;,&quot;copyright&quot;:&quot;&quot;,&quot;focal_length&quot;:&quot;0&quot;,&quot;iso&quot;:&quot;0&quot;,&quot;shutter_speed&quot;:&quot;0&quot;,&quot;title&quot;:&quot;&quot;,&quot;orientation&quot;:&quot;0&quot;}\" data-image-title=\"brochure &amp;#8211; enf.Med.Quir-tj_Page1\" data-image-description=\"\" data-image-caption=\"\" data-medium-file=\"https:\/\/www.uajms.edu.bo\/posgrado\/wp-content\/uploads\/sites\/10\/2025\/06\/brochure-enf.Med_.Quir-tj_Page1.jpg\" data-large-file=\"https:\/\/www.uajms.edu.bo\/posgrado\/wp-content\/uploads\/sites\/10\/2025\/06\/brochure-enf.Med_.Quir-tj_Page1.jpg\" src=\"http:\/\/www.uajms.edu.bo\/posgrado\/wp-content\/uploads\/sites\/10\/2025\/06\/brochure-enf.Med_.Quir-tj_Page1.jpg\" alt=\"\" class=\"wp-image-10874\" \/><\/a><\/figure>\n<\/div>\n\n<div class=\"wp-block-image\">\n<figure class=\"aligncenter size-full\"><a href=\"http:\/\/www.uajms.edu.bo\/posgrado\/wp-content\/uploads\/sites\/10\/2025\/06\/brochure-enf.Med_.Quir-tj_Page2.jpg\"><img decoding=\"async\" width=\"1748\" height=\"2480\" data-attachment-id=\"10875\" data-permalink=\"https:\/\/www.uajms.edu.bo\/posgrado\/maestria-en-enfermeria-medico-quirurgica-2\/brochure-enf-med-quir-tj_page2\/\" data-orig-file=\"https:\/\/www.uajms.edu.bo\/posgrado\/wp-content\/uploads\/sites\/10\/2025\/06\/brochure-enf.Med_.Quir-tj_Page2.jpg\" data-orig-size=\"1748,2480\" data-comments-opened=\"1\" data-image-meta=\"{&quot;aperture&quot;:&quot;0&quot;,&quot;credit&quot;:&quot;&quot;,&quot;camera&quot;:&quot;&quot;,&quot;caption&quot;:&quot;&quot;,&quot;created_timestamp&quot;:&quot;0&quot;,&quot;copyright&quot;:&quot;&quot;,&quot;focal_length&quot;:&quot;0&quot;,&quot;iso&quot;:&quot;0&quot;,&quot;shutter_speed&quot;:&quot;0&quot;,&quot;title&quot;:&quot;&quot;,&quot;orientation&quot;:&quot;0&quot;}\" data-image-title=\"brochure &amp;#8211; enf.Med.Quir-tj_Page2\" data-image-description=\"\" data-image-caption=\"\" data-medium-file=\"https:\/\/www.uajms.edu.bo\/posgrado\/wp-content\/uploads\/sites\/10\/2025\/06\/brochure-enf.Med_.Quir-tj_Page2.jpg\" data-large-file=\"https:\/\/www.uajms.edu.bo\/posgrado\/wp-content\/uploads\/sites\/10\/2025\/06\/brochure-enf.Med_.Quir-tj_Page2.jpg\" src=\"http:\/\/www.uajms.edu.bo\/posgrado\/wp-content\/uploads\/sites\/10\/2025\/06\/brochure-enf.Med_.Quir-tj_Page2.jpg\" alt=\"\" class=\"wp-image-10875\" \/><\/a><\/figure>\n<\/div>\n\n<div class=\"wp-block-image\">\n<figure class=\"aligncenter size-full\"><a href=\"http:\/\/www.uajms.edu.bo\/posgrado\/wp-content\/uploads\/sites\/10\/2025\/06\/brochure-enf.Med_.Quir-tj_Page3.jpg\"><img decoding=\"async\" width=\"1748\" height=\"2480\" data-attachment-id=\"10876\" data-permalink=\"https:\/\/www.uajms.edu.bo\/posgrado\/maestria-en-enfermeria-medico-quirurgica-2\/brochure-enf-med-quir-tj_page3\/\" data-orig-file=\"https:\/\/www.uajms.edu.bo\/posgrado\/wp-content\/uploads\/sites\/10\/2025\/06\/brochure-enf.Med_.Quir-tj_Page3.jpg\" data-orig-size=\"1748,2480\" data-comments-opened=\"1\" data-image-meta=\"{&quot;aperture&quot;:&quot;0&quot;,&quot;credit&quot;:&quot;&quot;,&quot;camera&quot;:&quot;&quot;,&quot;caption&quot;:&quot;&quot;,&quot;created_timestamp&quot;:&quot;0&quot;,&quot;copyright&quot;:&quot;&quot;,&quot;focal_length&quot;:&quot;0&quot;,&quot;iso&quot;:&quot;0&quot;,&quot;shutter_speed&quot;:&quot;0&quot;,&quot;title&quot;:&quot;&quot;,&quot;orientation&quot;:&quot;0&quot;}\" data-image-title=\"brochure &amp;#8211; enf.Med.Quir-tj_Page3\" data-image-description=\"\" data-image-caption=\"\" data-medium-file=\"https:\/\/www.uajms.edu.bo\/posgrado\/wp-content\/uploads\/sites\/10\/2025\/06\/brochure-enf.Med_.Quir-tj_Page3.jpg\" data-large-file=\"https:\/\/www.uajms.edu.bo\/posgrado\/wp-content\/uploads\/sites\/10\/2025\/06\/brochure-enf.Med_.Quir-tj_Page3.jpg\" src=\"http:\/\/www.uajms.edu.bo\/posgrado\/wp-content\/uploads\/sites\/10\/2025\/06\/brochure-enf.Med_.Quir-tj_Page3.jpg\" alt=\"\" class=\"wp-image-10876\" \/><\/a><\/figure>\n<\/div>\n\n<div class=\"wp-block-image\">\n<figure class=\"aligncenter size-full\"><a href=\"http:\/\/www.uajms.edu.bo\/posgrado\/wp-content\/uploads\/sites\/10\/2025\/06\/brochure-enf.Med_.Quir-tj_Page4.jpg\"><img loading=\"lazy\" decoding=\"async\" width=\"1748\" height=\"2480\" data-attachment-id=\"10877\" data-permalink=\"https:\/\/www.uajms.edu.bo\/posgrado\/maestria-en-enfermeria-medico-quirurgica-2\/brochure-enf-med-quir-tj_page4\/\" data-orig-file=\"https:\/\/www.uajms.edu.bo\/posgrado\/wp-content\/uploads\/sites\/10\/2025\/06\/brochure-enf.Med_.Quir-tj_Page4.jpg\" data-orig-size=\"1748,2480\" data-comments-opened=\"1\" data-image-meta=\"{&quot;aperture&quot;:&quot;0&quot;,&quot;credit&quot;:&quot;&quot;,&quot;camera&quot;:&quot;&quot;,&quot;caption&quot;:&quot;&quot;,&quot;created_timestamp&quot;:&quot;0&quot;,&quot;copyright&quot;:&quot;&quot;,&quot;focal_length&quot;:&quot;0&quot;,&quot;iso&quot;:&quot;0&quot;,&quot;shutter_speed&quot;:&quot;0&quot;,&quot;title&quot;:&quot;&quot;,&quot;orientation&quot;:&quot;0&quot;}\" data-image-title=\"brochure &amp;#8211; enf.Med.Quir-tj_Page4\" data-image-description=\"\" data-image-caption=\"\" data-medium-file=\"https:\/\/www.uajms.edu.bo\/posgrado\/wp-content\/uploads\/sites\/10\/2025\/06\/brochure-enf.Med_.Quir-tj_Page4.jpg\" data-large-file=\"https:\/\/www.uajms.edu.bo\/posgrado\/wp-content\/uploads\/sites\/10\/2025\/06\/brochure-enf.Med_.Quir-tj_Page4.jpg\" src=\"http:\/\/www.uajms.edu.bo\/posgrado\/wp-content\/uploads\/sites\/10\/2025\/06\/brochure-enf.Med_.Quir-tj_Page4.jpg\" alt=\"\" class=\"wp-image-10877\" \/><\/a><\/figure>\n<\/div>\n\n<div class=\"wp-block-image\">\n<figure class=\"aligncenter size-full\"><a href=\"http:\/\/www.uajms.edu.bo\/posgrado\/wp-content\/uploads\/sites\/10\/2025\/06\/brochure-enf.Med_.Quir-tj_Page5.jpg\"><img loading=\"lazy\" decoding=\"async\" width=\"1748\" height=\"2480\" data-attachment-id=\"10879\" data-permalink=\"https:\/\/www.uajms.edu.bo\/posgrado\/maestria-en-enfermeria-medico-quirurgica-2\/brochure-enf-med-quir-tj_page5\/\" data-orig-file=\"https:\/\/www.uajms.edu.bo\/posgrado\/wp-content\/uploads\/sites\/10\/2025\/06\/brochure-enf.Med_.Quir-tj_Page5.jpg\" data-orig-size=\"1748,2480\" data-comments-opened=\"1\" data-image-meta=\"{&quot;aperture&quot;:&quot;0&quot;,&quot;credit&quot;:&quot;&quot;,&quot;camera&quot;:&quot;&quot;,&quot;caption&quot;:&quot;&quot;,&quot;created_timestamp&quot;:&quot;0&quot;,&quot;copyright&quot;:&quot;&quot;,&quot;focal_length&quot;:&quot;0&quot;,&quot;iso&quot;:&quot;0&quot;,&quot;shutter_speed&quot;:&quot;0&quot;,&quot;title&quot;:&quot;&quot;,&quot;orientation&quot;:&quot;0&quot;}\" data-image-title=\"brochure &amp;#8211; enf.Med.Quir-tj_Page5\" data-image-description=\"\" data-image-caption=\"\" data-medium-file=\"https:\/\/www.uajms.edu.bo\/posgrado\/wp-content\/uploads\/sites\/10\/2025\/06\/brochure-enf.Med_.Quir-tj_Page5.jpg\" data-large-file=\"https:\/\/www.uajms.edu.bo\/posgrado\/wp-content\/uploads\/sites\/10\/2025\/06\/brochure-enf.Med_.Quir-tj_Page5.jpg\" src=\"http:\/\/www.uajms.edu.bo\/posgrado\/wp-content\/uploads\/sites\/10\/2025\/06\/brochure-enf.Med_.Quir-tj_Page5.jpg\" alt=\"\" class=\"wp-image-10879\" \/><\/a><\/figure>\n<\/div>\n\n<div class=\"wp-block-image\">\n<figure class=\"aligncenter size-full\"><a href=\"http:\/\/www.uajms.edu.bo\/posgrado\/wp-content\/uploads\/sites\/10\/2025\/06\/brochure-enf.Med_.Quir-tj_Page6.jpg\"><img loading=\"lazy\" decoding=\"async\" width=\"1748\" height=\"2480\" data-attachment-id=\"10882\" data-permalink=\"https:\/\/www.uajms.edu.bo\/posgrado\/maestria-en-enfermeria-medico-quirurgica-2\/brochure-enf-med-quir-tj_page6\/\" data-orig-file=\"https:\/\/www.uajms.edu.bo\/posgrado\/wp-content\/uploads\/sites\/10\/2025\/06\/brochure-enf.Med_.Quir-tj_Page6.jpg\" data-orig-size=\"1748,2480\" data-comments-opened=\"1\" data-image-meta=\"{&quot;aperture&quot;:&quot;0&quot;,&quot;credit&quot;:&quot;&quot;,&quot;camera&quot;:&quot;&quot;,&quot;caption&quot;:&quot;&quot;,&quot;created_timestamp&quot;:&quot;0&quot;,&quot;copyright&quot;:&quot;&quot;,&quot;focal_length&quot;:&quot;0&quot;,&quot;iso&quot;:&quot;0&quot;,&quot;shutter_speed&quot;:&quot;0&quot;,&quot;title&quot;:&quot;&quot;,&quot;orientation&quot;:&quot;0&quot;}\" data-image-title=\"brochure &amp;#8211; enf.Med.Quir-tj_Page6\" data-image-description=\"\" data-image-caption=\"\" data-medium-file=\"https:\/\/www.uajms.edu.bo\/posgrado\/wp-content\/uploads\/sites\/10\/2025\/06\/brochure-enf.Med_.Quir-tj_Page6.jpg\" data-large-file=\"https:\/\/www.uajms.edu.bo\/posgrado\/wp-content\/uploads\/sites\/10\/2025\/06\/brochure-enf.Med_.Quir-tj_Page6.jpg\" src=\"http:\/\/www.uajms.edu.bo\/posgrado\/wp-content\/uploads\/sites\/10\/2025\/06\/brochure-enf.Med_.Quir-tj_Page6.jpg\" alt=\"\" class=\"wp-image-10882\" \/><\/a><\/figure>\n<\/div>\n\n<div class=\"wp-block-image\">\n<figure class=\"aligncenter size-full\"><a href=\"http:\/\/www.uajms.edu.bo\/posgrado\/wp-content\/uploads\/sites\/10\/2025\/06\/brochure-enf.Med_.Quir-tj_Page7.jpg\"><img loading=\"lazy\" decoding=\"async\" width=\"1748\" height=\"2480\" data-attachment-id=\"10880\" data-permalink=\"https:\/\/www.uajms.edu.bo\/posgrado\/maestria-en-enfermeria-medico-quirurgica-2\/brochure-enf-med-quir-tj_page7\/\" data-orig-file=\"https:\/\/www.uajms.edu.bo\/posgrado\/wp-content\/uploads\/sites\/10\/2025\/06\/brochure-enf.Med_.Quir-tj_Page7.jpg\" data-orig-size=\"1748,2480\" data-comments-opened=\"1\" data-image-meta=\"{&quot;aperture&quot;:&quot;0&quot;,&quot;credit&quot;:&quot;&quot;,&quot;camera&quot;:&quot;&quot;,&quot;caption&quot;:&quot;&quot;,&quot;created_timestamp&quot;:&quot;0&quot;,&quot;copyright&quot;:&quot;&quot;,&quot;focal_length&quot;:&quot;0&quot;,&quot;iso&quot;:&quot;0&quot;,&quot;shutter_speed&quot;:&quot;0&quot;,&quot;title&quot;:&quot;&quot;,&quot;orientation&quot;:&quot;0&quot;}\" data-image-title=\"brochure &amp;#8211; enf.Med.Quir-tj_Page7\" data-image-description=\"\" data-image-caption=\"\" data-medium-file=\"https:\/\/www.uajms.edu.bo\/posgrado\/wp-content\/uploads\/sites\/10\/2025\/06\/brochure-enf.Med_.Quir-tj_Page7.jpg\" data-large-file=\"https:\/\/www.uajms.edu.bo\/posgrado\/wp-content\/uploads\/sites\/10\/2025\/06\/brochure-enf.Med_.Quir-tj_Page7.jpg\" src=\"http:\/\/www.uajms.edu.bo\/posgrado\/wp-content\/uploads\/sites\/10\/2025\/06\/brochure-enf.Med_.Quir-tj_Page7.jpg\" alt=\"\" class=\"wp-image-10880\" \/><\/a><\/figure>\n<\/div>\n\n\n<figure class=\"wp-block-image size-full\"><a href=\"http:\/\/www.uajms.edu.bo\/posgrado\/wp-content\/uploads\/sites\/10\/2025\/06\/image51573.jpg\"><img loading=\"lazy\" decoding=\"async\" width=\"364\" height=\"362\" data-attachment-id=\"10883\" data-permalink=\"https:\/\/www.uajms.edu.bo\/posgrado\/maestria-en-enfermeria-medico-quirurgica-2\/image51573\/\" data-orig-file=\"https:\/\/www.uajms.edu.bo\/posgrado\/wp-content\/uploads\/sites\/10\/2025\/06\/image51573.jpg\" data-orig-size=\"364,362\" data-comments-opened=\"1\" data-image-meta=\"{&quot;aperture&quot;:&quot;0&quot;,&quot;credit&quot;:&quot;&quot;,&quot;camera&quot;:&quot;&quot;,&quot;caption&quot;:&quot;&quot;,&quot;created_timestamp&quot;:&quot;0&quot;,&quot;copyright&quot;:&quot;&quot;,&quot;focal_length&quot;:&quot;0&quot;,&quot;iso&quot;:&quot;0&quot;,&quot;shutter_speed&quot;:&quot;0&quot;,&quot;title&quot;:&quot;&quot;,&quot;orientation&quot;:&quot;0&quot;}\" data-image-title=\"image51573\" data-image-description=\"\" data-image-caption=\"\" data-medium-file=\"https:\/\/www.uajms.edu.bo\/posgrado\/wp-content\/uploads\/sites\/10\/2025\/06\/image51573.jpg\" data-large-file=\"https:\/\/www.uajms.edu.bo\/posgrado\/wp-content\/uploads\/sites\/10\/2025\/06\/image51573.jpg\" src=\"http:\/\/www.uajms.edu.bo\/posgrado\/wp-content\/uploads\/sites\/10\/2025\/06\/image51573.jpg\" alt=\"\" class=\"wp-image-10883\" \/><\/a><\/figure>\n\n\n\n<div class=\"wp-block-buttons is-layout-flex wp-block-buttons-is-layout-flex\">\n<div class=\"wp-block-button\"><a class=\"wp-block-button__link has-white-color has-vivid-cyan-blue-background-color has-text-color has-background has-small-font-size has-custom-font-size wp-element-button\" href=\"https:\/\/www.uajms.edu.bo\/posgrado\/wp-content\/uploads\/sites\/10\/2022\/02\/FICHA-DE-ADMISION.pdf\" target=\"_blank\" rel=\"noreferrer noopener\">Ficha de Admisi\u00f3n<\/a><\/div>\n<\/div>\n","protected":false},"excerpt":{"rendered":"","protected":false},"author":118,"featured_media":0,"parent":0,"menu_order":0,"comment_status":"closed","ping_status":"closed","template":"","meta":{"jetpack_post_was_ever_published":false,"_joinchat":[],"footnotes":""},"class_list":["post-3410","page","type-page","status-publish","hentry"],"jetpack_sharing_enabled":true,"jetpack_shortlink":"https:\/\/wp.me\/P5Qmml-T0","publishpress_future_action":{"enabled":false,"date":"2026-05-22 11:07:35","action":"change-status","newStatus":"draft","terms":[],"taxonomy":"","extraData":[]},"publishpress_future_workflow_manual_trigger":{"enabledWorkflows":[]},"_links":{"self":[{"href":"https:\/\/www.uajms.edu.bo\/posgrado\/wp-json\/wp\/v2\/pages\/3410","targetHints":{"allow":["GET"]}}],"collection":[{"href":"https:\/\/www.uajms.edu.bo\/posgrado\/wp-json\/wp\/v2\/pages"}],"about":[{"href":"https:\/\/www.uajms.edu.bo\/posgrado\/wp-json\/wp\/v2\/types\/page"}],"author":[{"embeddable":true,"href":"https:\/\/www.uajms.edu.bo\/posgrado\/wp-json\/wp\/v2\/users\/118"}],"replies":[{"embeddable":true,"href":"https:\/\/www.uajms.edu.bo\/posgrado\/wp-json\/wp\/v2\/comments?post=3410"}],"version-history":[{"count":5,"href":"https:\/\/www.uajms.edu.bo\/posgrado\/wp-json\/wp\/v2\/pages\/3410\/revisions"}],"predecessor-version":[{"id":10887,"href":"https:\/\/www.uajms.edu.bo\/posgrado\/wp-json\/wp\/v2\/pages\/3410\/revisions\/10887"}],"wp:attachment":[{"href":"https:\/\/www.uajms.edu.bo\/posgrado\/wp-json\/wp\/v2\/media?parent=3410"}],"curies":[{"name":"wp","href":"https:\/\/api.w.org\/{rel}","templated":true}]}}