

{"id":3312,"date":"2022-02-07T13:05:08","date_gmt":"2022-02-07T17:05:08","guid":{"rendered":"https:\/\/www.uajms.edu.bo\/posgrado\/?page_id=3312"},"modified":"2022-02-07T13:05:10","modified_gmt":"2022-02-07T17:05:10","slug":"guarani-basico","status":"publish","type":"page","link":"https:\/\/www.uajms.edu.bo\/posgrado\/guarani-basico\/","title":{"rendered":"GUARAN\u00cd B\u00c1SICO"},"content":{"rendered":"\n<p><strong>CURSO CORTO:<\/strong><\/p>\n\n\n\n<p>Guaran\u00ed B\u00e1sico<\/p>\n\n\n\n<p><strong>MODALIDAD:<\/strong><\/p>\n\n\n\n<p>Virtual<strong><\/strong><\/p>\n\n\n\n<p><strong>DURACI\u00d3N:&nbsp;&nbsp;&nbsp;&nbsp;&nbsp;&nbsp;&nbsp;&nbsp;&nbsp;<\/strong><\/p>\n\n\n\n<p>5 semanas<\/p>\n\n\n\n<p><strong>HORARIO DE CLASES:<\/strong><\/p>\n\n\n\n<p>LUNES MIERCOLES VIERNES  19 A 20.30  (Plataforma Zoom)<\/p>\n\n\n\n<p><strong>DIRIGIDO A:<\/strong><strong><\/strong><\/p>\n\n\n\n<p>Profesionales\/ Estudiantes\/ Servidores P\u00fablicos<\/p>\n\n\n\n<p><strong>REQUISITOS DE ADMISION AL CURSO:<\/strong><\/p>\n\n\n\n<p>Si el participante requiere equipo\/internet&nbsp;<\/p>\n\n\n\n<p><strong>OBJETIVOS GENERALES:<\/strong><\/p>\n\n\n\n<p class=\"has-text-align-justify\">Al final del curso los estudiantes ser\u00e1n capaces de utilizar frases en guaran\u00ed b\u00e1sico de manera oral y escrita aplicando todo lo aprendido<strong>.<\/strong><strong><\/strong><\/p>\n\n\n\n<p><strong>OBJETIVOS ESPECIFICOS: &nbsp;&nbsp;<\/strong><\/p>\n\n\n\n<ul class=\"wp-block-list\"><li>Presentar el nuevo vocabulario a los estudiantes para que puedan trabajar en las diferentes actividades.<ul><li>Explicar los diferentes tipos de preguntas para que los estudiantes puedan realizar di\u00e1logos que les ayude comprender mejor el nuevo vocabulario del idioma guaran\u00ed.<\/li><\/ul><\/li><li>Identificar los diferentes tiempos verbales.<\/li><li>Motivar a los estudiantes con trabajos donde puedan aplicar lo aprendido.<\/li><li>Traducir textos cortos en guaran\u00ed.<\/li><\/ul>\n\n\n\n<p><strong>METODOLOGIA:<\/strong><\/p>\n\n\n\n<p>Comunicativa&nbsp; &#8211; Practica<\/p>\n\n\n\n<p class=\"has-text-align-justify\">La metodolog\u00eda me ayuda &nbsp;a ver el conocimiento de los estudiantes sobre el idioma guaran\u00ed , tambi\u00e9n hay que tener en cuenta la pr\u00e1ctica en cada ejercicio que se realiza en el aula para que el estudiante pueda desarrollar habilidades, actitudes y aprender contenidos.<\/p>\n\n\n\n<p><strong>CONTENIDO DEL CURSO:<\/strong><\/p>\n\n\n\n<p>Tema 1 El pueblo guaran\u00ed<\/p>\n\n\n\n<p>Tema 2 Tamaraeme reta (saludos)<\/p>\n\n\n\n<p>Tema 3 Pronombres personales y Verbos<\/p>\n\n\n\n<p>Tema 4 Che cheree ( Yo me llamo)<\/p>\n\n\n\n<p>Tema 5 Conjugaci\u00f3n en presente, pasado y futuro<\/p>\n\n\n\n<p>Tema 6 Mbaravikivae reta (Las profesiones<\/p>\n\n\n\n<p>Tema 7 cheretara (Mi familia)<\/p>\n\n\n\n<p>Tema 8 Mirandureta (preguntas para realizar di\u00e1logos cortos)<\/p>\n\n\n\n<p>Tema 9 tekoipi reta (Valores de pueblo guaran\u00ed)<\/p>\n\n\n\n<p><strong><em>INFORMES E INSCRIPCIONES:<\/em><\/strong><em><\/em><\/p>\n\n\n\n<p><a><strong><em>SEDE CENTRAL TARIJA&nbsp;&nbsp;&nbsp;&nbsp;&nbsp;&nbsp;&nbsp;&nbsp;&nbsp;&nbsp;&nbsp;&nbsp;&nbsp;&nbsp;&nbsp;&nbsp;&nbsp;&nbsp;&nbsp;&nbsp;&nbsp;&nbsp;&nbsp;&nbsp;&nbsp;&nbsp;&nbsp;&nbsp;&nbsp;&nbsp;&nbsp;&nbsp;&nbsp;&nbsp;&nbsp;&nbsp;&nbsp;&nbsp;&nbsp;&nbsp;&nbsp;&nbsp;&nbsp;&nbsp;&nbsp;&nbsp;&nbsp;&nbsp;&nbsp;&nbsp;&nbsp;&nbsp;&nbsp;&nbsp;&nbsp;&nbsp;&nbsp;&nbsp;&nbsp;&nbsp;&nbsp;&nbsp;&nbsp;&nbsp;&nbsp;&nbsp;&nbsp;&nbsp;&nbsp;&nbsp;&nbsp;&nbsp;&nbsp;&nbsp;&nbsp;&nbsp;&nbsp;&nbsp;&nbsp;&nbsp;&nbsp;&nbsp;&nbsp;&nbsp;&nbsp;&nbsp;&nbsp;&nbsp;&nbsp;&nbsp;&nbsp;&nbsp;&nbsp;&nbsp;&nbsp;&nbsp;&nbsp;&nbsp;&nbsp;&nbsp;&nbsp;&nbsp;&nbsp;&nbsp;&nbsp;&nbsp;&nbsp;&nbsp;&nbsp;&nbsp; <\/em><\/strong><\/a><em><\/em><\/p>\n\n\n\n<p><em>Direcci\u00f3n: Calle Ingavi esq. Padilla N\u00b0 689&nbsp;&nbsp;&nbsp;&nbsp;&nbsp;&nbsp;&nbsp;&nbsp;&nbsp;&nbsp;&nbsp;&nbsp;&nbsp;&nbsp;&nbsp;&nbsp;&nbsp;&nbsp;&nbsp;&nbsp;&nbsp;&nbsp;&nbsp;&nbsp;&nbsp;&nbsp;&nbsp;&nbsp;&nbsp;&nbsp;&nbsp;&nbsp;&nbsp;&nbsp;&nbsp;&nbsp;&nbsp;&nbsp;&nbsp;&nbsp;&nbsp;&nbsp;&nbsp;&nbsp;&nbsp;&nbsp;&nbsp;&nbsp;&nbsp;&nbsp;&nbsp;&nbsp;&nbsp;&nbsp;&nbsp;&nbsp;&nbsp;&nbsp;&nbsp;&nbsp;&nbsp;&nbsp;&nbsp;&nbsp;&nbsp;&nbsp;&nbsp;&nbsp;&nbsp;&nbsp;&nbsp;&nbsp;&nbsp;&nbsp;&nbsp;&nbsp;&nbsp;&nbsp;&nbsp;&nbsp;<\/em><\/p>\n\n\n\n<p><em>Tel\u00e9fono: 466-42814&nbsp;&nbsp;&nbsp;&nbsp;&nbsp;&nbsp;&nbsp;&nbsp;&nbsp;&nbsp;&nbsp;&nbsp;&nbsp;&nbsp;&nbsp;&nbsp;&nbsp;&nbsp;&nbsp;&nbsp;&nbsp;&nbsp;&nbsp;&nbsp;&nbsp;&nbsp;&nbsp;&nbsp;&nbsp;&nbsp;&nbsp;&nbsp;&nbsp;&nbsp;&nbsp;&nbsp;&nbsp;&nbsp;&nbsp;&nbsp;&nbsp;&nbsp;&nbsp;&nbsp;&nbsp;&nbsp;&nbsp;&nbsp;&nbsp;&nbsp;&nbsp;&nbsp;&nbsp;&nbsp;&nbsp;&nbsp;&nbsp;&nbsp;&nbsp;&nbsp;&nbsp;&nbsp;&nbsp;&nbsp;&nbsp;&nbsp;&nbsp;&nbsp;&nbsp;&nbsp;&nbsp;&nbsp;&nbsp;&nbsp;&nbsp;&nbsp;&nbsp;&nbsp;&nbsp;&nbsp;&nbsp;&nbsp;&nbsp;&nbsp;&nbsp;&nbsp;&nbsp;&nbsp;&nbsp;&nbsp;&nbsp;&nbsp;&nbsp;&nbsp;&nbsp;&nbsp;&nbsp;&nbsp;&nbsp;&nbsp;&nbsp;&nbsp;&nbsp;&nbsp;&nbsp;&nbsp;&nbsp;&nbsp;&nbsp;&nbsp;&nbsp;&nbsp;&nbsp;<\/em><\/p>\n\n\n\n<p><em>Contacto 1: 72988960<\/em><\/p>\n\n\n\n<p><em>Contacto 2: 68705489<\/em><em>Facebook:&nbsp;<strong>posgradosuajms<\/strong><\/em><\/p>\n","protected":false},"excerpt":{"rendered":"<p>CURSO CORTO: Guaran\u00ed B\u00e1sico MODALIDAD: Virtual DURACI\u00d3N:&nbsp;&nbsp;&nbsp;&nbsp;&nbsp;&nbsp;&nbsp;&nbsp;&nbsp; 5 semanas HORARIO DE CLASES: LUNES MIERCOLES VIERNES 19 A 20.30 (Plataforma Zoom) DIRIGIDO A: Profesionales\/ Estudiantes\/ Servidores P\u00fablicos REQUISITOS DE ADMISION AL [&hellip;]<\/p>\n","protected":false},"author":118,"featured_media":0,"parent":0,"menu_order":0,"comment_status":"closed","ping_status":"closed","template":"","meta":{"jetpack_post_was_ever_published":false,"_joinchat":[],"footnotes":""},"class_list":["post-3312","page","type-page","status-publish","hentry"],"jetpack_sharing_enabled":true,"jetpack_shortlink":"https:\/\/wp.me\/P5Qmml-Rq","publishpress_future_action":{"enabled":false,"date":"2026-04-12 09:21:47","action":"change-status","newStatus":"draft","terms":[],"taxonomy":"","extraData":[]},"publishpress_future_workflow_manual_trigger":{"enabledWorkflows":[]},"_links":{"self":[{"href":"https:\/\/www.uajms.edu.bo\/posgrado\/wp-json\/wp\/v2\/pages\/3312","targetHints":{"allow":["GET"]}}],"collection":[{"href":"https:\/\/www.uajms.edu.bo\/posgrado\/wp-json\/wp\/v2\/pages"}],"about":[{"href":"https:\/\/www.uajms.edu.bo\/posgrado\/wp-json\/wp\/v2\/types\/page"}],"author":[{"embeddable":true,"href":"https:\/\/www.uajms.edu.bo\/posgrado\/wp-json\/wp\/v2\/users\/118"}],"replies":[{"embeddable":true,"href":"https:\/\/www.uajms.edu.bo\/posgrado\/wp-json\/wp\/v2\/comments?post=3312"}],"version-history":[{"count":1,"href":"https:\/\/www.uajms.edu.bo\/posgrado\/wp-json\/wp\/v2\/pages\/3312\/revisions"}],"predecessor-version":[{"id":3313,"href":"https:\/\/www.uajms.edu.bo\/posgrado\/wp-json\/wp\/v2\/pages\/3312\/revisions\/3313"}],"wp:attachment":[{"href":"https:\/\/www.uajms.edu.bo\/posgrado\/wp-json\/wp\/v2\/media?parent=3312"}],"curies":[{"name":"wp","href":"https:\/\/api.w.org\/{rel}","templated":true}]}}