

{"id":3309,"date":"2022-02-07T12:59:28","date_gmt":"2022-02-07T16:59:28","guid":{"rendered":"https:\/\/www.uajms.edu.bo\/posgrado\/?page_id=3309"},"modified":"2022-02-07T12:59:30","modified_gmt":"2022-02-07T16:59:30","slug":"quechua-basico","status":"publish","type":"page","link":"https:\/\/www.uajms.edu.bo\/posgrado\/quechua-basico\/","title":{"rendered":"QUECHUA B\u00c1SICO"},"content":{"rendered":"\n<p class=\"has-text-align-justify\"><strong>CURSO CORTO:<\/strong><br>Quechua B\u00e1sico<br><strong>MODALIDAD:<\/strong><br>Virtual<br><strong>DURACI\u00d3N:\u00a0<\/strong>\u00a0\u00a0\u00a0\u00a0\u00a0\u00a0\u00a0\u00a0<br>5 semanas<br><strong>DIRIGIDO A:<\/strong><br>Profesionales \/ estudiantes \/ servidores p\u00fablicos<br><strong>REQUISITOS DE ADMISION AL CURSO:<\/strong><br>Computador con acceso a internet<br><strong>OBJETIVOS GENERALES<\/strong><br>Fortalecer la identidad cultural y los valores socio comunitario, mediante el an\u00e1lisis cr\u00edtico y reflexivo de c\u00f3digos ling\u00fc\u00edsticos del quechua, que expresen sentimientos de vivencia, ideas, conocimientos ancestrales y fortalecerlos con los nuevos sin dejar de lado los valores que nuestra cultura otorga a nuestros educandos.<br><strong>OBJETIVOS ESPECIFICOS <\/strong>\u00a0\u00a0<br>Desarrollar una metodolog\u00eda activa para la ense\u00f1anza y aprendizaje de la lengua quechua, que sirva para la reflexi\u00f3n y valoraci\u00f3n de la cultura andina.<br>Analizar los diferentes estatus de las lenguas y de sus hablantes con relaci\u00f3n a los aspectos social, social, econ\u00f3mico, cultural, hist\u00f3rico.<br>Elaborar composiciones cortas y extensas con t\u00e9cnicas apropiadas vinculadas con las actividades de la vida cotidiana, que permita practicar la lecto-escritura y di\u00e1logos.<\/p>\n\n\n\n<p class=\"has-text-align-justify\"><strong>METODOLOG\u00cdA<\/strong><\/p>\n\n\n\n<ul class=\"wp-block-list\"><li>En cuanto a la parte metodol\u00f3gica se dar\u00e1 el curso de manera virtual, utilizando diferentes medios como: Moodle, Zoom, Prezzi, Power point, Padlet, Animaker, para as\u00ed poder facilitar la ense\u00f1anza del idioma quechua.<\/li><\/ul>\n\n\n\n<p><strong>CONTENIDO<\/strong><\/p>\n\n\n\n<p>CULTURA QUECHUA<br>ALFABETO QUECHUA<br>LOS N\u00daMEROS<br>LOS DIAS DE LA SEMANA, MESES DEL A\u00d1O, ESTACIONES DEL A\u00d1O<br>PRONOMBRES PERSONALES<br>CONJUGACI\u00d3N DE VERBOS.<br>PRONOMBRES INTERROGATIVOS<br>DIALOGOS<br>LA FAMILIA<br>PRONOMBRES POSESIVOS<br>PRONOMBRES DEMOSTRATIVOS<br>LOS SUFIJOS<br>PREGUNTAS CORTAS<br>LOS ADJETIVOS<br>OBJETOS DE CLASE<br>PRONOMBRES DEMOSTRATIVOS<br>LOS COLORES<br>LOS ANIMALES<br>PRONOMBRES DEMOSTRATIVOS<br>LAS PROFESIONES Y OFICIOS<br>LOS CENTROS LABORALES<br>EL CUERPO HUMANO<br>LAS PARTES DE LA CARA<br>SIGNOS, SINTOMAS, ENFERMEDADES<br>PRESENTE PROGRESIVO<br>DIALOGO<br>LOS ALIMENTOS<\/p>\n\n\n\n<p><strong>INFORMES E INSCRIPCIONES:<\/strong><\/p>\n\n\n\n<p><strong><em>SEDE CENTRAL TARIJA&nbsp;&nbsp;&nbsp;&nbsp;&nbsp;&nbsp;&nbsp;&nbsp;&nbsp;&nbsp;&nbsp;&nbsp;&nbsp;&nbsp;&nbsp;&nbsp;&nbsp;&nbsp;&nbsp;&nbsp;&nbsp;&nbsp;&nbsp;&nbsp;&nbsp;&nbsp;&nbsp;&nbsp;&nbsp;&nbsp;&nbsp;&nbsp;&nbsp;&nbsp;&nbsp;&nbsp;&nbsp;&nbsp;&nbsp;&nbsp;&nbsp;&nbsp;&nbsp;&nbsp;&nbsp;&nbsp;&nbsp;&nbsp;&nbsp;&nbsp;&nbsp;&nbsp;&nbsp;&nbsp;&nbsp;&nbsp;&nbsp;&nbsp;&nbsp;&nbsp;&nbsp;&nbsp;&nbsp;&nbsp;&nbsp;&nbsp;&nbsp;&nbsp;&nbsp;&nbsp;&nbsp;&nbsp;&nbsp;&nbsp;&nbsp;&nbsp;&nbsp;&nbsp;&nbsp;&nbsp;&nbsp;&nbsp;&nbsp;&nbsp;&nbsp;&nbsp;&nbsp;&nbsp;&nbsp;&nbsp;&nbsp;&nbsp;&nbsp;&nbsp;&nbsp;&nbsp;&nbsp;&nbsp;&nbsp;&nbsp;&nbsp;&nbsp;&nbsp;&nbsp;&nbsp;&nbsp;&nbsp;&nbsp;&nbsp;&nbsp; <\/em><\/strong><em><\/em><\/p>\n\n\n\n<p><em>Direcci\u00f3n: Calle Ingavi esq. Padilla N\u00b0 689&nbsp;&nbsp;&nbsp;&nbsp;&nbsp;&nbsp;&nbsp;&nbsp;&nbsp;&nbsp;&nbsp;&nbsp;&nbsp;&nbsp;&nbsp;&nbsp;&nbsp;&nbsp;&nbsp;&nbsp;&nbsp;&nbsp;&nbsp;&nbsp;&nbsp;&nbsp;&nbsp;&nbsp;&nbsp;&nbsp;&nbsp;&nbsp;&nbsp;&nbsp;&nbsp;&nbsp;&nbsp;&nbsp;&nbsp;&nbsp;&nbsp;&nbsp;&nbsp;&nbsp;&nbsp;&nbsp;&nbsp;&nbsp;&nbsp;&nbsp;&nbsp;&nbsp;&nbsp;&nbsp;&nbsp;&nbsp;&nbsp;&nbsp;&nbsp;&nbsp;&nbsp;&nbsp;&nbsp;&nbsp;&nbsp;&nbsp;&nbsp;&nbsp;&nbsp;&nbsp;&nbsp;&nbsp;&nbsp;&nbsp;&nbsp;&nbsp;&nbsp;&nbsp;&nbsp;&nbsp;<\/em><\/p>\n\n\n\n<p><em>Tel\u00e9fono: 466-42814&nbsp;&nbsp;&nbsp;&nbsp;&nbsp;&nbsp;&nbsp;&nbsp;&nbsp;&nbsp;&nbsp;&nbsp;&nbsp;&nbsp;&nbsp;&nbsp;&nbsp;&nbsp;&nbsp;&nbsp;&nbsp;&nbsp;&nbsp;&nbsp;&nbsp;&nbsp;&nbsp;&nbsp;&nbsp;&nbsp;&nbsp;&nbsp;&nbsp;&nbsp;&nbsp;&nbsp;&nbsp;&nbsp;&nbsp;&nbsp;&nbsp;&nbsp;&nbsp;&nbsp;&nbsp;&nbsp;&nbsp;&nbsp;&nbsp;&nbsp;&nbsp;&nbsp;&nbsp;&nbsp;&nbsp;&nbsp;&nbsp;&nbsp;&nbsp;&nbsp;&nbsp;&nbsp;&nbsp;&nbsp;&nbsp;&nbsp;&nbsp;&nbsp;&nbsp;&nbsp;&nbsp;&nbsp;&nbsp;&nbsp;&nbsp;&nbsp;&nbsp;&nbsp;&nbsp;&nbsp;&nbsp;&nbsp;&nbsp;&nbsp;&nbsp;&nbsp;&nbsp;&nbsp;&nbsp;&nbsp;&nbsp;&nbsp;&nbsp;&nbsp;&nbsp;&nbsp;&nbsp;&nbsp;&nbsp;&nbsp;&nbsp;&nbsp;&nbsp;&nbsp;&nbsp;&nbsp;&nbsp;&nbsp;&nbsp;&nbsp;&nbsp;&nbsp;&nbsp;<\/em><\/p>\n\n\n\n<p><em>Contacto 1: 72988960<\/em><\/p>\n\n\n\n<p><em>Contacto 2: 68705489<\/em><\/p>\n\n\n\n<p><em>Facebook:&nbsp;<strong>posgradosuajms<\/strong><\/em><\/p>\n","protected":false},"excerpt":{"rendered":"<p>CURSO CORTO:Quechua B\u00e1sicoMODALIDAD:VirtualDURACI\u00d3N:\u00a0\u00a0\u00a0\u00a0\u00a0\u00a0\u00a0\u00a0\u00a05 semanasDIRIGIDO A:Profesionales \/ estudiantes \/ servidores p\u00fablicosREQUISITOS DE ADMISION AL CURSO:Computador con acceso a internetOBJETIVOS GENERALESFortalecer la identidad cultural y los valores socio comunitario, mediante el an\u00e1lisis [&hellip;]<\/p>\n","protected":false},"author":118,"featured_media":0,"parent":0,"menu_order":0,"comment_status":"closed","ping_status":"closed","template":"","meta":{"jetpack_post_was_ever_published":false,"_joinchat":[],"footnotes":""},"class_list":["post-3309","page","type-page","status-publish","hentry"],"jetpack_sharing_enabled":true,"jetpack_shortlink":"https:\/\/wp.me\/P5Qmml-Rn","publishpress_future_action":{"enabled":false,"date":"2026-04-14 04:41:20","action":"change-status","newStatus":"draft","terms":[],"taxonomy":"","extraData":[]},"publishpress_future_workflow_manual_trigger":{"enabledWorkflows":[]},"_links":{"self":[{"href":"https:\/\/www.uajms.edu.bo\/posgrado\/wp-json\/wp\/v2\/pages\/3309","targetHints":{"allow":["GET"]}}],"collection":[{"href":"https:\/\/www.uajms.edu.bo\/posgrado\/wp-json\/wp\/v2\/pages"}],"about":[{"href":"https:\/\/www.uajms.edu.bo\/posgrado\/wp-json\/wp\/v2\/types\/page"}],"author":[{"embeddable":true,"href":"https:\/\/www.uajms.edu.bo\/posgrado\/wp-json\/wp\/v2\/users\/118"}],"replies":[{"embeddable":true,"href":"https:\/\/www.uajms.edu.bo\/posgrado\/wp-json\/wp\/v2\/comments?post=3309"}],"version-history":[{"count":1,"href":"https:\/\/www.uajms.edu.bo\/posgrado\/wp-json\/wp\/v2\/pages\/3309\/revisions"}],"predecessor-version":[{"id":3310,"href":"https:\/\/www.uajms.edu.bo\/posgrado\/wp-json\/wp\/v2\/pages\/3309\/revisions\/3310"}],"wp:attachment":[{"href":"https:\/\/www.uajms.edu.bo\/posgrado\/wp-json\/wp\/v2\/media?parent=3309"}],"curies":[{"name":"wp","href":"https:\/\/api.w.org\/{rel}","templated":true}]}}