

{"id":3306,"date":"2022-02-07T12:09:40","date_gmt":"2022-02-07T16:09:40","guid":{"rendered":"https:\/\/www.uajms.edu.bo\/posgrado\/?page_id=3306"},"modified":"2022-02-07T12:09:42","modified_gmt":"2022-02-07T16:09:42","slug":"excel-2016-avanzado","status":"publish","type":"page","link":"https:\/\/www.uajms.edu.bo\/posgrado\/excel-2016-avanzado\/","title":{"rendered":"EXCEL 2016 AVANZADO"},"content":{"rendered":"\n<p><strong>CURSO CORTO:<\/strong><\/p>\n\n\n\n<p>Microsoft Excel 2016 Avanzado<\/p>\n\n\n\n<p><strong>MODALIDAD: <\/strong><\/p>\n\n\n\n<p>Virtual <\/p>\n\n\n\n<p><strong>DURACI\u00d3N:<\/strong><br>El curso tiene una carga Horaria de 200 horas acad\u00e9micas y una duraci\u00f3n de 5 semanas, estructurado en dos m\u00f3dulos que se desarrollaran de manera virtual.<\/p>\n\n\n\n<p><strong>DIRIGIDO A:<\/strong><\/p>\n\n\n\n<p>El programa est\u00e1 dirigido a:<\/p>\n\n\n\n<ul class=\"wp-block-list\"><li>Docentes universitarios de Pre y Posgrado interesados en ampliar sus competencias en el \u00e1rea an\u00e1lisis de datos con herramientas de software.<\/li><li>Profesionales encargados de realizar an\u00e1lisis de datos en diferentes Instituciones o Empresas.<\/li><li>Profesionales y estudiantes de diversas especialidades interesados en dominar el manejo de Microsoft Excel.<\/li><li>Personas que deseen una formaci\u00f3n de calidad en este campo.<\/li><\/ul>\n\n\n\n<p><strong>REQUISITOS DE ADMISION AL CURSO:<\/strong><\/p>\n\n\n\n<p>El estudiante debe contar con conexi\u00f3n a Internet, tener instalado en su equipo Excel<br>2016 y Conocimientos b\u00e1sicos de Excel 2016<\/p>\n\n\n\n<p><strong>OBJETIVO GENERAL:<\/strong><\/p>\n\n\n\n<p>Realizar an\u00e1lisis de datos con la herramienta Microsoft Excel 2016, implementando Tablas din\u00e1micas, Dashboards, formulas y Funciones.<\/p>\n\n\n\n<p><strong>OBJETIVOS ESPECIFICOS:<\/strong><\/p>\n\n\n\n<ul class=\"wp-block-list\"><li>Dominar comandos, funciones y formulas para normalizar las tablas de Excel<\/li><li>Armar tablas din\u00e1micas a partir de tablas normalizadas<\/li><li>Realizar an\u00e1lisis de datos por medio de panel de controles (Dashboards)<\/li><\/ul>\n\n\n\n<p><strong>CONTENIDO DEL CURSO:<\/strong><\/p>\n\n\n\n<ul class=\"wp-block-list\"><li>ANALISIS Y DASBOHARD<\/li><\/ul>\n\n\n\n<p>Atajos de Teclado<br>Formulas Tabla Normal Tablas Din\u00e1micas<br>Gr\u00e1ficas Inteligentes<br>Protecci\u00f3n Formatos condicionales Dashboards<br>Tres Casos de estudio<\/p>\n\n\n\n<ul class=\"wp-block-list\"><li>FORMULAS Y FUNCI\u00d3NES <\/li><\/ul>\n\n\n\n<p>Condicionales<br>B\u00fasquedas<br>Sumas<br>\u00cdndice y Coincidir<br>Limpieza de Texto<br>Nombres de referencia<br>Protecci\u00f3n<br>Dos Casos de estudio.<\/p>\n\n\n\n<p><strong>CURRICULUM VITAE DOCENTE<\/strong><\/p>\n\n\n\n<p>Resumen<\/p>\n\n\n\n<p>Ingeniero de Sistemas; Docente de la Carrera Ingenier\u00eda de Sistemas; Administrador del Campus Virtual del Departamento de Sistemas y Ciencias Exactas.<\/p>\n","protected":false},"excerpt":{"rendered":"<p>CURSO CORTO: Microsoft Excel 2016 Avanzado MODALIDAD: Virtual DURACI\u00d3N:El curso tiene una carga Horaria de 200 horas acad\u00e9micas y una duraci\u00f3n de 5 semanas, estructurado en dos m\u00f3dulos que se [&hellip;]<\/p>\n","protected":false},"author":118,"featured_media":0,"parent":0,"menu_order":0,"comment_status":"closed","ping_status":"closed","template":"","meta":{"jetpack_post_was_ever_published":false,"_joinchat":[],"footnotes":""},"class_list":["post-3306","page","type-page","status-publish","hentry"],"jetpack_sharing_enabled":true,"jetpack_shortlink":"https:\/\/wp.me\/P5Qmml-Rk","publishpress_future_action":{"enabled":false,"date":"2026-05-22 11:01:50","action":"change-status","newStatus":"draft","terms":[],"taxonomy":"","extraData":[]},"publishpress_future_workflow_manual_trigger":{"enabledWorkflows":[]},"_links":{"self":[{"href":"https:\/\/www.uajms.edu.bo\/posgrado\/wp-json\/wp\/v2\/pages\/3306","targetHints":{"allow":["GET"]}}],"collection":[{"href":"https:\/\/www.uajms.edu.bo\/posgrado\/wp-json\/wp\/v2\/pages"}],"about":[{"href":"https:\/\/www.uajms.edu.bo\/posgrado\/wp-json\/wp\/v2\/types\/page"}],"author":[{"embeddable":true,"href":"https:\/\/www.uajms.edu.bo\/posgrado\/wp-json\/wp\/v2\/users\/118"}],"replies":[{"embeddable":true,"href":"https:\/\/www.uajms.edu.bo\/posgrado\/wp-json\/wp\/v2\/comments?post=3306"}],"version-history":[{"count":1,"href":"https:\/\/www.uajms.edu.bo\/posgrado\/wp-json\/wp\/v2\/pages\/3306\/revisions"}],"predecessor-version":[{"id":3307,"href":"https:\/\/www.uajms.edu.bo\/posgrado\/wp-json\/wp\/v2\/pages\/3306\/revisions\/3307"}],"wp:attachment":[{"href":"https:\/\/www.uajms.edu.bo\/posgrado\/wp-json\/wp\/v2\/media?parent=3306"}],"curies":[{"name":"wp","href":"https:\/\/api.w.org\/{rel}","templated":true}]}}