

{"id":3300,"date":"2022-02-07T11:49:57","date_gmt":"2022-02-07T15:49:57","guid":{"rendered":"https:\/\/www.uajms.edu.bo\/posgrado\/?page_id=3300"},"modified":"2022-02-07T11:49:59","modified_gmt":"2022-02-07T15:49:59","slug":"marketing-turistico-y-de-destinos","status":"publish","type":"page","link":"https:\/\/www.uajms.edu.bo\/posgrado\/marketing-turistico-y-de-destinos\/","title":{"rendered":"MARKETING TUR\u00cdSTICO Y DE DESTINOS"},"content":{"rendered":"\n<div class=\"wp-block-group\"><div class=\"wp-block-group__inner-container is-layout-flow wp-block-group-is-layout-flow\">\n<p class=\"has-text-align-justify\"><strong>CURSO CORTO:<\/strong><br>Marketing tur\u00edstico y de destinos.<br><strong>MODALIDAD:<\/strong><br>Virtual<br><strong>DURACI\u00d3N:\u00a0\u00a0<\/strong>\u00a0\u00a0\u00a0\u00a0\u00a0\u00a0\u00a0<br>3 semanas<br><strong>HORARIO DE CLASES:<\/strong><br>19:00 a 20:30 lunes mi\u00e9rcoles y viernes<br><strong>DIRIGIDO A:<\/strong><br>Profesionales y estudiantes de \u00e1reas Empresariales y de Turismo, personas que trabajan en el sector tur\u00edstico y p\u00fablico en general que deseen adquirir y\/o profundizar conocimientos sobre turismo, destinos tur\u00edsticos locales y nacionales, tendencias del sector y el contexto actual, y sobre las herramientas de marketing y tecnolog\u00edas digitales disponibles para el marketing tur\u00edstico y de destinos.<br><strong>REQUISITOS DE ADMISION AL CURSO:<\/strong><br>Conocimientos b\u00e1sicos en uso de internet y plataformas de b\u00fasqueda.<br><strong>OBJETIVOS GENERALES:<\/strong><br>Comprender diferentes conceptos clave del marketing tur\u00edstico y de destinos, identificar los componentes del sector tur\u00edstico, aprender sobre los diferentes tipos de turistas, su comportamiento y sobre tendencias del sector, para posteriormente vincular todo aquello con la oferta tur\u00edstica local y nacional identificando su potencial; asimismo, adquirir conocimientos sobre herramientas digitales y tecnolog\u00edas utilizadas en el sector tur\u00edstico.<\/p>\n\n\n\n<p class=\"has-text-align-justify\"><strong>OBJETIVOS ESPECIFICOS:<\/strong> \u00a0\u00a0<br>Conocer la importancia, conceptos b\u00e1sicos sobre turismo, sus tipos, y saber qu\u00e9 se entiende por marketing tur\u00edstico, marketing de destinos y la imagen de destino.<br>Identificar las empresas tur\u00edsticas y organizaciones que componen el sector tur\u00edstico.<br>Comprender las caracter\u00edsticas y comportamientos de los diferentes tipos de turistas.<br>Aprender sobre las tendencias en turismo actuales, como el turismo sostenible y el turismo alternativo, y entender el impacto que tuvo y contin\u00faa teniendo la pandemia del Covid-19 en el sector.<br>Identificar las caracter\u00edsticas particulares de la oferta tur\u00edstica local y nacional y analizar el potencial tur\u00edstico de Bolivia y los retos presentes.<br>Adquirir conocimientos sobre las herramientas de marketing digital (Travel 2.0: plataformas, blogs de viaje, redes sociales\u2026), las tecnolog\u00edas disponibles (Travel Tech) y las formas de comunicaci\u00f3n (e-WOM) utilizadas en el turismo y la promoci\u00f3n de destinos tur\u00edsticos.<\/p>\n\n\n\n<p><strong>METODOLOG\u00cdA: \u00a0<\/strong>\u00a0<br>Lecci\u00f3n magistral\/expositiva<br>Sesiones de discusi\u00f3n y debate<br>Lectura cr\u00edtica de fuentes y documentos<br>Participaci\u00f3n en foro<br>Realizaci\u00f3n de caso pr\u00e1ctico<\/p>\n\n\n\n<p><strong>CONTENIDO DEL CURSO:<\/strong><br>Tema 1. Introducci\u00f3n al marketing tur\u00edstico<br>Importancia del turismo y conceptos b\u00e1sicos<br>Tipos de turismo<br>\u00bfQu\u00e9 es el marketing tur\u00edstico?<br>Tema 2. Marketing de destinos<br>\u00bfQu\u00e9 es el marketing de destinos?<br>La imagen de destino<br>Tema 3. El sector tur\u00edstico<br>Empresas tur\u00edsticas<br>Organizaci\u00f3n de Marketing de destinos (DMO)<br>Tema 4. El turista<br>Tipos de turistas<br>El comportamiento del turista y sus motivadores<br>Tema 5. Turismo en el contexto actual y tendencias<br>El impacto del Covid-19 en el turismo<br>El Turismo Sostenible<br>El Turismo Alternativo<br>Tema 6. La oferta tur\u00edstica: el caso de Bolivia<br>Principales destinos tur\u00edsticos locales y nacionales<br>El potencial tur\u00edstico<br>Retos actuales de los destinos tur\u00edsticos<br>Tema 7. Marketing digital y tecnolog\u00edas aplicadas al turismo<br>Las herramientas travel 2.0 (Plataformas de viaje, blogs, redes sociales\u2026)<br>Tecnolog\u00eda tur\u00edstica o Travel Tech<br>El e-WOM<\/p>\n\n\n\n<p><strong>CURRICULUM VITAE DOCENTE<\/strong><br>Msc. Lic. Grecia De la Serna<br>M\u00e1ster en Econom\u00eda y Organizaci\u00f3n de Empresas &#8211; Universidad de Granada.<br>M\u00e1ster en Marketing y Comportamiento del Consumidor- Universidad de Granada.<br>Licenciada en Administraci\u00f3n de Empresas &#8211; Universidad Aut\u00f3noma Juan Misael Saracho.<\/p>\n\n\n\n<p><strong>INFORMES E INSCRIPCIONES:<\/strong><br>SEDE CENTRAL TARIJA<br>Direcci\u00f3n: Calle Ingavi esq. Padilla N\u00b0 689<br>Tel\u00e9fono: 466-42814<br>Contacto 1: 72988960<br>Contacto 2: 68705489<br>Facebook:\u00a0posgradosuajms<\/p>\n<\/div><\/div>\n","protected":false},"excerpt":{"rendered":"<p>CURSO CORTO:Marketing tur\u00edstico y de destinos.MODALIDAD:VirtualDURACI\u00d3N:\u00a0\u00a0\u00a0\u00a0\u00a0\u00a0\u00a0\u00a0\u00a03 semanasHORARIO DE CLASES:19:00 a 20:30 lunes mi\u00e9rcoles y viernesDIRIGIDO A:Profesionales y estudiantes de \u00e1reas Empresariales y de Turismo, personas que trabajan en el sector [&hellip;]<\/p>\n","protected":false},"author":118,"featured_media":0,"parent":0,"menu_order":0,"comment_status":"closed","ping_status":"closed","template":"","meta":{"jetpack_post_was_ever_published":false,"_joinchat":[],"footnotes":""},"class_list":["post-3300","page","type-page","status-publish","hentry"],"jetpack_sharing_enabled":true,"jetpack_shortlink":"https:\/\/wp.me\/P5Qmml-Re","publishpress_future_action":{"enabled":false,"date":"2026-05-16 12:22:23","action":"change-status","newStatus":"draft","terms":[],"taxonomy":"","extraData":[]},"publishpress_future_workflow_manual_trigger":{"enabledWorkflows":[]},"_links":{"self":[{"href":"https:\/\/www.uajms.edu.bo\/posgrado\/wp-json\/wp\/v2\/pages\/3300","targetHints":{"allow":["GET"]}}],"collection":[{"href":"https:\/\/www.uajms.edu.bo\/posgrado\/wp-json\/wp\/v2\/pages"}],"about":[{"href":"https:\/\/www.uajms.edu.bo\/posgrado\/wp-json\/wp\/v2\/types\/page"}],"author":[{"embeddable":true,"href":"https:\/\/www.uajms.edu.bo\/posgrado\/wp-json\/wp\/v2\/users\/118"}],"replies":[{"embeddable":true,"href":"https:\/\/www.uajms.edu.bo\/posgrado\/wp-json\/wp\/v2\/comments?post=3300"}],"version-history":[{"count":1,"href":"https:\/\/www.uajms.edu.bo\/posgrado\/wp-json\/wp\/v2\/pages\/3300\/revisions"}],"predecessor-version":[{"id":3301,"href":"https:\/\/www.uajms.edu.bo\/posgrado\/wp-json\/wp\/v2\/pages\/3300\/revisions\/3301"}],"wp:attachment":[{"href":"https:\/\/www.uajms.edu.bo\/posgrado\/wp-json\/wp\/v2\/media?parent=3300"}],"curies":[{"name":"wp","href":"https:\/\/api.w.org\/{rel}","templated":true}]}}