

{"id":3296,"date":"2022-02-07T11:38:56","date_gmt":"2022-02-07T15:38:56","guid":{"rendered":"https:\/\/www.uajms.edu.bo\/posgrado\/?page_id=3296"},"modified":"2022-09-09T15:52:59","modified_gmt":"2022-09-09T19:52:59","slug":"cambio-climatico-calculo-de-la-huella-del-carbono","status":"publish","type":"page","link":"https:\/\/www.uajms.edu.bo\/posgrado\/cambio-climatico-calculo-de-la-huella-del-carbono\/","title":{"rendered":"CAMBIO CLIMATICO: C\u00c1LCULO DE LA HUELLA DEL CARBONO"},"content":{"rendered":"\n<p><div style=\"text-align: center;background-color: #272C33;color:#F2F2F2\"><p><strong>PRESENTACION:<\/strong><\/p><\/div><\/p>\n\n\n\n<p class=\"has-text-align-justify\">Hoy en d\u00eda las sociedades se mueven por el uso de los combustibles f\u00f3siles y cada vez son m\u00e1s consumistas. Por otro lado, los investigadores indican que el cambio clim\u00e1tico es una realidad provocada por el ser humano y las sociedades deben cambiar hacia la reducci\u00f3n de las emisiones de Gases de Efecto de invernadero (GEI).<\/p>\n\n\n\n<p class=\"has-text-align-justify\">En este marco aparece el c\u00e1lculo de la huella de carbono como medida de las emisiones de gases de efecto de invernadero de un producto, organizaci\u00f3n, servicio o evento como ventajas competitivas en el mundo; como contribuci\u00f3n al cambio clim\u00e1tico y oportunidad de reducci\u00f3n de emisiones; tambi\u00e9n, ayuda a ser m\u00e1s eficientes en\u00e9rgicamente y econ\u00f3micamente.<\/p>\n\n\n\n<p class=\"has-text-align-justify\">Tambi\u00e9n, las empresas m\u00e1s avanzadas buscan conectar con las inquietudes sobre el&nbsp;cambio clim\u00e1tico&nbsp;expresadas por la sociedad y los mercados, calculando su huella de carbono, adquiriendo compromisos voluntarios de&nbsp;reducci\u00f3n y\/o compensaci\u00f3n de emisiones&nbsp;y comunicando \u00e9stos esfuerzos a las partes interesadas.<\/p>\n\n\n\n<p class=\"has-text-align-justify\">El curso tiene un enfoque aplicado,&nbsp;en el que los temas te\u00f3ricos se complementan con&nbsp;casos pr\u00e1cticos reales resueltos, con los que el participante puede comprender mejor la aplicaci\u00f3n de las metodolog\u00edas.<\/p>\n\n\n\n<p><strong>CURSO CORTO:<\/strong><\/p>\n\n\n\n<p>CAMBIO CLIMATICO: CALCULO DE LA HUELLA DEL CARBONO<\/p>\n\n\n\n<p><strong>MODALIDAD:<\/strong><\/p>\n\n\n\n<p>Clases Online (sesiones en vivo) a trav\u00e9s de plataforma Zoom.<\/p>\n\n\n\n<p><strong>DURACI\u00d3N:<\/strong><\/p>\n\n\n\n<p>160 hs en 4 semanas<\/p>\n\n\n\n<p>23 \u2013 26 de febrero del 2022<\/p>\n\n\n\n<p>09 \u2013 12 de marzo del 2022<\/p>\n\n\n\n<p>16 \u2013 19 de marzo del 2022<\/p>\n\n\n\n<p>23 \u2013 26 de marzo del 2022<\/p>\n\n\n\n<p>Mi\u00e9rcoles y s\u00e1bados de 19:00 a 21:00 hs<\/p>\n\n\n\n<p><strong>DIRIGIDO A:<\/strong><strong><\/strong><\/p>\n\n\n\n<p>El curso est\u00e1 dirigido a Ingenieros: Ambientales, civiles, Agr\u00f3nomos, Forestales, Qu\u00edmico; arquitectos y profesionales del sector p\u00fablico y privado y estudiantes de \u00faltimos cursos.<\/p>\n\n\n\n<p><strong>REQUISITOS DE ADMISION AL CURSO:<\/strong><\/p>\n\n\n\n<p>Los participantes deben tener conocimiento b\u00e1sico de excel<\/p>\n\n\n\n<p><strong>OBJETIVOS GENERALES:<\/strong><\/p>\n\n\n\n<p>El curso tiene como objetivo principal ense\u00f1ar a calcular la huella de carbono. Los participantes adquirir\u00e1n las competencias necesarias para calcular la huella de carbono de un producto o una organizaci\u00f3n.<\/p>\n\n\n\n<p><strong>OBJETIVOS ESPECIFICOS:<\/strong><\/p>\n\n\n\n<p>Al finalizar el curso habr\u00e1s aprendido a:<\/p>\n\n\n\n<ul class=\"wp-block-list\"><li>Conocer los alcances, tipos de implementaci\u00f3n y enfoques para el c\u00e1lculo de la&nbsp;huella de carbono.<\/li><li>Aprender a calcular la Huella de Carbono, en forma de CO<sub>2<\/sub>&nbsp;equivalente.<\/li><li>Aprender a calcular la Huella de Carbono de un Producto y de una Organizaci\u00f3n.<\/li><li>Conocer las fuentes de informaci\u00f3n, Bases de datos y herramientas disponibles para facilitar el c\u00e1lculo de la Huella de Carbono.<\/li><\/ul>\n\n\n\n<p><strong>METODOLOGIA DEL CURSO:<\/strong><\/p>\n\n\n\n<p>La metodolog\u00eda del curso es 100% online, a trav\u00e9s de sesiones en vivo. Las clases ser\u00e1n interactivas, por lo que el participante deber\u00e1 conectarse en el horario estipulado a trav\u00e9s de la plataforma Zoom. Para su acceso se le facilitar\u00e1 el ID de reuni\u00f3n y la contrase\u00f1a con anticipaci\u00f3n. Se brindar\u00e1n textos para lectura y trabajos pr\u00e1cticos para consolidar los conocimientos. Las sesiones son grabadas y se env\u00edan a los participantes en carpeta digital.<\/p>\n\n\n\n<p>Como requisito para la aprobaci\u00f3n del curso deber\u00e1 entregar los trabajos pr\u00e1cticos y un trabajo final.<\/p>\n\n\n\n<p><strong>CONTENIDO DEL CURSO:<\/strong><\/p>\n\n\n\n<p>Introducci\u00f3n al Cambio Clim\u00e1tico y a la Huella de Carbono.<br>Huella de Carbono de Producto<br>Huella de Carbono de Organizaci\u00f3n<br>Herramientas para el c\u00e1lculo de Huella de Carbono<br>Proyectos de reducci\u00f3n de emisiones.<br>Casos espec\u00edficos de c\u00e1lculo de la Huella de Carbono<\/p>\n\n\n\n<p><strong>CURRICULUM VITAE DOCENTE:<\/strong><\/p>\n\n\n\n<p><strong>MARIO NINA IGNACIO, M.Sc.<\/strong><\/p>\n\n\n\n<p class=\"has-text-align-justify\">Graduado en Maestr\u00eda en Ciencias Ambientales en la Universidad Estatal de Nueva York \u2013 Syracuse de USA e Ing. Forestal de la Facultad de Ciencias Agr\u00edcolas y Forestales de la UAJMS. Experiencia en Docencia a nivel de Licenciatura en la UAJMS y Director del IIEMA-UAJMS, Profesor de pos grado en Maestr\u00edas de la Universidades de UMSA y UMSS. Experiencia en estudios ambientales y Recursos Naturales como Fichas Ambientales, Estudios de Evaluaci\u00f3n de Impactos Ambientales (EEIA) y supervisi\u00f3n y monitoreo ambiental en Proyectos de Desarrollo Alternativos Integral en el Tr\u00f3pico de Cochabamba, USAID, FAO, Comunidad Europea y Proyecto de Alianzas Rurales (PAR) Fase 1 y 2 del proyecto del Banco Mundial y consultor privado de varias empresas.<\/p>\n","protected":false},"excerpt":{"rendered":"<p>PRESENTACION: Hoy en d\u00eda las sociedades se mueven por el uso de los combustibles f\u00f3siles y cada vez son m\u00e1s consumistas. Por otro lado, los investigadores indican que el cambio [&hellip;]<\/p>\n","protected":false},"author":118,"featured_media":0,"parent":0,"menu_order":0,"comment_status":"closed","ping_status":"closed","template":"","meta":{"jetpack_post_was_ever_published":false,"_joinchat":[],"footnotes":""},"class_list":["post-3296","page","type-page","status-publish","hentry"],"jetpack_sharing_enabled":true,"jetpack_shortlink":"https:\/\/wp.me\/P5Qmml-Ra","publishpress_future_action":{"enabled":false,"date":"2026-04-13 05:06:10","action":"change-status","newStatus":"draft","terms":[],"taxonomy":"","extraData":[]},"publishpress_future_workflow_manual_trigger":{"enabledWorkflows":[]},"_links":{"self":[{"href":"https:\/\/www.uajms.edu.bo\/posgrado\/wp-json\/wp\/v2\/pages\/3296","targetHints":{"allow":["GET"]}}],"collection":[{"href":"https:\/\/www.uajms.edu.bo\/posgrado\/wp-json\/wp\/v2\/pages"}],"about":[{"href":"https:\/\/www.uajms.edu.bo\/posgrado\/wp-json\/wp\/v2\/types\/page"}],"author":[{"embeddable":true,"href":"https:\/\/www.uajms.edu.bo\/posgrado\/wp-json\/wp\/v2\/users\/118"}],"replies":[{"embeddable":true,"href":"https:\/\/www.uajms.edu.bo\/posgrado\/wp-json\/wp\/v2\/comments?post=3296"}],"version-history":[{"count":4,"href":"https:\/\/www.uajms.edu.bo\/posgrado\/wp-json\/wp\/v2\/pages\/3296\/revisions"}],"predecessor-version":[{"id":4138,"href":"https:\/\/www.uajms.edu.bo\/posgrado\/wp-json\/wp\/v2\/pages\/3296\/revisions\/4138"}],"wp:attachment":[{"href":"https:\/\/www.uajms.edu.bo\/posgrado\/wp-json\/wp\/v2\/media?parent=3296"}],"curies":[{"name":"wp","href":"https:\/\/api.w.org\/{rel}","templated":true}]}}