

{"id":205,"date":"2014-02-17T11:25:30","date_gmt":"2014-02-17T15:25:30","guid":{"rendered":"http:\/\/www.uajms.edu.bo\/posgrado\/?page_id=205"},"modified":"2019-05-06T16:45:20","modified_gmt":"2019-05-06T20:45:20","slug":"instituto-de-idiomas-uli","status":"publish","type":"page","link":"https:\/\/www.uajms.edu.bo\/posgrado\/instituto-de-idiomas-uli\/","title":{"rendered":"Instituto de idiomas &#8211; ULI"},"content":{"rendered":"<p style=\"text-align: center;\"><strong>INSTITUTO DE IDIOMAS<\/strong><\/p>\n<p>El Instituto de Idiomas de la Universidad Juan Misael Saracho cumple en esta Gesti\u00f3n 34 a\u00f1os de vida al servicio de la comunidad, ofertando cursos de ingl\u00e9s dirigido a ni\u00f1os, adolescentes y adultos, adem\u00e1s oferta cursos cortos en idiomas extranjeros como: Franc\u00e9s, Alem\u00e1n, italiano, portugu\u00e9s y espa\u00f1ol, as\u00ed mismo ofrece cursos en idiomas nativos como el guaran\u00ed y quechua.<br \/>\nDada su gran aceptaci\u00f3n actualmente el Instituto de Idiomas sienta presencia en las ciudades de Yacuiba, Bermejo y Villamontes con gran \u00e9xito.<br \/>\nPara el 2014, las autoridades del U.L.I. est\u00e1n trabajando en el Proyecto de convenio con Editorial Santillana para otorgar a nuestros estudiantes el Certificado TOEFEL a trav\u00e9s de Cambridge y Oxford.<\/p>\n<p>&nbsp;<\/p>\n<p><a href=\"http:\/\/www.uajms.edu.bo\/posgrado\/wp-content\/uploads\/sites\/10\/2014\/02\/call-center-e1392650696760.jpg\"><img decoding=\"async\" data-attachment-id=\"206\" data-permalink=\"https:\/\/www.uajms.edu.bo\/posgrado\/instituto-de-idiomas-uli\/call-center\/\" data-orig-file=\"https:\/\/www.uajms.edu.bo\/posgrado\/wp-content\/uploads\/sites\/10\/2014\/02\/call-center-e1392650696760.jpg\" data-orig-size=\"100,100\" data-comments-opened=\"1\" data-image-meta=\"{&quot;aperture&quot;:&quot;0&quot;,&quot;credit&quot;:&quot;&quot;,&quot;camera&quot;:&quot;&quot;,&quot;caption&quot;:&quot;&quot;,&quot;created_timestamp&quot;:&quot;0&quot;,&quot;copyright&quot;:&quot;&quot;,&quot;focal_length&quot;:&quot;0&quot;,&quot;iso&quot;:&quot;0&quot;,&quot;shutter_speed&quot;:&quot;0&quot;,&quot;title&quot;:&quot;&quot;}\" data-image-title=\"call center\" data-image-description=\"\" data-image-caption=\"\" data-medium-file=\"https:\/\/www.uajms.edu.bo\/posgrado\/wp-content\/uploads\/sites\/10\/2014\/02\/call-center-e1392650696760.jpg\" data-large-file=\"https:\/\/www.uajms.edu.bo\/posgrado\/wp-content\/uploads\/sites\/10\/2014\/02\/call-center-e1392650696760.jpg\" class=\"size-thumbnail wp-image-206 alignleft\" src=\"http:\/\/www.uajms.edu.bo\/posgrado\/wp-content\/uploads\/sites\/10\/2014\/02\/call-center-150x150.jpg\" alt=\"call center\" width=\"150\" height=\"150\" \/><\/a>Contactos e Informes<\/p>\n<p><strong>Sede central Tarija:<\/strong> Dir. Av. Domingo Paz entre Saracho y Campero Telf.: 66-50801 &#8212; Cel.: 68706370<\/p>\n<p><strong>Yacuiba:<\/strong> Calle Ballivian entre San Pedro y Campero<br \/>\n<strong>Villamontes:<\/strong> Cel.: 68706374<br \/>\n<strong>Bermejo:<\/strong> Cel.: 68706374<\/p>\n","protected":false},"excerpt":{"rendered":"<p>INSTITUTO DE IDIOMAS El Instituto de Idiomas de la Universidad Juan Misael Saracho cumple en esta Gesti\u00f3n 34 a\u00f1os de vida al servicio de la comunidad, ofertando cursos de ingl\u00e9s [&hellip;]<\/p>\n","protected":false},"author":11,"featured_media":0,"parent":0,"menu_order":0,"comment_status":"open","ping_status":"open","template":"","meta":{"jetpack_post_was_ever_published":false,"_joinchat":[],"footnotes":""},"class_list":["post-205","page","type-page","status-publish","hentry"],"jetpack_sharing_enabled":true,"jetpack_shortlink":"https:\/\/wp.me\/P5Qmml-3j","publishpress_future_action":{"enabled":false,"date":"2026-05-22 04:19:34","action":"change-status","newStatus":"draft","terms":[],"taxonomy":"","extraData":[]},"publishpress_future_workflow_manual_trigger":{"enabledWorkflows":[]},"_links":{"self":[{"href":"https:\/\/www.uajms.edu.bo\/posgrado\/wp-json\/wp\/v2\/pages\/205","targetHints":{"allow":["GET"]}}],"collection":[{"href":"https:\/\/www.uajms.edu.bo\/posgrado\/wp-json\/wp\/v2\/pages"}],"about":[{"href":"https:\/\/www.uajms.edu.bo\/posgrado\/wp-json\/wp\/v2\/types\/page"}],"author":[{"embeddable":true,"href":"https:\/\/www.uajms.edu.bo\/posgrado\/wp-json\/wp\/v2\/users\/11"}],"replies":[{"embeddable":true,"href":"https:\/\/www.uajms.edu.bo\/posgrado\/wp-json\/wp\/v2\/comments?post=205"}],"version-history":[{"count":2,"href":"https:\/\/www.uajms.edu.bo\/posgrado\/wp-json\/wp\/v2\/pages\/205\/revisions"}],"predecessor-version":[{"id":2377,"href":"https:\/\/www.uajms.edu.bo\/posgrado\/wp-json\/wp\/v2\/pages\/205\/revisions\/2377"}],"wp:attachment":[{"href":"https:\/\/www.uajms.edu.bo\/posgrado\/wp-json\/wp\/v2\/media?parent=205"}],"curies":[{"name":"wp","href":"https:\/\/api.w.org\/{rel}","templated":true}]}}