

{"id":200,"date":"2014-02-17T11:08:41","date_gmt":"2014-02-17T15:08:41","guid":{"rendered":"http:\/\/www.uajms.edu.bo\/posgrado\/?page_id=200"},"modified":"2023-05-15T17:37:21","modified_gmt":"2023-05-15T21:37:21","slug":"unidad-de-educacion-a-distancia","status":"publish","type":"page","link":"https:\/\/www.uajms.edu.bo\/posgrado\/unidad-de-educacion-a-distancia\/","title":{"rendered":"Unidad de Educaci\u00f3n a Distancia"},"content":{"rendered":"<p style=\"text-align: center\">UNIDAD DE EDUCACI\u00d3N A DISTANCIA<\/p>\n<p style=\"text-align: center\"><!--Error de YouTube: URL introducida incorrecta--><\/p>\n<p>En el a\u00f1o 1996 en convenio UAJMS &#8211; ISER se da inicio a la primera versi\u00f3n del Programa de Licenciatura en Administraci\u00f3n Educativa, m\u00e1s conocido como PLAE.<br \/>\nEste Programa nace con el objetivo de brindar formaci\u00f3n complementaria a los profesores normalistas de todo el pa\u00eds, en la modalidad de Educaci\u00f3n a Distancia<br \/>\nEl \u00e9xito obtenido en este Programa, demanda a la UAJMS, la creaci\u00f3n de otra licenciatura, tambi\u00e9n orientada a los profesores, la licenciatura en Pedagog\u00eda Escolar.<br \/>\nHan transcurrido 17 a\u00f1os, y en la actualidad llevamos desarrollando la versi\u00f3n 14 de la Licenciatura en Administraci\u00f3n Educativa y la versi\u00f3n 8 de la Licenciatura en Pedagog\u00eda Escolar.<\/p>\n<p><strong><a href=\"http:\/\/www.uajms.edu.bo\/posgrado\/wp-content\/uploads\/sites\/10\/2014\/02\/call-center-e1392650696760.jpg\"><img decoding=\"async\" data-attachment-id=\"206\" data-permalink=\"https:\/\/www.uajms.edu.bo\/posgrado\/instituto-de-idiomas-uli\/call-center\/\" data-orig-file=\"https:\/\/www.uajms.edu.bo\/posgrado\/wp-content\/uploads\/sites\/10\/2014\/02\/call-center-e1392650696760.jpg\" data-orig-size=\"100,100\" data-comments-opened=\"1\" data-image-meta=\"{&quot;aperture&quot;:&quot;0&quot;,&quot;credit&quot;:&quot;&quot;,&quot;camera&quot;:&quot;&quot;,&quot;caption&quot;:&quot;&quot;,&quot;created_timestamp&quot;:&quot;0&quot;,&quot;copyright&quot;:&quot;&quot;,&quot;focal_length&quot;:&quot;0&quot;,&quot;iso&quot;:&quot;0&quot;,&quot;shutter_speed&quot;:&quot;0&quot;,&quot;title&quot;:&quot;&quot;}\" data-image-title=\"call center\" data-image-description=\"\" data-image-caption=\"\" data-medium-file=\"https:\/\/www.uajms.edu.bo\/posgrado\/wp-content\/uploads\/sites\/10\/2014\/02\/call-center-e1392650696760.jpg\" data-large-file=\"https:\/\/www.uajms.edu.bo\/posgrado\/wp-content\/uploads\/sites\/10\/2014\/02\/call-center-e1392650696760.jpg\" class=\"wp-image-206 alignleft\" alt=\"call center\" src=\"http:\/\/www.uajms.edu.bo\/posgrado\/wp-content\/uploads\/sites\/10\/2014\/02\/call-center-150x150.jpg\" width=\"150\" height=\"150\" \/><\/a>Informes y Contacos<\/strong><\/p>\n<table width=\"1054\" border=\"0\" cellspacing=\"0\" cellpadding=\"0\">\n<col width=\"183\" \/>\n<col width=\"51\" \/>\n<col width=\"340\" \/>\n<col width=\"194\" \/>\n<col width=\"286\" \/>\n<tbody>\n<tr>\n<td width=\"183\" height=\"21\"><strong>PERSONAL OPERTIVO\u00a0<\/strong><\/td>\n<td width=\"51\"><strong>SEDE<\/strong><\/td>\n<td width=\"340\"><strong>DIRECCI\u00d3N\u00a0<\/strong><\/td>\n<td width=\"194\"><strong>CELULAR\u00a0<\/strong><\/td>\n<td width=\"286\"><strong>E-MAIL<\/strong><\/td>\n<\/tr>\n<tr>\n<td height=\"34\">Dra. Elena Gonzales \/ Lic. Edwin T\u00f3rrico<\/td>\n<td>La Paz<\/td>\n<td width=\"340\">Av. Illimani N\u00aa 1850 Callej\u00f3n 3 de Mayo piso 2 Of. 2<\/td>\n<td>72989921<\/td>\n<td>el-lagos55@hotmail.com; redtorrico@yahoo.es<\/td>\n<\/tr>\n<tr>\n<td width=\"183\" height=\"21\">Lic. Ricardo Angulo<\/td>\n<td>Cbba.<\/td>\n<td>c. ecuador #\u00a0 471 frente\u00a0 a la Direc. Dptal. De Educ.<\/td>\n<td width=\"194\">72988609<\/td>\n<td>sam54cba@hotmail.com<\/td>\n<\/tr>\n<tr>\n<td width=\"183\" height=\"21\">Lic. Ivar Hoyos<\/td>\n<td>uyuni<\/td>\n<td>Av. Potos\u00ed\u00a0 # 121 (Dom)<\/td>\n<td width=\"194\">72989804<\/td>\n<td>ivarhoyosp@hotmail.com<\/td>\n<\/tr>\n<tr>\n<td width=\"183\" height=\"21\">Lic. Pablo Ricalde<\/td>\n<td>Tupiza<\/td>\n<td>c. Chorolque # 220 (Dom.)<\/td>\n<td width=\"194\">72989379<\/td>\n<td>pariro28@hotmail.com<\/td>\n<\/tr>\n<tr>\n<td width=\"183\" height=\"21\">Lic. Salustio Ramos<\/td>\n<td>Sucre<\/td>\n<td>Zona Univalle c. Valle Grande N\u00aa 440<\/td>\n<td width=\"194\">72989935<\/td>\n<td>salustioramos@hotmail.com<\/td>\n<\/tr>\n<tr>\n<td width=\"183\" height=\"21\">Lic. Roberto Ortega<\/td>\n<td>Villazon<\/td>\n<td>c. 10 de noviembre # 736<\/td>\n<td width=\"194\">72989947<\/td>\n<td>robby_7_6@hotmail.com<\/td>\n<\/tr>\n<tr>\n<td width=\"183\" height=\"21\">Lic. David Ramirez<\/td>\n<td>Potos\u00ed<\/td>\n<td>c.Sta. Teresa # 2 planta alta zona central<\/td>\n<td width=\"194\">72988960<\/td>\n<td>vicorada@yahoo.com<\/td>\n<\/tr>\n<tr>\n<td width=\"183\" height=\"21\">Prof. Nataniel Gomez<\/td>\n<td>Yacuiba<\/td>\n<td>c. Benem\u00e9ritos # 435 (Entre Santa Cruz y Ballivi\u00e1n)<\/td>\n<td width=\"194\">72988961<\/td>\n<td>nataniel_1959@ hotmail.com<\/td>\n<\/tr>\n<tr>\n<td width=\"183\" height=\"21\">Lic. Jos\u00e9 Trive\u00f1o B.<\/td>\n<td>Oruro<\/td>\n<td width=\"340\">c. Murguia N\u00ba 218 entre Velasco Galvarro y Pagador \u2013 zona central.<\/td>\n<td width=\"194\">72988714<\/td>\n<td>jotribe7@yahoo.com.mx<\/td>\n<\/tr>\n<\/tbody>\n<\/table>\n","protected":false},"excerpt":{"rendered":"<p>UNIDAD DE EDUCACI\u00d3N A DISTANCIA En el a\u00f1o 1996 en convenio UAJMS &#8211; ISER se da inicio a la primera versi\u00f3n del Programa de Licenciatura en Administraci\u00f3n Educativa, m\u00e1s conocido [&hellip;]<\/p>\n","protected":false},"author":11,"featured_media":202,"parent":0,"menu_order":0,"comment_status":"open","ping_status":"closed","template":"","meta":{"jetpack_post_was_ever_published":false,"_joinchat":[],"footnotes":""},"class_list":["post-200","page","type-page","status-publish","has-post-thumbnail","hentry"],"jetpack_sharing_enabled":true,"jetpack_shortlink":"https:\/\/wp.me\/P5Qmml-3e","publishpress_future_action":{"enabled":false,"date":"2026-05-23 14:17:58","action":"change-status","newStatus":"draft","terms":[],"taxonomy":"","extraData":[]},"publishpress_future_workflow_manual_trigger":{"enabledWorkflows":[]},"_links":{"self":[{"href":"https:\/\/www.uajms.edu.bo\/posgrado\/wp-json\/wp\/v2\/pages\/200","targetHints":{"allow":["GET"]}}],"collection":[{"href":"https:\/\/www.uajms.edu.bo\/posgrado\/wp-json\/wp\/v2\/pages"}],"about":[{"href":"https:\/\/www.uajms.edu.bo\/posgrado\/wp-json\/wp\/v2\/types\/page"}],"author":[{"embeddable":true,"href":"https:\/\/www.uajms.edu.bo\/posgrado\/wp-json\/wp\/v2\/users\/11"}],"replies":[{"embeddable":true,"href":"https:\/\/www.uajms.edu.bo\/posgrado\/wp-json\/wp\/v2\/comments?post=200"}],"version-history":[{"count":1,"href":"https:\/\/www.uajms.edu.bo\/posgrado\/wp-json\/wp\/v2\/pages\/200\/revisions"}],"predecessor-version":[{"id":5102,"href":"https:\/\/www.uajms.edu.bo\/posgrado\/wp-json\/wp\/v2\/pages\/200\/revisions\/5102"}],"wp:featuredmedia":[{"embeddable":true,"href":"https:\/\/www.uajms.edu.bo\/posgrado\/wp-json\/wp\/v2\/media\/202"}],"wp:attachment":[{"href":"https:\/\/www.uajms.edu.bo\/posgrado\/wp-json\/wp\/v2\/media?parent=200"}],"curies":[{"name":"wp","href":"https:\/\/api.w.org\/{rel}","templated":true}]}}