

{"id":913,"date":"2021-10-13T15:44:05","date_gmt":"2021-10-13T15:44:05","guid":{"rendered":"http:\/\/www.uajms.edu.bo\/oferta-academica\/?page_id=913"},"modified":"2021-10-22T15:46:36","modified_gmt":"2021-10-22T15:46:36","slug":"facultad-de-ciencias-quimico-farmaceuticas-y-bioquimicas","status":"publish","type":"page","link":"https:\/\/www.uajms.edu.bo\/oferta-academica\/facultad-de-ciencias-quimico-farmaceuticas-y-bioquimicas\/","title":{"rendered":"Facultad de Ciencias Qu\u00edmico Farmac\u00e9uticas y Bioqu\u00edmicas"},"content":{"rendered":"","protected":false},"excerpt":{"rendered":"","protected":false},"author":1,"featured_media":0,"parent":0,"menu_order":0,"comment_status":"closed","ping_status":"closed","template":"","meta":{"_joinchat":[],"footnotes":""},"class_list":["post-913","page","type-page","status-publish","hentry"],"jetpack_sharing_enabled":true,"publishpress_future_action":{"enabled":false,"date":"2026-05-09 05:56:05","action":"change-status","newStatus":"draft","terms":[],"taxonomy":"","extraData":[]},"publishpress_future_workflow_manual_trigger":{"enabledWorkflows":[]},"_links":{"self":[{"href":"https:\/\/www.uajms.edu.bo\/oferta-academica\/wp-json\/wp\/v2\/pages\/913","targetHints":{"allow":["GET"]}}],"collection":[{"href":"https:\/\/www.uajms.edu.bo\/oferta-academica\/wp-json\/wp\/v2\/pages"}],"about":[{"href":"https:\/\/www.uajms.edu.bo\/oferta-academica\/wp-json\/wp\/v2\/types\/page"}],"author":[{"embeddable":true,"href":"https:\/\/www.uajms.edu.bo\/oferta-academica\/wp-json\/wp\/v2\/users\/1"}],"replies":[{"embeddable":true,"href":"https:\/\/www.uajms.edu.bo\/oferta-academica\/wp-json\/wp\/v2\/comments?post=913"}],"version-history":[{"count":5,"href":"https:\/\/www.uajms.edu.bo\/oferta-academica\/wp-json\/wp\/v2\/pages\/913\/revisions"}],"predecessor-version":[{"id":1009,"href":"https:\/\/www.uajms.edu.bo\/oferta-academica\/wp-json\/wp\/v2\/pages\/913\/revisions\/1009"}],"wp:attachment":[{"href":"https:\/\/www.uajms.edu.bo\/oferta-academica\/wp-json\/wp\/v2\/media?parent=913"}],"curies":[{"name":"wp","href":"https:\/\/api.w.org\/{rel}","templated":true}]}}