

{"id":791,"date":"2020-09-09T11:52:46","date_gmt":"2020-09-09T11:52:46","guid":{"rendered":"http:\/\/www.uajms.edu.bo\/oferta-academica\/?page_id=791"},"modified":"2020-09-09T11:52:46","modified_gmt":"2020-09-09T11:52:46","slug":"unidad-de-cultura","status":"publish","type":"page","link":"https:\/\/www.uajms.edu.bo\/oferta-academica\/unidad-de-cultura\/","title":{"rendered":"Unidad de Cultura"},"content":{"rendered":"<p><strong>Unidad de Cultura de la UAJMS.<\/strong><\/p>\n<p>Como tal esta Unidad orienta y diferencia las acciones culturales en las siguientes dimensiones:<\/p>\n<p><strong><em>Difusi\u00f3n. <\/em><\/strong>Tiene bajo su tuici\u00f3n proyectar culturalmente a la Universidad Aut\u00f3noma \u201cJuan Misael Saracho\u201d. Debe ser protagonista principal en la protecci\u00f3n y consolidaci\u00f3n de los valores de la sociedad. Propiciar la preservaci\u00f3n, promoci\u00f3n de la cultura regional, nacional e internacional bajo el criterio de pluralidad y diversidad cultural. Para ello las actividades han de orientarse a la valorizaci\u00f3n, difusi\u00f3n y transferencia del conocimiento en beneficio de la cultura.<\/p>\n<p><strong><em>Formaci\u00f3n.<\/em><\/strong> Como parte de las actividades extracurriculares, la Divisi\u00f3n ha de ocuparse de mantener estructuras organizacionales espec\u00edficas que permitan desarrollar talleres, cursos, seminarios, etc. para la comprensi\u00f3n e interpretaci\u00f3n de las artes, lo cual pueda enriquecer culturalmente a la poblaci\u00f3n universitaria.<\/p>\n<p><strong><em>Promoci\u00f3n<\/em><\/strong>. La Divisi\u00f3n deber\u00e1 apoyar, generar espacios y desarrollar, al interior y exterior de la Instituci\u00f3n,\u00a0 todo tipo de acciones que potencien aquellos talentos que se destaquen en cualquier disciplina del arte.<\/p>\n<p><strong>Estructura Organizativa.<\/strong><\/p>\n<p>La Unidad de Cultura tiene dependencia directa lineal y funcional de la Direcci\u00f3n de Extensi\u00f3n Universitaria.<\/p>\n<p><strong><em>Funciones.<\/em><\/strong><\/p>\n<ul>\n<li>Acciones para proyectar la imagen institucional de apertura y receptividad que favorezcan la interrelaci\u00f3n universidad cultura sociedad.<\/li>\n<li>Propone y coadyuva en la definici\u00f3n de pol\u00edticas en el \u00e1mbito cultural, coherentes con lo establecido en el Estatuto Org\u00e1nico de la UAJMS.<\/li>\n<li>Propicia la creaci\u00f3n de espacios, estructuras organizacionales y el desarrollo de acciones que favorezcan la formaci\u00f3n y promoci\u00f3n art\u00edstica cultural bajo el concepto de formaci\u00f3n integral de sus educandos. Para ello se cuenta en la actualidad con Centros art\u00edsticos como Coro, Teatro, Artes Pl\u00e1sticas, Ballet, Producci\u00f3n literaria y Orquesta acad\u00e9mica; todos ellos de ingreso gratuito y al alcance de estudiantes y p\u00fablico en general.<\/li>\n<li>Genera oportunidades para el conjunto de la sociedad de una forma articulada con otras instituciones que persigan fines similares en sus propuestas culturales.<\/li>\n<li>Gestiona recursos econ\u00f3micos, para atender las m\u00faltiples necesidades que comprenden las funciones indicadas, a trav\u00e9s de donaciones, proyectos, etc.<\/li>\n<li>Atiende requerimientos de infraestructura, equipamiento e insumos para el desarrollo normal de las actividades programadas.<\/li>\n<li>Propone actividades formativas a trav\u00e9s de talleres, cursos de libre configuraci\u00f3n, que coadyuven a potenciar el talento de los universitarios en el vasto \u00e1mbito de la diversidad cultural.<\/li>\n<\/ul>\n","protected":false},"excerpt":{"rendered":"<p>Unidad de Cultura de la UAJMS. Como tal esta Unidad orienta y diferencia las acciones culturales en las siguientes dimensiones: Difusi\u00f3n. Tiene bajo su tuici\u00f3n proyectar culturalmente a la Universidad [&hellip;]<\/p>\n","protected":false},"author":1,"featured_media":0,"parent":0,"menu_order":0,"comment_status":"closed","ping_status":"closed","template":"","meta":{"_joinchat":[],"footnotes":""},"class_list":["post-791","page","type-page","status-publish","hentry"],"jetpack_sharing_enabled":true,"publishpress_future_action":{"enabled":false,"date":"2026-05-01 17:31:36","action":"change-status","newStatus":"draft","terms":[],"taxonomy":"","extraData":[]},"publishpress_future_workflow_manual_trigger":{"enabledWorkflows":[]},"_links":{"self":[{"href":"https:\/\/www.uajms.edu.bo\/oferta-academica\/wp-json\/wp\/v2\/pages\/791","targetHints":{"allow":["GET"]}}],"collection":[{"href":"https:\/\/www.uajms.edu.bo\/oferta-academica\/wp-json\/wp\/v2\/pages"}],"about":[{"href":"https:\/\/www.uajms.edu.bo\/oferta-academica\/wp-json\/wp\/v2\/types\/page"}],"author":[{"embeddable":true,"href":"https:\/\/www.uajms.edu.bo\/oferta-academica\/wp-json\/wp\/v2\/users\/1"}],"replies":[{"embeddable":true,"href":"https:\/\/www.uajms.edu.bo\/oferta-academica\/wp-json\/wp\/v2\/comments?post=791"}],"version-history":[{"count":1,"href":"https:\/\/www.uajms.edu.bo\/oferta-academica\/wp-json\/wp\/v2\/pages\/791\/revisions"}],"predecessor-version":[{"id":792,"href":"https:\/\/www.uajms.edu.bo\/oferta-academica\/wp-json\/wp\/v2\/pages\/791\/revisions\/792"}],"wp:attachment":[{"href":"https:\/\/www.uajms.edu.bo\/oferta-academica\/wp-json\/wp\/v2\/media?parent=791"}],"curies":[{"name":"wp","href":"https:\/\/api.w.org\/{rel}","templated":true}]}}