

{"id":789,"date":"2020-09-09T11:50:53","date_gmt":"2020-09-09T11:50:53","guid":{"rendered":"http:\/\/www.uajms.edu.bo\/oferta-academica\/?page_id=789"},"modified":"2020-09-09T11:50:53","modified_gmt":"2020-09-09T11:50:53","slug":"guarderia","status":"publish","type":"page","link":"https:\/\/www.uajms.edu.bo\/oferta-academica\/guarderia\/","title":{"rendered":"GUARDERIA"},"content":{"rendered":"<p><strong>MISION<\/strong><\/p>\n<p>-Brindar un servicio integral a los hijos (as) de los estudiantes de la Universidad Juan Misael Saracho, mediante la aplicaci\u00f3n de programas que desarrollen las capacidades creativas, emocionales, intelectuales y sociales en los ni\u00f1os (as), proporcionando un ambiente afectivo y seguro con un personal debidamente capacitado y comprometido con la primera infancia, que apoya el desarrollo de la familia universitaria.<\/p>\n<p><strong>\u00a0VISION<\/strong><\/p>\n<p>Ser un referente en la formaci\u00f3n y atenci\u00f3n integral de los ni\u00f1os (as) de la primera infancia, as\u00ed tambi\u00e9n como en la capacitaci\u00f3n continua del personal, logrando que las madres y padres de familia adquieran mayor confianza y seguridad en la atenci\u00f3n que se brinda en el proceso de desarrollo del ni\u00f1o (as), lo que repercutir\u00e1 en la mejora de sus actividades acad\u00e9micas.<\/p>\n<p><strong>\u00a0<\/strong><\/p>\n<p><strong>\u00a0OBJETIVO GENERAL<\/strong><\/p>\n<ul>\n<li>Beneficiar con la implementaci\u00f3n del Servicio integral de atenci\u00f3n, cuidado, seguridad, educaci\u00f3n, estimulaci\u00f3n a los ni\u00f1os de 9 meses a cinco a\u00f1os, hijos (as) de estudiantes universitarios de la JMS, para que puedan continuar con sus estudios universitarios.<\/li>\n<\/ul>\n<p><strong>OBJETIVOS ESPEC\u00cdFICOS<\/strong><\/p>\n<ul>\n<li>Prevenir la deserci\u00f3n acad\u00e9mica por parte de las madres y padres universitarios con hijos menores a 5 a\u00f1os<\/li>\n<li>Desarrollar planes y programas de educaci\u00f3n inicial en familia, enfocadas a fortalecer el desarrollo integral infantil.<\/li>\n<li>Coadyuvar al proceso de estimulaci\u00f3n temprana de habilidades y cualidades de los ni\u00f1os (as)<\/li>\n<li>Generar espacios de reflexi\u00f3n entre los universitarios padres de familia relacionados a la crianza de sus hijos<\/li>\n<li>Promover una alimentaci\u00f3n saludable a trav\u00e9s de un men\u00fa elaborado por un nutricionista adecuado a las edades de los ni\u00f1os (as)<\/li>\n<li>Desarrollar cursos de capacitaci\u00f3n y formaci\u00f3n dirigida a los universitarios padres de familia, y al personal del Centro, referidos a la primera infancia.<\/li>\n<\/ul>\n<p><strong>\u00a0DESCRIPCION DE SERVICIO<\/strong><\/p>\n<p>El Centro Integral Infantil se crea con el objetivo de apoyar a los padres y madres estudiantes, para evitar la deserci\u00f3n acad\u00e9mica de los mismos, prestando el servicio de guarder\u00eda a los hijos (as) de los estudiantes-<\/p>\n<p>El mismo ofrece los servicios de guarder\u00eda a los hijos de los estudiantes de la UAJMS\u00a0 de 9 meses a 5 a\u00f1os de edad, prestando servicios de atenci\u00f3n integral en educaci\u00f3n, Psicolog\u00eda, nutrici\u00f3n y salud, con el objetivo de desarrollar sus destrezas, capacidades y habilidades personales a temprana edad.<\/p>\n<p>&nbsp;<\/p>\n","protected":false},"excerpt":{"rendered":"<p>MISION -Brindar un servicio integral a los hijos (as) de los estudiantes de la Universidad Juan Misael Saracho, mediante la aplicaci\u00f3n de programas que desarrollen las capacidades creativas, emocionales, intelectuales [&hellip;]<\/p>\n","protected":false},"author":1,"featured_media":0,"parent":0,"menu_order":0,"comment_status":"closed","ping_status":"closed","template":"","meta":{"_joinchat":[],"footnotes":""},"class_list":["post-789","page","type-page","status-publish","hentry"],"jetpack_sharing_enabled":true,"publishpress_future_action":{"enabled":false,"date":"2026-04-23 05:22:05","action":"change-status","newStatus":"draft","terms":[],"taxonomy":"","extraData":[]},"publishpress_future_workflow_manual_trigger":{"enabledWorkflows":[]},"_links":{"self":[{"href":"https:\/\/www.uajms.edu.bo\/oferta-academica\/wp-json\/wp\/v2\/pages\/789","targetHints":{"allow":["GET"]}}],"collection":[{"href":"https:\/\/www.uajms.edu.bo\/oferta-academica\/wp-json\/wp\/v2\/pages"}],"about":[{"href":"https:\/\/www.uajms.edu.bo\/oferta-academica\/wp-json\/wp\/v2\/types\/page"}],"author":[{"embeddable":true,"href":"https:\/\/www.uajms.edu.bo\/oferta-academica\/wp-json\/wp\/v2\/users\/1"}],"replies":[{"embeddable":true,"href":"https:\/\/www.uajms.edu.bo\/oferta-academica\/wp-json\/wp\/v2\/comments?post=789"}],"version-history":[{"count":1,"href":"https:\/\/www.uajms.edu.bo\/oferta-academica\/wp-json\/wp\/v2\/pages\/789\/revisions"}],"predecessor-version":[{"id":790,"href":"https:\/\/www.uajms.edu.bo\/oferta-academica\/wp-json\/wp\/v2\/pages\/789\/revisions\/790"}],"wp:attachment":[{"href":"https:\/\/www.uajms.edu.bo\/oferta-academica\/wp-json\/wp\/v2\/media?parent=789"}],"curies":[{"name":"wp","href":"https:\/\/api.w.org\/{rel}","templated":true}]}}