

{"id":785,"date":"2020-09-09T11:46:26","date_gmt":"2020-09-09T11:46:26","guid":{"rendered":"http:\/\/www.uajms.edu.bo\/oferta-academica\/?page_id=785"},"modified":"2020-09-09T11:46:26","modified_gmt":"2020-09-09T11:46:26","slug":"comedor-universitario","status":"publish","type":"page","link":"https:\/\/www.uajms.edu.bo\/oferta-academica\/comedor-universitario\/","title":{"rendered":"COMEDOR UNIVERSITARIO"},"content":{"rendered":"<p>El Comedor Universitario es una dependencia que tiene por objeto prestar alimentaci\u00f3n diaria a los estudiantes provenientes de familias de menores ingresos econ\u00f3micos y que adem\u00e1s demuestren idoneidad acad\u00e9mica. El comedor es un servicio que se expresa a trav\u00e9s del sistema de becas en sus diferentes categor\u00edas, que en lo fundamental busca mejorar el rendimiento acad\u00e9mico del estudiante.<\/p>\n<p>Los beneficios que los universitarios tienen con la Beca Comedor son los siguientes:<\/p>\n<ul>\n<li>Facilidad de contar con su alimentaci\u00f3n adecuada con valores nutricionales, y que le otorgan condiciones necesarias para tener una vida saludable que repercute en sus buenas condiciones f\u00edsicas para desarrollar sus actividades acad\u00e9micas.<\/li>\n<li>Mayor disponibilidad de tiempo para el estudio (no utiliza tiempo para preparar sus alimentos)<\/li>\n<li>No realiza gastos en su alimentaci\u00f3n y los recursos puede disponerlos en sus estudios.<\/li>\n<li>A nivel familiar es un apoyo econ\u00f3mico, ya que los padres o tutores tienen menores gastos y pueden poyar a m\u00e1s hijos para que contin\u00faen estudios.<\/li>\n<li>Seguridad a los padres, porque los hijos estudiantes est\u00e1n recibiendo buena alimentaci\u00f3n.<\/li>\n<li>Motiva al beneficiario a estudiar y garantizar desde su corresponsabilidad, el mantener este beneficio durante su periodo de estudios, con lo que aporta en el rendimiento acad\u00e9mico personal e institucional.<\/li>\n<\/ul>\n","protected":false},"excerpt":{"rendered":"<p>El Comedor Universitario es una dependencia que tiene por objeto prestar alimentaci\u00f3n diaria a los estudiantes provenientes de familias de menores ingresos econ\u00f3micos y que adem\u00e1s demuestren idoneidad acad\u00e9mica. El [&hellip;]<\/p>\n","protected":false},"author":1,"featured_media":0,"parent":0,"menu_order":0,"comment_status":"closed","ping_status":"closed","template":"","meta":{"_joinchat":[],"footnotes":""},"class_list":["post-785","page","type-page","status-publish","hentry"],"jetpack_sharing_enabled":true,"publishpress_future_action":{"enabled":false,"date":"2026-05-12 16:49:58","action":"change-status","newStatus":"draft","terms":[],"taxonomy":"","extraData":[]},"publishpress_future_workflow_manual_trigger":{"enabledWorkflows":[]},"_links":{"self":[{"href":"https:\/\/www.uajms.edu.bo\/oferta-academica\/wp-json\/wp\/v2\/pages\/785","targetHints":{"allow":["GET"]}}],"collection":[{"href":"https:\/\/www.uajms.edu.bo\/oferta-academica\/wp-json\/wp\/v2\/pages"}],"about":[{"href":"https:\/\/www.uajms.edu.bo\/oferta-academica\/wp-json\/wp\/v2\/types\/page"}],"author":[{"embeddable":true,"href":"https:\/\/www.uajms.edu.bo\/oferta-academica\/wp-json\/wp\/v2\/users\/1"}],"replies":[{"embeddable":true,"href":"https:\/\/www.uajms.edu.bo\/oferta-academica\/wp-json\/wp\/v2\/comments?post=785"}],"version-history":[{"count":2,"href":"https:\/\/www.uajms.edu.bo\/oferta-academica\/wp-json\/wp\/v2\/pages\/785\/revisions"}],"predecessor-version":[{"id":1115,"href":"https:\/\/www.uajms.edu.bo\/oferta-academica\/wp-json\/wp\/v2\/pages\/785\/revisions\/1115"}],"wp:attachment":[{"href":"https:\/\/www.uajms.edu.bo\/oferta-academica\/wp-json\/wp\/v2\/media?parent=785"}],"curies":[{"name":"wp","href":"https:\/\/api.w.org\/{rel}","templated":true}]}}