

{"id":760,"date":"2020-09-06T01:36:01","date_gmt":"2020-09-06T01:36:01","guid":{"rendered":"http:\/\/www.uajms.edu.bo\/oferta-academica\/?page_id=760"},"modified":"2020-09-06T01:36:01","modified_gmt":"2020-09-06T01:36:01","slug":"carrera-de-enfermeria-obstetriz","status":"publish","type":"page","link":"https:\/\/www.uajms.edu.bo\/oferta-academica\/carrera-de-enfermeria-obstetriz\/","title":{"rendered":"Carrera de Enfermer\u00eda Obstetriz"},"content":{"rendered":"<p><strong>Nivel: <\/strong>Licenciatura.<\/p>\n<p><strong>Duraci\u00f3n: <\/strong>10 semestres<\/p>\n<p><strong>Grado Acad\u00e9mico:<\/strong> Licenciado(a) en Enfermer\u00eda Obstetriz<\/p>\n<p><strong>T\u00edtulo en Provisi\u00f3n Nacional: <\/strong>Licenciado(a) en Enfermer\u00eda Obstetriz<\/p>\n<h1><strong>PERFIL PROFESIONAL<\/strong><\/h1>\n<p>La Enfermera Obstetriz es una profesional universitaria, a nivel de licenciatura, con una s\u00f3lida formaci\u00f3n integral cient\u00edfica, tecnol\u00f3gica, humanista, social, \u00e9tica y moral para su desempe\u00f1o profesional aut\u00f3nomo, con capacidad de resoluci\u00f3n, y como agente de cambio, contribuyendo con sus acciones al mejoramiento de la salud y calidad de vida de la poblaci\u00f3n boliviana y fundamentalmente de la mujer y su hijo\/a.<\/p>\n<h1><strong>COMPETENCIAS DE LA\/EL LICENCIADA\/O EN ENFERMER\u00cdA OBSTETRIZ<\/strong><\/h1>\n<ul>\n<li>Realizar el control prenatal, la atenci\u00f3n del parto, pos parto y del reci\u00e9n nacido normal, con el enfoque de interculturalidad y derechos y utilizando principios de calidad y eficiencia.<\/li>\n<li>Prestar asistencia oportuna en las emergencias obst\u00e9tricas y neonatales, bajo normas establecidas, y referir en condiciones adecuadas a la mujer y\/o neonato al nivel de atenci\u00f3n correspondiente.<\/li>\n<li>Prestar servicios promocionales y preventivos en salud sexual y reproductiva en el marco de los derechos humanos y reproductivos con enfoque intercultural, familiar, de g\u00e9nero y generacional en las distintas etapas del ciclo vital de la persona.<\/li>\n<li>Aplicar el proceso administrativo en la gesti\u00f3n de los servicios de salud sexual y reproductiva, a partir de la implementaci\u00f3n de m\u00e9todos y t\u00e9cnicas contempor\u00e1neas de la gesti\u00f3n y el liderazgo.<\/li>\n<\/ul>\n<h1>Campo Profesional<\/h1>\n<p>La\/el licenciada\/o en Enfermer\u00eda Obstetriz, tiene como campo laboral los siguientes lugares:<\/p>\n<ul>\n<li>\u00a0Sistema de Salud<\/li>\n<li>Establecimientos de Salud de Primer y Segundo Nivel de Complejidad, fundamentalmente los servicios rurales.<\/li>\n<li>Hospitales Materno-Infantiles<\/li>\n<li>Organizaciones Comunitarias<\/li>\n<\/ul>\n<h1><strong>MODALIDADES DE ACCESO A LA CARRERA<\/strong><\/h1>\n<p>El estudiante que dese ser Licenciada\/a en Enfermer\u00eda Obstetriz, deben ingresar primeramente a la Carrera de Enfermer\u00eda y aprobar los primeros cuatro semestres.<\/p>\n<p>Luego las autoridades acad\u00e9micas elaboran una convocatoria para la postulaci\u00f3n a la Carrera de Enfermer\u00eda Obstetriz, desde el Quinto semestre, una vez admitidos son estudiantes de la carrera mencionada e inicia el proceso de ense\u00f1anza y aprendizaje en el \u00e1rea de su formaci\u00f3n profesional en las \u00e1reas de sus competencias<\/p>\n<table style=\"width: 813px;\">\n<tbody>\n<tr>\n<td style=\"width: 813px;\" colspan=\"4\" width=\"264\"><strong>PLAN DE ESTUDIOS 2009<\/strong><\/td>\n<\/tr>\n<tr>\n<td style=\"width: 813px;\" colspan=\"4\" width=\"264\"><strong>R.H.C.U. N\u00b0 010\/2010<\/strong><\/td>\n<\/tr>\n<tr>\n<td style=\"width: 110px;\" colspan=\"2\" width=\"80\">CARRERA<\/td>\n<td style=\"width: 602px;\" width=\"180\">: ENFERMERIA OBSTETRIZ<\/td>\n<td style=\"width: 101px;\" width=\"4\">&nbsp;<\/td>\n<\/tr>\n<tr>\n<td style=\"width: 110px;\" colspan=\"2\" width=\"80\">NIVEL<\/td>\n<td style=\"width: 602px;\" width=\"180\">: LICENCIATURA<\/td>\n<td style=\"width: 101px;\" width=\"4\">&nbsp;<\/td>\n<\/tr>\n<tr>\n<td style=\"width: 110px;\" colspan=\"2\" width=\"80\">SISTEMA<\/td>\n<td style=\"width: 602px;\" width=\"180\">: SEMESTRAL<\/td>\n<td style=\"width: 101px;\" width=\"4\">&nbsp;<\/td>\n<\/tr>\n<tr>\n<td style=\"width: 813px;\" colspan=\"4\" width=\"264\"><strong>PRIMER SEMESTRE<\/strong><\/td>\n<\/tr>\n<tr>\n<td style=\"width: 52px;\" width=\"38\"><strong>SIG<\/strong><\/td>\n<td style=\"width: 58px;\" width=\"42\"><strong>COD<\/strong><\/td>\n<td style=\"width: 602px;\" width=\"180\"><strong>MATERIA<\/strong><\/td>\n<td style=\"width: 101px;\" width=\"4\">&nbsp;<\/td>\n<\/tr>\n<tr>\n<td style=\"width: 52px;\" width=\"38\">ENF<\/td>\n<td style=\"width: 58px;\" width=\"42\">101<\/td>\n<td style=\"width: 602px;\" width=\"180\">Anatomia y Fisiologia I<\/td>\n<td style=\"width: 101px;\" width=\"4\">&nbsp;<\/td>\n<\/tr>\n<tr>\n<td style=\"width: 52px;\" width=\"38\">ENF<\/td>\n<td style=\"width: 58px;\" width=\"42\">102<\/td>\n<td style=\"width: 602px;\" width=\"180\">Fundamentos de Enfermeria I<\/td>\n<td style=\"width: 101px;\" width=\"4\">&nbsp;<\/td>\n<\/tr>\n<tr>\n<td style=\"width: 52px;\" width=\"38\">ENF<\/td>\n<td style=\"width: 58px;\" width=\"42\">103<\/td>\n<td style=\"width: 602px;\" width=\"180\">Microbiologia y Parasitologia<\/td>\n<td style=\"width: 101px;\" width=\"4\">&nbsp;<\/td>\n<\/tr>\n<tr>\n<td style=\"width: 52px;\" width=\"38\">ENF<\/td>\n<td style=\"width: 58px;\" width=\"42\">104<\/td>\n<td style=\"width: 602px;\" width=\"180\">Biologia y Genetica<\/td>\n<td style=\"width: 101px;\" width=\"4\">&nbsp;<\/td>\n<\/tr>\n<tr>\n<td style=\"width: 52px;\" width=\"38\">ENF<\/td>\n<td style=\"width: 58px;\" width=\"42\">105<\/td>\n<td style=\"width: 602px;\" width=\"180\">Psicologia del Desarrollo Humano<\/td>\n<td style=\"width: 101px;\" width=\"4\">&nbsp;<\/td>\n<\/tr>\n<tr>\n<td style=\"width: 52px;\" width=\"38\">ENF<\/td>\n<td style=\"width: 58px;\" width=\"42\">106<\/td>\n<td style=\"width: 602px;\" width=\"180\">Expresion Oral y Escrita<\/td>\n<td style=\"width: 101px;\" width=\"4\">&nbsp;<\/td>\n<\/tr>\n<tr>\n<td style=\"width: 813px;\" colspan=\"4\" width=\"264\"><strong>SEGUNDO SEMESTRE<\/strong><\/td>\n<\/tr>\n<tr>\n<td style=\"width: 52px;\" width=\"38\"><strong>SIG<\/strong><\/td>\n<td style=\"width: 58px;\" width=\"42\"><strong>COD<\/strong><\/td>\n<td style=\"width: 602px;\" width=\"180\"><strong>MATERIA<\/strong><\/td>\n<td style=\"width: 101px;\" width=\"4\">&nbsp;<\/td>\n<\/tr>\n<tr>\n<td style=\"width: 52px;\" width=\"38\">ENF<\/td>\n<td style=\"width: 58px;\" width=\"42\">111<\/td>\n<td style=\"width: 602px;\" width=\"180\">Anatomia y Fisiologia\u00a0 II<\/td>\n<td style=\"width: 101px;\" width=\"4\">&nbsp;<\/td>\n<\/tr>\n<tr>\n<td style=\"width: 52px;\" width=\"38\">ENF<\/td>\n<td style=\"width: 58px;\" width=\"42\">112<\/td>\n<td style=\"width: 602px;\" width=\"180\">Fundamentos de Enfermeria II<\/td>\n<td style=\"width: 101px;\" width=\"4\">&nbsp;<\/td>\n<\/tr>\n<tr>\n<td style=\"width: 52px;\" width=\"38\">ENF<\/td>\n<td style=\"width: 58px;\" width=\"42\">113<\/td>\n<td style=\"width: 602px;\" width=\"180\">Nutricion y Dietetica<\/td>\n<td style=\"width: 101px;\" width=\"4\">&nbsp;<\/td>\n<\/tr>\n<tr>\n<td style=\"width: 52px;\" width=\"38\">ENF<\/td>\n<td style=\"width: 58px;\" width=\"42\">114<\/td>\n<td style=\"width: 602px;\" width=\"180\">Enfermeria Comunitaria I (Salud y Rel. Nal)<\/td>\n<td style=\"width: 101px;\" width=\"4\">&nbsp;<\/td>\n<\/tr>\n<tr>\n<td style=\"width: 52px;\" width=\"38\">ENF<\/td>\n<td style=\"width: 58px;\" width=\"42\">115<\/td>\n<td style=\"width: 602px;\" width=\"180\">Formacion Habilidades Cientificas<\/td>\n<td style=\"width: 101px;\" width=\"4\">&nbsp;<\/td>\n<\/tr>\n<tr>\n<td style=\"width: 52px;\" width=\"38\">ENF<\/td>\n<td style=\"width: 58px;\" width=\"42\">116<\/td>\n<td style=\"width: 602px;\" width=\"180\">Sociologia y Antropologia<\/td>\n<td style=\"width: 101px;\" width=\"4\">&nbsp;<\/td>\n<\/tr>\n<tr>\n<td style=\"width: 52px;\" width=\"38\">&nbsp;<\/td>\n<td style=\"width: 58px;\" width=\"42\">&nbsp;<\/td>\n<td style=\"width: 602px;\" width=\"180\">Electiva I<\/td>\n<td style=\"width: 101px;\" width=\"4\">&nbsp;<\/td>\n<\/tr>\n<tr>\n<td style=\"width: 712px;\" colspan=\"3\" width=\"260\"><strong>SUB TOTAL <\/strong><\/td>\n<td style=\"width: 101px;\" width=\"4\">&nbsp;<\/td>\n<\/tr>\n<tr>\n<td style=\"width: 52px;\" width=\"38\">ENF<\/td>\n<td style=\"width: 58px;\" width=\"42\">117<\/td>\n<td style=\"width: 602px;\" width=\"180\">Ingles I &#8211; Electiva I<\/td>\n<td style=\"width: 101px;\" width=\"4\">&nbsp;<\/td>\n<\/tr>\n<tr>\n<td style=\"width: 52px;\" width=\"38\">ENF<\/td>\n<td style=\"width: 58px;\" width=\"42\">118<\/td>\n<td style=\"width: 602px;\" width=\"180\">Quechua I &#8211; Electiva Electiva I<\/td>\n<td style=\"width: 101px;\" width=\"4\">&nbsp;<\/td>\n<\/tr>\n<tr>\n<td style=\"width: 813px;\" colspan=\"4\" width=\"264\"><strong>TERCER SEMESTRE<\/strong><\/td>\n<\/tr>\n<tr>\n<td style=\"width: 52px;\" width=\"38\"><strong>SIG<\/strong><\/td>\n<td style=\"width: 58px;\" width=\"42\"><strong>COD<\/strong><\/td>\n<td style=\"width: 602px;\" width=\"180\"><strong>MATERIA<\/strong><\/td>\n<td style=\"width: 101px;\" width=\"4\">&nbsp;<\/td>\n<\/tr>\n<tr>\n<td style=\"width: 52px;\" width=\"38\">ENF<\/td>\n<td style=\"width: 58px;\" width=\"42\">201<\/td>\n<td style=\"width: 602px;\" width=\"180\">Farmacologia\u00a0 I<\/td>\n<td style=\"width: 101px;\" width=\"4\">&nbsp;<\/td>\n<\/tr>\n<tr>\n<td style=\"width: 52px;\" width=\"38\">ENF<\/td>\n<td style=\"width: 58px;\" width=\"42\">202<\/td>\n<td style=\"width: 602px;\" width=\"180\">Bioquimica y Laboratorio<\/td>\n<td style=\"width: 101px;\" width=\"4\">&nbsp;<\/td>\n<\/tr>\n<tr>\n<td style=\"width: 52px;\" width=\"38\">ENF<\/td>\n<td style=\"width: 58px;\" width=\"42\">203<\/td>\n<td style=\"width: 602px;\" width=\"180\">Enfermeria Medico Quirurgica I<\/td>\n<td style=\"width: 101px;\" width=\"4\">&nbsp;<\/td>\n<\/tr>\n<tr>\n<td style=\"width: 52px;\" width=\"38\">ENF<\/td>\n<td style=\"width: 58px;\" width=\"42\">204<\/td>\n<td style=\"width: 602px;\" width=\"180\">Enfermeria Comunitaria II<\/td>\n<td style=\"width: 101px;\" width=\"4\">&nbsp;<\/td>\n<\/tr>\n<tr>\n<td style=\"width: 52px;\" width=\"38\">ENF<\/td>\n<td style=\"width: 58px;\" width=\"42\">205<\/td>\n<td style=\"width: 602px;\" width=\"180\">Pedagogia y Didactica para la Educaci\u00f3n en Salud<\/td>\n<td style=\"width: 101px;\" width=\"4\">&nbsp;<\/td>\n<\/tr>\n<tr>\n<td style=\"width: 52px;\" width=\"38\">&nbsp;<\/td>\n<td style=\"width: 58px;\" width=\"42\">&nbsp;<\/td>\n<td style=\"width: 602px;\" width=\"180\">Electiva\u00a0 II<\/td>\n<td style=\"width: 101px;\" width=\"4\">&nbsp;<\/td>\n<\/tr>\n<tr>\n<td style=\"width: 110px;\" colspan=\"2\" width=\"80\"><strong>Men\u00fa Electiva II<\/strong><\/td>\n<td style=\"width: 602px;\" width=\"180\"><strong>\u00a0<\/strong><\/td>\n<td style=\"width: 101px;\" width=\"4\">&nbsp;<\/td>\n<\/tr>\n<tr>\n<td style=\"width: 52px;\" width=\"38\">ENF<\/td>\n<td style=\"width: 58px;\" width=\"42\">206<\/td>\n<td style=\"width: 602px;\" width=\"180\">Ingles II &#8211; Electiva II<\/td>\n<td style=\"width: 101px;\" width=\"4\">&nbsp;<\/td>\n<\/tr>\n<tr>\n<td style=\"width: 52px;\" width=\"38\">ENF<\/td>\n<td style=\"width: 58px;\" width=\"42\">207<\/td>\n<td style=\"width: 602px;\" width=\"180\">Quechua II &#8211; Electiva II<\/td>\n<td style=\"width: 101px;\" width=\"4\">&nbsp;<\/td>\n<\/tr>\n<tr>\n<td style=\"width: 813px;\" colspan=\"4\" width=\"264\"><strong>CUARTO SEMESTRE<\/strong><\/td>\n<\/tr>\n<tr>\n<td style=\"width: 52px;\" width=\"38\"><strong>SIG<\/strong><\/td>\n<td style=\"width: 58px;\" width=\"42\"><strong>COD<\/strong><\/td>\n<td style=\"width: 602px;\" width=\"180\"><strong>MATERIA<\/strong><\/td>\n<td style=\"width: 101px;\" width=\"4\">&nbsp;<\/td>\n<\/tr>\n<tr>\n<td style=\"width: 52px;\" width=\"38\">ENF<\/td>\n<td style=\"width: 58px;\" width=\"42\">211<\/td>\n<td style=\"width: 602px;\" width=\"180\">Embriologia<\/td>\n<td style=\"width: 101px;\" width=\"4\">&nbsp;<\/td>\n<\/tr>\n<tr>\n<td style=\"width: 52px;\" width=\"38\">ENF<\/td>\n<td style=\"width: 58px;\" width=\"42\">212<\/td>\n<td style=\"width: 602px;\" width=\"180\">Farmacologia II<\/td>\n<td style=\"width: 101px;\" width=\"4\">&nbsp;<\/td>\n<\/tr>\n<tr>\n<td style=\"width: 52px;\" width=\"38\">ENF<\/td>\n<td style=\"width: 58px;\" width=\"42\">213<\/td>\n<td style=\"width: 602px;\" width=\"180\">Enfermeria Medico Quirurgica II<\/td>\n<td style=\"width: 101px;\" width=\"4\">&nbsp;<\/td>\n<\/tr>\n<tr>\n<td style=\"width: 52px;\" width=\"38\">ENF<\/td>\n<td style=\"width: 58px;\" width=\"42\">214<\/td>\n<td style=\"width: 602px;\" width=\"180\">Enfermeria Comunitaria III<\/td>\n<td style=\"width: 101px;\" width=\"4\">&nbsp;<\/td>\n<\/tr>\n<tr>\n<td style=\"width: 52px;\" width=\"38\">ENF<\/td>\n<td style=\"width: 58px;\" width=\"42\">215<\/td>\n<td style=\"width: 602px;\" width=\"180\">Bioestadistica y Demografia<\/td>\n<td style=\"width: 101px;\" width=\"4\">&nbsp;<\/td>\n<\/tr>\n<tr>\n<td style=\"width: 52px;\" width=\"38\">EO<\/td>\n<td style=\"width: 58px;\" width=\"42\">216<\/td>\n<td style=\"width: 602px;\" width=\"180\">Derechos &#8211; Interculturalidad y G\u00e9nero Optativa I<\/td>\n<td style=\"width: 101px;\" width=\"4\">&nbsp;<\/td>\n<\/tr>\n<tr>\n<td style=\"width: 813px;\" colspan=\"4\" width=\"264\"><strong>QUINTO SEMESTRE<\/strong><\/td>\n<\/tr>\n<tr>\n<td style=\"width: 52px;\" width=\"38\"><strong>SIG<\/strong><\/td>\n<td style=\"width: 58px;\" width=\"42\"><strong>COD<\/strong><\/td>\n<td style=\"width: 602px;\" width=\"180\"><strong>MATERIA<\/strong><\/td>\n<td style=\"width: 101px;\" width=\"4\">&nbsp;<\/td>\n<\/tr>\n<tr>\n<td style=\"width: 52px;\" width=\"38\">EO<\/td>\n<td style=\"width: 58px;\" width=\"42\">301<\/td>\n<td style=\"width: 602px;\" width=\"180\">Atenci\u00f3n Obst\u00e9trica I<\/td>\n<td style=\"width: 101px;\" width=\"4\">&nbsp;<\/td>\n<\/tr>\n<tr>\n<td style=\"width: 52px;\" width=\"38\">EO<\/td>\n<td style=\"width: 58px;\" width=\"42\">302<\/td>\n<td style=\"width: 602px;\" width=\"180\">Salud P\u00fablica I<\/td>\n<td style=\"width: 101px;\" width=\"4\">&nbsp;<\/td>\n<\/tr>\n<tr>\n<td style=\"width: 52px;\" width=\"38\">ENF<\/td>\n<td style=\"width: 58px;\" width=\"42\">303<\/td>\n<td style=\"width: 602px;\" width=\"180\">Epidemiologia<\/td>\n<td style=\"width: 101px;\" width=\"4\">&nbsp;<\/td>\n<\/tr>\n<tr>\n<td style=\"width: 52px;\" width=\"38\">ENF<\/td>\n<td style=\"width: 58px;\" width=\"42\">304<\/td>\n<td style=\"width: 602px;\" width=\"180\">Metodologia de la Investigacion<\/td>\n<td style=\"width: 101px;\" width=\"4\">&nbsp;<\/td>\n<\/tr>\n<tr>\n<td style=\"width: 52px;\" width=\"38\">ENF<\/td>\n<td style=\"width: 58px;\" width=\"42\">305<\/td>\n<td style=\"width: 602px;\" width=\"180\">Etica, Bio\u00e9tica y Legislaci\u00f3n<\/td>\n<td style=\"width: 101px;\" width=\"4\">&nbsp;<\/td>\n<\/tr>\n<tr>\n<td style=\"width: 52px;\" width=\"38\">EO<\/td>\n<td style=\"width: 58px;\" width=\"42\">306<\/td>\n<td style=\"width: 602px;\" width=\"180\">Salud Sexual y Reproductiva I<\/td>\n<td style=\"width: 101px;\" width=\"4\">&nbsp;<\/td>\n<\/tr>\n<tr>\n<td style=\"width: 813px;\" colspan=\"4\" width=\"264\"><strong>SEXTO\u00a0 SEMESTRE<\/strong><\/td>\n<\/tr>\n<tr>\n<td style=\"width: 52px;\" width=\"38\"><strong>SIG<\/strong><\/td>\n<td style=\"width: 58px;\" width=\"42\"><strong>COD<\/strong><\/td>\n<td style=\"width: 602px;\" width=\"180\"><strong>MATERIA<\/strong><\/td>\n<td style=\"width: 101px;\" width=\"4\">&nbsp;<\/td>\n<\/tr>\n<tr>\n<td style=\"width: 52px;\" width=\"38\">EO<\/td>\n<td style=\"width: 58px;\" width=\"42\">311<\/td>\n<td style=\"width: 602px;\" width=\"180\">Atenci\u00f3n Obst\u00e9trica II<\/td>\n<td style=\"width: 101px;\" width=\"4\">&nbsp;<\/td>\n<\/tr>\n<tr>\n<td style=\"width: 52px;\" width=\"38\">EO<\/td>\n<td style=\"width: 58px;\" width=\"42\">312<\/td>\n<td style=\"width: 602px;\" width=\"180\">Atenci\u00f3n Neonatal I<\/td>\n<td style=\"width: 101px;\" width=\"4\">&nbsp;<\/td>\n<\/tr>\n<tr>\n<td style=\"width: 52px;\" width=\"38\">EO<\/td>\n<td style=\"width: 58px;\" width=\"42\">313<\/td>\n<td style=\"width: 602px;\" width=\"180\">Salud Sexual y Reproductiva II<\/td>\n<td style=\"width: 101px;\" width=\"4\">&nbsp;<\/td>\n<\/tr>\n<tr>\n<td style=\"width: 712px;\" colspan=\"3\" width=\"260\"><strong>SUB TOTAL <\/strong><\/td>\n<td style=\"width: 101px;\" width=\"4\">&nbsp;<\/td>\n<\/tr>\n<tr>\n<td style=\"width: 813px;\" colspan=\"4\" width=\"264\"><strong>SEPTIMO\u00a0 SEMESTRE<\/strong><\/td>\n<\/tr>\n<tr>\n<td style=\"width: 52px;\" width=\"38\"><strong>SIG<\/strong><\/td>\n<td style=\"width: 58px;\" width=\"42\"><strong>COD<\/strong><\/td>\n<td style=\"width: 602px;\" width=\"180\"><strong>MATERIA<\/strong><\/td>\n<td style=\"width: 101px;\" width=\"4\">&nbsp;<\/td>\n<\/tr>\n<tr>\n<td style=\"width: 52px;\" width=\"38\">EO<\/td>\n<td style=\"width: 58px;\" width=\"42\">401<\/td>\n<td style=\"width: 602px;\" width=\"180\">Atenci\u00f3n Obst\u00e9trica III<\/td>\n<td style=\"width: 101px;\" width=\"4\">&nbsp;<\/td>\n<\/tr>\n<tr>\n<td style=\"width: 52px;\" width=\"38\">EO<\/td>\n<td style=\"width: 58px;\" width=\"42\">402<\/td>\n<td style=\"width: 602px;\" width=\"180\">Atenci\u00f3n Neonatal II<\/td>\n<td style=\"width: 101px;\" width=\"4\">&nbsp;<\/td>\n<\/tr>\n<tr>\n<td style=\"width: 52px;\" width=\"38\">EO<\/td>\n<td style=\"width: 58px;\" width=\"42\">403<\/td>\n<td style=\"width: 602px;\" width=\"180\">Gesti\u00f3n y Liderazgo en SSR<\/td>\n<td style=\"width: 101px;\" width=\"4\">&nbsp;<\/td>\n<\/tr>\n<tr>\n<td style=\"width: 52px;\" width=\"38\">EO<\/td>\n<td style=\"width: 58px;\" width=\"42\">404<\/td>\n<td style=\"width: 602px;\" width=\"180\">Salud P\u00fablica II<\/td>\n<td style=\"width: 101px;\" width=\"4\">&nbsp;<\/td>\n<\/tr>\n<tr>\n<td style=\"width: 712px;\" colspan=\"3\" width=\"260\"><strong>SUB TOTAL <\/strong><\/td>\n<td style=\"width: 101px;\" width=\"4\">&nbsp;<\/td>\n<\/tr>\n<tr>\n<td style=\"width: 813px;\" colspan=\"4\" width=\"264\"><strong>OCTAVO SEMESTRE<\/strong><\/td>\n<\/tr>\n<tr>\n<td style=\"width: 52px;\" width=\"38\"><strong>SIG<\/strong><\/td>\n<td style=\"width: 58px;\" width=\"42\"><strong>COD<\/strong><\/td>\n<td style=\"width: 602px;\" width=\"180\"><strong>MATERIA<\/strong><\/td>\n<td style=\"width: 101px;\" width=\"4\">&nbsp;<\/td>\n<\/tr>\n<tr>\n<td style=\"width: 52px;\" width=\"38\">EO<\/td>\n<td style=\"width: 58px;\" width=\"42\">411<\/td>\n<td style=\"width: 602px;\" width=\"180\">Atenci\u00f3n Obst\u00e9trica IV<\/td>\n<td style=\"width: 101px;\" width=\"4\">&nbsp;<\/td>\n<\/tr>\n<tr>\n<td style=\"width: 52px;\" width=\"38\">ENF<\/td>\n<td style=\"width: 58px;\" width=\"42\">412<\/td>\n<td style=\"width: 602px;\" width=\"180\">Investigacion Aplicada<\/td>\n<td style=\"width: 101px;\" width=\"4\">&nbsp;<\/td>\n<\/tr>\n<tr>\n<td style=\"width: 52px;\" width=\"38\">EO<\/td>\n<td style=\"width: 58px;\" width=\"42\">413<\/td>\n<td style=\"width: 602px;\" width=\"180\">Pr\u00e1ctica Integrada Cl\u00ednico Comunitaria<\/td>\n<td style=\"width: 101px;\" width=\"4\">&nbsp;<\/td>\n<\/tr>\n<tr>\n<td style=\"width: 52px;\" width=\"38\">EO<\/td>\n<td style=\"width: 58px;\" width=\"42\">414<\/td>\n<td style=\"width: 602px;\" width=\"180\">Seminario Integrador de Desarrollo Prefesional<\/td>\n<td style=\"width: 101px;\" width=\"4\">&nbsp;<\/td>\n<\/tr>\n<tr>\n<td style=\"width: 813px;\" colspan=\"4\" width=\"264\"><strong>NOVENO Y DECIMO SEMESTRE &#8211; QUINTO A\u00d1O<\/strong><\/td>\n<\/tr>\n<tr>\n<td style=\"width: 52px;\" width=\"38\"><strong>SIG<\/strong><\/td>\n<td style=\"width: 58px;\" width=\"42\"><strong>COD<\/strong><\/td>\n<td style=\"width: 602px;\" width=\"180\"><strong>MATERIA<\/strong><\/td>\n<td style=\"width: 101px;\" width=\"4\">&nbsp;<\/td>\n<\/tr>\n<tr>\n<td style=\"width: 52px;\" rowspan=\"5\" width=\"38\">EO<\/td>\n<td style=\"width: 58px;\" rowspan=\"5\" width=\"42\">501<\/td>\n<td style=\"width: 602px;\" width=\"180\">Internado Rotatorio<\/td>\n<td style=\"width: 101px;\" width=\"4\">&nbsp;<\/td>\n<\/tr>\n<tr>\n<td style=\"width: 602px;\" width=\"180\">Neonatologia (150 horas)<\/td>\n<td style=\"width: 101px;\" width=\"4\">&nbsp;<\/td>\n<\/tr>\n<tr>\n<td style=\"width: 602px;\" width=\"180\">Obstetricia (240 horas)<\/td>\n<td style=\"width: 101px;\" width=\"4\">&nbsp;<\/td>\n<\/tr>\n<tr>\n<td style=\"width: 602px;\" width=\"180\">Urbano (240 horas)<\/td>\n<td style=\"width: 101px;\" width=\"4\">&nbsp;<\/td>\n<\/tr>\n<tr>\n<td style=\"width: 602px;\" width=\"180\">Rural (450 horas)<\/td>\n<td style=\"width: 101px;\" width=\"4\">&nbsp;<\/td>\n<\/tr>\n<\/tbody>\n<\/table>\n<p><\/p>\n","protected":false},"excerpt":{"rendered":"<p>Nivel: Licenciatura. Duraci\u00f3n: 10 semestres Grado Acad\u00e9mico: Licenciado(a) en Enfermer\u00eda Obstetriz T\u00edtulo en Provisi\u00f3n Nacional: Licenciado(a) en Enfermer\u00eda Obstetriz PERFIL PROFESIONAL La Enfermera Obstetriz es una profesional universitaria, a nivel [&hellip;]<\/p>\n","protected":false},"author":1,"featured_media":0,"parent":0,"menu_order":0,"comment_status":"closed","ping_status":"closed","template":"","meta":{"_joinchat":[],"footnotes":""},"class_list":["post-760","page","type-page","status-publish","hentry"],"jetpack_sharing_enabled":true,"publishpress_future_action":{"enabled":false,"date":"2026-05-03 05:57:22","action":"change-status","newStatus":"draft","terms":[],"taxonomy":"","extraData":[]},"publishpress_future_workflow_manual_trigger":{"enabledWorkflows":[]},"_links":{"self":[{"href":"https:\/\/www.uajms.edu.bo\/oferta-academica\/wp-json\/wp\/v2\/pages\/760","targetHints":{"allow":["GET"]}}],"collection":[{"href":"https:\/\/www.uajms.edu.bo\/oferta-academica\/wp-json\/wp\/v2\/pages"}],"about":[{"href":"https:\/\/www.uajms.edu.bo\/oferta-academica\/wp-json\/wp\/v2\/types\/page"}],"author":[{"embeddable":true,"href":"https:\/\/www.uajms.edu.bo\/oferta-academica\/wp-json\/wp\/v2\/users\/1"}],"replies":[{"embeddable":true,"href":"https:\/\/www.uajms.edu.bo\/oferta-academica\/wp-json\/wp\/v2\/comments?post=760"}],"version-history":[{"count":2,"href":"https:\/\/www.uajms.edu.bo\/oferta-academica\/wp-json\/wp\/v2\/pages\/760\/revisions"}],"predecessor-version":[{"id":762,"href":"https:\/\/www.uajms.edu.bo\/oferta-academica\/wp-json\/wp\/v2\/pages\/760\/revisions\/762"}],"wp:attachment":[{"href":"https:\/\/www.uajms.edu.bo\/oferta-academica\/wp-json\/wp\/v2\/media?parent=760"}],"curies":[{"name":"wp","href":"https:\/\/api.w.org\/{rel}","templated":true}]}}