

{"id":583,"date":"2018-10-03T14:02:07","date_gmt":"2018-10-03T14:02:07","guid":{"rendered":"http:\/\/www.uajms.edu.bo\/oferta-academica\/?page_id=583"},"modified":"2018-10-15T14:48:22","modified_gmt":"2018-10-15T14:48:22","slug":"carrera-de-ing-sanitaria-y-ambiental","status":"publish","type":"page","link":"https:\/\/www.uajms.edu.bo\/oferta-academica\/carrera-de-ing-sanitaria-y-ambiental\/","title":{"rendered":"Carrera de Ing. Sanitaria y Ambiental"},"content":{"rendered":"<p><iframe src=\"https:\/\/www.youtube.com\/embed\/gggmq2PMdG4\" width=\"1280\" height=\"720\" frameborder=\"0\" allowfullscreen=\"allowfullscreen\"><\/iframe><\/p>\n<p><strong>Nivel:<\/strong>\u00a0Licenciatura<br \/>\n<strong>Duraci\u00f3n:<\/strong>\u00a010 semestres<br \/>\n<strong>Grado Acad\u00e9mico:<\/strong>\u00a0Licenciado(a) en Ingenier\u00eda Sanitaria y Ambiental<br \/>\n<strong>T\u00edtulo en Provisi\u00f3n Nacional:<\/strong>\u00a0Ingeniero(a) Sanitario Ambiental<\/p>\n<p><strong>MISI\u00d3N Y VISI\u00d3N<\/strong><\/p>\n<p>Es la misi\u00f3n de la Carrera de Ingenier\u00eda Sanitaria y Ambiental formar un profesional con una actitud cr\u00edtica, reflexiva, creativa, innovadora e investigativa frente\u00a0 a los problemas sanitarios e impactos ambientales de la Regi\u00f3n y el pa\u00eds asociados con su desarrollo, consolidada en una formaci\u00f3n socio \u2013 human\u00edstica, en un marco de estudio cient\u00edfico y tecnol\u00f3gico que permita un aporte al desarrollo integral de la comunidad.<\/p>\n<p><strong>OBJETIVO GENERAL<\/strong><\/p>\n<p>Formar profesionales \u00edntegros con capacidad de an\u00e1lisis e iniciativa en el dise\u00f1o, construcci\u00f3n\u00a0 y desarrollo de tecnolog\u00edas apropiadas para la soluci\u00f3n de problemas de saneamiento y salud p\u00fablica, que proyecten alternativas de manejo integral de sistemas, procesos e infraestructura, incorporando el componente social como elemento primordial para el desarrollo de proyectos de INGENIER\u00cdA.<\/p>\n<p><strong>OBJETIVOS ESPECIFICIOS<\/strong><\/p>\n<ul>\n<li>Orientar al estudiante en el desarrollo de competencias para la planeaci\u00f3n, dise\u00f1o, operaci\u00f3n , gesti\u00f3n, implementaci\u00f3n, construcci\u00f3n y\/o evaluaci\u00f3n de proyectos en las \u00e1reas de saneamiento b\u00e1sico, manejo integral del recursos h\u00eddrico, recurso aire, residuos s\u00f3lidos, administraci\u00f3n y operaci\u00f3n de servicios p\u00fablicos, con sustento en la normatividad y la reglamentaci\u00f3n t\u00e9cnica vigente.<\/li>\n<li>Proporcionar al estudiante una formaci\u00f3n integral que lo capacite para su desempe\u00f1o profesional en proyectos de \u00edndole interdisciplinario, con una visi\u00f3n global en la identificaci\u00f3n y el planteamiento de alternativas de soluci\u00f3n a problemas sanitarios.<\/li>\n<\/ul>\n<p>Integrar al desarrollo de plan estudios el componente investigativo, como eje articulador de las actividades acad\u00e9micas, promoviendo alternativas tecnol\u00f3gicas orientadas hacia la satisfacci\u00f3n\u00a0\u00a0 de necesidades sociales reales\u00a0\u00a0 en\u00a0 el campo\u00a0 de la Ingenier\u00eda Sanitaria, de manera que estas contribuyan con el mejoramiento de la calidad de vida de las comunidades urbanas y rurales<strong>.<\/strong><\/p>\n<p><strong>PERFIL PROFESIONAL<\/strong><\/p>\n<p>El ingeniero Sanitario y Ambiental est\u00e1 en capacidad de desarrollar:<\/p>\n<ul>\n<li>Desarrollar sus actividades profesionales con alto grado de sensibilidad y compromiso social.<\/li>\n<li>Combinar los conceptos de las ciencias b\u00e1sicas con \u00e1reas aplicadas orientadas hacia los procesos que se llevan a cabo en el \u00e1mbito d la Ingenier\u00eda Sanitaria.<\/li>\n<li>Innovar, analizar y desarrollar actividades, labores y proyectos con creatividad.<\/li>\n<li>Mostrar iniciativa hacia la permanente actualizaci\u00f3n en avances cient\u00edficos y tecnol\u00f3gicos.<\/li>\n<li>Generar alternativas t\u00e9cnicas y sociales para la recuperaci\u00f3n y preservaci\u00f3n del medio ambiente.<\/li>\n<li>Poseer una visi\u00f3n integral para identificar, interpretar y proponer alternativas de soluci\u00f3n a problemas de sanitaria y ambiental.<\/li>\n<li>Demostrar inter\u00e9s hacia el desarrollo de propuestas y tecnolog\u00edas innovadoras, apropiadas y de f\u00e1cil acceso a la comunidad que se transformen en soluciones concretas ante la problem\u00e1tica ambiental abordada.<\/li>\n<\/ul>\n<p><strong>CAMPO OCUPACIONAL<\/strong><\/p>\n<ul>\n<li>Gestor de proyectos.<\/li>\n<li>Dise\u00f1ador, constructor y administrador de sistemas de tratamiento h\u00eddricos.<\/li>\n<li>Dise\u00f1ador, constructor y administrador de sistemas de recolecci\u00f3n, transporte y tratamiento de residuos s\u00f3lidos.<\/li>\n<li>Operador y administrador de empresas de servicio p\u00fablico de acueducto, alcantarillado o aseo, as\u00ed como el sistema de proyectos sanitarios.<\/li>\n<\/ul>\n","protected":false},"excerpt":{"rendered":"<p>Nivel:\u00a0Licenciatura Duraci\u00f3n:\u00a010 semestres Grado Acad\u00e9mico:\u00a0Licenciado(a) en Ingenier\u00eda Sanitaria y Ambiental T\u00edtulo en Provisi\u00f3n Nacional:\u00a0Ingeniero(a) Sanitario Ambiental MISI\u00d3N Y VISI\u00d3N Es la misi\u00f3n de la Carrera de Ingenier\u00eda Sanitaria y Ambiental [&hellip;]<\/p>\n","protected":false},"author":1,"featured_media":0,"parent":0,"menu_order":0,"comment_status":"closed","ping_status":"closed","template":"","meta":{"_joinchat":[],"footnotes":""},"class_list":["post-583","page","type-page","status-publish","hentry"],"jetpack_sharing_enabled":true,"publishpress_future_action":{"enabled":false,"date":"2026-05-12 16:49:59","action":"change-status","newStatus":"draft","terms":[],"taxonomy":"","extraData":[]},"publishpress_future_workflow_manual_trigger":{"enabledWorkflows":[]},"_links":{"self":[{"href":"https:\/\/www.uajms.edu.bo\/oferta-academica\/wp-json\/wp\/v2\/pages\/583","targetHints":{"allow":["GET"]}}],"collection":[{"href":"https:\/\/www.uajms.edu.bo\/oferta-academica\/wp-json\/wp\/v2\/pages"}],"about":[{"href":"https:\/\/www.uajms.edu.bo\/oferta-academica\/wp-json\/wp\/v2\/types\/page"}],"author":[{"embeddable":true,"href":"https:\/\/www.uajms.edu.bo\/oferta-academica\/wp-json\/wp\/v2\/users\/1"}],"replies":[{"embeddable":true,"href":"https:\/\/www.uajms.edu.bo\/oferta-academica\/wp-json\/wp\/v2\/comments?post=583"}],"version-history":[{"count":3,"href":"https:\/\/www.uajms.edu.bo\/oferta-academica\/wp-json\/wp\/v2\/pages\/583\/revisions"}],"predecessor-version":[{"id":626,"href":"https:\/\/www.uajms.edu.bo\/oferta-academica\/wp-json\/wp\/v2\/pages\/583\/revisions\/626"}],"wp:attachment":[{"href":"https:\/\/www.uajms.edu.bo\/oferta-academica\/wp-json\/wp\/v2\/media?parent=583"}],"curies":[{"name":"wp","href":"https:\/\/api.w.org\/{rel}","templated":true}]}}