

{"id":552,"date":"2018-10-03T13:29:08","date_gmt":"2018-10-03T13:29:08","guid":{"rendered":"http:\/\/www.uajms.edu.bo\/oferta-academica\/?page_id=552"},"modified":"2018-10-03T13:29:08","modified_gmt":"2018-10-03T13:29:08","slug":"plan-de-estudios-carrera-de-administracion-y-gestion-publica","status":"publish","type":"page","link":"https:\/\/www.uajms.edu.bo\/oferta-academica\/plan-de-estudios-carrera-de-administracion-y-gestion-publica\/","title":{"rendered":"Plan de Estudios Carrera de Administraci\u00f3n y Gesti\u00f3n P\u00fablica"},"content":{"rendered":"<table width=\"0\">\n<tbody>\n<tr>\n<td colspan=\"9\" width=\"628\">\u00a0\u00a0<strong>Plan de Estudios <\/strong><\/td>\n<\/tr>\n<tr>\n<td colspan=\"9\" width=\"628\"><strong>LIC. EN ADMINISTRACION Y GESTION PUBLICA<\/strong><\/td>\n<\/tr>\n<tr>\n<td rowspan=\"2\" width=\"32\"><strong>N\u00ba<\/strong><\/td>\n<td rowspan=\"2\" width=\"41\"><strong>Tipo<\/strong><\/td>\n<td rowspan=\"2\" width=\"44\"><strong>C\u00f3d<\/strong><\/td>\n<td rowspan=\"2\" width=\"66\"><strong>Sigla<\/strong><\/td>\n<td rowspan=\"2\" width=\"227\"><strong>Materia<\/strong><\/td>\n<td width=\"47\"><strong>Hor<\/strong><\/td>\n<td width=\"47\"><strong>Hor<\/strong><\/td>\n<td width=\"47\"><strong>Hor<\/strong><\/td>\n<td rowspan=\"2\" width=\"76\"><strong>Requisitos<\/strong><\/td>\n<\/tr>\n<tr>\n<td width=\"47\"><strong>Teor.<\/strong><\/td>\n<td width=\"47\"><strong>Pract.<\/strong><\/td>\n<td width=\"47\"><strong>Sem.<\/strong><\/td>\n<\/tr>\n<tr>\n<td colspan=\"9\" width=\"628\"><strong>Semestre: 1<\/strong><\/td>\n<\/tr>\n<tr>\n<td width=\"32\">1<\/td>\n<td width=\"41\">S<\/td>\n<td width=\"44\"><\/td>\n<td width=\"66\">LAA111<\/td>\n<td width=\"227\">ADMINISTRACION I<\/td>\n<td width=\"47\"><\/td>\n<td width=\"47\"><\/td>\n<td width=\"47\">6<\/td>\n<td width=\"76\">admisi\u00f3n<\/td>\n<\/tr>\n<tr>\n<td width=\"32\">2<\/td>\n<td width=\"41\">S<\/td>\n<td width=\"44\"><\/td>\n<td width=\"66\">LAD112<\/td>\n<td width=\"227\">INTRODUCCION AL DERECHO<\/td>\n<td width=\"47\"><\/td>\n<td width=\"47\"><\/td>\n<td width=\"47\">4<\/td>\n<td width=\"76\">admisi\u00f3n<\/td>\n<\/tr>\n<tr>\n<td width=\"32\">3<\/td>\n<td width=\"41\">S<\/td>\n<td width=\"44\"><\/td>\n<td width=\"66\">LAE113<\/td>\n<td width=\"227\">ECONOMIA GENERAL<\/td>\n<td width=\"47\"><\/td>\n<td width=\"47\"><\/td>\n<td width=\"47\">4<\/td>\n<td width=\"76\">admisi\u00f3n<\/td>\n<\/tr>\n<tr>\n<td width=\"32\">4<\/td>\n<td width=\"41\">S<\/td>\n<td width=\"44\"><\/td>\n<td width=\"66\">LAC114<\/td>\n<td width=\"227\">CONTABILIDAD I<\/td>\n<td width=\"47\"><\/td>\n<td width=\"47\"><\/td>\n<td width=\"47\">5<\/td>\n<td width=\"76\">admisi\u00f3n<\/td>\n<\/tr>\n<tr>\n<td width=\"32\">5<\/td>\n<td width=\"41\">S<\/td>\n<td width=\"44\"><\/td>\n<td width=\"66\">LAM115<\/td>\n<td width=\"227\">MATEMATICAS I<\/td>\n<td width=\"47\"><\/td>\n<td width=\"47\"><\/td>\n<td width=\"47\">5<\/td>\n<td width=\"76\">admisi\u00f3n<\/td>\n<\/tr>\n<tr>\n<td width=\"32\">6<\/td>\n<td width=\"41\">S<\/td>\n<td width=\"44\"><\/td>\n<td width=\"66\">ELC116<\/td>\n<td width=\"227\">INFORMATICA GENERAL<\/td>\n<td width=\"47\"><\/td>\n<td width=\"47\"><\/td>\n<td width=\"47\">4<\/td>\n<td width=\"76\">admisi\u00f3n<\/td>\n<\/tr>\n<tr>\n<td colspan=\"9\" width=\"628\"><strong>Semestre: 2<\/strong><\/td>\n<\/tr>\n<tr>\n<td width=\"32\">7<\/td>\n<td width=\"41\">S<\/td>\n<td width=\"44\"><\/td>\n<td width=\"66\">LAA121<\/td>\n<td width=\"227\">ADMINISTRACION II<\/td>\n<td width=\"47\"><\/td>\n<td width=\"47\"><\/td>\n<td width=\"47\">6<\/td>\n<td width=\"76\"><\/td>\n<\/tr>\n<tr>\n<td width=\"32\">8<\/td>\n<td width=\"41\">S<\/td>\n<td width=\"44\"><\/td>\n<td width=\"66\">LAD122<\/td>\n<td width=\"227\">DERECHO CONTITUCIONAL<\/td>\n<td width=\"47\"><\/td>\n<td width=\"47\"><\/td>\n<td width=\"47\">4<\/td>\n<td width=\"76\"><\/td>\n<\/tr>\n<tr>\n<td width=\"32\">9<\/td>\n<td width=\"41\">S<\/td>\n<td width=\"44\"><\/td>\n<td width=\"66\">LAE153<\/td>\n<td width=\"227\">MICROECONOMIA<\/td>\n<td width=\"47\"><\/td>\n<td width=\"47\"><\/td>\n<td width=\"47\">5<\/td>\n<td width=\"76\"><\/td>\n<\/tr>\n<tr>\n<td width=\"32\">10<\/td>\n<td width=\"41\">S<\/td>\n<td width=\"44\"><\/td>\n<td width=\"66\">LAC124<\/td>\n<td width=\"227\">MATEMATICAS II<\/td>\n<td width=\"47\"><\/td>\n<td width=\"47\"><\/td>\n<td width=\"47\">5<\/td>\n<td width=\"76\"><\/td>\n<\/tr>\n<tr>\n<td width=\"32\">11<\/td>\n<td width=\"41\">S<\/td>\n<td width=\"44\"><\/td>\n<td width=\"66\">LAM125<\/td>\n<td width=\"227\">SOCIOLOGIA<\/td>\n<td width=\"47\"><\/td>\n<td width=\"47\"><\/td>\n<td width=\"47\">5<\/td>\n<td width=\"76\"><\/td>\n<\/tr>\n<tr>\n<td width=\"32\">12<\/td>\n<td width=\"41\">S<\/td>\n<td width=\"44\"><\/td>\n<td width=\"66\">LAA126<\/td>\n<td width=\"227\">TALLER I (ANALISIS DE MYPES)<\/td>\n<td width=\"47\"><\/td>\n<td width=\"47\"><\/td>\n<td width=\"47\">6<\/td>\n<td width=\"76\"><\/td>\n<\/tr>\n<tr>\n<td colspan=\"9\" width=\"628\"><strong>Semestre: 3<\/strong><\/td>\n<\/tr>\n<tr>\n<td width=\"32\">13<\/td>\n<td width=\"41\">S<\/td>\n<td width=\"44\"><\/td>\n<td width=\"66\">LAA231<\/td>\n<td width=\"227\">COMPORTAMIENTO ORGANIZACIONAL<\/td>\n<td width=\"47\"><\/td>\n<td width=\"47\"><\/td>\n<td width=\"47\">6<\/td>\n<td width=\"76\"><\/td>\n<\/tr>\n<tr>\n<td width=\"32\">14<\/td>\n<td width=\"41\">S<\/td>\n<td width=\"44\"><\/td>\n<td width=\"66\">LAD232<\/td>\n<td width=\"227\">DERECHO ADMINISTRATIVO<\/td>\n<td width=\"47\"><\/td>\n<td width=\"47\"><\/td>\n<td width=\"47\">4<\/td>\n<td width=\"76\"><\/td>\n<\/tr>\n<tr>\n<td width=\"32\">15<\/td>\n<td width=\"41\">S<\/td>\n<td width=\"44\"><\/td>\n<td width=\"66\">LAE233<\/td>\n<td width=\"227\">MACROECONOMIA<\/td>\n<td width=\"47\"><\/td>\n<td width=\"47\"><\/td>\n<td width=\"47\">5<\/td>\n<td width=\"76\"><\/td>\n<\/tr>\n<tr>\n<td width=\"32\">16<\/td>\n<td width=\"41\">S<\/td>\n<td width=\"44\"><\/td>\n<td width=\"66\">LAG234<\/td>\n<td width=\"227\">SOCIOLOGIA II<\/td>\n<td width=\"47\"><\/td>\n<td width=\"47\"><\/td>\n<td width=\"47\">4<\/td>\n<td width=\"76\"><\/td>\n<\/tr>\n<tr>\n<td width=\"32\">17<\/td>\n<td width=\"41\">S<\/td>\n<td width=\"44\"><\/td>\n<td width=\"66\">LAM235<\/td>\n<td width=\"227\">ESTADISTICA I<\/td>\n<td width=\"47\"><\/td>\n<td width=\"47\"><\/td>\n<td width=\"47\">4<\/td>\n<td width=\"76\"><\/td>\n<\/tr>\n<tr>\n<td width=\"32\">18<\/td>\n<td width=\"41\">S<\/td>\n<td width=\"44\"><\/td>\n<td width=\"66\">LAA236<\/td>\n<td width=\"227\">ADMINISTRACION PUBLICA I<\/td>\n<td width=\"47\"><\/td>\n<td width=\"47\"><\/td>\n<td width=\"47\">6<\/td>\n<td width=\"76\"><\/td>\n<\/tr>\n<tr>\n<td colspan=\"9\" width=\"628\"><strong>Semestre: 4<\/strong><\/td>\n<\/tr>\n<tr>\n<td width=\"32\">19<\/td>\n<td width=\"41\">S<\/td>\n<td width=\"44\"><\/td>\n<td width=\"66\">LAA241<\/td>\n<td width=\"227\">ADMINISTRACION PUBLICA II<\/td>\n<td width=\"47\"><\/td>\n<td width=\"47\"><\/td>\n<td width=\"47\">6<\/td>\n<td width=\"76\"><\/td>\n<\/tr>\n<tr>\n<td width=\"32\">20<\/td>\n<td width=\"41\">S<\/td>\n<td width=\"44\"><\/td>\n<td width=\"66\">LAD242<\/td>\n<td width=\"227\">DERECHO TRIBUTARIO<\/td>\n<td width=\"47\"><\/td>\n<td width=\"47\"><\/td>\n<td width=\"47\">4<\/td>\n<td width=\"76\"><\/td>\n<\/tr>\n<tr>\n<td width=\"32\">21<\/td>\n<td width=\"41\">S<\/td>\n<td width=\"44\"><\/td>\n<td width=\"66\">LAA243<\/td>\n<td width=\"227\">LIDERAZGO Y NEGOCIACION<\/td>\n<td width=\"47\"><\/td>\n<td width=\"47\"><\/td>\n<td width=\"47\">4<\/td>\n<td width=\"76\"><\/td>\n<\/tr>\n<tr>\n<td width=\"32\">22<\/td>\n<td width=\"41\">S<\/td>\n<td width=\"44\"><\/td>\n<td width=\"66\">LAM244<\/td>\n<td width=\"227\">ESTADISTICA II<\/td>\n<td width=\"47\"><\/td>\n<td width=\"47\"><\/td>\n<td width=\"47\">4<\/td>\n<td width=\"76\"><\/td>\n<\/tr>\n<tr>\n<td width=\"32\">23<\/td>\n<td width=\"41\">S<\/td>\n<td width=\"44\"><\/td>\n<td width=\"66\">LAA245<\/td>\n<td width=\"227\">GESTION DE RECURSOS HUM. I<\/td>\n<td width=\"47\"><\/td>\n<td width=\"47\"><\/td>\n<td width=\"47\">6<\/td>\n<td width=\"76\"><\/td>\n<\/tr>\n<tr>\n<td width=\"32\">24<\/td>\n<td width=\"41\">S<\/td>\n<td width=\"44\"><\/td>\n<td width=\"66\">ELC246<\/td>\n<td width=\"227\">GUARANI I<\/td>\n<td width=\"47\"><\/td>\n<td width=\"47\"><\/td>\n<td width=\"47\">4<\/td>\n<td width=\"76\"><\/td>\n<\/tr>\n<tr>\n<td colspan=\"9\" width=\"628\"><strong>Semestre: 5<\/strong><\/td>\n<\/tr>\n<tr>\n<td width=\"32\">25<\/td>\n<td width=\"41\">S<\/td>\n<td width=\"44\"><\/td>\n<td width=\"66\">LAA351<\/td>\n<td width=\"227\">ADMINISTRACION PUBLICA III<\/td>\n<td width=\"47\"><\/td>\n<td width=\"47\"><\/td>\n<td width=\"47\">6<\/td>\n<td width=\"76\"><\/td>\n<\/tr>\n<tr>\n<td width=\"32\">26<\/td>\n<td width=\"41\">S<\/td>\n<td width=\"44\"><\/td>\n<td width=\"66\">LAA352<\/td>\n<td width=\"227\">GESTION DE RECURSOS HUM. II<\/td>\n<td width=\"47\"><\/td>\n<td width=\"47\"><\/td>\n<td width=\"47\">6<\/td>\n<td width=\"76\"><\/td>\n<\/tr>\n<tr>\n<td width=\"32\">27<\/td>\n<td width=\"41\">S<\/td>\n<td width=\"44\"><\/td>\n<td width=\"66\">LAA353<\/td>\n<td width=\"227\">ADMINISTRACION FINANCIERA<\/td>\n<td width=\"47\"><\/td>\n<td width=\"47\"><\/td>\n<td width=\"47\">4<\/td>\n<td width=\"76\"><\/td>\n<\/tr>\n<tr>\n<td width=\"32\">28<\/td>\n<td width=\"41\">S<\/td>\n<td width=\"44\"><\/td>\n<td width=\"66\">LAA354<\/td>\n<td width=\"227\">SISTEMAS DE INFORM. ADMVA<\/td>\n<td width=\"47\"><\/td>\n<td width=\"47\"><\/td>\n<td width=\"47\">4<\/td>\n<td width=\"76\"><\/td>\n<\/tr>\n<tr>\n<td width=\"32\">29<\/td>\n<td width=\"41\">S<\/td>\n<td width=\"44\"><\/td>\n<td width=\"66\">LAG355<\/td>\n<td width=\"227\">RELACIONES INTERNACIONALES<\/td>\n<td width=\"47\"><\/td>\n<td width=\"47\"><\/td>\n<td width=\"47\">4<\/td>\n<td width=\"76\"><\/td>\n<\/tr>\n<tr>\n<td width=\"32\">30<\/td>\n<td width=\"41\">S<\/td>\n<td width=\"44\"><\/td>\n<td width=\"66\">ELC356<\/td>\n<td width=\"227\">GUARANI II<\/td>\n<td width=\"47\"><\/td>\n<td width=\"47\"><\/td>\n<td width=\"47\">4<\/td>\n<td width=\"76\"><\/td>\n<\/tr>\n<tr>\n<td colspan=\"9\" width=\"628\"><strong>Semestre: 6<\/strong><\/td>\n<\/tr>\n<tr>\n<td width=\"32\">31<\/td>\n<td width=\"41\">S<\/td>\n<td width=\"44\"><\/td>\n<td width=\"66\">LAA361<\/td>\n<td width=\"227\">GESTION DE PROCESOS<\/td>\n<td width=\"47\"><\/td>\n<td width=\"47\"><\/td>\n<td width=\"47\">4<\/td>\n<td width=\"76\"><\/td>\n<\/tr>\n<tr>\n<td width=\"32\">32<\/td>\n<td width=\"41\">S<\/td>\n<td width=\"44\"><\/td>\n<td width=\"66\">LAE362<\/td>\n<td width=\"227\">POLITICA ECONOMICA<\/td>\n<td width=\"47\"><\/td>\n<td width=\"47\"><\/td>\n<td width=\"47\">4<\/td>\n<td width=\"76\"><\/td>\n<\/tr>\n<tr>\n<td width=\"32\">33<\/td>\n<td width=\"41\">S<\/td>\n<td width=\"44\"><\/td>\n<td width=\"66\">LAD363<\/td>\n<td width=\"227\">ETICA PROFESIONAL<\/td>\n<td width=\"47\"><\/td>\n<td width=\"47\"><\/td>\n<td width=\"47\">4<\/td>\n<td width=\"76\"><\/td>\n<\/tr>\n<tr>\n<td width=\"32\">34<\/td>\n<td width=\"41\">S<\/td>\n<td width=\"44\"><\/td>\n<td width=\"66\">LAA364<\/td>\n<td width=\"227\">ADMINISTRACION MUNICIPAL<\/td>\n<td width=\"47\"><\/td>\n<td width=\"47\"><\/td>\n<td width=\"47\">5<\/td>\n<td width=\"76\"><\/td>\n<\/tr>\n<tr>\n<td width=\"32\">35<\/td>\n<td width=\"41\">S<\/td>\n<td width=\"44\"><\/td>\n<td width=\"66\">LAA365<\/td>\n<td width=\"227\">ORGANIZACION Y METODOS<\/td>\n<td width=\"47\"><\/td>\n<td width=\"47\"><\/td>\n<td width=\"47\">4<\/td>\n<td width=\"76\"><\/td>\n<\/tr>\n<tr>\n<td width=\"32\">36<\/td>\n<td width=\"41\">S<\/td>\n<td width=\"44\"><\/td>\n<td width=\"66\">LAA366<\/td>\n<td width=\"227\">TALLER II (ANALISIS SOCIAL, POLITICO Y ECONOMICO)<\/td>\n<td width=\"47\"><\/td>\n<td width=\"47\"><\/td>\n<td width=\"47\">6<\/td>\n<td width=\"76\"><\/td>\n<\/tr>\n<tr>\n<td width=\"32\">37<\/td>\n<td width=\"41\">S<\/td>\n<td width=\"44\"><\/td>\n<td width=\"66\">LAG367<\/td>\n<td width=\"227\">MARKETING POLITICO<\/td>\n<td width=\"47\"><\/td>\n<td width=\"47\"><\/td>\n<td width=\"47\">4<\/td>\n<td width=\"76\"><\/td>\n<\/tr>\n<tr>\n<td colspan=\"9\" width=\"628\"><strong>Semestre: 7<\/strong><\/td>\n<\/tr>\n<tr>\n<td width=\"32\">38<\/td>\n<td width=\"41\">S<\/td>\n<td width=\"44\"><\/td>\n<td width=\"66\">LAE471<\/td>\n<td width=\"227\">PLANIFICACION Y DESARROLLO<\/td>\n<td width=\"47\"><\/td>\n<td width=\"47\"><\/td>\n<td width=\"47\">5<\/td>\n<td width=\"76\"><\/td>\n<\/tr>\n<tr>\n<td width=\"32\">39<\/td>\n<td width=\"41\">S<\/td>\n<td width=\"44\"><\/td>\n<td width=\"66\">LAA472<\/td>\n<td width=\"227\">GESTION DE GOB. REGIONALES<\/td>\n<td width=\"47\"><\/td>\n<td width=\"47\"><\/td>\n<td width=\"47\">6<\/td>\n<td width=\"76\"><\/td>\n<\/tr>\n<tr>\n<td width=\"32\">40<\/td>\n<td width=\"41\">S<\/td>\n<td width=\"44\"><\/td>\n<td width=\"66\">LAA473<\/td>\n<td width=\"227\">INVESTIGACION ADMVA<\/td>\n<td width=\"47\"><\/td>\n<td width=\"47\"><\/td>\n<td width=\"47\">6<\/td>\n<td width=\"76\"><\/td>\n<\/tr>\n<tr>\n<td width=\"32\">41<\/td>\n<td width=\"41\">S<\/td>\n<td width=\"44\"><\/td>\n<td width=\"66\">LAC474<\/td>\n<td width=\"227\">FINANZAS PUBLICAS I<\/td>\n<td width=\"47\"><\/td>\n<td width=\"47\"><\/td>\n<td width=\"47\">4<\/td>\n<td width=\"76\"><\/td>\n<\/tr>\n<tr>\n<td width=\"32\">42<\/td>\n<td width=\"41\">S<\/td>\n<td width=\"44\"><\/td>\n<td width=\"66\">LAD475<\/td>\n<td width=\"227\">ETICA EN LA GESTION PUBLICA<\/td>\n<td width=\"47\"><\/td>\n<td width=\"47\"><\/td>\n<td width=\"47\">4<\/td>\n<td width=\"76\"><\/td>\n<\/tr>\n<tr>\n<td width=\"32\">44<\/td>\n<td width=\"41\">S<\/td>\n<td width=\"44\"><\/td>\n<td width=\"66\">LAD476<\/td>\n<td width=\"227\">DERECHO LABORAL<\/td>\n<td width=\"47\"><\/td>\n<td width=\"47\"><\/td>\n<td width=\"47\">4<\/td>\n<td width=\"76\"><\/td>\n<\/tr>\n<tr>\n<td colspan=\"9\" width=\"628\"><strong>Semestre: 8<\/strong><\/td>\n<\/tr>\n<tr>\n<td width=\"32\">45<\/td>\n<td width=\"41\">S<\/td>\n<td width=\"44\"><\/td>\n<td width=\"66\">LAA481<\/td>\n<td width=\"227\">GESTION EMPRESARIAL<\/td>\n<td width=\"47\"><\/td>\n<td width=\"47\"><\/td>\n<td width=\"47\">4<\/td>\n<td width=\"76\"><\/td>\n<\/tr>\n<tr>\n<td width=\"32\">46<\/td>\n<td width=\"41\">S<\/td>\n<td width=\"44\"><\/td>\n<td width=\"66\">LAE482<\/td>\n<td width=\"227\">FORM. Y EVAL. DE PROYECTOS<\/td>\n<td width=\"47\"><\/td>\n<td width=\"47\"><\/td>\n<td width=\"47\">6<\/td>\n<td width=\"76\"><\/td>\n<\/tr>\n<tr>\n<td width=\"32\">47<\/td>\n<td width=\"41\">S<\/td>\n<td width=\"44\"><\/td>\n<td width=\"66\">LAC483<\/td>\n<td width=\"227\">FINANZAS PUBLICAS II<\/td>\n<td width=\"47\"><\/td>\n<td width=\"47\"><\/td>\n<td width=\"47\">4<\/td>\n<td width=\"76\"><\/td>\n<\/tr>\n<tr>\n<td width=\"32\">48<\/td>\n<td width=\"41\">S<\/td>\n<td width=\"44\"><\/td>\n<td width=\"66\">LAA484<\/td>\n<td width=\"227\">TALLER III (PLAN \u00a0PARTICIP)<\/td>\n<td width=\"47\"><\/td>\n<td width=\"47\"><\/td>\n<td width=\"47\">6<\/td>\n<td width=\"76\"><\/td>\n<\/tr>\n<tr>\n<td width=\"32\">49<\/td>\n<td width=\"41\">S<\/td>\n<td width=\"44\"><\/td>\n<td width=\"66\">LAD484<\/td>\n<td width=\"227\">POLITICAS PUBLICAS I<\/td>\n<td width=\"47\"><\/td>\n<td width=\"47\"><\/td>\n<td width=\"47\">4<\/td>\n<td width=\"76\"><\/td>\n<\/tr>\n<tr>\n<td width=\"32\">50<\/td>\n<td width=\"41\">S<\/td>\n<td width=\"44\"><\/td>\n<td width=\"66\">LAC486<\/td>\n<td width=\"227\">CONTAB. Y AUD GUBERNAM<\/td>\n<td width=\"47\"><\/td>\n<td width=\"47\"><\/td>\n<td width=\"47\">4<\/td>\n<td width=\"76\"><\/td>\n<\/tr>\n<tr>\n<td colspan=\"9\" width=\"628\"><strong>Semestre: 9<\/strong><\/td>\n<\/tr>\n<tr>\n<td width=\"32\">51<\/td>\n<td width=\"41\">S<\/td>\n<td width=\"44\"><\/td>\n<td width=\"66\">LAA591<\/td>\n<td width=\"227\">GEST. Y CONT DEL SECTOR PUBL.<\/td>\n<td width=\"47\"><\/td>\n<td width=\"47\"><\/td>\n<td width=\"47\">6<\/td>\n<td width=\"76\"><\/td>\n<\/tr>\n<tr>\n<td width=\"32\">52<\/td>\n<td width=\"41\">S<\/td>\n<td width=\"44\"><\/td>\n<td width=\"66\">LAE592<\/td>\n<td width=\"227\">ADMINISTRACION DE PROY<\/td>\n<td width=\"47\"><\/td>\n<td width=\"47\"><\/td>\n<td width=\"47\">4<\/td>\n<td width=\"76\"><\/td>\n<\/tr>\n<tr>\n<td width=\"32\">53<\/td>\n<td width=\"41\">S<\/td>\n<td width=\"44\"><\/td>\n<td width=\"66\">LAE593<\/td>\n<td width=\"227\">POLITICAS PUBLICAS II<\/td>\n<td width=\"47\"><\/td>\n<td width=\"47\"><\/td>\n<td width=\"47\">4<\/td>\n<td width=\"76\"><\/td>\n<\/tr>\n<tr>\n<td width=\"32\">54<\/td>\n<td width=\"41\">S<\/td>\n<td width=\"44\"><\/td>\n<td width=\"66\">LAA594<\/td>\n<td width=\"227\">CREACION DE EMPRESAS<\/td>\n<td width=\"47\"><\/td>\n<td width=\"47\"><\/td>\n<td width=\"47\">6<\/td>\n<td width=\"76\"><\/td>\n<\/tr>\n<tr>\n<td width=\"32\">55<\/td>\n<td width=\"41\">S<\/td>\n<td width=\"44\"><\/td>\n<td width=\"66\">LAD595<\/td>\n<td width=\"227\">LICITACIONES PUBLICAS<\/td>\n<td width=\"47\"><\/td>\n<td width=\"47\"><\/td>\n<td width=\"47\">4<\/td>\n<td width=\"76\"><\/td>\n<\/tr>\n<tr>\n<td width=\"32\">56<\/td>\n<td width=\"41\">S<\/td>\n<td width=\"44\"><\/td>\n<td width=\"66\">LAA596<\/td>\n<td width=\"227\">ACTIVIDAD DE PROFESION. I<\/td>\n<td width=\"47\"><\/td>\n<td width=\"47\"><\/td>\n<td width=\"47\">4<\/td>\n<td width=\"76\"><\/td>\n<\/tr>\n<tr>\n<td colspan=\"9\" width=\"628\"><strong>Semestre: 10<\/strong><\/td>\n<\/tr>\n<tr>\n<td width=\"32\">57<\/td>\n<td width=\"41\">S<\/td>\n<td width=\"44\"><\/td>\n<td width=\"66\">LAA100<\/td>\n<td width=\"227\">ACTIVIDAD DE PROFESION. II<\/td>\n<td width=\"47\"><\/td>\n<td width=\"47\"><\/td>\n<td width=\"47\">6<\/td>\n<td width=\"76\"><\/td>\n<\/tr>\n<\/tbody>\n<\/table>\n<p><\/p>\n","protected":false},"excerpt":{"rendered":"<p>\u00a0\u00a0Plan de Estudios LIC. EN ADMINISTRACION Y GESTION PUBLICA N\u00ba Tipo C\u00f3d Sigla Materia Hor Hor Hor Requisitos Teor. Pract. Sem. Semestre: 1 1 S LAA111 ADMINISTRACION I 6 admisi\u00f3n [&hellip;]<\/p>\n","protected":false},"author":1,"featured_media":0,"parent":0,"menu_order":0,"comment_status":"closed","ping_status":"closed","template":"","meta":{"_joinchat":[],"footnotes":""},"class_list":["post-552","page","type-page","status-publish","hentry"],"jetpack_sharing_enabled":true,"publishpress_future_action":{"enabled":false,"date":"2026-05-07 15:21:35","action":"change-status","newStatus":"draft","terms":[],"taxonomy":"","extraData":[]},"publishpress_future_workflow_manual_trigger":{"enabledWorkflows":[]},"_links":{"self":[{"href":"https:\/\/www.uajms.edu.bo\/oferta-academica\/wp-json\/wp\/v2\/pages\/552","targetHints":{"allow":["GET"]}}],"collection":[{"href":"https:\/\/www.uajms.edu.bo\/oferta-academica\/wp-json\/wp\/v2\/pages"}],"about":[{"href":"https:\/\/www.uajms.edu.bo\/oferta-academica\/wp-json\/wp\/v2\/types\/page"}],"author":[{"embeddable":true,"href":"https:\/\/www.uajms.edu.bo\/oferta-academica\/wp-json\/wp\/v2\/users\/1"}],"replies":[{"embeddable":true,"href":"https:\/\/www.uajms.edu.bo\/oferta-academica\/wp-json\/wp\/v2\/comments?post=552"}],"version-history":[{"count":1,"href":"https:\/\/www.uajms.edu.bo\/oferta-academica\/wp-json\/wp\/v2\/pages\/552\/revisions"}],"predecessor-version":[{"id":553,"href":"https:\/\/www.uajms.edu.bo\/oferta-academica\/wp-json\/wp\/v2\/pages\/552\/revisions\/553"}],"wp:attachment":[{"href":"https:\/\/www.uajms.edu.bo\/oferta-academica\/wp-json\/wp\/v2\/media?parent=552"}],"curies":[{"name":"wp","href":"https:\/\/api.w.org\/{rel}","templated":true}]}}