

{"id":529,"date":"2018-09-27T20:13:18","date_gmt":"2018-09-27T20:13:18","guid":{"rendered":"http:\/\/www.uajms.edu.bo\/oferta-academica\/?page_id=529"},"modified":"2018-10-15T15:24:21","modified_gmt":"2018-10-15T15:24:21","slug":"carrera-de-ing-agropecuaria-bermejo","status":"publish","type":"page","link":"https:\/\/www.uajms.edu.bo\/oferta-academica\/carrera-de-ing-agropecuaria-bermejo\/","title":{"rendered":"CARRERA DE ING. AGROPECUARIA (BERMEJO)"},"content":{"rendered":"<p><iframe src=\"https:\/\/www.youtube.com\/embed\/l85OdKDguAI\" width=\"1280\" height=\"720\" frameborder=\"0\" allowfullscreen=\"allowfullscreen\"><span data-mce-type=\"bookmark\" style=\"display: inline-block; width: 0px; overflow: hidden; line-height: 0;\" class=\"mce_SELRES_start\">\ufeff<\/span><\/iframe><br \/>\n<strong>Nivel:<\/strong>\u00a0Licenciatura<br \/>\n<strong>Duraci\u00f3n:<\/strong>\u00a010 semestres<br \/>\n<strong>Grado Acad\u00e9mico:<\/strong>\u00a0Licenciado(a) en Ingenier\u00eda Agropecuaria<br \/>\n<strong>T\u00edtulo en Provisi\u00f3n Nacional:<\/strong>\u00a0Ingeniero(a) Agropecuaria<\/p>\n<h3><strong>OBJETIVOS DE LA CARRERA<\/strong><\/h3>\n<ul>\n<li>Formar profesionales altamente capacitados, con conocimientos cient\u00edficos y tecnol\u00f3gicos, con formaci\u00f3n cr\u00edtica y reflexiva que les permita dar soluciones a las cadenas productivas agropecuarias con preservaci\u00f3n del medio ambiente y recursos naturales.<\/li>\n<li>Formar profesionales con valores, conocimientos, actitudes y habilidades para desarrollar con \u00e9xito y en forma sustentable, actividades empresariales y productivas, de investigaci\u00f3n, capacitaci\u00f3n y extensi\u00f3n en \u00e1reas del sector agropecuario.<\/li>\n<\/ul>\n<h3><strong>PERFIL PROFESIONAL<\/strong><\/h3>\n<ul>\n<li>Conocer y comprender los factores esenciales de producci\u00f3n y optimizar el uso de los recursos disponibles para el desarrollo de la productividad en la relaci\u00f3n suelo &#8211; agua \u2013 planta \u2013 animal &#8211; hombre, utilizando los conocimientos indispensables de la inform\u00e1tica e ingenier\u00eda como herramientas de trabajo.<\/li>\n<li>Desarrollar procesos y sistemas de producci\u00f3n agropecuaria a trav\u00e9s de un manejo y conservaci\u00f3n de los recursos pertinentes de tal manera que se garantice una productividad sostenible.<\/li>\n<li>Desempe\u00f1arse en el campo gerencial-productivo y de comunicaci\u00f3n para el desarrollo, a fin de que pueda responder con personalidad y capacidad a las demandas del sector agropecuario.<\/li>\n<li>Prestar asesor\u00eda t\u00e9cnica en el sector agropecuario a peque\u00f1os, medianos y grandes productos.<\/li>\n<li>Generar, validar, aplicar y transferir tecnolog\u00edas y metodolog\u00edas apropiadas que se adecuen a las diversas circunstancias de los productores agropecuarios.<\/li>\n<li>Transformar, conservar y manejar productos agropecuarios con la finalidad de incorporar valor agregado.<\/li>\n<li>Planificar, ejecutar y evaluar proyectos para el manejo racional de los recursos naturales conducentes a la sensibilidad ambientalista, mediante sistemas sostenibles de producci\u00f3n agropecuaria.<\/li>\n<li>Planificar, elaborar, ejecutar y evaluar proyectos de investigaci\u00f3n agropecuaria para generar tecnolog\u00edas apropiadas a las condiciones socioecon\u00f3micas de la regi\u00f3n.<\/li>\n<li>Participar en investigaci\u00f3n b\u00e1sica y aplicada, utilizando metodolog\u00edas pertinentes en rubros agropecuarios, mediante la conformaci\u00f3n de equipos interdisciplinarios y multidisciplinarios.<\/li>\n<li>Diagnosticar las causas de problemas edafol\u00f3gicos, etnol\u00f3gicos, fitopatol\u00f3gicos, de enfermedades pecuarias y aplicar las medidas de control pertinentes.<\/li>\n<li>Comercializar productos, insumos y servicios agropecuarios y fiscalizar la calidad de los mismos, aplicando medios y formar seg\u00fan normas, leyes, pol\u00edticas de comercializaci\u00f3n y marketing nacional e internacional.<\/li>\n<li>Intervenir y trabajar con criterio t\u00e9cnico en el complejo mercado agropecuario, tanto en la organizaci\u00f3n como en la gesti\u00f3n y autogesti\u00f3n empresarial y comunitaria.<\/li>\n<\/ul>\n","protected":false},"excerpt":{"rendered":"<p>\ufeff Nivel:\u00a0Licenciatura Duraci\u00f3n:\u00a010 semestres Grado Acad\u00e9mico:\u00a0Licenciado(a) en Ingenier\u00eda Agropecuaria T\u00edtulo en Provisi\u00f3n Nacional:\u00a0Ingeniero(a) Agropecuaria OBJETIVOS DE LA CARRERA Formar profesionales altamente capacitados, con conocimientos cient\u00edficos y tecnol\u00f3gicos, con formaci\u00f3n cr\u00edtica [&hellip;]<\/p>\n","protected":false},"author":1,"featured_media":0,"parent":0,"menu_order":0,"comment_status":"closed","ping_status":"closed","template":"","meta":{"_joinchat":[],"footnotes":""},"class_list":["post-529","page","type-page","status-publish","hentry"],"jetpack_sharing_enabled":true,"publishpress_future_action":{"enabled":false,"date":"2026-05-05 00:41:51","action":"change-status","newStatus":"draft","terms":[],"taxonomy":"","extraData":[]},"publishpress_future_workflow_manual_trigger":{"enabledWorkflows":[]},"_links":{"self":[{"href":"https:\/\/www.uajms.edu.bo\/oferta-academica\/wp-json\/wp\/v2\/pages\/529","targetHints":{"allow":["GET"]}}],"collection":[{"href":"https:\/\/www.uajms.edu.bo\/oferta-academica\/wp-json\/wp\/v2\/pages"}],"about":[{"href":"https:\/\/www.uajms.edu.bo\/oferta-academica\/wp-json\/wp\/v2\/types\/page"}],"author":[{"embeddable":true,"href":"https:\/\/www.uajms.edu.bo\/oferta-academica\/wp-json\/wp\/v2\/users\/1"}],"replies":[{"embeddable":true,"href":"https:\/\/www.uajms.edu.bo\/oferta-academica\/wp-json\/wp\/v2\/comments?post=529"}],"version-history":[{"count":4,"href":"https:\/\/www.uajms.edu.bo\/oferta-academica\/wp-json\/wp\/v2\/pages\/529\/revisions"}],"predecessor-version":[{"id":635,"href":"https:\/\/www.uajms.edu.bo\/oferta-academica\/wp-json\/wp\/v2\/pages\/529\/revisions\/635"}],"wp:attachment":[{"href":"https:\/\/www.uajms.edu.bo\/oferta-academica\/wp-json\/wp\/v2\/media?parent=529"}],"curies":[{"name":"wp","href":"https:\/\/api.w.org\/{rel}","templated":true}]}}