

{"id":525,"date":"2018-09-27T20:12:03","date_gmt":"2018-09-27T20:12:03","guid":{"rendered":"http:\/\/www.uajms.edu.bo\/oferta-academica\/?page_id=525"},"modified":"2018-10-15T15:33:31","modified_gmt":"2018-10-15T15:33:31","slug":"carrera-de-contaduria-publica-bermejo","status":"publish","type":"page","link":"https:\/\/www.uajms.edu.bo\/oferta-academica\/carrera-de-contaduria-publica-bermejo\/","title":{"rendered":"CARRERA DE CONTADUR\u00cdA PUBLICA BERMEJO"},"content":{"rendered":"<p><iframe src=\"https:\/\/www.youtube.com\/embed\/R_Dthq-SrRs\" width=\"1280\" height=\"720\" frameborder=\"0\" allowfullscreen=\"allowfullscreen\"><\/iframe><\/p>\n<p><strong>Nivel:<\/strong>\u00a0Licenciatura<br \/>\n<strong>Duraci\u00f3n:<\/strong>\u00a010 semestres<br \/>\n<strong>Grado Acad\u00e9mico:<\/strong>\u00a0Licenciado(a) en Contadur\u00eda P\u00fablica<br \/>\n<strong>T\u00edtulo en Provisi\u00f3n Nacional:<\/strong>\u00a0Contador(a) P\u00fablico(a) Autorizado(a)<\/p>\n<h3><strong>Breve descripci\u00f3n de la profesi\u00f3n<\/strong><\/h3>\n<p>La Carrera de Contadur\u00eda P\u00fablica es una profesi\u00f3n del \u00e1rea empresarial que lleva al profesional a contribuir a que las organizaciones en las que participa sean competitivas, logren su desarrollo y crecimiento real, sean rentables y cumplan su responsabilidad social.<\/p>\n<p>La Carrera de Contadur\u00eda P\u00fablica abre las puertas al campo profesional desde dos aspectos: El de la Contabilidad y el de la Auditoria<\/p>\n<p>En el campo de la Contabilidad, el profesional tiene la responsabilidad del manejo de los sistemas de informaci\u00f3n en las organizaciones para soportar el proceso de toma de decisiones empresariales y asegurarle a la sociedad que la informaci\u00f3n econ\u00f3mica presentada por las empresas sea real y presente fidedignamente la situaci\u00f3n econ\u00f3mica-financiera de la empresa.<\/p>\n<p>En el campo de la Auditoria, el profesional tiene la responsabilidad de evaluar la eficacia de una empresa, determinando si los sistemas administrativos y financieros establecidos en las empresas son adecuados y efectivos y si las actividades que realiza son consistentes con los objetivos y metas establecidas. El auditor debe revisar la informaci\u00f3n para identificar, medir, clasificar y reportar dicha informaci\u00f3n de los sistemas establecidos para asegurarse del cumplimiento de las pol\u00edticas, planes y procedimientos, leyes y reglamentos que pueden tener de impacto significativo en las operaciones e informes y deben determinar si la organizaci\u00f3n cumple con ellos.<\/p>\n<h3><strong>Caracter\u00edsticas de la Profesi\u00f3n<\/strong><\/h3>\n<p>La profesi\u00f3n de Contador P\u00fablico es imprescindible en el desarrollo actual del mundo de los negocios y puede ser ejercida desde una amplia diversidad de sectores de la econom\u00eda y en distintas funciones dentro de las organizaciones.<\/p>\n<p>La necesidad de informaci\u00f3n precisa, la creciente complejidad de las operaciones financieras, la cambiante din\u00e1mica de las normas contables e impositivas, el impacto de la globalizaci\u00f3n de los negocios y la introducci\u00f3n de una amplia gama de sistemas integrados de informaci\u00f3n contable lo han convertido en part\u00edcipe clave del management.<\/p>\n<p>Esto hace que el contador cuente con numerosas alternativas para el ejercicio profesional, ya sea en el \u00e1mbito empresarial como en el ejercicio independiente de la profesi\u00f3n.<\/p>\n<p>Una caracter\u00edstica distintiva de nuestra carrera es su enfoque de negocios y la capacitaci\u00f3n para su ejercicio en un \u00e1mbito internacional y global.<\/p>\n<p>El plan de estudios brinda una s\u00f3lida formaci\u00f3n en la aplicaci\u00f3n de herramientas contables, junto con el conocimiento de econom\u00eda, finanzas, marketing, derecho y recursos humanos, privilegiando la aplicaci\u00f3n de la teor\u00eda a los casos pr\u00e1cticos y el uso de herramientas tecnol\u00f3gicas.<\/p>\n<p>Buscamos formar profesionales con capacidad de investigaci\u00f3n y an\u00e1lisis cr\u00edtico como as\u00ed tambi\u00e9n habilidad para identificar y resolver problemas no estructurados ni habituales y adaptarse a los cambios del entorno.<\/p>\n<h3><strong>Campo de Acci\u00f3n<\/strong><\/h3>\n<p>Actualmente la participaci\u00f3n del profesional en contabilidad en el sector econ\u00f3mico y administrativo, sea en el sector p\u00fablico o en el privado, a nivel nacional o estatal, se hace indispensable en \u00e1reas de operaci\u00f3n y en los procesos globales de crecimiento, inversi\u00f3n, comercializaci\u00f3n y organizaci\u00f3n mercantil o crediticia para empresas de cualquier tama\u00f1o desde peque\u00f1as hasta grandes. Tambi\u00e9n resulta indispensable su participaci\u00f3n en el aprovechamiento y optimizaci\u00f3n de recursos financieros y humanos; es por ello que la Facultad Integrada de Bermejo, preocupada por satisfacer las demandas en el \u00e1mbito profesional ofrece la licenciatura en contadur\u00eda p\u00fablica, coadyuvando a las necesidades propias de esta \u00e1rea.<\/p>\n<p>El contador p\u00fablico estar\u00e1 capacitado para realizar un trabajo productivo adecuado para el desarrollo, que repercuta en la transformaci\u00f3n de la Sociedad.<\/p>\n<p>Deber\u00e1 tener tambi\u00e9n la capacidad de: Asesorar en materia contable, fiscal y financiera, operar documentaci\u00f3n oficial, dise\u00f1ar procedimientos contables, analizar e interpretar y diagnosticar la situaci\u00f3n financiera de una empresa, ejerciendo sus actividades profesionales de conformidad con los valores \u00e9ticos.<\/p>\n<p>Evaluar y mejorar los sistemas de informaci\u00f3n financiera.<\/p>\n<p>Analizar los recursos financieros de cualquier tipo de organizaci\u00f3n en sus dos facetas que la originan: fuentes de financiamiento e inversiones.<\/p>\n<p>El ejercicio particular es de suma importancia, dado que las constantes reformas fiscales constituyen una necesidad inmediata para un amplio sector productivo; cabe mencionar su participaci\u00f3n activa en el campo de la docencia y de la investigaci\u00f3n.<\/p>\n<h3><strong>Preparaci\u00f3n requerida<\/strong><\/h3>\n<p>El aspirante a ingresar a esta carrera debe tomar nota de las siguientes caracter\u00edsticas:<\/p>\n<ul>\n<li>Inter\u00e9s por la contabilidad y la informaci\u00f3n financiera<\/li>\n<li>Facilidad en el \u00e1rea de matem\u00e1ticas financiera y la estad\u00edstica<\/li>\n<li>Posibilidad de trabajar bajo presi\u00f3n de tiempo<\/li>\n<li>Capacidad para tomar decisiones y soluciones pr\u00e1cticas<\/li>\n<li>Contar con buenos h\u00e1bitos de estudio<\/li>\n<li>Poseer un adecuado manejo en las relaciones interpersonales.<\/li>\n<\/ul>\n<p>En base a un plan de estudios permanentemente actualizado, el estudiante de la Carrera de Contadur\u00eda P\u00fablica, adquiere conocimientos fundamentales de contabilidad, auditoria, finanzas, an\u00e1lisis de estados financieros, entendimiento de la din\u00e1mica de los negocios, costos, organizaci\u00f3n, tributaci\u00f3n e inform\u00e1tica.<\/p>\n<p>La carrera se estructura en secuencias integradas de asignaturas semestrales en torno a:<\/p>\n<ul>\n<li>las \u00e1reas principales de ejercicio profesional: contabilidad, administraci\u00f3n, derecho e impuestos, finanzas y auditoria;<\/li>\n<li>La formaci\u00f3n instrumental de base: matem\u00e1tica, estad\u00edstica, econom\u00eda e inform\u00e1tica<\/li>\n<li>Talleres que desarrollan habilidades, actitudes y valores vinculados con la comunicaci\u00f3n escrita e interpersonal, la metodolog\u00eda de investigaci\u00f3n, el trabajo en equipo, la supervisi\u00f3n de personal y el ejercicio de la \u00e9tica en la pr\u00e1ctica profesional.<\/li>\n<\/ul>\n<p>&nbsp;<\/p>\n","protected":false},"excerpt":{"rendered":"<p>Nivel:\u00a0Licenciatura Duraci\u00f3n:\u00a010 semestres Grado Acad\u00e9mico:\u00a0Licenciado(a) en Contadur\u00eda P\u00fablica T\u00edtulo en Provisi\u00f3n Nacional:\u00a0Contador(a) P\u00fablico(a) Autorizado(a) Breve descripci\u00f3n de la profesi\u00f3n La Carrera de Contadur\u00eda P\u00fablica es una profesi\u00f3n del \u00e1rea empresarial [&hellip;]<\/p>\n","protected":false},"author":1,"featured_media":0,"parent":0,"menu_order":0,"comment_status":"closed","ping_status":"closed","template":"","meta":{"_joinchat":[],"footnotes":""},"class_list":["post-525","page","type-page","status-publish","hentry"],"jetpack_sharing_enabled":true,"publishpress_future_action":{"enabled":false,"date":"2026-04-23 21:30:38","action":"change-status","newStatus":"draft","terms":[],"taxonomy":"","extraData":[]},"publishpress_future_workflow_manual_trigger":{"enabledWorkflows":[]},"_links":{"self":[{"href":"https:\/\/www.uajms.edu.bo\/oferta-academica\/wp-json\/wp\/v2\/pages\/525","targetHints":{"allow":["GET"]}}],"collection":[{"href":"https:\/\/www.uajms.edu.bo\/oferta-academica\/wp-json\/wp\/v2\/pages"}],"about":[{"href":"https:\/\/www.uajms.edu.bo\/oferta-academica\/wp-json\/wp\/v2\/types\/page"}],"author":[{"embeddable":true,"href":"https:\/\/www.uajms.edu.bo\/oferta-academica\/wp-json\/wp\/v2\/users\/1"}],"replies":[{"embeddable":true,"href":"https:\/\/www.uajms.edu.bo\/oferta-academica\/wp-json\/wp\/v2\/comments?post=525"}],"version-history":[{"count":5,"href":"https:\/\/www.uajms.edu.bo\/oferta-academica\/wp-json\/wp\/v2\/pages\/525\/revisions"}],"predecessor-version":[{"id":640,"href":"https:\/\/www.uajms.edu.bo\/oferta-academica\/wp-json\/wp\/v2\/pages\/525\/revisions\/640"}],"wp:attachment":[{"href":"https:\/\/www.uajms.edu.bo\/oferta-academica\/wp-json\/wp\/v2\/media?parent=525"}],"curies":[{"name":"wp","href":"https:\/\/api.w.org\/{rel}","templated":true}]}}