

{"id":520,"date":"2018-09-27T20:04:28","date_gmt":"2018-09-27T20:04:28","guid":{"rendered":"http:\/\/www.uajms.edu.bo\/oferta-academica\/?page_id=520"},"modified":"2018-10-15T15:21:39","modified_gmt":"2018-10-15T15:21:39","slug":"carrera-de-comercio-internacional","status":"publish","type":"page","link":"https:\/\/www.uajms.edu.bo\/oferta-academica\/carrera-de-comercio-internacional\/","title":{"rendered":"CARRERA DE COMERCIO INTERNACIONAL"},"content":{"rendered":"<p><iframe src=\"https:\/\/www.youtube.com\/embed\/XFtaHCZdZMw\" width=\"1280\" height=\"720\" frameborder=\"0\" allowfullscreen=\"allowfullscreen\"><\/iframe><\/p>\n<p><strong>Nivel:<\/strong>\u00a0Licenciatura<br \/>\n<strong>Duraci\u00f3n:<\/strong>\u00a010 semestres<br \/>\n<strong>Grado Acad\u00e9mico:<\/strong>\u00a0Licenciado(a) en Comercio Internacional<br \/>\n<strong>T\u00edtulo en Provisi\u00f3n Nacional:<\/strong>\u00a0Licenciado(a) en Comercio Internacional<\/p>\n<h3><strong>El Campo profesional del Comercio Internacional<\/strong><\/h3>\n<p>El Comercio Internacional es un campo de pr\u00e1cticas interdisciplinarias que se orienta al conocimiento e intervenci\u00f3n de las realidades de las organizaciones y entidades empresariales dedicadas a comercio exterior, en la gesti\u00f3n de los recursos financieros, productivos, comercializaci\u00f3n, de los esquemas de organizaci\u00f3n y de funcionamiento, as\u00ed como de la vinculaci\u00f3n de estas entidades con el mundo del mercado y de la econom\u00eda.<\/p>\n<p>El t\u00e9cnico Superior Universitario en Comercio Exterior y Aduanas y el Licenciado en Comercio Internacional son profesionales orientados a la b\u00fasqueda de soluciones a los problemas del Comercio Internacional y las actividades conexas al mismo y de las Relaciones Econ\u00f3micas Internacionales.<\/p>\n<p>Responder\u00e1n a los requerimientos, no solo en las operaciones de Comercio Exterior (Importaciones \u2013 Exportaciones), sino tambi\u00e9n en la visualizaci\u00f3n y la evaluaci\u00f3n de mercados for\u00e1neos, con el fin de desarrollar estrategias de penetraci\u00f3n en dichos mercados.<\/p>\n<h3><strong>OBJETIVOS DEL PERFIL PROFESIONAL DEL TECNICO EN COMERCIO EXTERIOR Y ADUANAS<\/strong><\/h3>\n<p>El graduado de T\u00e9cnico Superior en Comercio Exterior y Aduanas ser\u00e1 capaz de:<\/p>\n<ul>\n<li>Realizar despachos de importaci\u00f3n y exportaci\u00f3n a trav\u00e9s de los sistemas autorizados por la Aduana y en cumplimiento de la normatividad aduanera vigente.<\/li>\n<li>Desarrollar procesos de log\u00edstica de comercio exterior desde la adquisici\u00f3n de la materia prima, ventas, tramite de documentos de la mercanc\u00eda, transporte, seguro, operativa bancaria y aduanera y post venta.<\/li>\n<li>Gestionar ante los organismos competentes las tramitaciones necesarias para concretar las operaciones de Comercio Exterior de acuerdo a la legislaci\u00f3n aduanera vigente.<\/li>\n<\/ul>\n<h3><strong>OBJETIVOS DEL PERFIL PROFESIONAL DEL LICENCIADO EN COMERCIO INTERNACIONAL<\/strong><\/h3>\n<p>El graduado de Licenciado en Comercio Internacional ser\u00e1 capaz de:<\/p>\n<ul>\n<li>Representar a la empresa en las operaciones de compra y venta internacional haciendo uso de las herramientas de negociaci\u00f3n de tal manera que se obtengan resultados convenientes para ambas partes y en cumplimiento de las normas comerciales vigentes.<\/li>\n<li>Realizar el dise\u00f1o, ejecuci\u00f3n, seguimiento y evaluaci\u00f3n de proyectos destinados a promover la exportaci\u00f3n e importaci\u00f3n de bienes y servicios, como as\u00ed tambi\u00e9n las nuevas modalidades de contrataci\u00f3n internacional.<\/li>\n<li>Realizar el diagn\u00f3stico de la situaci\u00f3n econ\u00f3mica del Pa\u00eds y de otros pa\u00edses para la toma de decisiones , tomando en cuenta los indicadores macroecon\u00f3micos as\u00ed como tambi\u00e9n asesorar y brindar asistencia t\u00e9cnica en la determinaci\u00f3n de objetivos, pol\u00edticas y estrategias de comercializaci\u00f3n internacional.<\/li>\n<li>Realizar estudios e investigaciones referidas a los mercados internacionales y a los procesos y procedimientos del Comercio Internacional, efectuando an\u00e1lisis de pol\u00edticas de precios y determinando costos de exportaci\u00f3n e importaci\u00f3n.<\/li>\n<li>Formar parte de las Misiones Comerciales en Agregadur\u00edas de Embajadas, Funcionario de Secretar\u00edas del Exterior, Direcciones nacionales, provinciales o municipales de Comercio Exterior para lo cual ha adquirido conocimiento, habilidades y destrezas como:<\/li>\n<\/ul>\n<p><strong>EL T\u00c9CNICO SUPERIOR UNIVERSITARIO EN COMERCIO EXTERIOR Y ADUANAS, <\/strong>en el ejercicio de su profesi\u00f3n podr\u00e1 orientarse a las siguientes \u00e1reas:<\/p>\n<ul>\n<li><strong>\u00c1rea Aduanera<\/strong>: Estar\u00e1n capacitados para desempe\u00f1arse como:<\/li>\n<li><strong><em>Agente Despachante de Aduana <\/em><\/strong>previo cumplimiento de las normas de la Ley General de Aduanas, realizar despachos aduaneros de importaci\u00f3n y exportaci\u00f3n.<\/li>\n<li><strong><em>T\u00e9cnico Documentalista <\/em><\/strong>en Administraciones de Aduana Nacional, manejar archivos de la gesti\u00f3n aduanera.<\/li>\n<li><strong><em>T\u00e9cnicos Aduaneros<\/em><\/strong>; revisi\u00f3n f\u00edsica y documental de la mercanc\u00eda.<\/li>\n<li><strong><em>Encargado de Centros P\u00fablicos <\/em><\/strong>para el llenado de los documentos de importaci\u00f3n y exportaci\u00f3n.<\/li>\n<li><strong>Encargado del \u00e1rea de Comercio Exterior <\/strong>de una Empresa Exportadora, Importadora : Estar\u00e1n preparados para:\n<ul>\n<li>Utilizar las t\u00e9cnicas relacionadas con la Investigaci\u00f3n de Mercado. (internacional e interna)<\/li>\n<li>Realizar operaciones aduaneras de Exportaci\u00f3n e Importaci\u00f3n o Realizar la operatoria Bancaria relacionada con cobros y pagos o Contratar Empresas de Transporte Internacional, Cias. de Seguros, Empresas de contenedores, Empresas de Publicidad etc.<\/li>\n<\/ul>\n<\/li>\n<li><strong>Operadores del Transporte Internacional <\/strong>: Estar\u00e1n preparados para: Realizar actividades de Log\u00edstica del Transporte Internacional y los medios\n<ul>\n<li>Identificar las caracter\u00edsticas del Transporte Multimodal<\/li>\n<li>Manejar la documentaci\u00f3n relacionada con el contrato de transporte o Operar el transporte internacional con la operatoria aduanera.<\/li>\n<li>Consolidar y desconsolidar mercanc\u00edas que se exportan a trav\u00e9s de contenedores.<\/li>\n<\/ul>\n<\/li>\n<li><strong>Estudio de Comercio Exterior como Profesional Independiente<\/strong>: estar\u00e1n preparados para:\n<ul>\n<li>Realizar informes t\u00e9cnicos de toda la operatoria descripta en los puntos anteriores.<\/li>\n<li>Manejar las distintas t\u00e9cnicas de investigaci\u00f3n de mercado, interno e internacional.<\/li>\n<li>Asesorar a empresas sobre canales de comercializaci\u00f3n internacional, formas de penetraci\u00f3n en mercados externos, etc.<\/li>\n<\/ul>\n<\/li>\n<\/ul>\n<p><strong>EL LICENCIADO EN COMERCIO INTERNACIONAL, <\/strong>en el ejercicio de su profesi\u00f3n adem\u00e1s de las competencias del T\u00e9cnico Superior Universitario en Comercio Exterior y Aduanas estar\u00e1 capacitado en las siguientes \u00e1reas de:<\/p>\n<ul>\n<li><strong>Comercio Exterior de Empresas Exportadoras e Importadoras <\/strong>: Estar\u00e1n preparados para:\n<ul>\n<li>Utilizar las t\u00e9cnicas relacionadas con la Investigaci\u00f3n de Mercados Nacional e Internacional.<\/li>\n<li>Realizar operaciones aduaneras de Exportaci\u00f3n e Importaci\u00f3n<\/li>\n<li>Realizar la operatoria Bancaria relacionada con cobros y pagos internacionales. o Realizar los distintos tipos de contratos internacionales<\/li>\n<li>Contratar Empresas de Transporte Internacional, Cias. de Seguros, Empresas de contenedores, Empresas de Publicidad etc.<\/li>\n<\/ul>\n<\/li>\n<li><strong>Comercio Exterior de un Banco <\/strong>: Estar\u00e1n estar preparados para:\n<ul>\n<li>Operar la Banca para el Comercio Exterior (Disposiciones legales del Banco Central, Ministerio de Econom\u00eda y Finanzas Publicas, Viceministerio de<\/li>\n<li>Realizar los distintos tipos de Contratos Medios de Pago Internacionales para la operatoria de Exportaci\u00f3n e Importaci\u00f3n.<\/li>\n<\/ul>\n<\/li>\n<li><strong>Transporte Internacional <\/strong>: Estar\u00e1n preparados para:\n<ul>\n<li>Realizar actividades de Log\u00edstica del Transporte Internacional<\/li>\n<li>Identificar las caracter\u00edsticas del Transporte Multimodal<\/li>\n<li>Manejar la documentaci\u00f3n relacionada con el contrato de transporte<\/li>\n<li>Operar transporte internacional con la operatoria aduanera<\/li>\n<li>Contenerizar la mercader\u00eda que se exporta en los contenedores<\/li>\n<\/ul>\n<\/li>\n<li><strong>Profesional Independiente<\/strong>: estar\u00e1n preparados para:\n<ul>\n<li>Realizar en profundidad, toda la operatoria referente al comercio exterior de empresas exportadoras e importadoras, Banca Comercial Internacional y Transporte Internacional.<\/li>\n<li>Manejar las distintas t\u00e9cnicas de investigaci\u00f3n de mercado, interno e internacional.<\/li>\n<li>Asesorar a empresas sobre canales de comercializaci\u00f3n internacional, formas de penetraci\u00f3n en mercados externos, etc.<\/li>\n<li>Elaborar y evaluar proyectos de exportaci\u00f3n e importaci\u00f3n<\/li>\n<\/ul>\n<\/li>\n<li><strong>Investigaci\u00f3n <\/strong>: Estar\u00e1n preparados para:\n<ul>\n<li>Realizar trabajos de investigaci\u00f3n tanto cient\u00edfica como tecnol\u00f3gica de mercados, tanto externos como nacionales<\/li>\n<li>Integrar equipos de investigaci\u00f3n cient\u00edfica, en distintas ciencias y fundamentalmente, ciencias sociales, con mayor especificidad en campos vinculados a ciencias econ\u00f3micas y de administraci\u00f3n.<\/li>\n<li>Participar en equipos de investigaci\u00f3n cient\u00edfico-tecnol\u00f3gicos interdisciplinarios.<\/li>\n<\/ul>\n<\/li>\n<li>El profesional en Comercio Internacional estar\u00e1 preparado, para formar parte de las Agregadur\u00edas Comerciales en Embajadas, Funcionario de Secretar\u00edas del Exterior, Direcciones nacionales, provinciales o municipales de Comercio Exterior para lo cu\u00e1l a adquirido conocimiento, habilidades y destrezas como:\n<ul>\n<li>Las caracter\u00edsticas de los distintos Organismos Internacionales o El funcionamiento de la OMC<\/li>\n<li>La organizaci\u00f3n de las distintas Uniones Aduaneras, Econ\u00f3micas y dem\u00e1s Zonas (MERCOSUR, UE, ALADI, etc.-).<\/li>\n<li>Las distintas t\u00e9cnicas de negociaci\u00f3n internacional<\/li>\n<li>El manejo del idioma Ingl\u00e9s t\u00e9cnico<\/li>\n<\/ul>\n<\/li>\n<\/ul>\n<p>El profesional en Comercio Exterior estar\u00e1 preparado, adem\u00e1s, para hacer ejercicio de la docencia en la educaci\u00f3n formal, en los niveles: medio, secundario y universitario, tanto en instituciones p\u00fablicas como privadas, en los aspectos t\u00e9cnico-cient\u00edficos de la carrera, as\u00ed como en cualquier plano de la educaci\u00f3n no formal.<\/p>\n<p>&nbsp;<\/p>\n","protected":false},"excerpt":{"rendered":"<p>Nivel:\u00a0Licenciatura Duraci\u00f3n:\u00a010 semestres Grado Acad\u00e9mico:\u00a0Licenciado(a) en Comercio Internacional T\u00edtulo en Provisi\u00f3n Nacional:\u00a0Licenciado(a) en Comercio Internacional El Campo profesional del Comercio Internacional El Comercio Internacional es un campo de pr\u00e1cticas interdisciplinarias [&hellip;]<\/p>\n","protected":false},"author":1,"featured_media":0,"parent":0,"menu_order":0,"comment_status":"closed","ping_status":"closed","template":"","meta":{"_joinchat":[],"footnotes":""},"class_list":["post-520","page","type-page","status-publish","hentry"],"jetpack_sharing_enabled":true,"publishpress_future_action":{"enabled":false,"date":"2026-05-11 09:44:37","action":"change-status","newStatus":"draft","terms":[],"taxonomy":"","extraData":[]},"publishpress_future_workflow_manual_trigger":{"enabledWorkflows":[]},"_links":{"self":[{"href":"https:\/\/www.uajms.edu.bo\/oferta-academica\/wp-json\/wp\/v2\/pages\/520","targetHints":{"allow":["GET"]}}],"collection":[{"href":"https:\/\/www.uajms.edu.bo\/oferta-academica\/wp-json\/wp\/v2\/pages"}],"about":[{"href":"https:\/\/www.uajms.edu.bo\/oferta-academica\/wp-json\/wp\/v2\/types\/page"}],"author":[{"embeddable":true,"href":"https:\/\/www.uajms.edu.bo\/oferta-academica\/wp-json\/wp\/v2\/users\/1"}],"replies":[{"embeddable":true,"href":"https:\/\/www.uajms.edu.bo\/oferta-academica\/wp-json\/wp\/v2\/comments?post=520"}],"version-history":[{"count":5,"href":"https:\/\/www.uajms.edu.bo\/oferta-academica\/wp-json\/wp\/v2\/pages\/520\/revisions"}],"predecessor-version":[{"id":631,"href":"https:\/\/www.uajms.edu.bo\/oferta-academica\/wp-json\/wp\/v2\/pages\/520\/revisions\/631"}],"wp:attachment":[{"href":"https:\/\/www.uajms.edu.bo\/oferta-academica\/wp-json\/wp\/v2\/media?parent=520"}],"curies":[{"name":"wp","href":"https:\/\/api.w.org\/{rel}","templated":true}]}}