

{"id":485,"date":"2018-09-27T15:34:15","date_gmt":"2018-09-27T15:34:15","guid":{"rendered":"http:\/\/www.uajms.edu.bo\/oferta-academica\/?page_id=485"},"modified":"2018-10-15T14:48:09","modified_gmt":"2018-10-15T14:48:09","slug":"carrera-de-ing-en-recursos-hidricos","status":"publish","type":"page","link":"https:\/\/www.uajms.edu.bo\/oferta-academica\/carrera-de-ing-en-recursos-hidricos\/","title":{"rendered":"Carrera de Ing. en Recursos H\u00eddricos"},"content":{"rendered":"<p><iframe src=\"https:\/\/www.youtube.com\/embed\/XoxwjfL7edU\" width=\"1280\" height=\"720\" frameborder=\"0\" allowfullscreen=\"allowfullscreen\"><\/iframe><br \/>\n<strong>Nivel:<\/strong>\u00a0Licenciatura<br \/>\n<strong>Duraci\u00f3n:<\/strong>\u00a010 semestres<br \/>\n<strong>Grado Acad\u00e9mico:<\/strong>\u00a0Licenciado(a) en Ingenier\u00eda en Recursos H\u00eddricos<br \/>\n<strong>T\u00edtulo en Provisi\u00f3n Nacional:<\/strong>\u00a0Ingeniero(a) en Recursos H\u00eddricos<\/p>\n<p><strong>\u00bfEn qu\u00e9 consiste la Carrera de Ingenier\u00eda en Recursos H\u00eddricos?<\/strong><\/p>\n<p>La carrera est\u00e1 relacionada al uso adecuado del Agua, estudiando su abastecimiento, distribuci\u00f3n, uso, consumo, contaminaci\u00f3n y sus sostenibilidad hacia futuro, para lo cual el Ingeniero deber\u00e1 ser capaz de planificar, dise\u00f1ar, administrar y construir obras y proyectos referidos a los Recursos H\u00eddricos.<\/p>\n<p><strong>\u00bfEl \u00c1rea Laboral del Ingeniero en Recursos H\u00eddricos?<\/strong><\/p>\n<p>El \u00e1rea laboral es diversa pudiendo desempe\u00f1arse el mismo de manera independiente, en una empresa privada, instituci\u00f3n p\u00fablica u otros, como:<\/p>\n<ul>\n<li>Independiente, tendr\u00e1 las facultades para elaborar dise\u00f1os y construcciones referidos a recursos h\u00eddricos, podr\u00e1 emprender su propia empresa, producci\u00f3n, ganader\u00eda, elaborar sus proyectos de riego, desempe\u00f1arse como docente a futuro, capacitar a otras personas y profesionales que no son del rubro y otros.<\/li>\n<li>Instituciones P\u00fablicas; conocimientos para desenvolverse en cualquier \u00e1rea donde este asignado, para tomar y asesorar en la toma de decisiones, desenvolverse en la sociedad y otros.<\/li>\n<li>Podr\u00e1 ejercer sus conocimientos y habilidades para cooperativas de agua, asociaciones de productores, micro y peque\u00f1a empresa, ONG\u2019s, cargos de estado, institutos, universidades privadas y p\u00fablicas, etc.<\/li>\n<li>Empresa Privada; tendr\u00e1 las habilidades para construir proyectos, realizar estudios a dise\u00f1o final, manejo de equipos y laboratorio, podr\u00e1 emplear herramientas geogr\u00e1ficas y comunicacionales para el manejo de cuencas y otros..<\/li>\n<\/ul>\n<p><b>\u00c1REAS<\/b><strong>\u00a0DE CONOCIMIENTO<\/strong><\/p>\n<ul>\n<li>Ingenier\u00eda Hidr\u00e1ulica Superficial y Subterr\u00e1nea.<\/li>\n<li>Ingenier\u00eda en Programaci\u00f3n<\/li>\n<li>Ingenier\u00eda Hidrol\u00f3gica<\/li>\n<li>Ingenier\u00eda Estructural y Obras Hidr\u00e1ulicas<\/li>\n<li>Ingenier\u00eda en Informaci\u00f3n Geogr\u00e1fica<\/li>\n<li>Ingenier\u00eda Hidrogeoqu\u00edmica<\/li>\n<li>Ingenier\u00eda de Costos y Presupuestos<\/li>\n<\/ul>\n<p>Ingenier\u00eda de Riego y Drenaje.<\/p>\n<p><strong>PLAN DE ESTUDIOS\u00a0<\/strong><\/p>\n<blockquote><p><a href=\"http:\/\/www.uajms.edu.bo\/oferta-academica\/plan-de-estudios-de-la-carrera-de-ing-recursos-hidricos\/\">http:\/\/www.uajms.edu.bo\/oferta-academica\/plan-de-estudios-de-la-carrera-de-ing-recursos-hidricos\/<\/a><\/p>\n<p>&nbsp;<\/p><\/blockquote>\n","protected":false},"excerpt":{"rendered":"<p>Nivel:\u00a0Licenciatura Duraci\u00f3n:\u00a010 semestres Grado Acad\u00e9mico:\u00a0Licenciado(a) en Ingenier\u00eda en Recursos H\u00eddricos T\u00edtulo en Provisi\u00f3n Nacional:\u00a0Ingeniero(a) en Recursos H\u00eddricos \u00bfEn qu\u00e9 consiste la Carrera de Ingenier\u00eda en Recursos H\u00eddricos? La carrera est\u00e1 [&hellip;]<\/p>\n","protected":false},"author":1,"featured_media":0,"parent":0,"menu_order":0,"comment_status":"closed","ping_status":"closed","template":"","meta":{"_joinchat":[],"footnotes":""},"class_list":["post-485","page","type-page","status-publish","hentry"],"jetpack_sharing_enabled":true,"publishpress_future_action":{"enabled":false,"date":"2026-05-10 07:17:42","action":"change-status","newStatus":"draft","terms":[],"taxonomy":"","extraData":[]},"publishpress_future_workflow_manual_trigger":{"enabledWorkflows":[]},"_links":{"self":[{"href":"https:\/\/www.uajms.edu.bo\/oferta-academica\/wp-json\/wp\/v2\/pages\/485","targetHints":{"allow":["GET"]}}],"collection":[{"href":"https:\/\/www.uajms.edu.bo\/oferta-academica\/wp-json\/wp\/v2\/pages"}],"about":[{"href":"https:\/\/www.uajms.edu.bo\/oferta-academica\/wp-json\/wp\/v2\/types\/page"}],"author":[{"embeddable":true,"href":"https:\/\/www.uajms.edu.bo\/oferta-academica\/wp-json\/wp\/v2\/users\/1"}],"replies":[{"embeddable":true,"href":"https:\/\/www.uajms.edu.bo\/oferta-academica\/wp-json\/wp\/v2\/comments?post=485"}],"version-history":[{"count":5,"href":"https:\/\/www.uajms.edu.bo\/oferta-academica\/wp-json\/wp\/v2\/pages\/485\/revisions"}],"predecessor-version":[{"id":625,"href":"https:\/\/www.uajms.edu.bo\/oferta-academica\/wp-json\/wp\/v2\/pages\/485\/revisions\/625"}],"wp:attachment":[{"href":"https:\/\/www.uajms.edu.bo\/oferta-academica\/wp-json\/wp\/v2\/media?parent=485"}],"curies":[{"name":"wp","href":"https:\/\/api.w.org\/{rel}","templated":true}]}}