

{"id":483,"date":"2018-09-27T15:33:17","date_gmt":"2018-09-27T15:33:17","guid":{"rendered":"http:\/\/www.uajms.edu.bo\/oferta-academica\/?page_id=483"},"modified":"2018-10-15T14:38:24","modified_gmt":"2018-10-15T14:38:24","slug":"carrera-de-ingenieria-comercial","status":"publish","type":"page","link":"https:\/\/www.uajms.edu.bo\/oferta-academica\/carrera-de-ingenieria-comercial\/","title":{"rendered":"Carrera de Ingenier\u00eda Comercial"},"content":{"rendered":"<p><iframe src=\"https:\/\/www.youtube.com\/embed\/1Ua248DRyUg\" width=\"1280\" height=\"720\" frameborder=\"0\" allowfullscreen=\"allowfullscreen\"><\/iframe><\/p>\n<p><strong>Nivel:<\/strong>\u00a0Licenciatura<br \/>\n<strong>Duraci\u00f3n:<\/strong>\u00a010 semestres<br \/>\n<strong>Grado Acad\u00e9mico:<\/strong>\u00a0Licenciado(a) en Ingenier\u00eda Comercial<br \/>\n<strong>T\u00edtulo en Provisi\u00f3n Nacional:<\/strong>\u00a0Ingeniero(a) Comercial<\/p>\n<p><b>MISI\u00d3N<\/b><\/p>\n<p>Es la misi\u00f3n de la Carrera de Ingenier\u00eda Comercial formar profesionales altamente calificados, competitivos, emprendedores, con compromiso y sensibilidad social, facilitador del crecimiento y desarrollo econ\u00f3mico, creador de empleos y generador de ideas de negocios, para actuar como verdaderos agentes de cambio, capaces de entender, enfrentar, promover los nuevos escenarios y contribuir con pertinencia al desarrollo econ\u00f3mico-social del pa\u00eds y de la regi\u00f3n.<\/p>\n<p><b>VISI\u00d3N<\/b><\/p>\n<p>La carrera de Ing. Comercial es un programa acad\u00e9mico con base cient\u00edfico-t\u00e9cnica, proyectado a coadyuvar los cambios en el desarrollo econ\u00f3mico-social, con liderazgo en gesti\u00f3n empresarial, que responde a las necesidades del pa\u00eds y de la regi\u00f3n.<\/p>\n<p><strong>PERFIL PROFESIONAL<\/strong><\/p>\n<p>El ingeniero comercial es un profesional dotado de una visi\u00f3n general de la empresa, con iniciativa y capacidad de generar ideas de negocios y creaci\u00f3n de empresas. Su formaci\u00f3n integral y su esp\u00edritu emprendedor, creativo, renovador, le permite afrontar con solvencia los desaf\u00edos del contexto en el que se desenvuelve. El ingeniero comercial es un profesional capacitado para la gesti\u00f3n comercial y financiera: formula estrategias y proyectos innovadores que favorecen la rentabilidad y posici\u00f3n competitiva de las organizaciones. Produce, analiza e interpreta informaci\u00f3n de mercado para identificar oportunidades de negocios. Desarrolla estrategias que generen relaciones duraderas con los clientes y proveedores.<\/p>\n<p><strong>CAMPO OCUPACIONAL<\/strong><\/p>\n<p>El ingeniero comercial desempe\u00f1a funciones en las siguientes \u00e1reas de desarrollo en las organizaciones: planeaci\u00f3n estrat\u00e9gica de marketing, comercio internacional, inteligencia de mercados y sistemas de informaci\u00f3n, publicidad, planeaci\u00f3n de medios, promociones, an\u00e1lisis de precios, atenci\u00f3n y servicio al cliente, desarrollo de productos, administraci\u00f3n de compras y ventas, planeaci\u00f3n y control de la distribuci\u00f3n, comercio electr\u00f3nico, an\u00e1lisis econ\u00f3mico, financiero y evaluaci\u00f3n e implementaci\u00f3n de proyectos de inversi\u00f3n. Tambi\u00e9n puede desempe\u00f1arse como empresario consultor o asesor de empresas, docente universitario e investigador.<\/p>\n<p><strong>PLAN DE ESTUDIOS<\/strong><\/p>\n<blockquote><p><a href=\"http:\/\/www.uajms.edu.bo\/oferta-academica\/plan-de-estudios-de-ing-comercial\/\">http:\/\/www.uajms.edu.bo\/oferta-academica\/plan-de-estudios-de-ing-comercial\/<\/a><\/p><\/blockquote>\n<p>&nbsp;<\/p>\n","protected":false},"excerpt":{"rendered":"<p>Nivel:\u00a0Licenciatura Duraci\u00f3n:\u00a010 semestres Grado Acad\u00e9mico:\u00a0Licenciado(a) en Ingenier\u00eda Comercial T\u00edtulo en Provisi\u00f3n Nacional:\u00a0Ingeniero(a) Comercial MISI\u00d3N Es la misi\u00f3n de la Carrera de Ingenier\u00eda Comercial formar profesionales altamente calificados, competitivos, emprendedores, con [&hellip;]<\/p>\n","protected":false},"author":1,"featured_media":0,"parent":0,"menu_order":0,"comment_status":"closed","ping_status":"closed","template":"","meta":{"_joinchat":[],"footnotes":""},"class_list":["post-483","page","type-page","status-publish","hentry"],"jetpack_sharing_enabled":true,"publishpress_future_action":{"enabled":false,"date":"2026-05-11 10:57:32","action":"change-status","newStatus":"draft","terms":[],"taxonomy":"","extraData":[]},"publishpress_future_workflow_manual_trigger":{"enabledWorkflows":[]},"_links":{"self":[{"href":"https:\/\/www.uajms.edu.bo\/oferta-academica\/wp-json\/wp\/v2\/pages\/483","targetHints":{"allow":["GET"]}}],"collection":[{"href":"https:\/\/www.uajms.edu.bo\/oferta-academica\/wp-json\/wp\/v2\/pages"}],"about":[{"href":"https:\/\/www.uajms.edu.bo\/oferta-academica\/wp-json\/wp\/v2\/types\/page"}],"author":[{"embeddable":true,"href":"https:\/\/www.uajms.edu.bo\/oferta-academica\/wp-json\/wp\/v2\/users\/1"}],"replies":[{"embeddable":true,"href":"https:\/\/www.uajms.edu.bo\/oferta-academica\/wp-json\/wp\/v2\/comments?post=483"}],"version-history":[{"count":5,"href":"https:\/\/www.uajms.edu.bo\/oferta-academica\/wp-json\/wp\/v2\/pages\/483\/revisions"}],"predecessor-version":[{"id":618,"href":"https:\/\/www.uajms.edu.bo\/oferta-academica\/wp-json\/wp\/v2\/pages\/483\/revisions\/618"}],"wp:attachment":[{"href":"https:\/\/www.uajms.edu.bo\/oferta-academica\/wp-json\/wp\/v2\/media?parent=483"}],"curies":[{"name":"wp","href":"https:\/\/api.w.org\/{rel}","templated":true}]}}