

{"id":481,"date":"2018-09-27T15:32:13","date_gmt":"2018-09-27T15:32:13","guid":{"rendered":"http:\/\/www.uajms.edu.bo\/oferta-academica\/?page_id=481"},"modified":"2018-10-15T14:40:08","modified_gmt":"2018-10-15T14:40:08","slug":"carrera-de-ingenieria-informatica-yacuiba","status":"publish","type":"page","link":"https:\/\/www.uajms.edu.bo\/oferta-academica\/carrera-de-ingenieria-informatica-yacuiba\/","title":{"rendered":"Carrera de Ingenier\u00eda Inform\u00e1tica (Yacuiba)"},"content":{"rendered":"<p><iframe src=\"https:\/\/www.youtube.com\/embed\/wAp_0B9_Nb0\" width=\"1280\" height=\"720\" frameborder=\"0\" allowfullscreen=\"allowfullscreen\"><\/iframe><\/p>\n<p><strong>Nivel:<\/strong>\u00a0Licenciatura<br \/>\n<strong>Duraci\u00f3n:<\/strong>\u00a010 semestres<br \/>\n<strong>Grado Acad\u00e9mico:<\/strong>\u00a0Licenciado(a) en Ingenier\u00eda Inform\u00e1tica<br \/>\n<strong>T\u00edtulo en Provisi\u00f3n Nacional:<\/strong>\u00a0Ingeniero(a) Inform\u00e1tico(a)<\/p>\n<h3><strong>MISION<\/strong><\/h3>\n<p>La carrera de Ingenier\u00eda Inform\u00e1tica estar\u00e1 comprometida con la formaci\u00f3n de profesionales\u00a0 Ingenieros Inform\u00e1ticos con valores \u00e9ticos, c\u00edvicos, morales, con responsabilidad y conciencia social; con pensamiento cr\u00edtico, reflexivo,\u00a0 creativos, innovadores, emprendedores y con un amplio esp\u00edritu de solidaridad , capaces de generar y adecuar conocimientos relevantes e interactuar con \u00e9xito en escenarios din\u00e1micos bajo enfoques multidisciplinarios, para contribuir al desarrollo humano sostenible de la sociedad y\u00a0 de la regi\u00f3n, mediante la investigaci\u00f3n cient\u00edfico tecnol\u00f3gica y\u00a0 la extensi\u00f3n universitaria, vinculadas a las demandas y expectativas del entorno social.<\/p>\n<h3><strong>VISION<\/strong><\/h3>\n<p>Ser una carrera acreditada ante organismos nacionales e internacionales, que cuente con recursos humanos altamente calificados, infraestructura adecuada y equipamiento tecnol\u00f3gico actualizado, distingui\u00e9ndose por formar profesionales de excelencia acad\u00e9mica y humana contribuyendo al desarrollo social, cient\u00edfico y tecnol\u00f3gico en el \u00e1mbito regional, departamental, nacional e internacional a trav\u00e9s de la investigaci\u00f3n y extensi\u00f3n universitaria.<\/p>\n<h3><strong>PERFIL PROFESIONAL<\/strong><\/h3>\n<p>Un Ingeniero Inform\u00e1tico ser\u00e1 capaz de aplicar conocimientos cient\u00edficos y tecnol\u00f3gicos en la soluci\u00f3n de problemas en el \u00e1rea inform\u00e1tica con un enfoque interdisciplinario; administrar las tecnolog\u00edas de la informaci\u00f3n, para estructurar proyectos estrat\u00e9gicos; en su \u00e1rea de trabajo podr\u00e1 formular, gestionar y evaluar el desarrollo de proyectos inform\u00e1ticos; ser\u00e1 un experto en el an\u00e1lisis, modelaci\u00f3n, desarrollo, implementaci\u00f3n y administraci\u00f3n de sistemas de informaci\u00f3n para aumentar la productividad y competitividad en las organizaciones; adem\u00e1s, tendr\u00e1 las herramientas necesarias para aplicar normas, marcos de referencia, est\u00e1ndares de calidad y seguridad vigentes en el \u00e1mbito del desarrollo y gesti\u00f3n de tecnolog\u00edas y sistemas de informaci\u00f3n. Podr\u00e1 integrar soluciones de tecnolog\u00edas de informaci\u00f3n a los procesos organizacionales para fortalecer objetivos estrat\u00e9gicos; seleccionar\u00e1 y utilizar\u00e1 de manera \u00f3ptima t\u00e9cnicas y herramientas computacionales actuales y emergentes; realizar\u00e1 actividades de auditor\u00eda y consultor\u00eda relacionadas con la funci\u00f3n inform\u00e1tica.<\/p>\n<h3><strong>CAMPO OCUPACIONAL<\/strong><\/h3>\n<p>El campo laboral del Ingeniero en Inform\u00e1tica incluye todos y cada uno de los campos de desarrollo del ser humano: El Ingeniero Inform\u00e1tico tendr\u00e1 la oportunidad de desarrollarse dentro de empresas de producci\u00f3n y servicios nacionales e internacionales, en \u00e1reas de TI, como administrador de redes y sistemas; participar en la reingenier\u00eda de procesos, \u00e1rea de operaciones; podr\u00e1 desarrollar productos y servicios de TI, adem\u00e1s tendr\u00e1 la capacidad de crear una empresa de consultor\u00eda. De igual podr\u00e1 integrarse en el Sector P\u00fablico, Instituciones Educativas. Contar\u00e1 con habilidades necesarias para ser un empresario independiente, integrador de tecnolog\u00edas de vanguardia para optimizar procesos y gesti\u00f3n para el dise\u00f1o, ejecuci\u00f3n y mantenimiento de sistemas de telecomunicaci\u00f3n.<\/p>\n<p><strong>PLAN DE ESTUDIOS<\/strong><\/p>\n<blockquote><p><a href=\"http:\/\/www.uajms.edu.bo\/oferta-academica\/plan-de-estudios-carrera-de-informatica-yacuiba\/\">http:\/\/www.uajms.edu.bo\/oferta-academica\/plan-de-estudios-carrera-de-informatica-yacuiba\/<\/a><\/p><\/blockquote>\n","protected":false},"excerpt":{"rendered":"<p>Nivel:\u00a0Licenciatura Duraci\u00f3n:\u00a010 semestres Grado Acad\u00e9mico:\u00a0Licenciado(a) en Ingenier\u00eda Inform\u00e1tica T\u00edtulo en Provisi\u00f3n Nacional:\u00a0Ingeniero(a) Inform\u00e1tico(a) MISION La carrera de Ingenier\u00eda Inform\u00e1tica estar\u00e1 comprometida con la formaci\u00f3n de profesionales\u00a0 Ingenieros Inform\u00e1ticos con valores [&hellip;]<\/p>\n","protected":false},"author":1,"featured_media":0,"parent":0,"menu_order":0,"comment_status":"closed","ping_status":"closed","template":"","meta":{"_joinchat":[],"footnotes":""},"class_list":["post-481","page","type-page","status-publish","hentry"],"jetpack_sharing_enabled":true,"publishpress_future_action":{"enabled":false,"date":"2026-05-21 11:05:49","action":"change-status","newStatus":"draft","terms":[],"taxonomy":"","extraData":[]},"publishpress_future_workflow_manual_trigger":{"enabledWorkflows":[]},"_links":{"self":[{"href":"https:\/\/www.uajms.edu.bo\/oferta-academica\/wp-json\/wp\/v2\/pages\/481","targetHints":{"allow":["GET"]}}],"collection":[{"href":"https:\/\/www.uajms.edu.bo\/oferta-academica\/wp-json\/wp\/v2\/pages"}],"about":[{"href":"https:\/\/www.uajms.edu.bo\/oferta-academica\/wp-json\/wp\/v2\/types\/page"}],"author":[{"embeddable":true,"href":"https:\/\/www.uajms.edu.bo\/oferta-academica\/wp-json\/wp\/v2\/users\/1"}],"replies":[{"embeddable":true,"href":"https:\/\/www.uajms.edu.bo\/oferta-academica\/wp-json\/wp\/v2\/comments?post=481"}],"version-history":[{"count":5,"href":"https:\/\/www.uajms.edu.bo\/oferta-academica\/wp-json\/wp\/v2\/pages\/481\/revisions"}],"predecessor-version":[{"id":619,"href":"https:\/\/www.uajms.edu.bo\/oferta-academica\/wp-json\/wp\/v2\/pages\/481\/revisions\/619"}],"wp:attachment":[{"href":"https:\/\/www.uajms.edu.bo\/oferta-academica\/wp-json\/wp\/v2\/media?parent=481"}],"curies":[{"name":"wp","href":"https:\/\/api.w.org\/{rel}","templated":true}]}}