

{"id":479,"date":"2018-09-27T15:30:33","date_gmt":"2018-09-27T15:30:33","guid":{"rendered":"http:\/\/www.uajms.edu.bo\/oferta-academica\/?page_id=479"},"modified":"2018-10-15T14:31:29","modified_gmt":"2018-10-15T14:31:29","slug":"carrera-de-contaduria-publica-yacuiba","status":"publish","type":"page","link":"https:\/\/www.uajms.edu.bo\/oferta-academica\/carrera-de-contaduria-publica-yacuiba\/","title":{"rendered":"Carrera de Contadur\u00eda P\u00fablica (Yacuiba)"},"content":{"rendered":"<p><iframe src=\"https:\/\/www.youtube.com\/embed\/H21xnSOIBt8\" width=\"560\" height=\"315\" frameborder=\"0\" allowfullscreen=\"allowfullscreen\"><\/iframe><\/p>\n<p><strong>Nivel:<\/strong>\u00a0Licenciatura<br \/>\n<strong>Duraci\u00f3n:<\/strong>\u00a010 semestres<br \/>\n<strong>Grado Acad\u00e9mico:<\/strong>\u00a0Licenciado(a) en Contadur\u00eda P\u00fablica<br \/>\n<strong>T\u00edtulo en Provisi\u00f3n Nacional:<\/strong>\u00a0Contador(a) P\u00fablico(a)<\/p>\n<p><strong>MISI\u00d3N<\/strong><\/p>\n<p>Formar profesionales integrales, creativos e innovadores que desarrollen pensamientos cr\u00edticos y reflexivos, capaces de generar conocimientos relevantes que le permitan interactuar con responsabilidad social, con solvencia, con \u00e9xito e identidad cultural, en escenarios multidisciplinarios con el fin de contribuir al desarrollo sostenible del entorno, con criterios de calidad, adem\u00e1s de facilitar la educaci\u00f3n continua o pos gradual.<\/p>\n<p><strong>OBJETIVOS DE LA CARRERA<\/strong><\/p>\n<ul>\n<li>Formar profesionales altamente capacitados en las \u00e1reas de: contabilidad, auditoria, costos, presupuestos, finanzas, Impuestos y otras \u00e1reas administrativas.<\/li>\n<li>Formar contadores p\u00fablicos capaces de general cambios a trav\u00e9s de la actualizaci\u00f3n, afrontando retos actuales y futuros en las \u00e1reas de finanzas, administrativas y econ\u00f3micas que se generan a nivel nacional e internacional.<\/li>\n<\/ul>\n<p><strong>\u00c1REAS DEL CONOCIMIENTO<\/strong><\/p>\n<ul>\n<li>Contabilidad y costos<\/li>\n<li>Auditoria<\/li>\n<li>Administraci\u00f3n<\/li>\n<li>Presupuestos y finanzas<\/li>\n<li>Econom\u00eda<\/li>\n<li>Matem\u00e1ticas y Estad\u00edsticas<\/li>\n<li>Derecho comercial, laboral y tributario<\/li>\n<li>Ingl\u00e9s, inform\u00e1tica general y aplicada<\/li>\n<\/ul>\n<p><strong>PERFIL PROFESIONAL<\/strong><\/p>\n<ul>\n<li>El Contador P\u00fablico Autorizado \u2013CPA- es un profesional comprometido con la sociedad con un alto grado de \u00e9tica y moral, responsable, reflexivo, propositivo, cr\u00edtico e innovador.<\/li>\n<li>El CPA es un profesional con una adecuada preparaci\u00f3n en Contabilidad, Auditoria, Finanzas, Econom\u00eda y otras disciplinas relacionadas con la actividad econ\u00f3mica, el an\u00e1lisis cuantitativo u la informaci\u00f3n tecnol\u00f3gica.<\/li>\n<li>Preparado para el an\u00e1lisis e interpretaci\u00f3n de la gesti\u00f3n empresarial que se desarrolla en cualquier tipo de organizaciones en general.<\/li>\n<li>Est\u00e1 capacitado para dise\u00f1ar, implementar y evaluar productor financieros sujetando su actividad a la aplicaci\u00f3n de las normas, procedimientos y disposiciones legales que se aprueban para el desempe\u00f1o profesional.<\/li>\n<li>Formado para desarrollar la gesti\u00f3n empresarial y la toma de decisiones.<\/li>\n<\/ul>\n<p><strong>PLAN DE ESTUDIOS<\/strong><\/p>\n<blockquote><p><a href=\"http:\/\/www.uajms.edu.bo\/oferta-academica\/plan-de-estudios-carrera-de-contaduria-publica-yacuiba\/\">http:\/\/www.uajms.edu.bo\/oferta-academica\/plan-de-estudios-carrera-de-contaduria-publica-yacuiba\/<\/a><\/p><\/blockquote>\n","protected":false},"excerpt":{"rendered":"<p>Nivel:\u00a0Licenciatura Duraci\u00f3n:\u00a010 semestres Grado Acad\u00e9mico:\u00a0Licenciado(a) en Contadur\u00eda P\u00fablica T\u00edtulo en Provisi\u00f3n Nacional:\u00a0Contador(a) P\u00fablico(a) MISI\u00d3N Formar profesionales integrales, creativos e innovadores que desarrollen pensamientos cr\u00edticos y reflexivos, capaces de generar conocimientos [&hellip;]<\/p>\n","protected":false},"author":1,"featured_media":0,"parent":0,"menu_order":0,"comment_status":"closed","ping_status":"closed","template":"","meta":{"_joinchat":[],"footnotes":""},"class_list":["post-479","page","type-page","status-publish","hentry"],"jetpack_sharing_enabled":true,"publishpress_future_action":{"enabled":false,"date":"2026-04-23 07:23:18","action":"change-status","newStatus":"draft","terms":[],"taxonomy":"","extraData":[]},"publishpress_future_workflow_manual_trigger":{"enabledWorkflows":[]},"_links":{"self":[{"href":"https:\/\/www.uajms.edu.bo\/oferta-academica\/wp-json\/wp\/v2\/pages\/479","targetHints":{"allow":["GET"]}}],"collection":[{"href":"https:\/\/www.uajms.edu.bo\/oferta-academica\/wp-json\/wp\/v2\/pages"}],"about":[{"href":"https:\/\/www.uajms.edu.bo\/oferta-academica\/wp-json\/wp\/v2\/types\/page"}],"author":[{"embeddable":true,"href":"https:\/\/www.uajms.edu.bo\/oferta-academica\/wp-json\/wp\/v2\/users\/1"}],"replies":[{"embeddable":true,"href":"https:\/\/www.uajms.edu.bo\/oferta-academica\/wp-json\/wp\/v2\/comments?post=479"}],"version-history":[{"count":5,"href":"https:\/\/www.uajms.edu.bo\/oferta-academica\/wp-json\/wp\/v2\/pages\/479\/revisions"}],"predecessor-version":[{"id":616,"href":"https:\/\/www.uajms.edu.bo\/oferta-academica\/wp-json\/wp\/v2\/pages\/479\/revisions\/616"}],"wp:attachment":[{"href":"https:\/\/www.uajms.edu.bo\/oferta-academica\/wp-json\/wp\/v2\/media?parent=479"}],"curies":[{"name":"wp","href":"https:\/\/api.w.org\/{rel}","templated":true}]}}