

{"id":477,"date":"2018-09-27T15:29:25","date_gmt":"2018-09-27T15:29:25","guid":{"rendered":"http:\/\/www.uajms.edu.bo\/oferta-academica\/?page_id=477"},"modified":"2018-10-15T14:29:52","modified_gmt":"2018-10-15T14:29:52","slug":"carrera-de-administracion-y-gestion-publica","status":"publish","type":"page","link":"https:\/\/www.uajms.edu.bo\/oferta-academica\/carrera-de-administracion-y-gestion-publica\/","title":{"rendered":"Carrera de Administraci\u00f3n y Gesti\u00f3n P\u00fablica"},"content":{"rendered":"<p><iframe src=\"https:\/\/www.youtube.com\/embed\/zrQBe64rj0E\" width=\"560\" height=\"315\" frameborder=\"0\" allowfullscreen=\"allowfullscreen\"><\/iframe><\/p>\n<p><strong>Nivel:<\/strong>\u00a0Licenciatura<br \/>\n<strong>Duraci\u00f3n:<\/strong>\u00a010 semestres<br \/>\n<strong>Grado Acad\u00e9mico:<\/strong>\u00a0Licenciado(a) en Administraci\u00f3n y Gesti\u00f3n P\u00fablica<br \/>\n<strong>T\u00edtulo en Provisi\u00f3n Nacional:<\/strong>\u00a0Licenciado(a) en Administraci\u00f3n y Gesti\u00f3n P\u00fablica<\/p>\n<p><strong>MISION<\/strong><\/p>\n<p>Mantener el liderazgo en la formaci\u00f3n profesionales en Administraci\u00f3n y Gesti\u00f3n P\u00fablica siendo un modelo educativo de mayor influencia a nivel nacional y de Latinoam\u00e9rica, con competencias que propicien el desarrollo de las entidades p\u00fablicas.<\/p>\n<p><strong>VISION<\/strong><\/p>\n<ul>\n<li>Formar profesionales de pregrado, con liderazgo social, capacitados integralmente, con enfoque humanista, democr\u00e1tico y s\u00f3lida base cient\u00edfica-t\u00e9cnica, capaces de satisfacer la demanda social de los gobiernos aut\u00f3nomos y dem\u00e1s instituciones del sector p\u00fablico.<\/li>\n<li>Generar actividades de desarrollo profesional y t\u00e9cnico en el campo de formaci\u00f3n profesional de la Administraci\u00f3n y Gesti\u00f3n p\u00fablica.<\/li>\n<li>Sistematizar los avances del conocimiento cient\u00edfico-t\u00e9cnico, a trav\u00e9s de la investigaci\u00f3n orientada al desarrollo de la ciencia y articulada a la realidad regional y nacional, difundir sus resultados e incorporarlos a los procesos de formaci\u00f3n.<\/li>\n<li>Practicar la democracia a trav\u00e9s del an\u00e1lisis, el debate de la problem\u00e1tica social y la construcci\u00f3n participativa de propuestas alternativas de soluci\u00f3n a los problemas de la administraci\u00f3n p\u00fablica, orientados al fortalecimiento y desarrollo.<\/li>\n<\/ul>\n<p><strong>PERFIL PROFESIONAL<\/strong><\/p>\n<p>El profesional en Administraci\u00f3n y Gesti\u00f3n P\u00fablica se caracteriza por una formaci\u00f3n integral con una visi\u00f3n social y manejo de los problemas p\u00fablicos actuales. Desarrollando su habilidad anal\u00edtica e investigativa de tal manera que aborde la interrelaci\u00f3n existente entre las ciencias sociales, econ\u00f3micas y administrativas para el funcionamiento de la administraci\u00f3n p\u00fablica, como un elemento indispensable para que el Estado atienda las necesidades y demandas de la poblaci\u00f3n a trav\u00e9s de la participaci\u00f3n en la elaboraci\u00f3n, ejecuci\u00f3n y evaluaci\u00f3n de planes, programas y proyectos inherentes a la administraci\u00f3n p\u00fablica.<\/p>\n<p><strong>CAMPO OCUPACIONAL<\/strong><\/p>\n<p>El licenciado en Administraci\u00f3n y Gesti\u00f3n P\u00fablica est\u00e1 capacitado para:<\/p>\n<ul>\n<li>Gestionar, innovar y perfeccionar administrativamente las organizaciones estatales de acuerdo con las prioridades de desarrollo de la regi\u00f3n y el pa\u00eds.<\/li>\n<li>Asesorar y consultor de entidades p\u00fablicas y privadas, participar en la planeaci\u00f3n p\u00fablica, la elaboraci\u00f3n y control presupuestal en todos los niveles administrativos, as\u00ed como aportar a la investigaci\u00f3n en los temas relacionados con el Estado y el sector p\u00fablico.<\/li>\n<li>Aplicar conocimientos relativos a la estructura y funciones de las entidades p\u00fablicas que intervienen en la econom\u00eda nacional<\/li>\n<li>Desempe\u00f1arse en la docencia universitaria y aportar sus conocimientos referentes a las actividades presupuestales y financieras del estado.<\/li>\n<\/ul>\n<p><strong>PLAN DE ESTUDIOS<\/strong><\/p>\n<blockquote><p><a href=\"http:\/\/www.uajms.edu.bo\/oferta-academica\/plan-de-estudios-carrera-de-administracion-y-gestion-publica\/\">http:\/\/www.uajms.edu.bo\/oferta-academica\/plan-de-estudios-carrera-de-administracion-y-gestion-publica\/<\/a><\/p><\/blockquote>\n","protected":false},"excerpt":{"rendered":"<p>Nivel:\u00a0Licenciatura Duraci\u00f3n:\u00a010 semestres Grado Acad\u00e9mico:\u00a0Licenciado(a) en Administraci\u00f3n y Gesti\u00f3n P\u00fablica T\u00edtulo en Provisi\u00f3n Nacional:\u00a0Licenciado(a) en Administraci\u00f3n y Gesti\u00f3n P\u00fablica MISION Mantener el liderazgo en la formaci\u00f3n profesionales en Administraci\u00f3n y [&hellip;]<\/p>\n","protected":false},"author":1,"featured_media":0,"parent":0,"menu_order":0,"comment_status":"closed","ping_status":"closed","template":"","meta":{"_joinchat":[],"footnotes":""},"class_list":["post-477","page","type-page","status-publish","hentry"],"jetpack_sharing_enabled":true,"publishpress_future_action":{"enabled":false,"date":"2026-04-23 05:43:56","action":"change-status","newStatus":"draft","terms":[],"taxonomy":"","extraData":[]},"publishpress_future_workflow_manual_trigger":{"enabledWorkflows":[]},"_links":{"self":[{"href":"https:\/\/www.uajms.edu.bo\/oferta-academica\/wp-json\/wp\/v2\/pages\/477","targetHints":{"allow":["GET"]}}],"collection":[{"href":"https:\/\/www.uajms.edu.bo\/oferta-academica\/wp-json\/wp\/v2\/pages"}],"about":[{"href":"https:\/\/www.uajms.edu.bo\/oferta-academica\/wp-json\/wp\/v2\/types\/page"}],"author":[{"embeddable":true,"href":"https:\/\/www.uajms.edu.bo\/oferta-academica\/wp-json\/wp\/v2\/users\/1"}],"replies":[{"embeddable":true,"href":"https:\/\/www.uajms.edu.bo\/oferta-academica\/wp-json\/wp\/v2\/comments?post=477"}],"version-history":[{"count":5,"href":"https:\/\/www.uajms.edu.bo\/oferta-academica\/wp-json\/wp\/v2\/pages\/477\/revisions"}],"predecessor-version":[{"id":614,"href":"https:\/\/www.uajms.edu.bo\/oferta-academica\/wp-json\/wp\/v2\/pages\/477\/revisions\/614"}],"wp:attachment":[{"href":"https:\/\/www.uajms.edu.bo\/oferta-academica\/wp-json\/wp\/v2\/media?parent=477"}],"curies":[{"name":"wp","href":"https:\/\/api.w.org\/{rel}","templated":true}]}}