

{"id":473,"date":"2018-09-27T14:52:15","date_gmt":"2018-09-27T14:52:15","guid":{"rendered":"http:\/\/www.uajms.edu.bo\/oferta-academica\/?page_id=473"},"modified":"2018-10-15T14:03:05","modified_gmt":"2018-10-15T14:03:05","slug":"carrera-de-ingenieria-civil","status":"publish","type":"page","link":"https:\/\/www.uajms.edu.bo\/oferta-academica\/carrera-de-ingenieria-civil\/","title":{"rendered":"Carrera de Ingenier\u00eda Civil"},"content":{"rendered":"<p><iframe width=\"560\" height=\"315\" src=\"https:\/\/www.youtube.com\/embed\/r7azCMPCWhU\" frameborder=\"0\" allow=\"autoplay; encrypted-media\" allowfullscreen><\/iframe><br \/>\n<strong>Nivel:<\/strong> Licenciatura<br \/>\n<strong>Duraci\u00f3n:<\/strong> 10 semestres<br \/>\n<strong>Grado Acad\u00e9mico:<\/strong> Licenciado(a) en Ingenier\u00eda Civil<br \/>\n<strong>T\u00edtulo en Provisi\u00f3n Nacional:<\/strong>\u00a0Ingeniero(a) Civil<\/p>\n<h1>ACTIVIDADES B\u00c1SICAS DE LA PROFESI\u00d3N<\/h1>\n<p>Las actividades b\u00e1sicas de la profesi\u00f3n del(la) Ingeniero(a) Civil son:<\/p>\n<ul>\n<li>Dise\u00f1o y c\u00e1lculo de obras hidr\u00e1ulicas y sanitarias.<\/li>\n<li>Construcci\u00f3n de obras hidr\u00e1ulicas y sanitarias.<\/li>\n<li>Administraci\u00f3n y mantenimiento de obras hidr\u00e1ulicas y sanitarias.<\/li>\n<li>Dise\u00f1o y c\u00e1lculo de obras estructurales.<\/li>\n<li>Construcci\u00f3n de obras estructurales.<\/li>\n<li>Administraci\u00f3n y mantenimiento de obras estructurales.<\/li>\n<li>Dise\u00f1o y c\u00e1lculo de obras viales.<\/li>\n<li>Construcci\u00f3n de obras viales.<\/li>\n<li>Supervisi\u00f3n de obras civiles.<\/li>\n<li>Administraci\u00f3n y mantenimiento de obras viales.<\/li>\n<li>Evaluaci\u00f3n y control de calidad de las obras civiles seg\u00fan normas vigentes.<\/li>\n<\/ul>\n<h1><strong>CAMPOS OCUPACIONALES<\/strong><\/h1>\n<p>El campo ocupacional de actuaci\u00f3n del profesional de Ingenier\u00eda Civil se encuentra en el sector estatal (gobierno central, administraci\u00f3n departamental y gobiernos municipales) y el privado (empresas constructoras, consultoras y actividad individual), adem\u00e1s de los espacios generados por la actividad de las ONG\u2019s y los organismos internacionales.<\/p>\n<h1><strong>OBJETIVOS DEL PERFIL<\/strong><\/h1>\n<p>Se entiende por obras hidr\u00e1ulicas y sanitarias las obras de aprovechamiento y de control de agua: presas, sistemas de riego, agua potable, alcantarilla pluvial y sanitaria, protecci\u00f3n de m\u00e1rgenes. Al decir obras estructurales nos referimos a todo tipo de construcci\u00f3n como se edificios, recintos deportivos y estructuras especiales.<\/p>\n<p>Las obras viales comprenden: las carreteras, los aeropuertos, los ferrocarriles, y el transporte fluvial.<\/p>\n<p>Por lo tanto, el curr\u00edculo del programa de ingenier\u00eda debe preparar al profesional para enfrentar las siguientes tareas:<\/p>\n<ul>\n<li>Elaborar los estudios, definir la factibilidad, ejecutar la construcci\u00f3n, responsabilizarse con la inspecci\u00f3n, operar y efectuar el mantenimiento de las siguientes obras civiles.<\/li>\n<li>Edificar cualquiera sea su destino con todas sus obras complementarias.<\/li>\n<li>Estructuras y obras de arte de todo tipo.<\/li>\n<li>Obras de riego desag\u00fce y drenaje.<\/li>\n<li>Obras destinadas al aprovechamiento de la energ\u00eda hidr\u00e1ulica.<\/li>\n<li>Obras de correcci\u00f3n y regulaci\u00f3n fluvial.<\/li>\n<li>Obras destinadas al almacenamiento, conducci\u00f3n y distribuci\u00f3n de fluidos.<\/li>\n<li>Obras viales y ferroviarias.<\/li>\n<li>Obras de saneamiento urbano y rural.<\/li>\n<li>Obras aeroportuarias y todas sus complementarias.<\/li>\n<li>Obras de urbanismo en lo que se refiere al trazado y organizaci\u00f3n de servicios p\u00fablicos vinculados a la higiene, vialidad, comunicaciones y energ\u00eda.<\/li>\n<\/ul>\n<h1>PLAN DE ESTUDIOS<\/h1>\n<blockquote><p><a href=\"https:\/\/www.uajms.edu.bo\/oferta-academica\/plan-de-estudios-ing-civil\/\">https:\/\/www.uajms.edu.bo\/oferta-academica\/plan-de-estudios-ing-civil\/<\/a><\/p>\n<p>&nbsp;<\/p><\/blockquote>\n","protected":false},"excerpt":{"rendered":"<p>Nivel: Licenciatura Duraci\u00f3n: 10 semestres Grado Acad\u00e9mico: Licenciado(a) en Ingenier\u00eda Civil T\u00edtulo en Provisi\u00f3n Nacional:\u00a0Ingeniero(a) Civil ACTIVIDADES B\u00c1SICAS DE LA PROFESI\u00d3N Las actividades b\u00e1sicas de la profesi\u00f3n del(la) Ingeniero(a) Civil [&hellip;]<\/p>\n","protected":false},"author":1,"featured_media":0,"parent":0,"menu_order":0,"comment_status":"closed","ping_status":"closed","template":"","meta":{"_joinchat":[],"footnotes":""},"class_list":["post-473","page","type-page","status-publish","hentry"],"jetpack_sharing_enabled":true,"publishpress_future_action":{"enabled":false,"date":"2026-04-28 10:03:58","action":"change-status","newStatus":"draft","terms":[],"taxonomy":"","extraData":[]},"publishpress_future_workflow_manual_trigger":{"enabledWorkflows":[]},"_links":{"self":[{"href":"https:\/\/www.uajms.edu.bo\/oferta-academica\/wp-json\/wp\/v2\/pages\/473","targetHints":{"allow":["GET"]}}],"collection":[{"href":"https:\/\/www.uajms.edu.bo\/oferta-academica\/wp-json\/wp\/v2\/pages"}],"about":[{"href":"https:\/\/www.uajms.edu.bo\/oferta-academica\/wp-json\/wp\/v2\/types\/page"}],"author":[{"embeddable":true,"href":"https:\/\/www.uajms.edu.bo\/oferta-academica\/wp-json\/wp\/v2\/users\/1"}],"replies":[{"embeddable":true,"href":"https:\/\/www.uajms.edu.bo\/oferta-academica\/wp-json\/wp\/v2\/comments?post=473"}],"version-history":[{"count":4,"href":"https:\/\/www.uajms.edu.bo\/oferta-academica\/wp-json\/wp\/v2\/pages\/473\/revisions"}],"predecessor-version":[{"id":606,"href":"https:\/\/www.uajms.edu.bo\/oferta-academica\/wp-json\/wp\/v2\/pages\/473\/revisions\/606"}],"wp:attachment":[{"href":"https:\/\/www.uajms.edu.bo\/oferta-academica\/wp-json\/wp\/v2\/media?parent=473"}],"curies":[{"name":"wp","href":"https:\/\/api.w.org\/{rel}","templated":true}]}}