

{"id":446,"date":"2018-09-26T22:14:04","date_gmt":"2018-09-26T22:14:04","guid":{"rendered":"http:\/\/www.uajms.edu.bo\/oferta-academica\/?page_id=446"},"modified":"2018-10-15T20:06:58","modified_gmt":"2018-10-15T20:06:58","slug":"carrera-de-medicina-veterinaria-y-zootecnia","status":"publish","type":"page","link":"https:\/\/www.uajms.edu.bo\/oferta-academica\/carrera-de-medicina-veterinaria-y-zootecnia\/","title":{"rendered":"CARRERA DE MEDICINA VETERINARIA Y ZOOTECNIA"},"content":{"rendered":"<p><iframe src=\"https:\/\/www.youtube.com\/embed\/GGiaZgJ0Z-U\" width=\"1280\" height=\"720\" frameborder=\"0\" allowfullscreen=\"allowfullscreen\"><\/iframe><\/p>\n<p><strong>Nivel:<\/strong>\u00a0Licenciatura<br \/>\n<strong>Duraci\u00f3n:<\/strong>\u00a010 semestres<br \/>\n<strong>Grado Acad\u00e9mico:<\/strong>\u00a0Licenciado(a) en Medicina Veterinaria y Zootecnia<br \/>\n<strong>T\u00edtulo en Provisi\u00f3n Nacional:<\/strong>\u00a0Medico(a) Veterinario y Zootecnista<\/p>\n<h1><strong>EL M\u00c9DICO VETERINARIO ZOOTECNISTA ES UN PROFESIONAL QUE:<\/strong><\/h1>\n<ul>\n<li>Promover y tener como objetivo personal el bienestar de la sociedad y de los animales.<\/li>\n<li>Promover la eficiencia productiva y funcional a trav\u00e9s de la salud animal, mediante el tratamiento, prevenci\u00f3n y control de plagas y enfermedades de los animales.<\/li>\n<li>Participar en los programas de salud p\u00fablica veterinaria.<\/li>\n<li>Utilizar y aplicar conocimientos de gen\u00e9tica, nutrici\u00f3n, reproducci\u00f3n, sanidad, econom\u00eda y administraci\u00f3n, incorporando el aprovechamiento \u00f3ptimo de la infraestructura f\u00edsica y el estudio de los ecosistemas para mejorar la producci\u00f3n y productividad de los animales.<\/li>\n<\/ul>\n<h1>PLAN DE ESTUDIOS<\/h1>\n<blockquote><p><a href=\"http:\/\/www.uajms.edu.bo\/oferta-academica\/plan-de-estudios-carrera-de-veterinaria-y-zootecnia\/\">http:\/\/www.uajms.edu.bo\/oferta-academica\/plan-de-estudios-carrera-de-veterinaria-y-zootecnia\/<\/a><\/p><\/blockquote>\n","protected":false},"excerpt":{"rendered":"<p>Nivel:\u00a0Licenciatura Duraci\u00f3n:\u00a010 semestres Grado Acad\u00e9mico:\u00a0Licenciado(a) en Medicina Veterinaria y Zootecnia T\u00edtulo en Provisi\u00f3n Nacional:\u00a0Medico(a) Veterinario y Zootecnista EL M\u00c9DICO VETERINARIO ZOOTECNISTA ES UN PROFESIONAL QUE: Promover y tener como objetivo [&hellip;]<\/p>\n","protected":false},"author":1,"featured_media":0,"parent":0,"menu_order":0,"comment_status":"closed","ping_status":"closed","template":"","meta":{"_joinchat":[],"footnotes":""},"class_list":["post-446","page","type-page","status-publish","hentry"],"jetpack_sharing_enabled":true,"publishpress_future_action":{"enabled":false,"date":"2026-04-21 22:25:40","action":"change-status","newStatus":"draft","terms":[],"taxonomy":"","extraData":[]},"publishpress_future_workflow_manual_trigger":{"enabledWorkflows":[]},"_links":{"self":[{"href":"https:\/\/www.uajms.edu.bo\/oferta-academica\/wp-json\/wp\/v2\/pages\/446","targetHints":{"allow":["GET"]}}],"collection":[{"href":"https:\/\/www.uajms.edu.bo\/oferta-academica\/wp-json\/wp\/v2\/pages"}],"about":[{"href":"https:\/\/www.uajms.edu.bo\/oferta-academica\/wp-json\/wp\/v2\/types\/page"}],"author":[{"embeddable":true,"href":"https:\/\/www.uajms.edu.bo\/oferta-academica\/wp-json\/wp\/v2\/users\/1"}],"replies":[{"embeddable":true,"href":"https:\/\/www.uajms.edu.bo\/oferta-academica\/wp-json\/wp\/v2\/comments?post=446"}],"version-history":[{"count":3,"href":"https:\/\/www.uajms.edu.bo\/oferta-academica\/wp-json\/wp\/v2\/pages\/446\/revisions"}],"predecessor-version":[{"id":655,"href":"https:\/\/www.uajms.edu.bo\/oferta-academica\/wp-json\/wp\/v2\/pages\/446\/revisions\/655"}],"wp:attachment":[{"href":"https:\/\/www.uajms.edu.bo\/oferta-academica\/wp-json\/wp\/v2\/media?parent=446"}],"curies":[{"name":"wp","href":"https:\/\/api.w.org\/{rel}","templated":true}]}}