

{"id":440,"date":"2018-09-26T22:08:15","date_gmt":"2018-09-26T22:08:15","guid":{"rendered":"http:\/\/www.uajms.edu.bo\/oferta-academica\/?page_id=440"},"modified":"2020-09-07T22:59:39","modified_gmt":"2020-09-07T22:59:39","slug":"carrera-de-ingenieria-petroquimica","status":"publish","type":"page","link":"https:\/\/www.uajms.edu.bo\/oferta-academica\/carrera-de-ingenieria-petroquimica\/","title":{"rendered":"CARRERA DE INGENIER\u00cdA PETROQU\u00cdMICA"},"content":{"rendered":"<p><iframe src=\"https:\/\/www.youtube.com\/embed\/se8kg8ZIWqw\" width=\"1280\" height=\"720\" frameborder=\"0\" allowfullscreen=\"allowfullscreen\"><span data-mce-type=\"bookmark\" style=\"display: inline-block; width: 0px; overflow: hidden; line-height: 0;\" class=\"mce_SELRES_start\">\ufeff<\/span><\/iframe><\/p>\n<p><strong>Nivel:<\/strong>\u00a0Licenciatura<br \/>\n<strong>Duraci\u00f3n:<\/strong>\u00a010 semestres<br \/>\n<strong>Grado Acad\u00e9mico:<\/strong>\u00a0Licenciado(a) en Ingenier\u00eda en Petroqu\u00edmica<br \/>\n<strong>T\u00edtulo en Provisi\u00f3n Nacional:<\/strong>\u00a0Ingeniero(a) en Petroqu\u00edmica<\/p>\n<h1><strong>EL ING. PETROQU\u00cdMICO ES UN PROFESIONAL QUE:<\/strong><\/h1>\n<ul>\n<li>Proyecta, dise\u00f1a, controla y optimiza Plantas petroqu\u00edmicas, Refiner\u00edas, Plantas de Acondicionamiento y Separaci\u00f3n, equipos de producci\u00f3n y procesamiento de Hidrocarburos.<\/li>\n<li>Tiene capacidad de an\u00e1lisis y sentido cr\u00edtico para proyectar, ejecutar y tomar decisiones en la soluci\u00f3n de problemas generales y espec\u00edficos relacionados con la Industria Petroqu\u00edmica, Refiner\u00eda y de Plantas de Acondicionamiento y Separaci\u00f3n.<\/li>\n<li>Realiza tratamiento de lodos, tratamientos de aguas de coproducci\u00f3n y otros, con t\u00e9cnicas ambientalistas.<\/li>\n<\/ul>\n<h1>PLAN DE ESTUDIOS<\/h1>\n<blockquote><p><a href=\"http:\/\/www.uajms.edu.bo\/oferta-academica\/plan-de-estudios-petroquimica\/\">http:\/\/www.uajms.edu.bo\/oferta-academica\/plan-de-estudios-petroquimica\/<\/a><\/p><\/blockquote>\n","protected":false},"excerpt":{"rendered":"<p>\ufeff Nivel:\u00a0Licenciatura Duraci\u00f3n:\u00a010 semestres Grado Acad\u00e9mico:\u00a0Licenciado(a) en Ingenier\u00eda en Petroqu\u00edmica T\u00edtulo en Provisi\u00f3n Nacional:\u00a0Ingeniero(a) en Petroqu\u00edmica EL ING. PETROQU\u00cdMICO ES UN PROFESIONAL QUE: Proyecta, dise\u00f1a, controla y optimiza Plantas petroqu\u00edmicas, [&hellip;]<\/p>\n","protected":false},"author":1,"featured_media":0,"parent":0,"menu_order":0,"comment_status":"closed","ping_status":"closed","template":"","meta":{"_joinchat":[],"footnotes":""},"class_list":["post-440","page","type-page","status-publish","hentry"],"jetpack_sharing_enabled":true,"publishpress_future_action":{"enabled":false,"date":"2026-04-21 22:38:18","action":"change-status","newStatus":"draft","terms":[],"taxonomy":"","extraData":[]},"publishpress_future_workflow_manual_trigger":{"enabledWorkflows":[]},"_links":{"self":[{"href":"https:\/\/www.uajms.edu.bo\/oferta-academica\/wp-json\/wp\/v2\/pages\/440","targetHints":{"allow":["GET"]}}],"collection":[{"href":"https:\/\/www.uajms.edu.bo\/oferta-academica\/wp-json\/wp\/v2\/pages"}],"about":[{"href":"https:\/\/www.uajms.edu.bo\/oferta-academica\/wp-json\/wp\/v2\/types\/page"}],"author":[{"embeddable":true,"href":"https:\/\/www.uajms.edu.bo\/oferta-academica\/wp-json\/wp\/v2\/users\/1"}],"replies":[{"embeddable":true,"href":"https:\/\/www.uajms.edu.bo\/oferta-academica\/wp-json\/wp\/v2\/comments?post=440"}],"version-history":[{"count":4,"href":"https:\/\/www.uajms.edu.bo\/oferta-academica\/wp-json\/wp\/v2\/pages\/440\/revisions"}],"predecessor-version":[{"id":781,"href":"https:\/\/www.uajms.edu.bo\/oferta-academica\/wp-json\/wp\/v2\/pages\/440\/revisions\/781"}],"wp:attachment":[{"href":"https:\/\/www.uajms.edu.bo\/oferta-academica\/wp-json\/wp\/v2\/media?parent=440"}],"curies":[{"name":"wp","href":"https:\/\/api.w.org\/{rel}","templated":true}]}}