

{"id":428,"date":"2018-09-26T21:59:12","date_gmt":"2018-09-26T21:59:12","guid":{"rendered":"http:\/\/www.uajms.edu.bo\/oferta-academica\/?page_id=428"},"modified":"2018-10-15T19:58:47","modified_gmt":"2018-10-15T19:58:47","slug":"carrera-de-ing-en-petroleo-y-gas-natural","status":"publish","type":"page","link":"https:\/\/www.uajms.edu.bo\/oferta-academica\/carrera-de-ing-en-petroleo-y-gas-natural\/","title":{"rendered":"Carrera de Ing en Petr\u00f3leo y Gas Natural"},"content":{"rendered":"<p><iframe src=\"https:\/\/www.youtube.com\/embed\/9hP6FYYIKaY\" width=\"1280\" height=\"720\" frameborder=\"0\" allowfullscreen=\"allowfullscreen\"><\/iframe><\/p>\n<p><strong>Nivel:<\/strong> Licenciatura<br \/>\n<strong>Duraci\u00f3n:<\/strong> 10 semestres<br \/>\n<strong>Grado Acad\u00e9mico:<\/strong> Licenciado(a) en Ingenier\u00eda en Petr\u00f3leo y Gas Natural<br \/>\n<strong>T\u00edtulo en Provisi\u00f3n Nacional:<\/strong> Ingeniero(a) en\u00a0 Petr\u00f3leo y Gas Natural<\/p>\n<h1><strong>EL ING. PETROLERO ES UN PROFESIONAL QUE:<\/strong><\/h1>\n<ul>\n<li>Analiza, proyecta, dise\u00f1a, planifica y optimiza t\u00e9cnicas de perforaci\u00f3n y producci\u00f3n, exploraci\u00f3n, c\u00e1lculo de reservas y recuperaci\u00f3n de petr\u00f3leo y gas natural y productos derivados.<\/li>\n<li>Analiza, proyecta y eval\u00faa con criterios t\u00e9cnicos, econ\u00f3micos, sociales y ecol\u00f3gicos la explotaci\u00f3n de los recursos naturales no renovables como son el Gas Natural y Petr\u00f3leo<\/li>\n<li>Dise\u00f1a equipos de producci\u00f3n y procesamiento de hidrocarburos, oleoductos y poliductos.<\/li>\n<li>Es un profesional con \u00e9tica, alta sensibilidad social y, adem\u00e1s identificado con la conservaci\u00f3n del medio ambiente, para el logro de un desarrollo sostenible.<\/li>\n<\/ul>\n<h1>PLAN DE ESTUDIOS<\/h1>\n<blockquote><p><a href=\"http:\/\/www.uajms.edu.bo\/oferta-academica\/plan-de-estudios-carrera-de-ing-en-petroleo-y-gas-natural\/\">http:\/\/www.uajms.edu.bo\/oferta-academica\/plan-de-estudios-carrera-de-ing-en-petroleo-y-gas-natural\/<\/a><\/p><\/blockquote>\n<p>&nbsp;<\/p>\n","protected":false},"excerpt":{"rendered":"<p>Nivel: Licenciatura Duraci\u00f3n: 10 semestres Grado Acad\u00e9mico: Licenciado(a) en Ingenier\u00eda en Petr\u00f3leo y Gas Natural T\u00edtulo en Provisi\u00f3n Nacional: Ingeniero(a) en\u00a0 Petr\u00f3leo y Gas Natural EL ING. PETROLERO ES UN [&hellip;]<\/p>\n","protected":false},"author":1,"featured_media":0,"parent":0,"menu_order":0,"comment_status":"closed","ping_status":"closed","template":"","meta":{"_joinchat":[],"footnotes":""},"class_list":["post-428","page","type-page","status-publish","hentry"],"jetpack_sharing_enabled":true,"publishpress_future_action":{"enabled":false,"date":"2026-04-23 22:56:54","action":"change-status","newStatus":"draft","terms":[],"taxonomy":"","extraData":[]},"publishpress_future_workflow_manual_trigger":{"enabledWorkflows":[]},"_links":{"self":[{"href":"https:\/\/www.uajms.edu.bo\/oferta-academica\/wp-json\/wp\/v2\/pages\/428","targetHints":{"allow":["GET"]}}],"collection":[{"href":"https:\/\/www.uajms.edu.bo\/oferta-academica\/wp-json\/wp\/v2\/pages"}],"about":[{"href":"https:\/\/www.uajms.edu.bo\/oferta-academica\/wp-json\/wp\/v2\/types\/page"}],"author":[{"embeddable":true,"href":"https:\/\/www.uajms.edu.bo\/oferta-academica\/wp-json\/wp\/v2\/users\/1"}],"replies":[{"embeddable":true,"href":"https:\/\/www.uajms.edu.bo\/oferta-academica\/wp-json\/wp\/v2\/comments?post=428"}],"version-history":[{"count":6,"href":"https:\/\/www.uajms.edu.bo\/oferta-academica\/wp-json\/wp\/v2\/pages\/428\/revisions"}],"predecessor-version":[{"id":652,"href":"https:\/\/www.uajms.edu.bo\/oferta-academica\/wp-json\/wp\/v2\/pages\/428\/revisions\/652"}],"wp:attachment":[{"href":"https:\/\/www.uajms.edu.bo\/oferta-academica\/wp-json\/wp\/v2\/media?parent=428"}],"curies":[{"name":"wp","href":"https:\/\/api.w.org\/{rel}","templated":true}]}}